{"id":179,"date":"2017-08-29T15:59:06","date_gmt":"2017-08-29T13:59:06","guid":{"rendered":"https:\/\/www.hsu-hh.de\/ioek\/?page_id=179"},"modified":"2026-03-12T09:37:01","modified_gmt":"2026-03-12T08:37:01","slug":"lehre","status":"publish","type":"page","link":"https:\/\/www.hsu-hh.de\/ioek\/lehre","title":{"rendered":"Lehre"},"content":{"rendered":"\n<hr class=\"wp-block-separator has-alpha-channel-opacity\" \/>\n\n\n\n<p><strong><abbr title=\"Fr\u00fchjahrstrimester\">FT<\/abbr> 26<\/strong><\/p>\n\n\n\n<p><strong>Empirische Wettbewerbsanalyse (WS62V06)&nbsp;<\/strong><br>Montag, 11.30-13 Uhr, R 301\/303<br><strong>\u00dcbung: <\/strong>Donnerstag, 9.45-11.15 Uhr, R 109<br>Xenia Breiderhoff<\/p>\n\n\n\n<p><strong><abbr title=\"Volkswirtschaftslehre\">VWL<\/abbr> Vertiefung: Wettbewerbs\u00f6konomik (WS55V04)<\/strong><br>Freitag, 9.45-11.15 Uhr, R 108<br><strong>\u00dcbung: <\/strong>Mittwoch, 8-9.30 Uhr, R 108<br>Raphael Gasper<\/p>\n\n\n\n<p>Volkswirtschaftliches Seminar (WS35V16)<\/p>\n\n\n\n<p>Bachelor-Thesis\/ Bachelor-Kolloquium (WS57V01)<\/p>\n\n\n\n<p>Master-Thesis\/ Master- Kolloquium (WS64V03)<\/p>\n\n\n\n<hr class=\"wp-block-separator has-alpha-channel-opacity\" \/>\n\n\n\n<p><a href=\"https:\/\/www.hsu-hh.de\/ioek\/vorherige-lehrveranstaltungen\" target=\"_blank\" rel=\"noopener\">Vorherige Lehrveranstaltungen<\/a><\/p>\n","protected":false},"excerpt":{"rendered":"<p>FT 26 Empirische Wettbewerbsanalyse (WS62V06)&nbsp;Montag, 11.30-13 Uhr, R 301\/303\u00dcbung: Donnerstag, 9.45-11.15 Uhr, R 109Xenia Breiderhoff VWL Vertiefung: Wettbewerbs\u00f6konomik (WS55V04)Freitag, 9.45-11.15 Uhr, R 108\u00dcbung: Mittwoch, 8-9.30 Uhr, R 108Raphael Gasper Volkswirtschaftliches [&hellip;]<\/p>\n","protected":false},"author":37,"featured_media":0,"parent":0,"menu_order":0,"comment_status":"closed","ping_status":"closed","template":"","meta":{"footnotes":""},"categories":[6],"tags":[45],"class_list":["post-179","page","type-page","status-publish","hentry","category-lehre","tag-lehre"],"_links":{"self":[{"href":"https:\/\/www.hsu-hh.de\/ioek\/wp-json\/wp\/v2\/pages\/179","targetHints":{"allow":["GET"]}}],"collection":[{"href":"https:\/\/www.hsu-hh.de\/ioek\/wp-json\/wp\/v2\/pages"}],"about":[{"href":"https:\/\/www.hsu-hh.de\/ioek\/wp-json\/wp\/v2\/types\/page"}],"author":[{"embeddable":true,"href":"https:\/\/www.hsu-hh.de\/ioek\/wp-json\/wp\/v2\/users\/37"}],"replies":[{"embeddable":true,"href":"https:\/\/www.hsu-hh.de\/ioek\/wp-json\/wp\/v2\/comments?post=179"}],"version-history":[{"count":134,"href":"https:\/\/www.hsu-hh.de\/ioek\/wp-json\/wp\/v2\/pages\/179\/revisions"}],"predecessor-version":[{"id":1631,"href":"https:\/\/www.hsu-hh.de\/ioek\/wp-json\/wp\/v2\/pages\/179\/revisions\/1631"}],"wp:attachment":[{"href":"https:\/\/www.hsu-hh.de\/ioek\/wp-json\/wp\/v2\/media?parent=179"}],"wp:term":[{"taxonomy":"category","embeddable":true,"href":"https:\/\/www.hsu-hh.de\/ioek\/wp-json\/wp\/v2\/categories?post=179"},{"taxonomy":"post_tag","embeddable":true,"href":"https:\/\/www.hsu-hh.de\/ioek\/wp-json\/wp\/v2\/tags?post=179"}],"curies":[{"name":"wp","href":"https:\/\/api.w.org\/{rel}","templated":true}]}}