{"id":1399,"date":"2023-02-08T13:12:43","date_gmt":"2023-02-08T12:12:43","guid":{"rendered":"https:\/\/www.hsu-hh.de\/ioek\/?page_id=1399"},"modified":"2023-02-13T07:45:07","modified_gmt":"2023-02-13T06:45:07","slug":"hohenheimer-oberseminar","status":"publish","type":"page","link":"https:\/\/www.hsu-hh.de\/ioek\/hohenheimer-oberseminar","title":{"rendered":"Hohenheimer Oberseminar"},"content":{"rendered":"\n<p><strong>Veranstaltungen\/Usancen und Regeln<\/strong><br><a href=\"https:\/\/www.hsu-hh.de\/ioek\/wp-content\/uploads\/sites\/520\/2017\/11\/Oberseminar-Regeln.pdf\">Usancen und Regeln<\/a><\/p>\n\n\n\n<p><\/p>\n\n\n\n<p><a href=\"https:\/\/www.hsu-hh.de\/ioek\/wp-content\/uploads\/sites\/520\/2023\/02\/Programm-HOS_2022-final.pdf\" target=\"_blank\" rel=\"noreferrer noopener\">56. Oberseminar, 9.\/11. Juni 2022, Universit\u00e4t D\u00fcsseldorf<br><\/a><a rel=\"noreferrer noopener\" href=\"https:\/\/www.tu-ilmenau.de\/universitaet\/fakultaeten\/fakultaet-wirtschaftswissenschaften-und-medien\/profil\/institute-und-fachgebiete\/fachgebiet-wirtschaftstheorie\/aktuelles\/alle-news\/newsdetails\/55th-hohenheimer-oberseminar-at-ilmenau-university-of-technology\" target=\"_blank\">55. Oberseminar, <abbr title=\"Technische Universit\u00e4t\">TU<\/abbr> Ilmenau<br><\/a><a rel=\"noreferrer noopener\" href=\"https:\/\/hos.uni-hohenheim.de\/\" target=\"_blank\">54. Oberseminar, 16.\/17. April 2021, Universit\u00e4t Hohenheim<br><\/a><br>45. Oberseminar, 30.\/31. Oktober 2015, Philipps-Universit\u00e4t Marburg<br><a href=\"https:\/\/www.uni-weimar.de\/de\/medien\/professuren\/medienmanagement\/medienoekonomik\/hohenheimer-oberseminar\/\" rel='nofollow'>44. Oberseminar, 17.\/18. April 2015, Weimar\u00a0<\/a><br><a href=\"http:\/\/www.wiwi.tu-clausthal.de\/en\/chairs\/volkswirtschaftslehre\/hohenheimer-oberseminar\/\" rel='nofollow'>43. Oberseminar, 14.\/15. November 2014,\u00a0<abbr title=\"Technische Universit\u00e4t\">TU<\/abbr>\u00a0Clausthal\u00a0<\/a><br>42. Oberseminar, 11.\/12. April 2014,\u00a0<abbr title=\"Technische Universit\u00e4t\">TU<\/abbr>\u00a0Ilmenau<br>41. Oberseminar, 8.\/9. November 2013, Universit\u00e4t Hohenheim<br>40. Oberseminar, 19.\/20. April 2013, Universit\u00e4t Kassel<br><a href=\"https:\/\/www.hsu-hh.de\/ioek\/wp-content\/uploads\/sites\/520\/2017\/11\/39.HOS-Programm-b.pdf\">39. Oberseminar, 9.\/10. November 2012, Helmut-Schmidt-Universit\u00e4t Hamburg<\/a><br>38. Oberseminar, 4.\/5. Mai 2012, Universit\u00e4t Speyer<br>37. Oberseminar, 11.\/12. November 2011, Universit\u00e4t Marburg<br>36. Oberseminar, 15.\/16. April 2011, Institute of Competition Economics (DICE) D\u00fcsseldorf<br>35. Oberseminar, 5.\/6. November 2010,\u00a0<abbr title=\"Technische Universit\u00e4t\">TU<\/abbr>\u00a0Ilmenau<br>34. Oberseminar, 14.\/15. Mai 2010, University of Southern Denmark in Esbjerg, D\u00e4nemark<br>33. Oberseminar,\u00a0November 2009, Universit\u00e4t M\u00fcnster<br>32. Oberseminar, April 2009, HWWI Hamburg<br>31. Oberseminar, November 2008, Universit\u00e4t Hohenheim<br>30. Oberseminar, April 2008, Friedrich-Alexander Universit\u00e4t Erlangen-N\u00fcrnberg<br>29. Oberseminar, November 2007, Philipps-Universit\u00e4t Marburg<br>28. Oberseminar, Mai 2007,\u00a0<abbr title=\"Technische Universit\u00e4t\">TU<\/abbr>\u00a0Ilmenau<br>27. Oberseminar, November 2006,\u00a0Universit\u00e4t M\u00fcnster<br>26. Oberseminar, April 2006, Universit\u00e4t der Bundeswehr Hamburg<br>25. Oberseminar, November 2005, Universit\u00e4t Bochum<br>24. Oberseminar, April 2005, Universit\u00e4t Hohenheim<br>22. Oberseminar, April 2004, Universit\u00e4t Bremen<br>21. Oberseminar, November 2003, Philipps-Universit\u00e4t Marburg<br>20. Oberseminar, Mai 2003, DIW Berlin<br>19. Oberseminar, November 2002, Universit\u00e4t der Bundeswehr Hamburg<br>18. Oberseminar, Juni 2002,\u00a0<abbr title=\"Technische Universit\u00e4t\">TU<\/abbr>\u00a0Ilmenau<br>17. Oberseminar, November 2001,\u00a0<abbr title=\"Technische Universit\u00e4t\">TU<\/abbr>\u00a0Clausthal<br>16. Oberseminar, Juni 2001, Universit\u00e4t Bremen<br>15. Oberseminar, November 2000, HWWA Hamburg<br>14. Oberseminar, Mai 2000, Universit\u00e4t der Bundeswehr Hamburg<br>13. Oberseminar, Oktober 1999,\u00a0<abbr title=\"Technische Universit\u00e4t\">TU<\/abbr>\u00a0Ilmenau<br>12. Oberseminar, Mai 1999, Universit\u00e4t Hohenheim<\/p>\n","protected":false},"excerpt":{"rendered":"<p>Veranstaltungen\/Usancen und RegelnUsancen und Regeln 56. Oberseminar, 9.\/11. Juni 2022, Universit\u00e4t D\u00fcsseldorf55. Oberseminar, TU Ilmenau54. Oberseminar, 16.\/17. April 2021, Universit\u00e4t Hohenheim45. Oberseminar, 30.\/31. Oktober 2015, Philipps-Universit\u00e4t Marburg44. Oberseminar, 17.\/18. April [&hellip;]<\/p>\n","protected":false},"author":37,"featured_media":0,"parent":0,"menu_order":0,"comment_status":"closed","ping_status":"closed","template":"","meta":{"footnotes":""},"categories":[4],"tags":[],"class_list":["post-1399","page","type-page","status-publish","hentry","category-forschung"],"_links":{"self":[{"href":"https:\/\/www.hsu-hh.de\/ioek\/wp-json\/wp\/v2\/pages\/1399","targetHints":{"allow":["GET"]}}],"collection":[{"href":"https:\/\/www.hsu-hh.de\/ioek\/wp-json\/wp\/v2\/pages"}],"about":[{"href":"https:\/\/www.hsu-hh.de\/ioek\/wp-json\/wp\/v2\/types\/page"}],"author":[{"embeddable":true,"href":"https:\/\/www.hsu-hh.de\/ioek\/wp-json\/wp\/v2\/users\/37"}],"replies":[{"embeddable":true,"href":"https:\/\/www.hsu-hh.de\/ioek\/wp-json\/wp\/v2\/comments?post=1399"}],"version-history":[{"count":7,"href":"https:\/\/www.hsu-hh.de\/ioek\/wp-json\/wp\/v2\/pages\/1399\/revisions"}],"predecessor-version":[{"id":1420,"href":"https:\/\/www.hsu-hh.de\/ioek\/wp-json\/wp\/v2\/pages\/1399\/revisions\/1420"}],"wp:attachment":[{"href":"https:\/\/www.hsu-hh.de\/ioek\/wp-json\/wp\/v2\/media?parent=1399"}],"wp:term":[{"taxonomy":"category","embeddable":true,"href":"https:\/\/www.hsu-hh.de\/ioek\/wp-json\/wp\/v2\/categories?post=1399"},{"taxonomy":"post_tag","embeddable":true,"href":"https:\/\/www.hsu-hh.de\/ioek\/wp-json\/wp\/v2\/tags?post=1399"}],"curies":[{"name":"wp","href":"https:\/\/api.w.org\/{rel}","templated":true}]}}