{"id":1394,"date":"2023-02-08T12:52:05","date_gmt":"2023-02-08T11:52:05","guid":{"rendered":"https:\/\/www.hsu-hh.de\/ioek\/?page_id=1394"},"modified":"2024-05-02T20:33:53","modified_gmt":"2024-05-02T18:33:53","slug":"ehemalige","status":"publish","type":"page","link":"https:\/\/www.hsu-hh.de\/ioek\/ehemalige","title":{"rendered":"Ehemalige"},"content":{"rendered":"\n<h3 class=\"wp-block-heading\">Jun.-<abbr title=\"Professor\">Prof.<\/abbr> <abbr title=\"Doktor\">Dr.<\/abbr> J\u00fcrgen R\u00f6sch<\/h3>\n\n\n\n<p><a href=\"https:\/\/www.uni-weimar.de\/de\/medien\/professuren\/medienmanagement\/digitale-oekonomien\/\" target=\"_blank\" rel=\"noreferrer noopener\">Bauhaus Universit\u00e4t Weimar, Juniorprofessur Digitale \u00d6konomien<\/a><\/p>\n\n\n\n<hr class=\"wp-block-separator has-alpha-channel-opacity\" \/>\n\n\n\n<p class=\"has-medium-font-size\"><\/p>\n\n\n\n<h3 class=\"wp-block-heading\"><abbr title=\"Doktor\">Dr.<\/abbr> Lea Bernhardt<\/h3>\n\n\n\n<p><a href=\"https:\/\/www.hwwi.org\/person\/lea-bernhardt\/\" target=\"_blank\" rel=\"noreferrer noopener\">HWWI &#8211; Hamburgisch WeltWirtschaftsInstutut<\/a><\/p>\n\n\n\n<p>EMail: lea.bernhardt(at)hsu-hh.de<\/p>\n\n\n\n<p><em>Forschungsinteressen<\/em><br>Wettbewerbspolitik und Wettbewerbsrecht<br>Empirische Wettbewerbsanalyse<br>Economics of digital Markets<br>Machine Learning Methods in Economics<br>Medien\u00f6konomik<\/p>\n\n\n\n<p><strong>Ver\u00f6ffentlichungen:<\/strong><\/p>\n\n\n\n<ul class=\"wp-block-list\">\n<li>Bernhardt, L. &amp; Dewenter, R. (2023). Gender Bias in German Media Reports. Journal of Media Economics. <a href=\"https:\/\/www.tandfonline.com\/eprint\/BFKHPPCNW9KAEIDHATKZ\/full?target=10.1080\/08997764.2023.2182789\" rel='nofollow'>Link<\/a><\/li>\n\n\n\n<li>Bernhardt, L., Dewenter, R., &amp; Thomas, T. (2023). Measuring partisan media bias in US Newscasts from 2001-2012. European Journal of Political Economy. <a href=\"https:\/\/authors.elsevier.com\/a\/1gTTse52OvMlk\" rel='nofollow'>Link<\/a><\/li>\n\n\n\n<li>Bernhardt, L. &amp; Voges, P. (2022). Kartellrechtsdurchsetzung in Plattformm\u00e4rkten \u2013 Strukturelle und funktionale Entflechtung von Plattformen. WUW: Wirtschaft und Wettbewerb, 72(12), 651-659. <a href=\"https:\/\/research.owlit.de\/document\/884ecb39-c082-3f36-8890-18adc219e015\" rel='nofollow'>Link<\/a><\/li>\n\n\n\n<li>Bernhardt, L. &amp; Dewenter, R. (2022). Does the tonality of US newscasts indicate race and gender discrimination?. Applied Economics Letters, 1-4. <a href=\"https:\/\/www.tandfonline.com\/doi\/abs\/10.1080\/13504851.2022.2071826\" rel='nofollow'>Link<\/a><\/li>\n\n\n\n<li>Dewenter, R. &amp; Bernhardt, L. (2022), III. \u00d6konomische Grundlagen, erscheint in: Louven, S., K\u00fcnstner, K.M. &amp; Otto, C. (<abbr title=\"Herausgeber\">Hrsg.<\/abbr>): Rechtshandbuch KI und Plattform-Governance, Erich Schmidt Verlag, Berlin.<\/li>\n\n\n\n<li>Bernhardt, L. (2021). Withdrawn and Prohibited Merger Cases in the EU. Journal of European Competition Law &amp; Practice.&nbsp;<a href=\"https:\/\/academic.oup.com\/jeclap\/advance-article\/doi\/10.1093\/jeclap\/lpab084\/6470962?guestAccessKey=20624337-410a-487a-bdd1-846a3031f88e\" rel='nofollow'>Link<\/a><\/li>\n\n\n\n<li>Bernhardt, L. &amp; Dewenter, R. (2020). Collusion by code or algorithmic collusion? When pricing algorithms take over. European Competition Journal, 16(2-3), 312-342.&nbsp;<a href=\"https:\/\/www.tandfonline.com\/eprint\/RDUCHPYCA7H3QYS9XGRK\/full?target=10.1080%2F17441056.2020.1733344&amp;\" rel='nofollow'>Link<\/a><\/li>\n\n\n\n<li>Bernhardt, L. &amp; Dewenter, R. (2019). Algorithmen, K\u00fcnstliche Intelligenz und Wettbewerb, Neue Zeitschrift f\u00fcr Kartellrecht, 314-317.<\/li>\n<\/ul>\n\n\n\n<hr class=\"wp-block-separator has-alpha-channel-opacity\" \/>\n\n\n\n<h3 class=\"wp-block-heading\"><abbr title=\"Doktor\">Dr.<\/abbr> Hendrik L\u00fcth<\/h3>\n\n\n\n<p><em>Forschungsinteressen<\/em><br>Medien\u00f6konomik<br>Internet\u00f6konomik<br>Netz\u00f6konomik<br>Arbeitsmarktforschung<\/p>\n\n\n\n<p><em>Ausgew\u00e4hlte Publikationen<\/em><br>Big Data aus wettbewerblicher Sicht.&nbsp;Wirtschaftsdienst,&nbsp;96(9), 648\u2013654, 2016. (mit R. Dewenter).<br>The Impact of the Market Transparency Unit for Fuels on Gasoline Prices in Germany,&nbsp;Applied Economic Letters, 2016.&nbsp;Online unter:&nbsp;http:\/\/dx.doi.org\/10.1080\/13504851.2016.1184371&nbsp; &nbsp;(mit R. Dewenter und U. Heimeshoff)<br>Big Data: Eine \u00f6konomische Perspektive, erscheint in: T. K\u00f6rber (&nbsp;<abbr title=\"Herausgeber\">Hrsg.<\/abbr>): Daten und Wettbewerb in der digitalen \u00d6konomie: Dateneigentum, Datenschutz, Datenmacht, 2016. (mit R. Dewenter)<br>Toll Road or Dumb Pipe? Economic Perspectives on Net Neutrality.&nbsp;Review of Economics,&nbsp;66(3), 303-329, 2015.<br>Eine alternative Definition von Suchneutralit\u00e4t, ORDO \u2013 Jahrbuch f\u00fcr die Ordnung von Wirtschafts und Gesellschaft, 66, S. 221-242, 2015.&nbsp;(mit R. Dewenter)<br>Analyse der \u00dcberg\u00e4nge aus Arbeitsuche in Besch\u00e4ftigung in der Arbeitsmarktregion Kiel * Befunde f\u00fcr die Teilregion Stadt Kiel, IAB-Regional. Berichte und Analysen aus dem Regionalen Forschungsnetz. IAB Nord, 02\/2013, N\u00fcrnberg, 101 S. (mit Peters, C.; Puckelwald, J.; Herrmann, H.; Gillam, A.; Niebuhr, A.)<\/p>\n\n\n\n<hr class=\"wp-block-separator has-alpha-channel-opacity\" \/>\n\n\n\n<h3 class=\"wp-block-heading\"><abbr title=\"Doktor\">Dr.<\/abbr> Franziska L\u00f6w<\/h3>\n\n\n\n<p><em>Forschungsinteressen<\/em><br>Competition Economics<br>Network Economics<br>Economics of digital Markets<br>Machine Learning methods in economics<\/p>\n\n\n\n<p><em>Publikationen<\/em><br>Market Definition of Platform Markets,&nbsp;Working Paper Series&nbsp;Helmut Schmidt University Hamburg (mit R. Dewenter &amp; U. Heimshoff), 2017<br>Kommunikation zwischen Unternehmen als kollusives Instrument: Eine \u00f6konomische Betrachtung, erscheint in: NZKart (mit R. Dewenter), 2015.<br>Bedeutung der Energieeffizienz f\u00fcr die Energiewende&nbsp;, in: Wirtschaftsdienst, 2015<br>Links: <a href=\"https:\/\/github.com\/franziloew?tab=repositories\" target=\"_blank\" rel=\"noreferrer noopener\">GitHub<\/a><\/p>\n\n\n\n<hr class=\"wp-block-separator has-alpha-channel-opacity\" \/>\n\n\n\n<h3 class=\"wp-block-heading\">Melissa Bantle, <abbr title=\"Master of Science\">M.Sc.<\/abbr><\/h3>\n\n\n\n<p><em>Forschungsinteressen<\/em><br>Wettbewerbspolitik und Wettbewerbsrecht<br>Empirische Wettbewerbsanalyse<br>Regulierungs\u00f6konomik<br>Netz\u00f6konomik<\/p>\n\n\n\n<p><em>Publikationen<\/em><br>Can Media Drive the Electorate? The Impact of Media Coverage on Party Affiliation and Voting Intentions, Discussion Paper, Helmut-Schmidt-University, 2018 (mit R. Dewenter und T. Thomas)<br>Price cycles in the German retail gasoline market \u2013 Competition or collusion?, Economics Bulletin, Vol.38 No. 1 p.A57, 2018.<br>Kartelle in digitalen M\u00e4rkten,&nbsp;Wirtschaft und Wettbewerb,&nbsp;2017 (mit R. Dewenter).<br>Bestimmung von Marktmacht in Plattformm\u00e4rkten,&nbsp;List Forum f\u00fcr Wirtschafts- und Finanzpolitik, 2017 (mit R. Dewenter).<\/p>\n\n\n\n<hr class=\"wp-block-separator has-alpha-channel-opacity\" \/>\n\n\n\n<h3 class=\"wp-block-heading\">Carlo Bartsch, <abbr title=\"Master of Science\">M.Sc.<\/abbr><\/h3>\n\n\n\n<hr class=\"wp-block-separator has-alpha-channel-opacity\" \/>\n\n\n\n<p><\/p>\n\n\n\n<p><\/p>\n\n\n\n<h3 class=\"wp-block-heading\"><abbr title=\"Doktor\">Dr.<\/abbr> Anna Tersch\u00fcren<\/h3>\n\n\n\n<hr class=\"wp-block-separator has-alpha-channel-opacity\" \/>\n\n\n\n<p><\/p>\n\n\n\n<p><\/p>\n\n\n\n<h3 class=\"wp-block-heading\">Thomas Jaschinski, <abbr title=\"Master of Science\">M.Sc.<\/abbr><\/h3>\n\n\n\n<p><\/p>\n\n\n\n<p><\/p>\n","protected":false},"excerpt":{"rendered":"<p>Jun.-Prof. Dr. J\u00fcrgen R\u00f6sch Bauhaus Universit\u00e4t Weimar, Juniorprofessur Digitale \u00d6konomien Dr. Lea Bernhardt HWWI &#8211; Hamburgisch WeltWirtschaftsInstutut EMail: lea.bernhardt(at)hsu-hh.de ForschungsinteressenWettbewerbspolitik und WettbewerbsrechtEmpirische WettbewerbsanalyseEconomics of digital MarketsMachine Learning Methods in EconomicsMedien\u00f6konomik [&hellip;]<\/p>\n","protected":false},"author":37,"featured_media":0,"parent":0,"menu_order":0,"comment_status":"closed","ping_status":"closed","template":"","meta":{"footnotes":""},"categories":[4,8],"tags":[],"class_list":["post-1394","page","type-page","status-publish","hentry","category-forschung","category-team"],"_links":{"self":[{"href":"https:\/\/www.hsu-hh.de\/ioek\/wp-json\/wp\/v2\/pages\/1394","targetHints":{"allow":["GET"]}}],"collection":[{"href":"https:\/\/www.hsu-hh.de\/ioek\/wp-json\/wp\/v2\/pages"}],"about":[{"href":"https:\/\/www.hsu-hh.de\/ioek\/wp-json\/wp\/v2\/types\/page"}],"author":[{"embeddable":true,"href":"https:\/\/www.hsu-hh.de\/ioek\/wp-json\/wp\/v2\/users\/37"}],"replies":[{"embeddable":true,"href":"https:\/\/www.hsu-hh.de\/ioek\/wp-json\/wp\/v2\/comments?post=1394"}],"version-history":[{"count":11,"href":"https:\/\/www.hsu-hh.de\/ioek\/wp-json\/wp\/v2\/pages\/1394\/revisions"}],"predecessor-version":[{"id":1543,"href":"https:\/\/www.hsu-hh.de\/ioek\/wp-json\/wp\/v2\/pages\/1394\/revisions\/1543"}],"wp:attachment":[{"href":"https:\/\/www.hsu-hh.de\/ioek\/wp-json\/wp\/v2\/media?parent=1394"}],"wp:term":[{"taxonomy":"category","embeddable":true,"href":"https:\/\/www.hsu-hh.de\/ioek\/wp-json\/wp\/v2\/categories?post=1394"},{"taxonomy":"post_tag","embeddable":true,"href":"https:\/\/www.hsu-hh.de\/ioek\/wp-json\/wp\/v2\/tags?post=1394"}],"curies":[{"name":"wp","href":"https:\/\/api.w.org\/{rel}","templated":true}]}}