{"id":1242,"date":"2021-11-25T13:06:37","date_gmt":"2021-11-25T12:06:37","guid":{"rendered":"https:\/\/www.hsu-hh.de\/ioek\/?page_id=1242"},"modified":"2023-02-16T16:53:06","modified_gmt":"2023-02-16T15:53:06","slug":"economics-especially-industrial-economics","status":"publish","type":"page","link":"https:\/\/www.hsu-hh.de\/ioek\/en\/","title":{"rendered":"Economics, esp. Industrial Economics"},"content":{"rendered":"\n<p><\/p>\n\n\n\n<p><\/p>\n\n\n\n<p class=\"has-medium-font-size\"><strong><abbr title=\"Professor\">Prof.<\/abbr> <abbr title=\"Doktor\">Dr.<\/abbr> Ralf Dewenter<\/strong><\/p>\n\n\n\n<p>Helmut-Schmidt-Universit\u00e4t Hamburg<br>Universit\u00e4t der Bundeswehr Hamburg<br>Geb\u00e4ude H1, R 2153<br>Holstenhofweg 85<br>22043 Hamburg<\/p>\n\n\n\n<p>Telefon (+49) 40 6541 2978<br>EMail: <a href=\"mailto:dewenter@hsu-hh.de\" rel='nofollow'>dewenter@hsu-hh.de<\/a><\/p>\n","protected":false},"excerpt":{"rendered":"<p>Prof. Dr. Ralf Dewenter Helmut-Schmidt-Universit\u00e4t HamburgUniversit\u00e4t der Bundeswehr HamburgGeb\u00e4ude H1, R 2153Holstenhofweg 8522043 Hamburg Telefon (+49) 40 6541 2978EMail: dewenter@hsu-hh.de<\/p>\n","protected":false},"author":37,"featured_media":0,"parent":0,"menu_order":0,"comment_status":"closed","ping_status":"closed","template":"","meta":{"footnotes":""},"categories":[37],"tags":[],"class_list":["post-1242","page","type-page","status-publish","hentry","category-startpage"],"_links":{"self":[{"href":"https:\/\/www.hsu-hh.de\/ioek\/wp-json\/wp\/v2\/pages\/1242","targetHints":{"allow":["GET"]}}],"collection":[{"href":"https:\/\/www.hsu-hh.de\/ioek\/wp-json\/wp\/v2\/pages"}],"about":[{"href":"https:\/\/www.hsu-hh.de\/ioek\/wp-json\/wp\/v2\/types\/page"}],"author":[{"embeddable":true,"href":"https:\/\/www.hsu-hh.de\/ioek\/wp-json\/wp\/v2\/users\/37"}],"replies":[{"embeddable":true,"href":"https:\/\/www.hsu-hh.de\/ioek\/wp-json\/wp\/v2\/comments?post=1242"}],"version-history":[{"count":7,"href":"https:\/\/www.hsu-hh.de\/ioek\/wp-json\/wp\/v2\/pages\/1242\/revisions"}],"predecessor-version":[{"id":1440,"href":"https:\/\/www.hsu-hh.de\/ioek\/wp-json\/wp\/v2\/pages\/1242\/revisions\/1440"}],"wp:attachment":[{"href":"https:\/\/www.hsu-hh.de\/ioek\/wp-json\/wp\/v2\/media?parent=1242"}],"wp:term":[{"taxonomy":"category","embeddable":true,"href":"https:\/\/www.hsu-hh.de\/ioek\/wp-json\/wp\/v2\/categories?post=1242"},{"taxonomy":"post_tag","embeddable":true,"href":"https:\/\/www.hsu-hh.de\/ioek\/wp-json\/wp\/v2\/tags?post=1242"}],"curies":[{"name":"wp","href":"https:\/\/api.w.org\/{rel}","templated":true}]}}