{"id":75,"date":"2017-07-03T15:52:18","date_gmt":"2017-07-03T13:52:18","guid":{"rendered":"https:\/\/www.hsu-hh.de\/vorlage\/?page_id=75"},"modified":"2021-12-09T15:31:33","modified_gmt":"2021-12-09T14:31:33","slug":"startpage","status":"publish","type":"page","link":"https:\/\/www.hsu-hh.de\/infi\/en\/","title":{"rendered":"Professorship for General Business Administration and International Finance"},"content":{"rendered":"\n<p><\/p>\n\n\n\n<p><\/p>\n\n\n\n<p class=\"has-text-align-center\">Welcome to the Chair of General Business Administration and International Finance at the Helmut-Schmidt-University Hamburg!<\/p>\n\n\n\n<p><\/p>\n\n\n\n<p class=\"has-text-align-left\"><strong>Univ.-Prof.\u00b4in Dr. Matija Denise Mayer-Fiedrich<\/strong><\/p>\n\n\n\n<p><\/p>\n\n\n\n<p><\/p>\n\n\n\n<p><strong>Mail address:<\/strong><br>Helmut-Schmidt-Universit\u00e4t<br>Fakult\u00e4t f\u00fcr Wirtschafts- und Sozialwissenschaften<br>Lehrstuhl f\u00fcr ABWL und Intern. Finanzierung<br>Holstenhofweg 85<br>22043 Hamburg<\/p>\n\n\n\n<p><\/p>\n\n\n\n<p><strong>Visitor address:<\/strong><br>Helmut-Schmidt-Universit\u00e4t<br>Lehrstuhl f\u00fcr ABWL und Intern. Finanzierung<br>Geb\u00e4ude H1, Raum 2208<br>Holstenhofweg 85<br>22043 Hamburg<\/p>\n\n\n\n<p>Telefon: +49(0)40 \u2013 65 41 \u2013 34 32<br>Fax: +49 (0)40 \u2013 65 41 \u2013 37 82 (Secretariat Mrs. Susanne Kropf)<\/p>\n\n\n\n<p><br><\/p>\n\n\n\n<p><\/p>\n","protected":false},"excerpt":{"rendered":"<p>Welcome to the Chair of General Business Administration and International Finance at the Helmut-Schmidt-University Hamburg! Univ.-Prof.\u00b4in Dr. Matija Denise Mayer-Fiedrich Mail address:Helmut-Schmidt-Universit\u00e4tFakult\u00e4t f\u00fcr Wirtschafts- und SozialwissenschaftenLehrstuhl f\u00fcr ABWL und Intern. [&hellip;]<\/p>\n","protected":false},"author":1,"featured_media":0,"parent":0,"menu_order":0,"comment_status":"closed","ping_status":"closed","template":"","meta":{"footnotes":""},"categories":[37],"tags":[],"class_list":["post-75","page","type-page","status-publish","hentry","category-startpage"],"_links":{"self":[{"href":"https:\/\/www.hsu-hh.de\/infi\/wp-json\/wp\/v2\/pages\/75","targetHints":{"allow":["GET"]}}],"collection":[{"href":"https:\/\/www.hsu-hh.de\/infi\/wp-json\/wp\/v2\/pages"}],"about":[{"href":"https:\/\/www.hsu-hh.de\/infi\/wp-json\/wp\/v2\/types\/page"}],"author":[{"embeddable":true,"href":"https:\/\/www.hsu-hh.de\/infi\/wp-json\/wp\/v2\/users\/1"}],"replies":[{"embeddable":true,"href":"https:\/\/www.hsu-hh.de\/infi\/wp-json\/wp\/v2\/comments?post=75"}],"version-history":[{"count":15,"href":"https:\/\/www.hsu-hh.de\/infi\/wp-json\/wp\/v2\/pages\/75\/revisions"}],"predecessor-version":[{"id":557,"href":"https:\/\/www.hsu-hh.de\/infi\/wp-json\/wp\/v2\/pages\/75\/revisions\/557"}],"wp:attachment":[{"href":"https:\/\/www.hsu-hh.de\/infi\/wp-json\/wp\/v2\/media?parent=75"}],"wp:term":[{"taxonomy":"category","embeddable":true,"href":"https:\/\/www.hsu-hh.de\/infi\/wp-json\/wp\/v2\/categories?post=75"},{"taxonomy":"post_tag","embeddable":true,"href":"https:\/\/www.hsu-hh.de\/infi\/wp-json\/wp\/v2\/tags?post=75"}],"curies":[{"name":"wp","href":"https:\/\/api.w.org\/{rel}","templated":true}]}}