{"id":73,"date":"2017-07-03T15:52:08","date_gmt":"2017-07-03T13:52:08","guid":{"rendered":"https:\/\/www.hsu-hh.de\/vorlage\/?page_id=73"},"modified":"2022-12-02T13:50:58","modified_gmt":"2022-12-02T12:50:58","slug":"startseite","status":"publish","type":"page","link":"https:\/\/www.hsu-hh.de\/infi\/","title":{"rendered":"Professur f\u00fcr Allgemeine Betriebswirtschaftslehre und Internationale Finanzierung"},"content":{"rendered":"<div class=\"ansprechparter-container\">\n<div class=\"row ansprechpartner-item ansprechparter-header\">\n<div class=\"col-xs-8 col-lg-12\" style=\"margin-bottom: 30px\">\u00a0<span style=\"color: #1a1a1a;font-size: 18px;font-weight: bold\">Herzlich Willkommen am Lehrstuhl f\u00fcr ABWL und Intern. Finanzierung der Helmut-Schmidt-Universit\u00e4t Hamburg!<\/span><\/div>\n<\/div>\n<\/div>\n<p><strong><abbr title=\"Universit\u00e4tsprofessor\">Univ.-Prof.<\/abbr>\u00b4in <abbr title=\"Doktor\">Dr.<\/abbr>\u00a0Matija Denise Mayer-Fiedrich<\/strong><\/p>\n<p><strong> Postanschrift:<\/strong><br \/>\nHelmut-Schmidt-Universit\u00e4t<br \/>\nFakult\u00e4t f\u00fcr Wirtschafts- und Sozialwissenschaften<br \/>\nProfessur f\u00fcr ABWL und Intern. Finanzierung<br \/>\nHolstenhofweg 85<br \/>\n22043 Hamburg<\/p>\n<p><strong>Besucheranschrift:<\/strong><br \/>\nHelmut-Schmidt-Universit\u00e4t<br \/>\nProfessur f\u00fcr ABWL und Intern. Finanzierung<br \/>\nGeb\u00e4ude H1, Raum 2208<br \/>\nHolstenhofweg 85<br \/>\n22043 Hamburg<\/p>\n<p>Telefon: +49(0)40 \u2013 65 41 \u2013 34 32<br \/>\nFax: +49 (0)40 \u2013 65 41 \u2013 37 82 (Sekretariat Frau S. Kropf)<\/p>\n","protected":false},"excerpt":{"rendered":"<p>\u00a0Herzlich Willkommen am Lehrstuhl f\u00fcr ABWL und Intern. Finanzierung der Helmut-Schmidt-Universit\u00e4t Hamburg! Univ.-Prof.\u00b4in Dr.\u00a0Matija Denise Mayer-Fiedrich Postanschrift: Helmut-Schmidt-Universit\u00e4t Fakult\u00e4t f\u00fcr Wirtschafts- und Sozialwissenschaften Professur f\u00fcr ABWL und Intern. Finanzierung Holstenhofweg [&hellip;]<\/p>\n","protected":false},"author":1,"featured_media":0,"parent":0,"menu_order":0,"comment_status":"closed","ping_status":"closed","template":"","meta":{"footnotes":""},"categories":[35],"tags":[],"class_list":["post-73","page","type-page","status-publish","hentry","category-startseite"],"_links":{"self":[{"href":"https:\/\/www.hsu-hh.de\/infi\/wp-json\/wp\/v2\/pages\/73","targetHints":{"allow":["GET"]}}],"collection":[{"href":"https:\/\/www.hsu-hh.de\/infi\/wp-json\/wp\/v2\/pages"}],"about":[{"href":"https:\/\/www.hsu-hh.de\/infi\/wp-json\/wp\/v2\/types\/page"}],"author":[{"embeddable":true,"href":"https:\/\/www.hsu-hh.de\/infi\/wp-json\/wp\/v2\/users\/1"}],"replies":[{"embeddable":true,"href":"https:\/\/www.hsu-hh.de\/infi\/wp-json\/wp\/v2\/comments?post=73"}],"version-history":[{"count":33,"href":"https:\/\/www.hsu-hh.de\/infi\/wp-json\/wp\/v2\/pages\/73\/revisions"}],"predecessor-version":[{"id":585,"href":"https:\/\/www.hsu-hh.de\/infi\/wp-json\/wp\/v2\/pages\/73\/revisions\/585"}],"wp:attachment":[{"href":"https:\/\/www.hsu-hh.de\/infi\/wp-json\/wp\/v2\/media?parent=73"}],"wp:term":[{"taxonomy":"category","embeddable":true,"href":"https:\/\/www.hsu-hh.de\/infi\/wp-json\/wp\/v2\/categories?post=73"},{"taxonomy":"post_tag","embeddable":true,"href":"https:\/\/www.hsu-hh.de\/infi\/wp-json\/wp\/v2\/tags?post=73"}],"curies":[{"name":"wp","href":"https:\/\/api.w.org\/{rel}","templated":true}]}}