{"id":182,"date":"2017-12-06T15:14:34","date_gmt":"2017-12-06T14:14:34","guid":{"rendered":"https:\/\/www.hsu-hh.de\/infi\/?page_id=182"},"modified":"2026-03-05T17:45:17","modified_gmt":"2026-03-05T16:45:17","slug":"lehre","status":"publish","type":"page","link":"https:\/\/www.hsu-hh.de\/infi\/lehre","title":{"rendered":"Lehre"},"content":{"rendered":"<p>Die Lehrveranstaltungen finden seit <abbr title=\"Fr\u00fchjahrstrimester\">FT<\/abbr> 2022 wieder in Pr\u00e4senz statt.<\/p>\n<p>Alle relevanten Informationen, Lehrunterlagen, Kurspl\u00e4ne <abbr title=\"et cetera\">etc.<\/abbr> erhalten Sie NUR \u00fcber <strong>ILIAS<\/strong>.<\/p>\n<p>Hierzu stellen Sie bitte NUR mit Ihrem <strong><abbr title=\"Helmut Schmidt Universit\u00e4t\">HSU<\/abbr> Account<\/strong> einen Antrag auf Mitgliedschaft. Antr\u00e4ge ohne <abbr title=\"Helmut Schmidt Universit\u00e4t\">HSU<\/abbr> Account k\u00f6nnen nicht ber\u00fccksichtigt werden.<\/p>\n<p>gez. Mayer-Fiedrich<\/p>\n","protected":false},"excerpt":{"rendered":"<p>Die Lehrveranstaltungen finden seit FT 2022 wieder in Pr\u00e4senz statt. Alle relevanten Informationen, Lehrunterlagen, Kurspl\u00e4ne etc. erhalten Sie NUR \u00fcber ILIAS. Hierzu stellen Sie bitte NUR mit Ihrem HSU Account [&hellip;]<\/p>\n","protected":false},"author":724,"featured_media":0,"parent":0,"menu_order":0,"comment_status":"closed","ping_status":"closed","template":"","meta":{"footnotes":""},"categories":[4],"tags":[],"class_list":["post-182","page","type-page","status-publish","hentry","category-forschung"],"_links":{"self":[{"href":"https:\/\/www.hsu-hh.de\/infi\/wp-json\/wp\/v2\/pages\/182","targetHints":{"allow":["GET"]}}],"collection":[{"href":"https:\/\/www.hsu-hh.de\/infi\/wp-json\/wp\/v2\/pages"}],"about":[{"href":"https:\/\/www.hsu-hh.de\/infi\/wp-json\/wp\/v2\/types\/page"}],"author":[{"embeddable":true,"href":"https:\/\/www.hsu-hh.de\/infi\/wp-json\/wp\/v2\/users\/724"}],"replies":[{"embeddable":true,"href":"https:\/\/www.hsu-hh.de\/infi\/wp-json\/wp\/v2\/comments?post=182"}],"version-history":[{"count":45,"href":"https:\/\/www.hsu-hh.de\/infi\/wp-json\/wp\/v2\/pages\/182\/revisions"}],"predecessor-version":[{"id":656,"href":"https:\/\/www.hsu-hh.de\/infi\/wp-json\/wp\/v2\/pages\/182\/revisions\/656"}],"wp:attachment":[{"href":"https:\/\/www.hsu-hh.de\/infi\/wp-json\/wp\/v2\/media?parent=182"}],"wp:term":[{"taxonomy":"category","embeddable":true,"href":"https:\/\/www.hsu-hh.de\/infi\/wp-json\/wp\/v2\/categories?post=182"},{"taxonomy":"post_tag","embeddable":true,"href":"https:\/\/www.hsu-hh.de\/infi\/wp-json\/wp\/v2\/tags?post=182"}],"curies":[{"name":"wp","href":"https:\/\/api.w.org\/{rel}","templated":true}]}}