{"id":151,"date":"2017-11-21T16:02:23","date_gmt":"2017-11-21T15:02:23","guid":{"rendered":"https:\/\/www.hsu-hh.de\/infi\/?page_id=151"},"modified":"2024-04-22T15:22:59","modified_gmt":"2024-04-22T13:22:59","slug":"team","status":"publish","type":"page","link":"https:\/\/www.hsu-hh.de\/infi\/team","title":{"rendered":"Team"},"content":{"rendered":"<div>\n<div>\n<div>\n<div class=\"ansprechparter-container\">\n<div class=\"row ansprechpartner-item ansprechparter-header\">\n<div class=\"col-xs-8 col-lg-12\" style=\"margin-bottom: 30px\">\n<div>\n<div class=\"ansprechparter-container\">\n<div class=\"row ansprechpartner-item ansprechparter-header\">\n<div class=\"col-xs-8 col-lg-12\" style=\"margin-bottom: 30px\">\n<h3 class=\"ansprechparter-headline\">Professurinhaberin:<\/h3>\n<div class=\"mobile-small\"><abbr title=\"Universit\u00e4tsprofessor\">Univ.-Prof.<\/abbr>\u00b4in\u00a0Matija Denise\u00a0Mayer-Fiedrich<\/div>\n<\/div>\n<div class=\"col-md-4 col-lg-3 col-xs-4 ansprechpartner-item floatright img-circle center-block\" style=\"margin-bottom: 30px\">\n<div class=\"img-responsive-wrapper\"><\/div>\n<\/div>\n<div class=\"col-md-12 col-lg-3 col-xs-12 ansprechpartner-item kontakt floatright\" style=\"margin-bottom: 30px\">\n<div class=\"row\">\n<div class=\"col-xs-12 col-sm-6 col-lg-12\">\n<div class=\"row\">\n<div class=\"col-xs-12 col-lg-4 row-text bold\">Raum:<\/div>\n<div class=\"col-xs-12 col-lg-8 row-text\">2208 (H1)<\/div>\n<\/div>\n<\/div>\n<div class=\"col-xs-12 col-sm-6 col-lg-12\">\n<div class=\"row\">\n<div class=\"col-xs-12 col-lg-4 row-text bold\">Telefon:<\/div>\n<div class=\"col-xs-12 col-lg-8 row-text\">+49 40 \/ 6541-2787<\/div>\n<\/div>\n<\/div>\n<div class=\"col-xs-12 col-sm-6 col-lg-12\">\n<div class=\"row\">\n<div class=\"col-xs-12 col-lg-4 row-text bold\">Fax:<\/div>\n<div class=\"col-xs-12 col-lg-8 row-text\">+49 (40) 6541-3782<\/div>\n<\/div>\n<\/div>\n<div class=\"col-xs-12 col-sm-6 col-lg-12\">\n<div class=\"row\">\n<div class=\"col-xs-12 col-md-12 row-text bold\">Email:<\/div>\n<div class=\"col-xs-12 col-md-12 row-text\">ma.mayer -at- hsu-hh.de<\/div>\n<\/div>\n<\/div>\n<\/div>\n<\/div>\n<div class=\"col-md-6 col-lg-3 col-xs-12 ansprechpartner-item anschrift floatright\">\n<div class=\"row-headline\">Besucheranschrift<\/div>\n<div class=\"row-text\">Helmut-Schmidt-Universit\u00e4t<\/div>\n<div class=\"row-text\">Geb\u00e4ude H1<\/div>\n<div class=\"row-text\">Holstenhofweg 85<\/div>\n<div class=\"row-text\">22043 Hamburg<\/div>\n<\/div>\n<div class=\"col-md-6 col-lg-3 col-xs-12 ansprechpartner-item anschrift floatright\">\n<div class=\"row-headline\">Postanschrift<\/div>\n<div class=\"row-text\">Helmut-Schmidt-Universit\u00e4t<\/div>\n<div class=\"row-text\">Fakult\u00e4t f\u00fcr Wirtschafts- und Sozialwissenschaft<\/div>\n<div class=\"row-text\">22008 Hamburg<\/div>\n<\/div>\n<\/div>\n<\/div>\n<div class=\"clearfix\"><\/div>\n<\/div>\n<div><\/div>\n<div><\/div>\n<div class=\"mobile-small\">Wissenschaftlicher Mitarbeiter: <abbr title=\"Doktor\">Dr.<\/abbr> Daniel D\u00f6nch<\/div>\n<\/div>\n<div class=\"col-md-4 col-lg-3 col-xs-4 ansprechpartner-item floatright img-circle center-block\" style=\"margin-bottom: 30px\">\n<div class=\"img-responsive-wrapper\"><\/div>\n<\/div>\n<div class=\"col-md-12 col-lg-3 col-xs-12 ansprechpartner-item kontakt floatright\" style=\"margin-bottom: 30px\">\n<div class=\"row\">\n<div class=\"col-xs-12 col-sm-6 col-lg-12\">\n<div class=\"row\">\n<div class=\"col-xs-12 col-lg-4 row-text bold\">Raum:<\/div>\n<div class=\"col-xs-12 col-lg-8 row-text\">2207 (H1)<\/div>\n<\/div>\n<\/div>\n<div class=\"col-xs-12 col-sm-6 col-lg-12\">\n<div class=\"row\">\n<div class=\"col-xs-12 col-lg-4 row-text bold\">Telefon:<\/div>\n<div class=\"col-xs-12 col-lg-8 row-text\">+49-40-6541-3344<\/div>\n<\/div>\n<\/div>\n<div class=\"col-xs-12 col-sm-6 col-lg-12\">\n<div class=\"row\">\n<div class=\"col-xs-12 col-lg-4 row-text bold\">Fax:<\/div>\n<div class=\"col-xs-12 col-lg-8 row-text\">+49-40-6541-3782<\/div>\n<\/div>\n<\/div>\n<div class=\"col-xs-12 col-sm-6 col-lg-12\">\n<div class=\"row\">\n<div class=\"col-xs-12 col-md-12 row-text bold\">Email:<\/div>\n<div class=\"col-xs-12 col-md-12 row-text\">doenchd -at -hsu-hh.de<\/div>\n<\/div>\n<\/div>\n<\/div>\n<\/div>\n<div class=\"col-md-6 col-lg-3 col-xs-12 ansprechpartner-item anschrift floatright\">\n<div class=\"row-headline\">Besucheranschrift<\/div>\n<div class=\"row-text\">Helmut-Schmidt-Universit\u00e4t<\/div>\n<div class=\"row-text\">Geb\u00e4ude H1<\/div>\n<div class=\"row-text\">Holstenhofweg 85<\/div>\n<div class=\"row-text\">22043 Hamburg<\/div>\n<\/div>\n<div class=\"col-md-6 col-lg-3 col-xs-12 ansprechpartner-item anschrift floatright\">\n<div class=\"row-headline\">Postanschrift<\/div>\n<div class=\"row-text\">Helmut-Schmidt-Universit\u00e4t<\/div>\n<div class=\"row-text\">Fakult\u00e4t f\u00fcr Wirtschafts- und Sozialwissenschaften<\/div>\n<div class=\"row-text\">22008 Hamburg<\/div>\n<\/div>\n<\/div>\n<\/div>\n<div class=\"clearfix\">\n<div class=\"ansprechparter-container\">\n<div class=\"row ansprechpartner-item ansprechparter-header\">\n<div class=\"col-xs-8 col-lg-12\" style=\"margin-bottom: 30px\">\n<h3 class=\"ansprechparter-headline\">Sekretariat:<\/h3>\n<div class=\"mobile-small\">Susanne Kropf<\/div>\n<\/div>\n<div class=\"col-md-4 col-lg-3 col-xs-4 ansprechpartner-item floatright img-circle center-block\" style=\"margin-bottom: 30px\">\n<div class=\"img-responsive-wrapper\"><\/div>\n<\/div>\n<div class=\"col-md-12 col-lg-3 col-xs-12 ansprechpartner-item kontakt floatright\" style=\"margin-bottom: 30px\">\n<div class=\"row\">\n<div class=\"col-xs-12 col-sm-6 col-lg-12\">\n<div class=\"row\">\n<div class=\"col-xs-12 col-lg-4 row-text bold\">Raum:<\/div>\n<div class=\"col-xs-12 col-lg-8 row-text\">2133 (H1)<\/div>\n<\/div>\n<\/div>\n<div class=\"col-xs-12 col-sm-6 col-lg-12\">\n<div class=\"row\">\n<div class=\"col-xs-12 col-lg-4 row-text bold\">Telefon:<\/div>\n<div class=\"col-xs-12 col-lg-8 row-text\">+49 (40) 6541-3432<\/div>\n<\/div>\n<\/div>\n<div class=\"col-xs-12 col-sm-6 col-lg-12\">\n<div class=\"row\">\n<div class=\"col-xs-12 col-lg-4 row-text bold\">Fax:<\/div>\n<div class=\"col-xs-12 col-lg-8 row-text\">+49 (40) 6541-3782<\/div>\n<\/div>\n<\/div>\n<div class=\"col-xs-12 col-sm-6 col-lg-12\">\n<div class=\"row\">\n<div class=\"col-xs-12 col-md-12 row-text bold\">Email:<\/div>\n<div class=\"col-xs-12 col-md-12 row-text\">susanne.kropf -at- hsu-hh.de<\/div>\n<\/div>\n<\/div>\n<\/div>\n<\/div>\n<div class=\"col-md-6 col-lg-3 col-xs-12 ansprechpartner-item anschrift floatright\">\n<div class=\"row-headline\">Besucheranschrift<\/div>\n<div class=\"row-text\">Helmut-Schmidt-Universit\u00e4t<\/div>\n<div class=\"row-text\">Geb\u00e4ude H1<\/div>\n<div class=\"row-text\">Holstenhofweg 85<\/div>\n<div class=\"row-text\">22043 Hamburg<\/div>\n<\/div>\n<div class=\"col-md-6 col-lg-3 col-xs-12 ansprechpartner-item anschrift floatright\">\n<div class=\"row-headline\">Postanschrift<\/div>\n<div class=\"row-text\">Helmut-Schmidt-Universit\u00e4t<\/div>\n<div class=\"row-text\">Fakult\u00e4t f\u00fcr Wirtschafts- und Sozialwissenschaften<\/div>\n<div class=\"row-text\">22008 Hamburg<\/div>\n<\/div>\n<\/div>\n<\/div>\n<div class=\"clearfix\">\n<div class=\"ansprechparter-container\">\n<div class=\"row ansprechpartner-item ansprechparter-header\">\n<div class=\"col-xs-8 col-lg-12\" style=\"margin-bottom: 30px\">\n<h3 class=\"ansprechparter-headline\">Externe Doktorand:innen und wissenschaftliche Kooperationen<\/h3>\n<\/div>\n<\/div>\n<\/div>\n<div class=\"clearfix\">M. A. Birgit Jablonowski<\/div>\n<div>email: jablonob -at- hsu-hh.de<\/div>\n<\/div>\n<div><\/div>\n<div><\/div>\n<\/div>\n<div>M. Sc., M. B. A. Stefan K. E. Leschonski<br \/>\nemail: stefan.leschonski -at- hsu-hh.de<\/div>\n<\/div>\n<\/div>\n<div><\/div>\n<div>\n<div>\n<div><abbr title=\"Diplom\">Dipl.<\/abbr> Kffr. techn. Nicole Nass<\/div>\n<div>email: nassn -at- hsu-hh.de<\/div>\n<\/div>\n<\/div>\n<\/div>\n<div><\/div>\n<div>M.A. Dominic Strube<\/div>\n<div>email:<\/div>\n<div><\/div>\n<div>.<\/div>\n<div>\n<div>\n<div>\n<div><abbr title=\"Doktor\">Dr.<\/abbr> <abbr title=\"rerum\">rer.<\/abbr> <abbr title=\"politicarum\">pol.<\/abbr> M. Sc. Patrick Eckner<br \/>\nemail: patrickeckner -at- hsu-hh.de<\/div>\n<\/div>\n<\/div>\n<\/div>\n<div><\/div>\n<div>.<\/div>\n<div><abbr title=\"Professor\">Prof.<\/abbr> <abbr title=\"Doktor\">Dr.<\/abbr><abbr title=\"rerum\">rer.<\/abbr><abbr title=\"politicarum\">pol.<\/abbr> Olaf Streuer<\/div>\n<div>Hochschule Wismar<\/div>\n<div>\n<div>\n<div>\n<div><\/div>\n<div>\n<div class=\"ansprechparter-container\">\n<div class=\"row ansprechpartner-item ansprechparter-header\">\n<h3 class=\"col-xs-8 col-lg-12\" style=\"margin-bottom: 30px\">Studentische wissenschaftliche Mitarbeiter:innen<\/h3>\n<p class=\"col-xs-8 col-lg-12\" style=\"margin-bottom: 30px\">\n<p>Philipp Selent<\/p>\n<\/div>\n<\/div>\n<\/div>\n<div><\/div>\n<div><\/div>\n<div><\/div>\n<\/div>\n<\/div>\n<\/div>\n","protected":false},"excerpt":{"rendered":"<p>Professurinhaberin: Univ.-Prof.\u00b4in\u00a0Matija Denise\u00a0Mayer-Fiedrich Raum: 2208 (H1) Telefon: +49 40 \/ 6541-2787 Fax: +49 (40) 6541-3782 Email: ma.mayer -at- hsu-hh.de Besucheranschrift Helmut-Schmidt-Universit\u00e4t Geb\u00e4ude H1 Holstenhofweg 85 22043 Hamburg Postanschrift Helmut-Schmidt-Universit\u00e4t Fakult\u00e4t [&hellip;]<\/p>\n","protected":false},"author":724,"featured_media":0,"parent":0,"menu_order":0,"comment_status":"closed","ping_status":"closed","template":"","meta":{"footnotes":""},"categories":[8],"tags":[],"class_list":["post-151","page","type-page","status-publish","hentry","category-team"],"_links":{"self":[{"href":"https:\/\/www.hsu-hh.de\/infi\/wp-json\/wp\/v2\/pages\/151","targetHints":{"allow":["GET"]}}],"collection":[{"href":"https:\/\/www.hsu-hh.de\/infi\/wp-json\/wp\/v2\/pages"}],"about":[{"href":"https:\/\/www.hsu-hh.de\/infi\/wp-json\/wp\/v2\/types\/page"}],"author":[{"embeddable":true,"href":"https:\/\/www.hsu-hh.de\/infi\/wp-json\/wp\/v2\/users\/724"}],"replies":[{"embeddable":true,"href":"https:\/\/www.hsu-hh.de\/infi\/wp-json\/wp\/v2\/comments?post=151"}],"version-history":[{"count":33,"href":"https:\/\/www.hsu-hh.de\/infi\/wp-json\/wp\/v2\/pages\/151\/revisions"}],"predecessor-version":[{"id":633,"href":"https:\/\/www.hsu-hh.de\/infi\/wp-json\/wp\/v2\/pages\/151\/revisions\/633"}],"wp:attachment":[{"href":"https:\/\/www.hsu-hh.de\/infi\/wp-json\/wp\/v2\/media?parent=151"}],"wp:term":[{"taxonomy":"category","embeddable":true,"href":"https:\/\/www.hsu-hh.de\/infi\/wp-json\/wp\/v2\/categories?post=151"},{"taxonomy":"post_tag","embeddable":true,"href":"https:\/\/www.hsu-hh.de\/infi\/wp-json\/wp\/v2\/tags?post=151"}],"curies":[{"name":"wp","href":"https:\/\/api.w.org\/{rel}","templated":true}]}}