{"id":852,"date":"2021-02-24T12:46:25","date_gmt":"2021-02-24T11:46:25","guid":{"rendered":"https:\/\/www.hsu-hh.de\/imb\/?page_id=852"},"modified":"2021-02-24T12:46:25","modified_gmt":"2021-02-24T11:46:25","slug":"digiwood-entwicklung-einer-softwareplattform-fuer-holzbearbeitungsmaschinen-zur-digitalisierung-von-holzverarbeitungsprozessen","status":"publish","type":"page","link":"https:\/\/www.hsu-hh.de\/imb\/projekte\/digiwood-entwicklung-einer-softwareplattform-fuer-holzbearbeitungsmaschinen-zur-digitalisierung-von-holzverarbeitungsprozessen","title":{"rendered":"DigiWood: Entwicklung einer Softwareplattform f\u00fcr Holzbearbeitungsmaschinen zur Digitalisierung von Holzverarbeitungsprozessen"},"content":{"rendered":"\n<p>Ziel des Kooperationsprojekts \u201eDigiWood\u201c ist die Entwicklung einer innovativen Softwarel\u00f6sung, zur Implementierung in neue Holzbearbeitungsmaschinen, zur automatisierten Steuerung, Vernetzung und vorausschauenden Instandhaltung von neuen Holzbearbeitungsmaschinen. Diese Softwarel\u00f6sung soll die Office Verwaltung des holzverarbeitenden Gewerbes mit den Holzbearbeitungsmaschinen innerhalb des Betriebs verbinden. Arbeitsprozesse k\u00f6nnen aufgrund automatisierter Parametrierung und Maschineneinstellungsvornahme zeitlich optimiert, Digitalisierung der Automatisierung der Arbeitsschritte zwischen verschiedenen Maschinen gew\u00e4hrleistet, auf Kundenseite eine vernetzte Produktion mittels Plug &amp; Produce und eine vorausschauende Wartung der Maschinen und Werkzeuge erm\u00f6glicht werden.<\/p>\n\n\n\n<p><strong>Welches existierende Problem wird gel\u00f6st?<\/strong><\/p>\n\n\n\n<ol class=\"wp-block-list\" type=\"1\"><li>Derzeitiger Mangel an intelligenten Maschinenmanagementsystemen verursacht Verz\u00f6gerungen, Qualit\u00e4tsschwankungen, \u00fcberm\u00e4\u00dfigen Werkzeugverschlei\u00df und Materialverschwendung in der Produktion und f\u00fchrt somit zu Ineffizienzen und einer niedrigen Produktionseffektivit\u00e4t<\/li><li>Fehlende, standardisierte Kommunikationsschnittstellen zwischen den Maschinen, sowie Maschine und Verwaltungssoftware, erlauben bislang keine automatisierten, selbststeuernden Produktionsketten und stellen die Ursache f\u00fcr die derzeitige manuelle Programmierung dar<\/li><li>Die neuartige Software soll es erm\u00f6glichen, Holzbearbeitungsmaschinen automatisiert per Plug &amp; Produce zu steuern, Daten in Echtzeit zu erfassen und auf Basis dieser Fertigungsprozesse gesamter Produktionslinien selbstst\u00e4ndig zu planen, regeln und steuern. Hierf\u00fcr wird eine cloudbasierte L\u00f6sung angestrebt, \u00fcber die Rezepte zur Fertigungsprozesssteuerung und Modulverkn\u00fcpfung heruntergeladen werden k\u00f6nnen<\/li><\/ol>\n\n\n\n<p><strong>Dauer<\/strong>: 2021-2023<\/p>\n\n\n\n<p><strong>Projektpartner<\/strong>:<\/p>\n\n\n\n<p>Otto Martin Maschinenbau GmbH &amp; Co. KG<\/p>\n\n\n\n<p>Helmut-Schmidt-Universit\u00e4t Hamburg<\/p>\n\n\n\n<p><\/p>\n\n\n\n<p>Dieses Projekt wird vom BMWi im Rahmen des ZIM Programms gef\u00f6rdert.<\/p>\n","protected":false},"excerpt":{"rendered":"<p>Ziel des Kooperationsprojekts \u201eDigiWood\u201c ist die Entwicklung einer innovativen Softwarel\u00f6sung, zur Implementierung in neue Holzbearbeitungsmaschinen, zur automatisierten Steuerung, Vernetzung und vorausschauenden Instandhaltung von neuen Holzbearbeitungsmaschinen. Diese Softwarel\u00f6sung soll die Office [&hellip;]<\/p>\n","protected":false},"author":2141,"featured_media":0,"parent":240,"menu_order":0,"comment_status":"closed","ping_status":"closed","template":"","meta":{"footnotes":""},"categories":[4],"tags":[],"class_list":["post-852","page","type-page","status-publish","hentry","category-forschung"],"_links":{"self":[{"href":"https:\/\/www.hsu-hh.de\/imb\/wp-json\/wp\/v2\/pages\/852","targetHints":{"allow":["GET"]}}],"collection":[{"href":"https:\/\/www.hsu-hh.de\/imb\/wp-json\/wp\/v2\/pages"}],"about":[{"href":"https:\/\/www.hsu-hh.de\/imb\/wp-json\/wp\/v2\/types\/page"}],"author":[{"embeddable":true,"href":"https:\/\/www.hsu-hh.de\/imb\/wp-json\/wp\/v2\/users\/2141"}],"replies":[{"embeddable":true,"href":"https:\/\/www.hsu-hh.de\/imb\/wp-json\/wp\/v2\/comments?post=852"}],"version-history":[{"count":2,"href":"https:\/\/www.hsu-hh.de\/imb\/wp-json\/wp\/v2\/pages\/852\/revisions"}],"predecessor-version":[{"id":857,"href":"https:\/\/www.hsu-hh.de\/imb\/wp-json\/wp\/v2\/pages\/852\/revisions\/857"}],"up":[{"embeddable":true,"href":"https:\/\/www.hsu-hh.de\/imb\/wp-json\/wp\/v2\/pages\/240"}],"wp:attachment":[{"href":"https:\/\/www.hsu-hh.de\/imb\/wp-json\/wp\/v2\/media?parent=852"}],"wp:term":[{"taxonomy":"category","embeddable":true,"href":"https:\/\/www.hsu-hh.de\/imb\/wp-json\/wp\/v2\/categories?post=852"},{"taxonomy":"post_tag","embeddable":true,"href":"https:\/\/www.hsu-hh.de\/imb\/wp-json\/wp\/v2\/tags?post=852"}],"curies":[{"name":"wp","href":"https:\/\/api.w.org\/{rel}","templated":true}]}}