{"id":844,"date":"2021-02-24T12:22:01","date_gmt":"2021-02-24T11:22:01","guid":{"rendered":"https:\/\/www.hsu-hh.de\/imb\/?page_id=844"},"modified":"2023-11-20T13:12:18","modified_gmt":"2023-11-20T12:12:18","slug":"kiaaa","status":"publish","type":"page","link":"https:\/\/www.hsu-hh.de\/imb\/projekte\/kiaaa","title":{"rendered":"KIAAA &#8211; Ein KI Assistent zur Ausbildung in der Automation"},"content":{"rendered":"\n<p>Die Automation ist ein Haupttreiber aktueller Technologiespr\u00fcnge, Beispiele sind zunehmende Automatisierung (Industrie 4.0) oder zunehmende Nutzung von Daten. Allerdings stellt die Ausbildung von Automationsexperten aufgrund der Interdisziplinarit\u00e4t eine Herausforderung dar: Automatisierer m\u00fcssen Kenntnisse in der Informationstechnik, der Elektrotechnik und der Prozess- und Fertigungstechnik besitzen. Diese Herausforderung manifestiert sich insbesondere in gro\u00dfen Ausbildungsgruppen, da individuelle angepasste Beurteilungen von Lernergebnissen kaum m\u00f6glich sind. <\/p>\n\n\n\n<p>In diesem Forschungsprojekt soll eine Schulungs- und Ausbildungssoftware erstellt werden, die Automationsexperten bei ihrem Lernen aktiv durch individualisiertes und unmittelbares Feedback unterst\u00fctzt. Grundlage daf\u00fcr ist eine adaptive Simulation typischer Produktionsprozesse und Automationssysteme. Mittels K\u00fcnstlicher Intelligenz (KI) und Maschinellem Lernens (ML) analysiert ein Trainer-Agent den Kenntnisstand des Automatisierers und entwickelt eine Abfolge von Lernszenarien. Zus\u00e4tzlich offeriert ein Vorbild-Agent Hilfe in Form von Automationsl\u00f6sungen, <abbr title=\"das hei\u00dft\">d.h.<\/abbr> er generiert Beispielsl\u00f6sungen als Vorbild f\u00fcr den Automatisierer. Neben dem KI-basierten Vorbild- Agent k\u00f6nnen Automatisierer in einer Kollaborationsumgebung auch von L\u00f6sungen anderer Lernender profitieren und L\u00f6sungen und Wissen austauschen. Die Schulungs- und Ausbildungssoftware soll der Allgemeinheit zur Verf\u00fcgung stehen. <\/p>\n\n\n\n<p>Laufzeit: 01.03.2021 \u2013 28.02.2024<\/p>\n\n\n\n<p><strong>Projektpartner<\/strong><\/p>\n\n\n\n<p>TH OWL<\/p>\n\n\n\n<p>Technische Akademie Esslingen<\/p>\n\n\n\n<p>Helmut-Schmidt-Universit\u00e4t \/ Universit\u00e4t der Bundeswehr Hamburg<\/p>\n\n\n\n<p><\/p>\n\n\n\n<p>Das Projekt KIAAA wird unter dem F\u00f6rderkennzeichen 16DHB4010 im F\u00f6rderprogramm \u201eInnovative Lernangebote und Lernsettings\/Intelligente Assistenzsysteme&#8220; vom Bundesministerium f\u00fcr Bildung und Forschung (<abbr title=\"Bundesministerium f\u00fcr Bildung und Forschung\">BMBF<\/abbr>) gef\u00f6rdert.<\/p>\n\n\n\n<div class=\"wp-block-columns is-layout-flex wp-container-core-columns-is-layout-9d6595d7 wp-block-columns-is-layout-flex\">\n<div class=\"wp-block-column is-layout-flow wp-block-column-is-layout-flow\">\n<figure class=\"wp-block-image size-full is-resized\"><img decoding=\"async\" src=\"https:\/\/www.hsu-hh.de\/imb\/wp-content\/uploads\/sites\/677\/2023\/11\/Foerderhinweis-BMBF.jpg\" data-credit=\"BMBF\" alt=\"\" class=\"wp-image-2134\" style=\"height:350px\" height=\"350\" srcset=\"https:\/\/www.hsu-hh.de\/imb\/wp-content\/uploads\/sites\/677\/2023\/11\/Foerderhinweis-BMBF.jpg 881w, https:\/\/www.hsu-hh.de\/imb\/wp-content\/uploads\/sites\/677\/2023\/11\/Foerderhinweis-BMBF-300x213.jpg 300w, https:\/\/www.hsu-hh.de\/imb\/wp-content\/uploads\/sites\/677\/2023\/11\/Foerderhinweis-BMBF-768x545.jpg 768w\" sizes=\"(max-width: 881px) 100vw, 881px\" \/><\/figure>\n<\/div>\n\n\n\n<div class=\"wp-block-column is-layout-flow wp-block-column-is-layout-flow\"><\/div>\n<\/div>\n","protected":false},"excerpt":{"rendered":"<p>Die Automation ist ein Haupttreiber aktueller Technologiespr\u00fcnge, Beispiele sind zunehmende Automatisierung (Industrie 4.0) oder zunehmende Nutzung von Daten. Allerdings stellt die Ausbildung von Automationsexperten aufgrund der Interdisziplinarit\u00e4t eine Herausforderung dar: [&hellip;]<\/p>\n","protected":false},"author":2141,"featured_media":0,"parent":240,"menu_order":0,"comment_status":"closed","ping_status":"closed","template":"","meta":{"footnotes":""},"categories":[4],"tags":[],"class_list":["post-844","page","type-page","status-publish","hentry","category-forschung"],"_links":{"self":[{"href":"https:\/\/www.hsu-hh.de\/imb\/wp-json\/wp\/v2\/pages\/844","targetHints":{"allow":["GET"]}}],"collection":[{"href":"https:\/\/www.hsu-hh.de\/imb\/wp-json\/wp\/v2\/pages"}],"about":[{"href":"https:\/\/www.hsu-hh.de\/imb\/wp-json\/wp\/v2\/types\/page"}],"author":[{"embeddable":true,"href":"https:\/\/www.hsu-hh.de\/imb\/wp-json\/wp\/v2\/users\/2141"}],"replies":[{"embeddable":true,"href":"https:\/\/www.hsu-hh.de\/imb\/wp-json\/wp\/v2\/comments?post=844"}],"version-history":[{"count":4,"href":"https:\/\/www.hsu-hh.de\/imb\/wp-json\/wp\/v2\/pages\/844\/revisions"}],"predecessor-version":[{"id":2159,"href":"https:\/\/www.hsu-hh.de\/imb\/wp-json\/wp\/v2\/pages\/844\/revisions\/2159"}],"up":[{"embeddable":true,"href":"https:\/\/www.hsu-hh.de\/imb\/wp-json\/wp\/v2\/pages\/240"}],"wp:attachment":[{"href":"https:\/\/www.hsu-hh.de\/imb\/wp-json\/wp\/v2\/media?parent=844"}],"wp:term":[{"taxonomy":"category","embeddable":true,"href":"https:\/\/www.hsu-hh.de\/imb\/wp-json\/wp\/v2\/categories?post=844"},{"taxonomy":"post_tag","embeddable":true,"href":"https:\/\/www.hsu-hh.de\/imb\/wp-json\/wp\/v2\/tags?post=844"}],"curies":[{"name":"wp","href":"https:\/\/api.w.org\/{rel}","templated":true}]}}