{"id":73,"date":"2017-07-03T15:52:08","date_gmt":"2017-07-03T13:52:08","guid":{"rendered":"https:\/\/www.hsu-hh.de\/vorlage\/?page_id=73"},"modified":"2026-04-02T15:20:57","modified_gmt":"2026-04-02T13:20:57","slug":"startseite","status":"publish","type":"page","link":"https:\/\/www.hsu-hh.de\/imb\/","title":{"rendered":"Willkommen an der Professur f\u00fcr Informatik im Maschinenbau"},"content":{"rendered":"\n<p>Als interdisziplin\u00e4r aufgestellte Professur arbeiten wir an der Schnittstelle zwischen Informatik- und Maschinenbauthemen. Unsere Problemstellungen und Forschungsthemen entstammen prim\u00e4r dem Maschinenbau und benachbarten Disziplinen wie dem Anlagenbau und der Automatisierungstechnik und unsere L\u00f6sungen basieren insbesondere auf Algorithmen des maschinellen Lernens und der symbolischen k\u00fcnstlichen Intelligenz. Usere Forschung behandelt unter anderem Algorithmen f\u00fcr Problemstellungen aus Bereichen wie physikalischen Simulationen und datenbasierter Modellbildung, der \u00dcberwachung (Anomalieerkennung und Predictive Maintenance), Steuerung und Diagnose von komplexen technischen Systemen und dem L\u00f6sen von diskreten und hybriden Planungsproblemen. Die Anforderungen technischer Systeme an den sicheren Betrieb wirken sich hierbei direkt auf die m\u00f6glichen L\u00f6sungen aus, welche interpretierbar und robust sein m\u00fcssen. Unsere Forschung und L\u00f6sungen kombinieren deshalb bewusst datenbasierte Ans\u00e4tze des maschinellen Lernens mit dom\u00e4nenspezifischem Vorwissen und symbolischen Algorithmen um die Vorteile beider Ans\u00e4tze nutzbar zu machen. Ganzheitlich betrachtet entsteht hierdurch ein \u00fcbergeordneter Ansatz f\u00fcr robuste k\u00fcnstliche Intelligenz im Kontext Cyber-Physischer Systeme.<\/p>\n\n\n\n<p class=\"has-text-align-left\">Weiterf\u00fchrende Informationen zu unserer fachlichen Expertise finden Sie auf der Seite unserer <a href=\"https:\/\/www.hsu-hh.de\/imb\/schwerpunkte\" data-type=\"page\" data-id=\"3128\">Forschungsschwerpunkte<\/a>.<\/p>\n\n\n\n<p>Unsere aktiven und abgeschlossenen <a href=\"https:\/\/www.hsu-hh.de\/imb\/projekte\" data-type=\"page\" data-id=\"240\">Forschungsprojekte<\/a> sowie unsere <a href=\"https:\/\/www.hsu-hh.de\/imb\/veroeffentlichungen\" data-type=\"page\" data-id=\"208\">Ver\u00f6ffentlichungen<\/a> bieten einen tieferen Einblick in unsere Aktivit\u00e4ten.<\/p>\n\n\n<div class=\"wp-block-image\">\n<figure class=\"aligncenter size-large\"><img loading=\"lazy\" decoding=\"async\" width=\"1024\" height=\"576\" src=\"https:\/\/www.hsu-hh.de\/imb\/wp-content\/uploads\/sites\/677\/2026\/04\/IMB_Home_DE-1024x576.png\" data-credit=\"HSU\" alt=\"\" class=\"wp-image-3527\" srcset=\"https:\/\/www.hsu-hh.de\/imb\/wp-content\/uploads\/sites\/677\/2026\/04\/IMB_Home_DE-1024x576.png 1024w, https:\/\/www.hsu-hh.de\/imb\/wp-content\/uploads\/sites\/677\/2026\/04\/IMB_Home_DE-300x169.png 300w, https:\/\/www.hsu-hh.de\/imb\/wp-content\/uploads\/sites\/677\/2026\/04\/IMB_Home_DE-768x432.png 768w, https:\/\/www.hsu-hh.de\/imb\/wp-content\/uploads\/sites\/677\/2026\/04\/IMB_Home_DE-1536x864.png 1536w, https:\/\/www.hsu-hh.de\/imb\/wp-content\/uploads\/sites\/677\/2026\/04\/IMB_Home_DE-2048x1152.png 2048w, https:\/\/www.hsu-hh.de\/imb\/wp-content\/uploads\/sites\/677\/2026\/04\/IMB_Home_DE-1100x619.png 1100w\" sizes=\"auto, (max-width: 1024px) 100vw, 1024px\" \/><\/figure>\n<\/div>\n\n\n<p><\/p>\n\n\n\n<h2 class=\"wp-block-heading has-text-align-center\">Aktuelles<\/h2>\n\n\n\n<div class=\"wp-block-columns is-layout-flex wp-container-core-columns-is-layout-9d6595d7 wp-block-columns-is-layout-flex\">\n<div class=\"wp-block-column is-layout-flow wp-block-column-is-layout-flow\" style=\"flex-basis:33.33%\">\n<p class=\"has-text-align-center\">Folgen Sie uns f\u00fcr aktuelle Themen<\/p>\n\n\n<div class=\"wp-block-image\">\n<figure class=\"aligncenter size-full is-resized\"><a href=\"https:\/\/www.linkedin.com\/company\/professorship-computer-science-in-mechanical-engineering\/\" rel='nofollow'><img loading=\"lazy\" decoding=\"async\" width=\"635\" height=\"540\" src=\"https:\/\/www.hsu-hh.de\/imb\/wp-content\/uploads\/sites\/677\/2026\/03\/LI-In-Bug.png\" data-credit=\"LinkedIn Corporation\" alt=\"\" class=\"wp-image-3238\" style=\"aspect-ratio:1.1760031926455181;width:104px;height:auto\" srcset=\"https:\/\/www.hsu-hh.de\/imb\/wp-content\/uploads\/sites\/677\/2026\/03\/LI-In-Bug.png 635w, https:\/\/www.hsu-hh.de\/imb\/wp-content\/uploads\/sites\/677\/2026\/03\/LI-In-Bug-300x255.png 300w\" sizes=\"auto, (max-width: 635px) 100vw, 635px\" \/><\/a><\/figure>\n<\/div><\/div>\n\n\n\n<div class=\"wp-block-column is-layout-flow wp-block-column-is-layout-flow\" style=\"flex-basis:66.66%\">\n<p>Neuigkeiten zu Konferenzen, Workshops, Ver\u00f6ffentlichungen und weiteren Themen werden regelm\u00e4\u00dfig auf <a href=\"https:\/\/www.linkedin.com\/company\/professorship-computer-science-in-mechanical-engineering\/\" rel='nofollow'>unserer LinkedIn Seite<\/a> ver\u00f6ffentlicht. Schauen Sie gerne vorbei.<\/p>\n<\/div>\n<\/div>\n\n\n\n<div class=\"wp-block-columns is-layout-flex wp-container-core-columns-is-layout-9d6595d7 wp-block-columns-is-layout-flex\">\n<div class=\"wp-block-column is-layout-flow wp-block-column-is-layout-flow\" style=\"flex-basis:33.33%\">\n<div class=\"wp-block-columns is-layout-flex wp-container-core-columns-is-layout-9d6595d7 wp-block-columns-is-layout-flex\">\n<div class=\"wp-block-column is-layout-flow wp-block-column-is-layout-flow\" style=\"flex-basis:33.33%\"><\/div>\n<\/div>\n<\/div>\n<\/div>\n","protected":false},"excerpt":{"rendered":"<p>Als interdisziplin\u00e4r aufgestellte Professur arbeiten wir an der Schnittstelle zwischen Informatik- und Maschinenbauthemen. Unsere Problemstellungen und Forschungsthemen entstammen prim\u00e4r dem Maschinenbau und benachbarten Disziplinen wie dem Anlagenbau und der Automatisierungstechnik [&hellip;]<\/p>\n","protected":false},"author":1,"featured_media":0,"parent":0,"menu_order":0,"comment_status":"closed","ping_status":"closed","template":"","meta":{"footnotes":""},"categories":[35],"tags":[],"class_list":["post-73","page","type-page","status-publish","hentry","category-startseite"],"_links":{"self":[{"href":"https:\/\/www.hsu-hh.de\/imb\/wp-json\/wp\/v2\/pages\/73","targetHints":{"allow":["GET"]}}],"collection":[{"href":"https:\/\/www.hsu-hh.de\/imb\/wp-json\/wp\/v2\/pages"}],"about":[{"href":"https:\/\/www.hsu-hh.de\/imb\/wp-json\/wp\/v2\/types\/page"}],"author":[{"embeddable":true,"href":"https:\/\/www.hsu-hh.de\/imb\/wp-json\/wp\/v2\/users\/1"}],"replies":[{"embeddable":true,"href":"https:\/\/www.hsu-hh.de\/imb\/wp-json\/wp\/v2\/comments?post=73"}],"version-history":[{"count":34,"href":"https:\/\/www.hsu-hh.de\/imb\/wp-json\/wp\/v2\/pages\/73\/revisions"}],"predecessor-version":[{"id":3534,"href":"https:\/\/www.hsu-hh.de\/imb\/wp-json\/wp\/v2\/pages\/73\/revisions\/3534"}],"wp:attachment":[{"href":"https:\/\/www.hsu-hh.de\/imb\/wp-json\/wp\/v2\/media?parent=73"}],"wp:term":[{"taxonomy":"category","embeddable":true,"href":"https:\/\/www.hsu-hh.de\/imb\/wp-json\/wp\/v2\/categories?post=73"},{"taxonomy":"post_tag","embeddable":true,"href":"https:\/\/www.hsu-hh.de\/imb\/wp-json\/wp\/v2\/tags?post=73"}],"curies":[{"name":"wp","href":"https:\/\/api.w.org\/{rel}","templated":true}]}}