{"id":493,"date":"2020-10-06T16:52:53","date_gmt":"2020-10-06T14:52:53","guid":{"rendered":"https:\/\/www.hsu-hh.de\/imb\/?page_id=493"},"modified":"2020-10-09T11:43:13","modified_gmt":"2020-10-09T09:43:13","slug":"bmwi-zim-fadenueberwachung","status":"publish","type":"page","link":"https:\/\/www.hsu-hh.de\/imb\/projekte\/bmwi-zim-fadenueberwachung","title":{"rendered":"BMWI (ZIM): Entwicklung einer intelligenten Faden\u00fcberwachung"},"content":{"rendered":"<p><strong>Entwicklung einer intelligenten Faden\u00fcberwachung beim Doppelsteppstich<\/strong><\/p>\n<p>Mit der zunehmenden Umstellung auf die \u201eIndustrie 4.0\u201c hat auch die Bedeutung der Automatisierung in allen Branchen in den letzten Jahren immer weiter zugenommen. Auch in der N\u00e4htechnik k\u00f6nnen durch eine zunehmende Automatisierung der Prozesse die Produktivit\u00e4t und die Prozesssicherheit signifikant verbessert werden. Dabei ist aber festzustellen, dass eine Automation von N\u00e4hmaschinen sich teilweise sehr schwierig gestaltet, da ein flexibler, d\u00fcnner Faden oft nur schwer zu handhaben und zu kontrollieren ist. Daher sind in diesem Bereich weiterhin Entwicklungsarbeiten n\u00f6tig, vor allem was die \u00dcberwachung und F\u00fchrung des Fadens angeht.<\/p>\n<p>Ziel dieses Projekts ist die Entwicklung eines intelligenten Faden-Monitorings f\u00fcr Doppelsteppstich- N\u00e4hmaschinen, mit dessen Hilfe die gesamte Fadenf\u00fchrung \u00fcberwacht und N\u00e4hfehler zuverl\u00e4ssig erkannt werden k\u00f6nnen. Dazu soll erstmals ein neuartiges Sensorsystem\u00a0entwickelt werden. Es wird ein intelligentes KI-System entwickelt, das die Prognose des Fadenverbrauchs sowie die Berechnung der Position der Verschlingung im Material und des Vorhandenseins einer Scheinvern\u00e4hung erm\u00f6glichen soll.<\/p>\n<p>Dauer: 2020-2022<\/p>\n<p>Dieses Projekt wird vom BMWi im Rahmen des ZIM Programms gef\u00f6rdert.<\/p>\n","protected":false},"excerpt":{"rendered":"<p>Entwicklung einer intelligenten Faden\u00fcberwachung beim Doppelsteppstich Mit der zunehmenden Umstellung auf die \u201eIndustrie 4.0\u201c hat auch die Bedeutung der Automatisierung in allen Branchen in den letzten Jahren immer weiter zugenommen. [&hellip;]<\/p>\n","protected":false},"author":2355,"featured_media":0,"parent":240,"menu_order":0,"comment_status":"closed","ping_status":"closed","template":"","meta":{"footnotes":""},"categories":[4],"tags":[],"class_list":["post-493","page","type-page","status-publish","hentry","category-forschung"],"_links":{"self":[{"href":"https:\/\/www.hsu-hh.de\/imb\/wp-json\/wp\/v2\/pages\/493","targetHints":{"allow":["GET"]}}],"collection":[{"href":"https:\/\/www.hsu-hh.de\/imb\/wp-json\/wp\/v2\/pages"}],"about":[{"href":"https:\/\/www.hsu-hh.de\/imb\/wp-json\/wp\/v2\/types\/page"}],"author":[{"embeddable":true,"href":"https:\/\/www.hsu-hh.de\/imb\/wp-json\/wp\/v2\/users\/2355"}],"replies":[{"embeddable":true,"href":"https:\/\/www.hsu-hh.de\/imb\/wp-json\/wp\/v2\/comments?post=493"}],"version-history":[{"count":3,"href":"https:\/\/www.hsu-hh.de\/imb\/wp-json\/wp\/v2\/pages\/493\/revisions"}],"predecessor-version":[{"id":853,"href":"https:\/\/www.hsu-hh.de\/imb\/wp-json\/wp\/v2\/pages\/493\/revisions\/853"}],"up":[{"embeddable":true,"href":"https:\/\/www.hsu-hh.de\/imb\/wp-json\/wp\/v2\/pages\/240"}],"wp:attachment":[{"href":"https:\/\/www.hsu-hh.de\/imb\/wp-json\/wp\/v2\/media?parent=493"}],"wp:term":[{"taxonomy":"category","embeddable":true,"href":"https:\/\/www.hsu-hh.de\/imb\/wp-json\/wp\/v2\/categories?post=493"},{"taxonomy":"post_tag","embeddable":true,"href":"https:\/\/www.hsu-hh.de\/imb\/wp-json\/wp\/v2\/tags?post=493"}],"curies":[{"name":"wp","href":"https:\/\/api.w.org\/{rel}","templated":true}]}}