{"id":487,"date":"2020-10-06T16:44:58","date_gmt":"2020-10-06T14:44:58","guid":{"rendered":"https:\/\/www.hsu-hh.de\/imb\/?page_id=487"},"modified":"2024-11-15T15:00:31","modified_gmt":"2024-11-15T14:00:31","slug":"bmvg-dtec-eki","status":"publish","type":"page","link":"https:\/\/www.hsu-hh.de\/imb\/projekte\/bmvg-dtec-eki","title":{"rendered":"BMVg, DTEC: EKI"},"content":{"rendered":"<p><strong>EKI &#8211; Engineering f\u00fcr die KI-basierte Automation in virtuellen und realen Produktionsumgebungen<\/strong><\/p>\n<p>Sowohl Endkunden als auch Industrie ben\u00f6tigen in immer k\u00fcrzeren Abst\u00e4nden neue Produkte und Produktvarianten. Die Hersteller sehen sich nicht nur solchen Time-to-Market-Anforderungen gegen-\u00fcber, sondern stehen auch unter st\u00e4ndigem Druck, die Produktivit\u00e4t zu steigern, Ressourcen zu sparen und Kosten zu senken. All dies hat zu einem starken Bedarf an neuen adaptiven und ver\u00e4nderbaren Anlagen und insbesondere an entsprechenden Automatisierungsl\u00f6sungen gef\u00fchrt. Gerade das Engineering, also das Anpassen der Automationsl\u00f6sung durch Experten, hat sich als Engpass erwiesen, daher m\u00fcssen Engineering-Umgebungen f\u00fcr Automatisierungsl\u00f6sungen neu erfunden werden.<\/p>\n<p>K\u00fcnstliche Intelligenz (KI) ist ein Schl\u00fcssel zur Bew\u00e4ltigung dieser Herausforderungen. Aktuell bringen KI und vor allem Maschinelles Lernen (ML) ganz neue Automationsans\u00e4tze hervor, vor allem f\u00fcr adaptive, <abbr title=\"das hei\u00dft\">d.h.<\/abbr> ver\u00e4nderliche Systeme (<abbr title=\"zum Beispiel\">z.B.<\/abbr> f\u00fcr neue Produktvarianten). Diese KI-Ans\u00e4tze erlauben es automatisch die Produktionsabfolge, <abbr title=\"das hei\u00dft\">d.h.<\/abbr> die Automationstrategie, zu erstellen <abbr title=\"beziehungsweise\">bzw.<\/abbr> an neue Anforderungen anzupassen &#8212; anstelle der bisherigen aufw\u00e4ndigen manuellen Arbeiten. Andere KI-Komponenten wie Predictive Maintenance oder Energieananalysen nutzen maschinelles Lernen, um Anlagen zu \u00fcberwachen.<\/p>\n<p>W\u00e4hrend solche Ans\u00e4tze zur adaptiven Produktion seit Jahren in der europ\u00e4ischen Agenda gefordert werden, wurden bisher nur einige einzelne Aspekte wie Anlagenmodularisierung, Software und mechatronische Komponenten oder Parameteroptimierung untersucht. F\u00fcr das Kernproblem wurde bisher keine allgemeine L\u00f6sung entwickelt. Dies ist haupts\u00e4chlich auf das Problem der fehlenden Engineeringmethoden zur\u00fcckzuf\u00fchren:<\/p>\n<p>Aus Sicht der Anwender sind gerade die Engineeringans\u00e4tze f\u00fcr solche adaptiven Systeme eine Kernherausforderung: Zum einen geht es darum, schneller auf neue Anforderungen als bisher reagieren zu k\u00f6nnen. Zum anderen werden auch ML und KI Algorithmen auf Dauer als SW-Komponenten verf\u00fcgbar sein. Solche SW-Komponenten m\u00fcssen aber in einer Engineering-Umgebung durch Integratoren und Maschinenbauer (<abbr title=\"das hei\u00dft\">d.h.<\/abbr> durch Personen nicht aus dem KI-Bereich) zu Gesamtl\u00f6sungen zusammengef\u00fcgt werden. <abbr title=\"Das hei\u00dft\">D.h.<\/abbr> Kernproblem ist nicht die algorithmische Erstellung solcher KI\/ML-Komponenten sondern die Engineering-Umgebung. Entsprechende Engineering-Ans\u00e4tze existieren heute nicht. Als L\u00f6sung wird in diesem Projekt ein neuer offener Engineering-Ansatz mit offenen Schnittstellen entwickelt, welcher die Integration von ML- und KI-SW-Komponenten in das Engineering erm\u00f6glicht. Eine Kernidee sind Assistenzfunktionen, um Anlagenbetreibern bei der schnellen Erstellung neuer Automationsl\u00f6sungen zu unterst\u00fctzen.<\/p>\n<p>Laufzeit: 1.9.2020 bis 31.12.2024<\/p>\n<p>Das Projekt EKI wird im F\u00f6rderprogramm DTEC vom Bundesministerium der Verteidigung (BMVg) gef\u00f6rdert.<\/p>\n","protected":false},"excerpt":{"rendered":"<p>EKI &#8211; Engineering f\u00fcr die KI-basierte Automation in virtuellen und realen Produktionsumgebungen Sowohl Endkunden als auch Industrie ben\u00f6tigen in immer k\u00fcrzeren Abst\u00e4nden neue Produkte und Produktvarianten. Die Hersteller sehen sich [&hellip;]<\/p>\n","protected":false},"author":2355,"featured_media":0,"parent":240,"menu_order":0,"comment_status":"closed","ping_status":"closed","template":"","meta":{"footnotes":""},"categories":[4],"tags":[],"class_list":["post-487","page","type-page","status-publish","hentry","category-forschung"],"_links":{"self":[{"href":"https:\/\/www.hsu-hh.de\/imb\/wp-json\/wp\/v2\/pages\/487","targetHints":{"allow":["GET"]}}],"collection":[{"href":"https:\/\/www.hsu-hh.de\/imb\/wp-json\/wp\/v2\/pages"}],"about":[{"href":"https:\/\/www.hsu-hh.de\/imb\/wp-json\/wp\/v2\/types\/page"}],"author":[{"embeddable":true,"href":"https:\/\/www.hsu-hh.de\/imb\/wp-json\/wp\/v2\/users\/2355"}],"replies":[{"embeddable":true,"href":"https:\/\/www.hsu-hh.de\/imb\/wp-json\/wp\/v2\/comments?post=487"}],"version-history":[{"count":5,"href":"https:\/\/www.hsu-hh.de\/imb\/wp-json\/wp\/v2\/pages\/487\/revisions"}],"predecessor-version":[{"id":2477,"href":"https:\/\/www.hsu-hh.de\/imb\/wp-json\/wp\/v2\/pages\/487\/revisions\/2477"}],"up":[{"embeddable":true,"href":"https:\/\/www.hsu-hh.de\/imb\/wp-json\/wp\/v2\/pages\/240"}],"wp:attachment":[{"href":"https:\/\/www.hsu-hh.de\/imb\/wp-json\/wp\/v2\/media?parent=487"}],"wp:term":[{"taxonomy":"category","embeddable":true,"href":"https:\/\/www.hsu-hh.de\/imb\/wp-json\/wp\/v2\/categories?post=487"},{"taxonomy":"post_tag","embeddable":true,"href":"https:\/\/www.hsu-hh.de\/imb\/wp-json\/wp\/v2\/tags?post=487"}],"curies":[{"name":"wp","href":"https:\/\/api.w.org\/{rel}","templated":true}]}}