{"id":3128,"date":"2026-03-02T14:13:38","date_gmt":"2026-03-02T13:13:38","guid":{"rendered":"https:\/\/www.hsu-hh.de\/imb\/?page_id=3128"},"modified":"2026-03-02T16:57:09","modified_gmt":"2026-03-02T15:57:09","slug":"schwerpunkte","status":"publish","type":"page","link":"https:\/\/www.hsu-hh.de\/imb\/schwerpunkte","title":{"rendered":"Schwerpunkte"},"content":{"rendered":"\n<p>Hier entstehen in K\u00fcrze neue Inhalte<\/p>\n\n\n\n<p><a href=\"https:\/\/www.hsu-hh.de\/imb\/bundeswehr-2\" data-type=\"page\" data-id=\"3136\">Bundeswehr<\/a><\/p>\n\n\n\n<p><a href=\"https:\/\/www.hsu-hh.de\/imb\/maschinelles-lernen\" data-type=\"page\" data-id=\"3130\">Maschinelles Lernen<\/a><\/p>\n\n\n\n<p><a href=\"https:\/\/www.hsu-hh.de\/imb\/materialwissenschaften-und-raeumliche-modelle\" data-type=\"page\" data-id=\"3132\">Materialwissenschaften und R\u00e4umliche Modelle<\/a><\/p>\n\n\n\n<p><a href=\"https:\/\/www.hsu-hh.de\/imb\/symbolische-kuenstliche-intelligenz\" data-type=\"page\" data-id=\"3134\">Symbolische K\u00fcnstliche Intelligenz<\/a><\/p>\n\n\n\n<p><\/p>\n","protected":false},"excerpt":{"rendered":"<p>Hier entstehen in K\u00fcrze neue Inhalte Bundeswehr Maschinelles Lernen Materialwissenschaften und R\u00e4umliche Modelle Symbolische K\u00fcnstliche Intelligenz<\/p>\n","protected":false},"author":2852,"featured_media":0,"parent":0,"menu_order":0,"comment_status":"closed","ping_status":"closed","template":"","meta":{"footnotes":""},"categories":[4],"tags":[],"class_list":["post-3128","page","type-page","status-publish","hentry","category-forschung"],"_links":{"self":[{"href":"https:\/\/www.hsu-hh.de\/imb\/wp-json\/wp\/v2\/pages\/3128","targetHints":{"allow":["GET"]}}],"collection":[{"href":"https:\/\/www.hsu-hh.de\/imb\/wp-json\/wp\/v2\/pages"}],"about":[{"href":"https:\/\/www.hsu-hh.de\/imb\/wp-json\/wp\/v2\/types\/page"}],"author":[{"embeddable":true,"href":"https:\/\/www.hsu-hh.de\/imb\/wp-json\/wp\/v2\/users\/2852"}],"replies":[{"embeddable":true,"href":"https:\/\/www.hsu-hh.de\/imb\/wp-json\/wp\/v2\/comments?post=3128"}],"version-history":[{"count":2,"href":"https:\/\/www.hsu-hh.de\/imb\/wp-json\/wp\/v2\/pages\/3128\/revisions"}],"predecessor-version":[{"id":3169,"href":"https:\/\/www.hsu-hh.de\/imb\/wp-json\/wp\/v2\/pages\/3128\/revisions\/3169"}],"wp:attachment":[{"href":"https:\/\/www.hsu-hh.de\/imb\/wp-json\/wp\/v2\/media?parent=3128"}],"wp:term":[{"taxonomy":"category","embeddable":true,"href":"https:\/\/www.hsu-hh.de\/imb\/wp-json\/wp\/v2\/categories?post=3128"},{"taxonomy":"post_tag","embeddable":true,"href":"https:\/\/www.hsu-hh.de\/imb\/wp-json\/wp\/v2\/tags?post=3128"}],"curies":[{"name":"wp","href":"https:\/\/api.w.org\/{rel}","templated":true}]}}