{"id":2928,"date":"2026-02-24T14:11:10","date_gmt":"2026-02-24T13:11:10","guid":{"rendered":"https:\/\/www.hsu-hh.de\/imb\/?page_id=2928"},"modified":"2026-03-26T14:46:33","modified_gmt":"2026-03-26T13:46:33","slug":"veranstaltungen","status":"publish","type":"page","link":"https:\/\/www.hsu-hh.de\/imb\/veranstaltungen","title":{"rendered":"Veranstaltungen"},"content":{"rendered":"\n<hr class=\"wp-block-separator has-text-color has-red-color has-alpha-channel-opacity has-red-background-color has-background is-style-default\" \/>\n\n\n\n<p>Diese Seite zeigt alle Veranstaltungen und Konferenzen, die von unserer Professur organisiert werden oder in deren Organisation unsere Professur involviert ist.<\/p>\n\n\n\n<div style=\"height:50px\" aria-hidden=\"true\" class=\"wp-block-spacer\"><\/div>\n\n\n\n<h2 class=\"wp-block-heading has-red-color has-text-color has-link-color wp-elements-3c5fb9d6f02c009c7f2eac6812e054fc\" style=\"font-style:italic;font-weight:100\">Konferenzen<\/h2>\n\n\n\n<h3 class=\"wp-block-heading\">2026<\/h3>\n\n\n\n<p><strong>KI@Bw26<\/strong><\/p>\n\n\n\n<p>19.\u201321. Mai 2026 \u00b7 Helmut-Schmidt-Universit\u00e4t \/ Universit\u00e4t der Bundeswehr Hamburg<br>Dreit\u00e4gige Konferenz zu Anwendungen, Forschung, Herausforderungen und L\u00f6sungen der K\u00fcnstlichen Intelligenz in der Bundeswehr mit Fokus auf fachlichen Austausch und Vernetzung.<br>Ansprechpartner: Joshua Schraven<\/p>\n\n\n\n<div style=\"height:25px\" aria-hidden=\"true\" class=\"wp-block-spacer\"><\/div>\n\n\n\n<p class=\"has-red-color has-text-color has-link-color wp-elements-47836198c8fc53f7bfcee38b53c8b8e3\"><a href=\"https:\/\/www.hsu-hh.de\/imb\/en\/organized-events\/ml4cps\">ML4CPS 2026 \u2013 Machine Learning for Cyber-Physical Systems<\/a><\/p>\n\n\n\n<p>19.\u201320. M\u00e4rz 2026 \u00b7 Fraunhofer Forum, Berlin<br>Die 9. ML4CPS-Konferenz bringt Forschung und Anwendung zu Machine Learning in cyber-physischen Systemen zusammen, unter anderem zu Monitoring, Fault Diagnosis, Re-Planning und Reconfiguration.<\/p>\n\n\n\n<hr class=\"wp-block-separator has-alpha-channel-opacity\" \/>\n\n\n\n<h3 class=\"wp-block-heading\">2025<\/h3>\n\n\n\n<p><strong>KI@Bw25<\/strong><\/p>\n\n\n\n<p>06.\u201308. Mai 2025 \u00b7 Helmut-Schmidt-Universit\u00e4t \/ Universit\u00e4t der Bundeswehr Hamburg<br>Dreit\u00e4gige Konferenz zu Anwendungen, Forschung, Herausforderungen und L\u00f6sungen der K\u00fcnstlichen Intelligenz in der Bundeswehr mit Fokus auf fachlichen Austausch und Vernetzung.<\/p>\n\n\n\n<div style=\"height:25px\" aria-hidden=\"true\" class=\"wp-block-spacer\"><\/div>\n\n\n\n<p class=\"has-red-color has-text-color has-link-color wp-elements-7381239cb2d228c72dce8d2935a00b6b\"><a href=\"https:\/\/www.hsu-hh.de\/imb\/en\/organized-events\/ml4cps_2025\">ML4CPS 2025 \u2013 Machine Learning for Cyber-Physical Systems<\/a><\/p>\n\n\n\n<p>6.\u20137. M\u00e4rz 2025 \u00b7 Fraunhofer Forum, Berlin<br>Die 8. ML4CPS-Konferenz bot eine Austauschplattform zu Machine Learning f\u00fcr cyber-physische Systeme mit Fokus auf anwendungsnahen Methoden und interdisziplin\u00e4ren Transfer.<\/p>\n\n\n\n<hr class=\"wp-block-separator has-alpha-channel-opacity\" \/>\n\n\n\n<h3 class=\"wp-block-heading\">2024<\/h3>\n\n\n\n<p><strong>KI@Bw24<\/strong><\/p>\n\n\n\n<p>23.\u201325. April 2024 \u00b7 Helmut-Schmidt-Universit\u00e4t \/ Universit\u00e4t der Bundeswehr Hamburg<br>Dreit\u00e4gige Konferenz zu Anwendungen, Forschung, Herausforderungen und L\u00f6sungen der K\u00fcnstlichen Intelligenz in der Bundeswehr mit Fokus auf fachlichen Austausch und Vernetzung.<\/p>\n\n\n\n<div style=\"height:25px\" aria-hidden=\"true\" class=\"wp-block-spacer\"><\/div>\n\n\n\n<p class=\"has-red-color has-text-color has-link-color wp-elements-42a477871f9beb1359a77755702e31d5\"><a href=\"https:\/\/www.hsu-hh.de\/imb\/en\/organized-events\/ml4cps_2024\">ML4CPS 2024 \u2013 Machine Learning for Cyber-Physical Systems<\/a><\/p>\n\n\n\n<p>21.\u201322. M\u00e4rz 2024 \u00b7 Fraunhofer Forum, Berlin<br>Die 7. ML4CPS-Konferenz diente als Austauschplattform zu Machine Learning in cyber-physischen Systemen und wurde von Fraunhofer IOSB und der Helmut-Schmidt-Universit\u00e4t ausgerichtet.<\/p>\n\n\n\n<hr class=\"wp-block-separator has-alpha-channel-opacity\" \/>\n\n\n\n<h3 class=\"wp-block-heading\">2023<\/h3>\n\n\n\n<p><strong>KI@Bw23<\/strong><\/p>\n\n\n\n<p>26.\u201328. April 2023 \u00b7 Helmut-Schmidt-Universit\u00e4t \/ Universit\u00e4t der Bundeswehr Hamburg<br>Dreit\u00e4gige Konferenz zu Anwendungen, Forschung, Herausforderungen und L\u00f6sungen der K\u00fcnstlichen Intelligenz in der Bundeswehr mit Fokus auf fachlichen Austausch und Vernetzung.<\/p>\n\n\n\n<div style=\"height:25px\" aria-hidden=\"true\" class=\"wp-block-spacer\"><\/div>\n\n\n\n<p class=\"has-red-color has-text-color has-link-color wp-elements-8472fed254d1b5308ddc1ca4f2c3a2ea\"><a href=\"https:\/\/www.hsu-hh.de\/imb\/en\/organized-events\/ml4cps_2023\">ML4CPS 2023 \u2013 Machine Learning for Cyber-Physical Systems<\/a><\/p>\n\n\n\n<p>29.\u201331. M\u00e4rz 2023 \u00b7 Hamburg<br>Die ML4CPS 2023 brachte Forschung und Praxis zu Machine Learning f\u00fcr cyber-physische Systeme zusammen und wurde gemeinsam von <abbr title=\"Helmut Schmidt Universit\u00e4t\">HSU<\/abbr>, ARIC und Fraunhofer IOSB ausgerichtet.<\/p>\n\n\n\n<hr class=\"wp-block-separator has-alpha-channel-opacity\" \/>\n\n\n\n<div style=\"height:50px\" aria-hidden=\"true\" class=\"wp-block-spacer\"><\/div>\n\n\n\n<h2 class=\"wp-block-heading has-red-color has-text-color has-link-color wp-elements-044a6a3d21a1f62099f89967bbbf38ce\" style=\"font-style:italic;font-weight:100\">Workshops<\/h2>\n\n\n\n<h3 class=\"wp-block-heading\">2026<\/h3>\n\n\n\n<p class=\"has-red-color has-text-color has-link-color wp-elements-2cee93750ccec855426f2f72c7ea1cfe\"><a href=\"https:\/\/etfa2026.ieee-ies.org\/special_sessions\/ss7\/index.html\" rel='nofollow'>ETFA 2026 Special Session \u2013 From Automation to Autonomy: AI-Driven Industrial Operations<\/a><\/p>\n\n\n\n<p>8.\u201311. September 2026 \u00b7 ETFA 2026, V\u00e4ster\u00e5s, Schweden<br>Special Session zu industrieller Autonomie mit Themen wie Echtzeitsensorik, Digital Twins, lernbasierten Verfahren, Multi-Agenten-Koordination und AI Assistants f\u00fcr Decision Support.<\/p>\n\n\n\n<hr class=\"wp-block-separator has-alpha-channel-opacity\" \/>\n\n\n\n<h3 class=\"wp-block-heading\">2025<\/h3>\n\n\n\n<p class=\"has-red-color has-text-color has-link-color wp-elements-9ceaa0cb5a2822f9e22f57f537627ba6\"><a href=\"https:\/\/www.hsu-hh.de\/imb\/en\/organized-events\/ecai25-caipi\">ECAI 2025 Workshop \u2013 AI-based Planning for Complex Real-World Applications (CAIPI\u201925)<\/a><\/p>\n\n\n\n<p>25. Oktober 2025 \u00b7 Bologna, Italien<br>Der Workshop bringt verschiedene Richtungen der AI-Planning-Community zusammen, um komplexe reale Anwendungen und die Br\u00fccke zwischen algorithmischer Forschung und Praxis zu adressieren.<\/p>\n\n\n\n<div style=\"height:25px\" aria-hidden=\"true\" class=\"wp-block-spacer\"><\/div>\n\n\n\n<p class=\"has-red-color has-text-color has-link-color wp-elements-9a323be5d3b56069d13ad68a7eca92d0\"><a href=\"https:\/\/mlde-ecai-2025.github.io\" rel='nofollow'>ECAI 2025 Workshop \u2013 Machine Learning Meets Differential Equations (ML-DE)<\/a><\/p>\n\n\n\n<p>26. Oktober 2025 \u00b7 ECAI 2025, Bologna, Italien<br>Der zweite ML-DE-Workshop widmet sich dem Zusammenspiel von Machine Learning und Differentialgleichungen f\u00fcr bessere Vorhersagen, wissenschaftliche Modellierung und erkl\u00e4rbare KI.<\/p>\n\n\n\n<hr class=\"wp-block-separator has-alpha-channel-opacity\" \/>\n\n\n\n<h3 class=\"wp-block-heading\">2024<\/h3>\n\n\n\n<p class=\"has-red-color has-text-color has-link-color wp-elements-f87a35da9da4e8c7d5aeb032044b0952\"><a href=\"https:\/\/mlde-ecai-2024.github.io\" rel='nofollow'>ECAI 2024 Workshop \u2013 Machine Learning Meets Differential Equations (ML-DE)<\/a><\/p>\n\n\n\n<p>20. Oktober 2024 \u00b7 ECAI 2024, Santiago de Compostela, Spanien<br>Der erste ML-DE-Workshop fokussierte die Verbindung von Machine Learning und Differentialgleichungen f\u00fcr Modellintegration und anspruchsvolle wissenschaftliche Anwendungen.<\/p>\n\n\n\n<div style=\"height:25px\" aria-hidden=\"true\" class=\"wp-block-spacer\"><\/div>\n\n\n\n<p class=\"has-red-color has-text-color has-link-color wp-elements-cbe653c17d828ec57f72e65d50fcd5b5\"><a href=\"https:\/\/www.hsu-hh.de\/imb\/en\/organized-events\/aaai24-caipi\">AAAI 2024 Workshop \u2013 AI Planning for Cyber-Physical Systems (CAIPI\u201924)<\/a><\/p>\n\n\n\n<p>26. Februar 2024 \u00b7 Vancouver, Kanada<br>Der CAIPI\u201924-Workshop adressierte AI Planning f\u00fcr reale cyber-physische Systeme, insbesondere die Verbindung symbolischer und subsymbolischer Verfahren sowie den Einsatz von LLMs f\u00fcr Planung.<\/p>\n\n\n\n<hr class=\"wp-block-separator has-alpha-channel-opacity\" \/>\n\n\n\n<h3 class=\"wp-block-heading\">2021<\/h3>\n\n\n\n<p class=\"has-red-color has-text-color has-link-color wp-elements-d5db41139e227eba4e92258ab9045841\"><a href=\"https:\/\/www.hsu-hh.de\/imb\/en\/organized-events\/ijcai-2021-workshop-ai-and-product-design\">IJCAI 2021 Workshop \u2013 AI and Product Design<\/a><\/p>\n\n\n\n<p>19. August 2021 \u00b7 online \/ Montreal<br>Workshop zur Rolle von KI in der Produktentwicklung und zur Unterst\u00fctzung technischer und kreativer Designprozesse unter Unsicherheit.<\/p>\n\n\n\n<hr class=\"wp-block-separator has-alpha-channel-opacity\" \/>\n\n\n\n<div style=\"height:50px\" aria-hidden=\"true\" class=\"wp-block-spacer\"><\/div>\n\n\n\n<h2 class=\"wp-block-heading has-red-color has-text-color has-link-color wp-elements-2dd8be277eeb4bd431207658a166276f\" style=\"font-style:italic;font-weight:100\">Seminare<\/h2>\n\n\n\n<h3 class=\"wp-block-heading\">2026<\/h3>\n\n\n\n<p class=\"has-red-color has-text-color has-link-color wp-elements-e64e34e60bc6f065ceb9b4138dd8ae91\"><a href=\"https:\/\/www.hsu-hh.de\/iai\/\">Retreat des KI-Instituts (<abbr title=\"Helmut Schmidt Universit\u00e4t\">HSU<\/abbr>)<\/a><\/p>\n\n\n\n<p>13. Februar 2026 \u00b7 Helmut-Schmidt-Universit\u00e4t \/ Universit\u00e4t der Bundeswehr Hamburg<br>Internes wissenschaftliches Retreat zur fakult\u00e4ts\u00fcbergreifenden Vernetzung und Profilierung der KI-Forschung an der <abbr title=\"Helmut Schmidt Universit\u00e4t\">HSU<\/abbr> mit Vortragsbl\u00f6cken und Poster-Sessions.<\/p>\n\n\n\n<div style=\"height:25px\" aria-hidden=\"true\" class=\"wp-block-spacer\"><\/div>\n\n\n\n<p class=\"has-red-color has-text-color has-link-color wp-elements-661868fd0d0055f429bf4cc775705718\"><a href=\"https:\/\/www.hsu-hh.de\/iai\/kiforum\/\">KI-Forum<\/a><\/p>\n\n\n\n<p>5. M\u00e4rz 2026, ab 18:00 Uhr \u00b7 Fab City Haus, Speicherstadt, Hamburg<br>Regelm\u00e4\u00dfiges Veranstaltungsformat des KI-Instituts zur St\u00e4rkung des interdisziplin\u00e4ren Austauschs und der Sichtbarkeit der KI-Forschung; das Forum 2026 steht unter dem Thema Large Language Models.<\/p>\n\n\n\n<hr class=\"wp-block-separator has-alpha-channel-opacity\" \/>\n\n\n\n<h3 class=\"wp-block-heading\">2025<\/h3>\n\n\n\n<p class=\"has-red-color has-text-color has-link-color wp-elements-c2a7d9f2fb19176392b0a0ef051c5bee\"><a href=\"https:\/\/icaps25.icaps-conference.org\/program\/tutorials\/ml_plan_sat\/\" rel='nofollow'>ICAPS 2025 \u2013 Integrating Machine Learning and Planning as Satisfiability<\/a><\/p>\n\n\n\n<p>11. November 2025 \u00b7 Melbourne, Australien<br>Tutorial zur Integration trainierter Machine-Learning-Modelle in SAT\/SMT-basierte Planung durch Abstraktion neuronaler Netze, um den Bedarf an manuell modellierten Aktionen zu reduzieren und Planvalidierung sowie -verfeinerung durch numerische Optimierung zu unterst\u00fctzen.<\/p>\n\n\n\n<div style=\"height:25px\" aria-hidden=\"true\" class=\"wp-block-spacer\"><\/div>\n\n\n\n<p class=\"has-red-color has-text-color has-link-color wp-elements-238a8ccfc591fd060bbfe8c140d5f53a\"><a href=\"https:\/\/nnde-ecai.github.io\/\" rel='nofollow'>Neural Networks and Differential Equations<\/a><\/p>\n\n\n\n<p>25. Oktober 2025, Nachmittag \u00b7 ECAI 2025, Bologna, Italien<br>Tutorial zu den Grundlagen des Zusammenspiels von neuronalen Netzen und Differentialgleichungen mit Fokus auf Differentialgleichungen, Physics-Informed Neural Networks und Neural Ordinary Differential Equations.<\/p>\n\n\n\n<div style=\"height:25px\" aria-hidden=\"true\" class=\"wp-block-spacer\"><\/div>\n\n\n\n<p class=\"has-red-color has-text-color has-link-color wp-elements-681d3b35ab175d8d718334bd5625060f\"><a href=\"https:\/\/www.hsu-hh.de\/premiere-des-ki-forums-innovation-trifft-networking-in-der-speicherstadt\">1. KI-Forum des KI@Bw Instituts<\/a><\/p>\n\n\n\n<p>24. Juli 2025, ab 18:00 Uhr \u00b7 Digital Hub, Speicherstadt, Hamburg<br>Auftaktveranstaltung des KI-Forums mit G\u00e4sten aus Forschung, Industrie und Start-ups zur St\u00e4rkung von Austausch und Sichtbarkeit der KI-Forschung an der <abbr title=\"Helmut Schmidt Universit\u00e4t\">HSU<\/abbr>.<\/p>\n\n\n\n<hr class=\"wp-block-separator has-alpha-channel-opacity\" \/>\n\n\n\n<p><\/p>\n","protected":false},"excerpt":{"rendered":"<p>Diese Seite zeigt alle Veranstaltungen und Konferenzen, die von unserer Professur organisiert werden oder in deren Organisation unsere Professur involviert ist. Konferenzen 2026 KI@Bw26 19.\u201321. Mai 2026 \u00b7 Helmut-Schmidt-Universit\u00e4t \/ [&hellip;]<\/p>\n","protected":false},"author":3417,"featured_media":0,"parent":0,"menu_order":0,"comment_status":"closed","ping_status":"closed","template":"","meta":{"footnotes":""},"categories":[4],"tags":[],"class_list":["post-2928","page","type-page","status-publish","hentry","category-forschung"],"_links":{"self":[{"href":"https:\/\/www.hsu-hh.de\/imb\/wp-json\/wp\/v2\/pages\/2928","targetHints":{"allow":["GET"]}}],"collection":[{"href":"https:\/\/www.hsu-hh.de\/imb\/wp-json\/wp\/v2\/pages"}],"about":[{"href":"https:\/\/www.hsu-hh.de\/imb\/wp-json\/wp\/v2\/types\/page"}],"author":[{"embeddable":true,"href":"https:\/\/www.hsu-hh.de\/imb\/wp-json\/wp\/v2\/users\/3417"}],"replies":[{"embeddable":true,"href":"https:\/\/www.hsu-hh.de\/imb\/wp-json\/wp\/v2\/comments?post=2928"}],"version-history":[{"count":16,"href":"https:\/\/www.hsu-hh.de\/imb\/wp-json\/wp\/v2\/pages\/2928\/revisions"}],"predecessor-version":[{"id":3489,"href":"https:\/\/www.hsu-hh.de\/imb\/wp-json\/wp\/v2\/pages\/2928\/revisions\/3489"}],"wp:attachment":[{"href":"https:\/\/www.hsu-hh.de\/imb\/wp-json\/wp\/v2\/media?parent=2928"}],"wp:term":[{"taxonomy":"category","embeddable":true,"href":"https:\/\/www.hsu-hh.de\/imb\/wp-json\/wp\/v2\/categories?post=2928"},{"taxonomy":"post_tag","embeddable":true,"href":"https:\/\/www.hsu-hh.de\/imb\/wp-json\/wp\/v2\/tags?post=2928"}],"curies":[{"name":"wp","href":"https:\/\/api.w.org\/{rel}","templated":true}]}}