{"id":2754,"date":"2025-07-27T11:19:03","date_gmt":"2025-07-27T09:19:03","guid":{"rendered":"https:\/\/www.hsu-hh.de\/imb\/?page_id=2754"},"modified":"2025-07-27T11:19:11","modified_gmt":"2025-07-27T09:19:11","slug":"kiros-ki-gestuetzte-robotersysteme-fuer-autonome-anwendungen-in-der-gesundheitswirtschaft","status":"publish","type":"page","link":"https:\/\/www.hsu-hh.de\/imb\/projekte\/kiros-ki-gestuetzte-robotersysteme-fuer-autonome-anwendungen-in-der-gesundheitswirtschaft","title":{"rendered":"KIROS \u2013 KI-gest\u00fctzte Robotersysteme f\u00fcr autonome Anwendungen in der Gesundheitswirtschaft"},"content":{"rendered":"\n<p>Viele Unternehmen, insbesondere im Gesundheitswesen, verzichten bisher auf den Einsatz kollaborativer Roboter (Cobots), da individuelle Anpassungen kostspielig und komplex sind.<\/p>\n\n\n\n<p>Im Projekt KIROS wird eine leicht zug\u00e4ngliche Trainingsplattform entwickelt, die es erm\u00f6glicht, Cobots ohne Programmierkenntnisse in einer Simulationsumgebung auf neue Aufgaben vorzubereiten. Nutzer k\u00f6nnen \u00fcber Spracheingaben mit der Plattform interagieren und ihre Roboter virtuell trainieren. Die erlernten F\u00e4higkeiten werden automatisiert auf reale Roboter \u00fcbertragen \u2013 ohne Herstellerbindung.<\/p>\n\n\n\n<p>KIROS kombiniert moderne Techniken wie Reinforcement Learning, Domain Randomization und Large Language Models (LLMs), um kleine und mittlere Unternehmen bei der autonomen Automatisierung zu unterst\u00fctzen. Damit leistet das Projekt einen Beitrag zur L\u00f6sung des Fachkr\u00e4ftemangels und zur breiten Anwendung KI-gest\u00fctzter Systeme.<\/p>\n\n\n\n<p><strong>Laufzeit:<\/strong> 01.03.2025 \u2013 29.02.2028<\/p>\n\n\n\n<p><strong>Projektpartner:<\/strong><\/p>\n\n\n\n<p>FUSE-AI <abbr title=\"Gesellschaft mit beschr\u00e4nkter Haftung\">GmbH<\/abbr><\/p>\n\n\n\n<p>Helmut-Schmidt-Universit\u00e4t Hamburg, Professur f\u00fcr Elektrische Maschinen und Antriebssysteme <\/p>\n\n\n\n<p>Helmut-Schmidt-Universit\u00e4t Hamburg, Professur f\u00fcr Informatik im Maschinenbau<\/p>\n","protected":false},"excerpt":{"rendered":"<p>Viele Unternehmen, insbesondere im Gesundheitswesen, verzichten bisher auf den Einsatz kollaborativer Roboter (Cobots), da individuelle Anpassungen kostspielig und komplex sind. Im Projekt KIROS wird eine leicht zug\u00e4ngliche Trainingsplattform entwickelt, die [&hellip;]<\/p>\n","protected":false},"author":2355,"featured_media":0,"parent":240,"menu_order":0,"comment_status":"closed","ping_status":"closed","template":"","meta":{"footnotes":""},"categories":[4],"tags":[],"class_list":["post-2754","page","type-page","status-publish","hentry","category-forschung"],"_links":{"self":[{"href":"https:\/\/www.hsu-hh.de\/imb\/wp-json\/wp\/v2\/pages\/2754","targetHints":{"allow":["GET"]}}],"collection":[{"href":"https:\/\/www.hsu-hh.de\/imb\/wp-json\/wp\/v2\/pages"}],"about":[{"href":"https:\/\/www.hsu-hh.de\/imb\/wp-json\/wp\/v2\/types\/page"}],"author":[{"embeddable":true,"href":"https:\/\/www.hsu-hh.de\/imb\/wp-json\/wp\/v2\/users\/2355"}],"replies":[{"embeddable":true,"href":"https:\/\/www.hsu-hh.de\/imb\/wp-json\/wp\/v2\/comments?post=2754"}],"version-history":[{"count":1,"href":"https:\/\/www.hsu-hh.de\/imb\/wp-json\/wp\/v2\/pages\/2754\/revisions"}],"predecessor-version":[{"id":2755,"href":"https:\/\/www.hsu-hh.de\/imb\/wp-json\/wp\/v2\/pages\/2754\/revisions\/2755"}],"up":[{"embeddable":true,"href":"https:\/\/www.hsu-hh.de\/imb\/wp-json\/wp\/v2\/pages\/240"}],"wp:attachment":[{"href":"https:\/\/www.hsu-hh.de\/imb\/wp-json\/wp\/v2\/media?parent=2754"}],"wp:term":[{"taxonomy":"category","embeddable":true,"href":"https:\/\/www.hsu-hh.de\/imb\/wp-json\/wp\/v2\/categories?post=2754"},{"taxonomy":"post_tag","embeddable":true,"href":"https:\/\/www.hsu-hh.de\/imb\/wp-json\/wp\/v2\/tags?post=2754"}],"curies":[{"name":"wp","href":"https:\/\/api.w.org\/{rel}","templated":true}]}}