{"id":240,"date":"2019-04-11T16:06:52","date_gmt":"2019-04-11T14:06:52","guid":{"rendered":"https:\/\/www.hsu-hh.de\/imb\/?page_id=240"},"modified":"2025-07-27T12:03:10","modified_gmt":"2025-07-27T10:03:10","slug":"projekte","status":"publish","type":"page","link":"https:\/\/www.hsu-hh.de\/imb\/projekte","title":{"rendered":"Projekte"},"content":{"rendered":"<div>\n<div>\n<div>\n<p><strong>aktuelle Forschungsprojekte<\/strong><\/p>\n<p><a href=\"https:\/\/www.hsu-hh.de\/imb\/projekte\/dfg-nutzung-von-llms-zur-generierung-modularer-anomalieerkennungsloesungen-in-der-automation\">DFG: Nutzung von LLMs zur Generierung modularer Anomalieerkennungsl\u00f6sungen in der Automation<\/a><\/p>\n<p><a href=\"https:\/\/www.hsu-hh.de\/imb\/bmftr-biomlagrar-2-biodiversitaet-maschinelles-lernen-und-agrarwirtschaft\">BMFTR: BioMLAgrar-2 &#8211; Biodiversit\u00e4t, Maschinelles Lernen und Agrarwirtschaft<\/a><\/p>\n<p><a href=\"https:\/\/www.hsu-hh.de\/imb\/projekte\/kiros-ki-gestuetzte-robotersysteme-fuer-autonome-anwendungen-in-der-gesundheitswirtschaft\">KIROS \u2013 KI-gest\u00fctzte Robotersysteme f\u00fcr autonome Anwendungen in der Gesundheitswirtschaft<\/a><\/p>\n<p><a href=\"https:\/\/www.hsu-hh.de\/imb\/projekte\/promodi-automatisierte-fehlerdiagnose-durch-simulationsgestutzte-modelle-in-derluftfahrzeuginstandhaltung\">BMVg, DTEC: ProMoDi \u2013 Automatisierte Fehlerdiagnose durch simulationsgest\u00fctzte Modelle in der Luftfahrzeuginstandhaltung<\/a><\/p>\n<p><a href=\"https:\/\/www.hsu-hh.de\/imb\/projekte\/evalspek-ml\">BMFTR: EvalSpek-ML &#8211; Zerlegung von Linearkombinationen mit Maschinellem Lernen<\/a><\/p>\n<p><a href=\"https:\/\/www.hsu-hh.de\/imb\/projekte\/dfg-spp-2422-datenbasierte-werkzeugeinarbeitung-in-der-blechumformung\">DFG (SPP 2422): Datenbasierte Werkzeugeinarbeitung in der Blechumformung<\/a><\/p>\n<p><a href=\"https:\/\/www.hsu-hh.de\/imb\/projekte\/bmvg-dtec-kibidz\">BMVg, DTEC: KIBIDZ \u2013 Gefahrenanalyse f\u00fcr Rettungskr\u00e4fte und Geb\u00e4ude bei Br\u00e4nden<\/a><\/p>\n<p><a href=\"https:\/\/www.hsu-hh.de\/imb\/projekte\/bmbf-need\">BMFTR: NEED &#8211; Nachhaltige Erh\u00f6hung der Datenkompetenz des wissenschaftlichen Nachwuchses in der Elektromobilproduktion<\/a><\/p>\n<p><a href=\"https:\/\/www.hsu-hh.de\/imb\/projekte\/bmwk-zim-digital-shadows\">BMWK ZIM, Digital Shadows &#8211; DS-BSZ-Busse<\/a><\/p>\n<p><a href=\"https:\/\/www.hsu-hh.de\/imb\/projekte\/am-analytics\">AM Analytics: Automatisierte In-situ-Defekterkennung in der pulverbettbasierten Additiven Fertigung<\/a><\/p>\n<p><a href=\"https:\/\/www.hsu-hh.de\/imb\/projekte\/digimed\">EU-Projekt: DigiMed &#8211; Digitale Wertsch\u00f6pfungsketten f\u00fcr die Medizintechnik anhand der additiven Fertigung patientenspezifischer gesichtschirurgischer Implantate<\/a><\/p>\n<p><a href=\"https:\/\/www.hsu-hh.de\/imb\/projekte\/bmbf-silk\"><abbr title=\"Bundesministerium f\u00fcr Bildung und Forschung\">BMBF<\/abbr>: SILK \u2013 Bewertung von Sicherheitsvorf\u00e4llen in kritischer Infrastruktur und Generierung von Handlungsempfehlungen f\u00fcr das Personal durch KI-basiertes Text-Mining<\/a><\/p>\n<p><a href=\"https:\/\/www.hsu-hh.de\/imb\/projekte\/bmvg-dtec-smartship\">BMVg, DTEC : SmartShip \u2013 Digitale Zwillinge f\u00fcr Intelligente Schiffe und f\u00fcr Schiffsflotten<\/a><\/p>\n<p><a href=\"https:\/\/www.hsu-hh.de\/imb\/kiaaa\"><abbr title=\"Bundesministerium f\u00fcr Bildung und Forschung\">BMBF<\/abbr>: KIAAA &#8211; Ein KI Assistent zur Ausbildung in der Automation<\/a><\/p>\n<p><a href=\"https:\/\/www.hsu-hh.de\/imb\/projekte\/bmvg-dtec-laila\">BMVg, DTEC: LaiLa &#8211; Labor f\u00fcr intelligente Leichtbauproduktion<\/a><\/p>\n<p><a href=\"https:\/\/www.hsu-hh.de\/imb\/projekte\/digiwood-entwicklung-einer-softwareplattform-fuer-holzbearbeitungsmaschinen-zur-digitalisierung-von-holzverarbeitungsprozessen\">BMWi ZIM: DigiWood &#8211; Entwicklung einer Softwareplattform f\u00fcr Holzbearbeitungsmaschinen zur Digitalisierung von Holzverarbeitungsprozessen<\/a><\/p>\n<p><a href=\"https:\/\/www.hsu-hh.de\/imb\/projekte\/bmvg-dtec-eki\">BMVg, DTEC: EKI &#8211; Engineering f\u00fcr die KI-basierte Automation in virtuellen und realen Fabriken<\/a><\/p>\n<p><a href=\"https:\/\/www.hsu-hh.de\/imb\/projekte\/bmwi-zim-fadenueberwachung\">BMWi: Entwicklung einer intelligenten Faden\u00fcberwachung\u00a0<\/a><\/p>\n<p><a href=\"https:\/\/www.hsu-hh.de\/imb\/time4cps\"><abbr title=\"Bundesministerium f\u00fcr Bildung und Forschung\">BMBF<\/abbr>: Time4CPS &#8211; Ein Software-Framework zur Analyse des zeitlichen Verhaltens von Produktions- und Logistikprozessen<\/a><\/p>\n<p><a href=\"https:\/\/www.hsu-hh.de\/imb\/kiss-kuenstliche-intelligenz-fuer-die-diagnose-der-internationalen-raumstation-iss\">BMVg, DTEC: (K)ISS &#8211; K\u00fcnstliche Intelligenz f\u00fcr die Diagnose\u00a0der Internationalen Raumstation ISS<\/a><\/p>\n<p><a href=\"https:\/\/www.hsu-hh.de\/imb\/projekte\/zim-netzwerk-digital-shadows\">ZIM Netzwerk DIGITAL SHADOWS<\/a><\/p>\n<p><a href=\"https:\/\/www.hsu-hh.de\/imb\/kipro-ki-basierte-assistenzsystemplattform-fuer-komplexe-produktionsprozesse-des-maschinen-und-anlagenbaus\">BMVg, DTEC: KIPro &#8211; KI-basierte Assistenzsystemplattform f\u00fcr komplexe Produktionsprozesse des Maschinen- und Anlagenbaus<\/a><\/p>\n<p>\u23af\u23af\u23af\u23af\u23af\u23af\u23af\u23af\u23af\u23af\u23af\u23af\u23af\u23af\u23af\u23af\u23af\u23af\u23af\u23af\u23af\u23af\u23af\u23af\u23af\u23af\u23af\u23af\u23af\u23af\u23af\u23af\u23af\u23af\u23af\u23af\u23af\u23af\u23af\u23af\u23af\u23af\u23af\u23af<br \/>\n<strong>Projekte am Institut f\u00fcr Industrielle <abbr title=\"Informationstechnologie\">IT<\/abbr> &#8211; inIT\u00a0 der Hochschule OWL (beteiligt bis M\u00e4rz 2019)<\/strong><\/p>\n<p>BMWi ZIM Projekt AgeSID &#8211; Diagnose in Industrienetzwerken (2010-2012)<\/p>\n<p>Hightech.NRW (EFRE) Projekt inITial &#8211; Entwurf und zur Diagnose von Automationssystemen (2010-2012)<\/p>\n<p><abbr title=\"Bundesministerium f\u00fcr Bildung und Forschung\">BMBF<\/abbr> Projekt AVA &#8211; Lernen von zeitbehafteten Automaten f\u00fcr die Anlagendiagnose (2011-2014)<\/p>\n<p>BMWi Zuvis Projekt &#8211; 3D-Anlagenvisualisierung auf mobilen Endger\u00e4ten (2011-2013)<\/p>\n<p>BMWi Zuvis Projekt Modelon &#8211; Entwicklung einer HIL Plattform f\u00fcr die Automation mit Modelica (2012-2014)<\/p>\n<p>Spitzenclusterprojekt itsowl-innovit- Modellbasierte Entwicklung von verteilten Automationssystemen (2012-2014)<\/p>\n<p>DAAD Programm zur Zusammenarbeit mit der T\u00fcrkei<\/p>\n<p><abbr title=\"Bundesministerium f\u00fcr Bildung und Forschung\">BMBF<\/abbr> Projekt EfA &#8211; <abbr title=\"Bundesministerium f\u00fcr Bildung und Forschung\">BMBF<\/abbr>-Projekt zur Entwicklung von intelligenten Assistenzsystemen zur Planung von Automationssystemen (2012-2015)<\/p>\n<p>ZIM Projekt ASK FLOAsK Assistenz f\u00fcr ressourcenschonende Kanalreinigung (2013-2015)<\/p>\n<p>ZIM Projekt FLOAsK Kanalreinigungassistent in der Cloud (2015-2016)<\/p>\n<p>BMWi Autonomik 4.0: OPAK &#8211; Offene Engineering-Plattform f\u00fcr autonome, mechatronische Automatisierungskomponenten (2013-2016)<\/p>\n<p><abbr title=\"Bundesministerium f\u00fcr Bildung und Forschung\">BMBF<\/abbr> Projekt itsowl-TT-IASA &#8211; Intelligente Assistenz-System zur Anlagenanalyse (2014-2015)<\/p>\n<p>BMWi ZIM Projekt PrognoseBrain &#8211; Entwicklung eines Systems zur Nutzung lernender, korrelativ und prognostisch interpretierender Algorithmen f\u00fcr das Condition Monitoring im produzierenden Mittelstand (2013-2015)<\/p>\n<p><abbr title=\"Bundesministerium f\u00fcr Bildung und Forschung\">BMBF<\/abbr> Projekt Semantics4Automation (2013-2017)<\/p>\n<p>Spitzenclusterprojekt itsowl-TT-IDAHO &#8211; Identifikation von Betriebszust\u00e4nden und vorbeugende Wartung von Hochdruckpumpen (2015-2016)<\/p>\n<p>Spitzenclusterprojekt itsowl-TT-IASEB\u00a0 &#8211; Intelligentes Assistenzsystem f\u00fcr eine Energieeffiziente Bewegungssteuerung in F\u00f6rderanlagen (2015-2016)<\/p>\n<p>Spitzenclusterprojekt itsowl-TT-iDEPP &#8211; Intelligente Diagnoseplattform zur Erkennung von Prozessanomalien in Produktionslinien (2015-2016)<\/p>\n<p>BMWi ZIM Projekt UniProPra (2015-2017)<\/p>\n<p>EU Projekt IMPROVE (Koordinator) &#8211; Innovative Modelling Approaches for Production Systems to Raise Validatable Efficiency (2015-2017)<\/p>\n<p><abbr title=\"Bundesministerium f\u00fcr Bildung und Forschung\">BMBF<\/abbr> Projekt &#8222;its-owl-Arbeit 4.0 &#8211; Gestaltung der Arbeitswelt in der Industrie vor dem Hintergrund Industrie 4.0&#8220; (2016-2017)<\/p>\n<p>BMWi Autonomik Projekt DEVEKOS &#8211; Durchg\u00e4ngiges Engineering f\u00fcr sichere, verteilte und kommunizierende Mehrkomponentensysteme (2017-2019)<\/p>\n<p><abbr title=\"Bundesministerium f\u00fcr Bildung und Forschung\">BMBF<\/abbr> IP1 &#8211; Impulsprojekt 1 &#8211; Qualit\u00e4tssicherung in der Lebensmittelproduktion durch Cyber-physische Systeme und Big Data (2017-2019)<\/p>\n<p>Provenance Analytics:\u00a0 Technologien zur Interpretation von Herkunft, Ursache und Quellen in komplexen, datengetriebenen und vernetzten Anwendungen (2017-2019)<\/p>\n<p><abbr title=\"Bundesministerium f\u00fcr Bildung und Forschung\">BMBF<\/abbr> Projekt itsowl-TT-APPiD &#8211; Assistenzsystem zur Prozess\u00fcberwachung in Produktionsanlagen der industriellen Druckweiterverarbeitung (2017-2018)<\/p>\n<p><abbr title=\"Bundesministerium f\u00fcr Bildung und Forschung\">BMBF<\/abbr> Projekt ADIMA &#8211; Adaptives Assistenzsystem f\u00fcr die Instandhaltung intelligenter Maschinen und Anlagen (2017-2019)<\/p>\n<p><abbr title=\"Bundesministerium f\u00fcr Bildung und Forschung\">BMBF<\/abbr> SMARTPas &#8211; Cyber-Physisches System (CPS) zur thermischen Entkeimung von Getr\u00e4nken unter Nutzung der NIRSensorik als Schl\u00fcsseltechnologie (2017-2019)<\/p>\n<p><abbr title=\"Bundesministerium f\u00fcr Bildung und Forschung\">BMBF<\/abbr> Montexas 4.0 &#8211; Exzellente Montage im Kontext der Industrie 4.0 (2017-2019)<\/p>\n<p><abbr title=\"Bundesministerium f\u00fcr Bildung und Forschung\">BMBF<\/abbr> ITS.ML &#8211; Intelligente Technische Systeme der n\u00e4chsten Generation durch Maschinelles Lernen (2018-2021)<\/p>\n<p><abbr title=\"Bundesministerium f\u00fcr Bildung und Forschung\">BMBF<\/abbr> KOARCH &#8211; Kognitive Architektur f\u00fcr Cyber-physische Produktionssysteme und Industrie 4.0 (2018-2021)<\/p>\n<p><strong>Forschungsprojekte am Fraunhofer IOSB-INA (beteiligt bis M\u00e4rz 2019)<\/strong><\/p>\n<p><abbr title=\"Bundesministerium f\u00fcr Bildung und Forschung\">BMBF<\/abbr> Spitzenclusterprojekt itsowl-EE &#8211; Energieoptimierung von Produktionsanlagen<\/p>\n<p>IGF Projekt Anubis &#8211; IGF Projekt zur Energie\u00fcberwachung mittels Automatisierungstechnik<\/p>\n<p><abbr title=\"Bundesministerium f\u00fcr Bildung und Forschung\">BMBF<\/abbr> Spitzenclusterprojekt itsowl-IASI: Energieoptimierung von Antriebssystemen<\/p>\n<p><abbr title=\"Bundesministerium f\u00fcr Bildung und Forschung\">BMBF<\/abbr> Spitzenclusterprojekt itsowl-innovit: Modellbasierte Entwicklung von verteilten Automationssystemen<\/p>\n<p><abbr title=\"Bundesministerium f\u00fcr Bildung und Forschung\">BMBF<\/abbr> Projekt AGATA \u2013 Analyse gro\u00dfer Datenmengen in Verarbeitungsprozessen<\/p>\n<p>IGF Projekt AGARVE &#8211; Assistenzsysteme zur \u00dcberwachung von vernetzten Anlagen &#8211; Herausforderungen beim Vernetzen sowie beim Erkennen von kausalen Zusammenh\u00e4ngen in Industrie 4.0 Umgebungen, Diagnose von Produktionsanlagen<\/p>\n<p>ML4P: Fraunhofer Leitprojekt Maschinelles Lernen f\u00fcr die Produktion<\/p>\n<p>GreyBox: Fraunhofer-Projekt Grey-Box-Modelle \u2013 Integration von Anwendungswissen in Lernverfahren<\/p>\n<p>Fraunhofer-Cluster of Excellence Cognitive Internet Technologies (CCIT), Teilprojekt ZentrumML, Grundlagen des maschinellen Lernens f\u00fcr Cyber-physische Systeme<\/p>\n<\/div>\n<\/div>\n<\/div>\n","protected":false},"excerpt":{"rendered":"<p>aktuelle Forschungsprojekte DFG: Nutzung von LLMs zur Generierung modularer Anomalieerkennungsl\u00f6sungen in der Automation BMFTR: BioMLAgrar-2 &#8211; Biodiversit\u00e4t, Maschinelles Lernen und Agrarwirtschaft KIROS \u2013 KI-gest\u00fctzte Robotersysteme f\u00fcr autonome Anwendungen in der [&hellip;]<\/p>\n","protected":false},"author":2141,"featured_media":0,"parent":0,"menu_order":0,"comment_status":"closed","ping_status":"closed","template":"","meta":{"footnotes":""},"categories":[4],"tags":[],"class_list":["post-240","page","type-page","status-publish","hentry","category-forschung"],"_links":{"self":[{"href":"https:\/\/www.hsu-hh.de\/imb\/wp-json\/wp\/v2\/pages\/240","targetHints":{"allow":["GET"]}}],"collection":[{"href":"https:\/\/www.hsu-hh.de\/imb\/wp-json\/wp\/v2\/pages"}],"about":[{"href":"https:\/\/www.hsu-hh.de\/imb\/wp-json\/wp\/v2\/types\/page"}],"author":[{"embeddable":true,"href":"https:\/\/www.hsu-hh.de\/imb\/wp-json\/wp\/v2\/users\/2141"}],"replies":[{"embeddable":true,"href":"https:\/\/www.hsu-hh.de\/imb\/wp-json\/wp\/v2\/comments?post=240"}],"version-history":[{"count":36,"href":"https:\/\/www.hsu-hh.de\/imb\/wp-json\/wp\/v2\/pages\/240\/revisions"}],"predecessor-version":[{"id":2779,"href":"https:\/\/www.hsu-hh.de\/imb\/wp-json\/wp\/v2\/pages\/240\/revisions\/2779"}],"wp:attachment":[{"href":"https:\/\/www.hsu-hh.de\/imb\/wp-json\/wp\/v2\/media?parent=240"}],"wp:term":[{"taxonomy":"category","embeddable":true,"href":"https:\/\/www.hsu-hh.de\/imb\/wp-json\/wp\/v2\/categories?post=240"},{"taxonomy":"post_tag","embeddable":true,"href":"https:\/\/www.hsu-hh.de\/imb\/wp-json\/wp\/v2\/tags?post=240"}],"curies":[{"name":"wp","href":"https:\/\/api.w.org\/{rel}","templated":true}]}}