{"id":1554,"date":"2022-09-22T11:44:35","date_gmt":"2022-09-22T09:44:35","guid":{"rendered":"https:\/\/www.hsu-hh.de\/imb\/?page_id=1554"},"modified":"2026-02-24T15:01:10","modified_gmt":"2026-02-24T14:01:10","slug":"ml4cps_2023","status":"publish","type":"page","link":"https:\/\/www.hsu-hh.de\/imb\/en\/organized-events\/ml4cps_2023","title":{"rendered":"ML4CPS &#8211; Machine Learning For Cyber-Physical Systems"},"content":{"rendered":"\n<h1 class=\"wp-block-heading\">Conference in Hamburg 29th to 31st of March 2023<\/h1>\n\n\n\n<div class=\"wp-block-columns is-layout-flex wp-container-core-columns-is-layout-9d6595d7 wp-block-columns-is-layout-flex\">\n<div class=\"wp-block-column is-layout-flow wp-block-column-is-layout-flow\" style=\"flex-basis:66.66%\">\n<figure class=\"wp-block-image size-large\"><a href=\"https:\/\/www.hsu-hh.de\/imb\/wp-content\/uploads\/sites\/677\/2023\/04\/Screenshot-2023-04-17-125113.png\"><img loading=\"lazy\" decoding=\"async\" width=\"1024\" height=\"659\" src=\"https:\/\/www.hsu-hh.de\/imb\/wp-content\/uploads\/sites\/677\/2023\/04\/Screenshot-2023-04-17-125113-1024x659.png\" data-credit=\"\" alt=\"\" class=\"wp-image-1839\" srcset=\"https:\/\/www.hsu-hh.de\/imb\/wp-content\/uploads\/sites\/677\/2023\/04\/Screenshot-2023-04-17-125113-1024x659.png 1024w, https:\/\/www.hsu-hh.de\/imb\/wp-content\/uploads\/sites\/677\/2023\/04\/Screenshot-2023-04-17-125113-300x193.png 300w, https:\/\/www.hsu-hh.de\/imb\/wp-content\/uploads\/sites\/677\/2023\/04\/Screenshot-2023-04-17-125113-768x494.png 768w, https:\/\/www.hsu-hh.de\/imb\/wp-content\/uploads\/sites\/677\/2023\/04\/Screenshot-2023-04-17-125113-1536x989.png 1536w, https:\/\/www.hsu-hh.de\/imb\/wp-content\/uploads\/sites\/677\/2023\/04\/Screenshot-2023-04-17-125113-1100x708.png 1100w, https:\/\/www.hsu-hh.de\/imb\/wp-content\/uploads\/sites\/677\/2023\/04\/Screenshot-2023-04-17-125113.png 1755w\" sizes=\"auto, (max-width: 1024px) 100vw, 1024px\" \/><\/a><\/figure>\n\n\n\n<p>Please note that the Registration will open on Wednesday at 9:00. <\/p>\n\n\n\n<h2 class=\"wp-block-heading\">How to get to the Location<\/h2>\n\n\n\n<p>The Address of the Location is: Am Sandtorkai 27 20457 Hamburg, 7th Floor<\/p>\n\n\n\n<p>The conference location is located in the Speicherstadt. The closest subway stations are Baumwall (U3) and Me\u00dfberg (U1). There is also a bus line which passes the location (Line 2). <\/p>\n\n\n\n<h2 class=\"wp-block-heading\">Evening Event on Wednesday! <\/h2>\n\n\n\n<p>Note: This is a seperate event, which will address topics of interest for the participants of ML4CPS. A seperate registration is necessary. <\/p>\n\n\n\n<p>On Wednesday, March 29th at 6:00 PM, we will explore the latest advancements and real-life applications of autonomous technology in the homePORT Hamburg.<\/p>\n\n\n\n<p>In collaboration with IKS Hamburg, ARIC, and homePORT, this meetup will provide a unique perspective on the challenges and opportunities in this field.&nbsp;<\/p>\n\n\n\n<p>This XR meetup is a side event of the ML4CPS conference.<\/p>\n\n\n\n<p>Register now to secure your spot! <a href=\"https:\/\/www.eventbrite.de\/e\/semi-autonomous-systems-challenges-and-opportunities-tickets-539206951507\" rel='nofollow'>https:\/\/www.eventbrite.de\/e\/semi-autonomous-systems-challenges-and-opportunities-tickets-539206951507<\/a><\/p>\n\n\n\n<p>Join us and our domain experts as we explore possibilities, applications and challenges from semi- to autonomous systems. From inspections and material testing to personal transportation with drones and buses, we&#8217;ll discuss real-life applications and use cases of semi-autonomous and autonomous systems. How can telepresence support these autonomous systems?<\/p>\n\n\n\n<p>Let&#8217;s dive into the future of autonomous systems together!&nbsp;<\/p>\n\n\n\n<p>This is a key event for anyone interested in the future of autonomous systems.&nbsp;<\/p>\n\n\n\n<p>Don&#8217;t miss out on the opportunity to network with industry experts, academics and innovators.<\/p>\n\n\n\n<p>#AutonomousSystems #FutureOfTechnology #Telepresence<\/p>\n\n\n\n<figure class=\"wp-block-image size-large\"><img loading=\"lazy\" decoding=\"async\" width=\"1024\" height=\"576\" src=\"https:\/\/www.hsu-hh.de\/imb\/wp-content\/uploads\/sites\/677\/2023\/02\/Meetup_29.03._-1024x576.png\" data-credit=\"\" alt=\"\" class=\"wp-image-1719\" srcset=\"https:\/\/www.hsu-hh.de\/imb\/wp-content\/uploads\/sites\/677\/2023\/02\/Meetup_29.03._-1024x576.png 1024w, https:\/\/www.hsu-hh.de\/imb\/wp-content\/uploads\/sites\/677\/2023\/02\/Meetup_29.03._-300x169.png 300w, https:\/\/www.hsu-hh.de\/imb\/wp-content\/uploads\/sites\/677\/2023\/02\/Meetup_29.03._-768x432.png 768w, https:\/\/www.hsu-hh.de\/imb\/wp-content\/uploads\/sites\/677\/2023\/02\/Meetup_29.03._-1536x864.png 1536w, https:\/\/www.hsu-hh.de\/imb\/wp-content\/uploads\/sites\/677\/2023\/02\/Meetup_29.03._-2048x1152.png 2048w, https:\/\/www.hsu-hh.de\/imb\/wp-content\/uploads\/sites\/677\/2023\/02\/Meetup_29.03._-1100x619.png 1100w\" sizes=\"auto, (max-width: 1024px) 100vw, 1024px\" \/><\/figure>\n\n\n\n<h2 class=\"wp-block-heading\">About the Conference<\/h2>\n\n\n\n<p>Cyber-physical systems can adapt to changing requirements. In combination with machine learning, application fields such as predictive maintenance, self-optimization or fault diagnosis come into mind. One of the main prerequisites is that machine learning methods can be used by engineers. Therefore, the 6<sup>th<\/sup> Machine Learning 4 Cyber Physical Systems &#8211; ML4CPS &#8211; conference offers researchers and users from various fields an exchange platform. <\/p>\n\n\n\n<p>Papers may cover, but are not limited to the following topics:<\/p>\n\n\n\n<p><strong>Integrating domain knowledge into neural networks:<\/strong> Using domain knowledge is a key factor for robust and performant neural networks in cyber-physical systems. Examples how prior knowledge can be integrated into the neural network are the network architecture, additional data from simulations or by adding constraints to the loss function.<\/p>\n\n\n\n<p><strong>Certification of ML models:<\/strong> Performance, robustness and sensitivity of a model must be evaluated according to certain generally defined criteria. How can such criteria look like and how can ML models be certified by adopting them?<\/p>\n\n\n\n<p><strong>Automatic protection of ML models:<\/strong> For cyber-physical systems it is important that ML models do not deliver unexpected results. Nevertheless, how do solutions look like that put ML models into a fall-back mode? How can it be proven that the ML model is safe to use?<\/p>\n\n\n\n<p><strong>Automated Machine Learning:<\/strong> For the use of ML models in practice, it is essential that they can be trained, validated, and put into operation quickly to fulfill some performance criteria. AutoML is an efficient tool for that.&nbsp; How can AutoML be used to fulfill multicriterial objects, like interpretability or model size in combination with performance?<\/p>\n\n\n\n<h2 class=\"wp-block-heading\">Agenda<\/h2>\n\n\n\n<figure class=\"wp-block-image size-full\"><img loading=\"lazy\" decoding=\"async\" width=\"939\" height=\"673\" src=\"https:\/\/www.hsu-hh.de\/imb\/wp-content\/uploads\/sites\/677\/2023\/03\/ML4CPSAgenda.png\" data-credit=\"HSU\" alt=\"\" class=\"wp-image-1777\" srcset=\"https:\/\/www.hsu-hh.de\/imb\/wp-content\/uploads\/sites\/677\/2023\/03\/ML4CPSAgenda.png 939w, https:\/\/www.hsu-hh.de\/imb\/wp-content\/uploads\/sites\/677\/2023\/03\/ML4CPSAgenda-300x215.png 300w, https:\/\/www.hsu-hh.de\/imb\/wp-content\/uploads\/sites\/677\/2023\/03\/ML4CPSAgenda-768x550.png 768w\" sizes=\"auto, (max-width: 939px) 100vw, 939px\" \/><\/figure>\n\n\n\n<h2 class=\"wp-block-heading\">Conference Location<\/h2>\n\n\n\n<p>The conference will be held at  Am Sandtorkai 27 20457 Hamburg<\/p>\n\n\n\n<p>The conference will take place in Hamburg in Northern Germany. Hamburg is Germany&#8217;s second biggest city and is located between the Baltic and the North Sea. It is well connected through an international airport and several railway stations, which connect to all larger German cities as well as cities in the Netherlands, Denmark and Czech Republic. Hamburg is also home to Germany&#8217;s busiest harbor and lies beautifully on the river Elbe. <\/p>\n\n\n\n<p>The conference venue is in the Speicherstadt, Hamburg&#8217;s historic warehouse district, where warehouses were built on timber-pile foundations in the water of the river Elbe, to enable loading and unloading of ships and boats. Today, this area has been revitalized and is used for restaurants, offices and company headquarters, while in the sorrounding area new hotels and housing areas are built. In 2016 the Elbphilharmonie was inaugurated. <\/p>\n\n\n\n<figure class=\"wp-block-image size-large\"><img loading=\"lazy\" decoding=\"async\" width=\"768\" height=\"1024\" src=\"https:\/\/www.hsu-hh.de\/imb\/wp-content\/uploads\/sites\/677\/2022\/09\/IMG_4201-768x1024.jpg\" data-credit=\"Maria Krantz\" alt=\"Hamburg Speicherstadt\" class=\"wp-image-1569\" srcset=\"https:\/\/www.hsu-hh.de\/imb\/wp-content\/uploads\/sites\/677\/2022\/09\/IMG_4201-768x1024.jpg 768w, https:\/\/www.hsu-hh.de\/imb\/wp-content\/uploads\/sites\/677\/2022\/09\/IMG_4201-225x300.jpg 225w, https:\/\/www.hsu-hh.de\/imb\/wp-content\/uploads\/sites\/677\/2022\/09\/IMG_4201-1152x1536.jpg 1152w, https:\/\/www.hsu-hh.de\/imb\/wp-content\/uploads\/sites\/677\/2022\/09\/IMG_4201-1536x2048.jpg 1536w, https:\/\/www.hsu-hh.de\/imb\/wp-content\/uploads\/sites\/677\/2022\/09\/IMG_4201-1100x1467.jpg 1100w, https:\/\/www.hsu-hh.de\/imb\/wp-content\/uploads\/sites\/677\/2022\/09\/IMG_4201-scaled.jpg 1920w\" sizes=\"auto, (max-width: 768px) 100vw, 768px\" \/><\/figure>\n\n\n\n<figure class=\"wp-block-image size-large\"><img loading=\"lazy\" decoding=\"async\" width=\"768\" height=\"1024\" src=\"https:\/\/www.hsu-hh.de\/imb\/wp-content\/uploads\/sites\/677\/2022\/09\/IMG_4214-1-768x1024.jpg\" data-credit=\"Maria Krantz\" alt=\"Elphilharmonie\" class=\"wp-image-1581\" srcset=\"https:\/\/www.hsu-hh.de\/imb\/wp-content\/uploads\/sites\/677\/2022\/09\/IMG_4214-1-768x1024.jpg 768w, https:\/\/www.hsu-hh.de\/imb\/wp-content\/uploads\/sites\/677\/2022\/09\/IMG_4214-1-225x300.jpg 225w, https:\/\/www.hsu-hh.de\/imb\/wp-content\/uploads\/sites\/677\/2022\/09\/IMG_4214-1-1152x1536.jpg 1152w, https:\/\/www.hsu-hh.de\/imb\/wp-content\/uploads\/sites\/677\/2022\/09\/IMG_4214-1-1536x2048.jpg 1536w, https:\/\/www.hsu-hh.de\/imb\/wp-content\/uploads\/sites\/677\/2022\/09\/IMG_4214-1-1100x1467.jpg 1100w, https:\/\/www.hsu-hh.de\/imb\/wp-content\/uploads\/sites\/677\/2022\/09\/IMG_4214-1-scaled.jpg 1920w\" sizes=\"auto, (max-width: 768px) 100vw, 768px\" \/><\/figure>\n<\/div>\n\n\n\n<div class=\"wp-block-column is-layout-flow wp-block-column-is-layout-flow\" style=\"flex-basis:33.33%\">\n<p>Good news, ML4CPS will be free to attend!<\/p>\n\n\n\n<p>Please Register here: <\/p>\n\n\n\n<p><a href=\"https:\/\/www.eventbrite.de\/e\/ml4cps-machine-learning-for-cyber-physical-systems-tickets-516472973567\" rel='nofollow'>ML4CPS \u2013 Machine Learning For Cyber-Physical Systems Tickets, Wed, Mar 29, 2023 at 7:00 PM | Eventbrite<\/a><\/p>\n\n\n\n<h2 class=\"wp-block-heading\">Important Dates<\/h2>\n\n\n\n<p>Submission Deadline: 20th of January 2023<\/p>\n\n\n\n<p>Short-Paper Submission Deadline: 27th of January 2023<\/p>\n\n\n\n<p>Reviewer Feedback: 6th of February 2023<\/p>\n\n\n\n<p>Camara-Ready Submission: 6th of March 2023<\/p>\n\n\n\n<p>Conference: 29th to 31st of March 2023<\/p>\n\n\n\n<h2 class=\"wp-block-heading\">Paper Submission<\/h2>\n\n\n\n<p>Papers are chosen on a peer-review basis and accepted papers are published by Springer with a DOI number. Papers with commercial character won\u2019t be considered. Papers should not be longer than 6-8 pages. Short papers should be 3-4 pages. <\/p>\n\n\n\n<p>Please find the formatting guidelines here: <\/p>\n\n\n\n<p><a href=\"https:\/\/www.springer.com\/gp\/computer-science\/lncs\/conference-proceedings-guidelines\" rel='nofollow'>Conference Proceedings guidelines | Springer | Springer \u2014 International Publisher<\/a><\/p>\n\n\n\n<p>Paper Submission will be handled via easychair: <\/p>\n\n\n\n<p><a href=\"https:\/\/easychair.org\/conferences\/?conf=ml4cps0\" data-type=\"URL\" data-id=\"https:\/\/easychair.org\/conferences\/?conf=ml4cps0\" target=\"_blank\" rel=\"noreferrer noopener\">Submission Page<\/a><\/p>\n\n\n\n<p>All questions related to paper submissions should be emailed to: <\/p>\n\n\n\n<p><a href=\"mailto:ml4cps_orga@hsu-hh.de\" rel='nofollow'>ml4cps_orga@hsu-hh.de<\/a><\/p>\n\n\n\n<h2 class=\"wp-block-heading\">Committee<\/h2>\n\n\n\n<p><strong>General Chairs:<\/strong><\/p>\n\n\n\n<p>Oliver&nbsp;Niggemann, Helmut-Schmidt-University Hamburg<\/p>\n\n\n\n<p>J\u00fcrgen Beyerer, Fraunhofer IOSB\/Karlsruher Institut f\u00fcr Technologie (KIT)<\/p>\n\n\n\n<p><strong>Program Chairs:<\/strong><\/p>\n\n\n\n<p>Maria Krantz, Helmut-Schmidt-University Hamburg<\/p>\n\n\n\n<p>Christian K\u00fchnert, Fraunhofer IOSB<\/p>\n\n\n\n<p><strong>Local Organization Committee:<\/strong><strong><\/strong><\/p>\n\n\n\n<p>Alexander Windmann, Helmut-Schmidt-University Hamburg<\/p>\n\n\n\n<p>Jonas Ehrhardt, Helmut-Schmidt-University Hamburg<\/p>\n\n\n\n<p><strong>International Program Committee:<\/strong><\/p>\n\n\n\n<p>Ingo Pill, Silicon Austria Labs, Austria<\/p>\n\n\n\n<p>Alexander Diedrich, Fraunhofer IOSB-INA, Germany<\/p>\n\n\n\n<p>Kaja Balzereit, Fraunhofer IOSB-INA, Germany<\/p>\n\n\n\n<p>Meir Kalech, Ben-Gurion University of the Negev, Israel<\/p>\n\n\n\n<p>Volker Lohweg, Technische Hochschule Ostwestfalen-Lippe, Germany<\/p>\n\n\n\n<p>Alexander Maier, FH Bielefeld, Germany<\/p>\n\n\n\n<p>Marco Hubert, Universit\u00e4t Stuttgart, Germany<\/p>\n\n\n\n<p>Anna Sztyber-Betley, Warsaw University of Technology, Poland<\/p>\n\n\n\n<p>Roni Stern, Ben-Gurion University of the Negev, Israel<\/p>\n\n\n\n<p>Alexander Fay, Helmut-Schmidt-University, Hamburg<\/p>\n\n\n\n<p>G\u00f6rschwin Fey, Hamburg University of Technology, Germany<\/p>\n\n\n\n<p>Idel Montalvo, Ingeniousware <abbr title=\"Gesellschaft mit beschr\u00e4nkter Haftung\">GmbH<\/abbr><\/p>\n\n\n\n<p>Elodie Chanthery, &nbsp;LAAS-CNRS, INSA de Toulouse, Toulouse, France<\/p>\n\n\n\n<h2 class=\"wp-block-heading\">Hosts<\/h2>\n\n\n\n<p>The conference will be hosted by the Helmut-Schmidt-University\/University of the Armed Forces Hamburg jointly with the Artificial Intelligence Center Hamburg (ARIC) and the Fraunhofer Institute of Optronics, System Technologies and Image Exploitation (Fraunhofer IOSB).<\/p>\n\n\n\n<p> <\/p>\n\n\n\n<figure class=\"wp-block-image size-full is-resized\"><img loading=\"lazy\" decoding=\"async\" src=\"https:\/\/www.hsu-hh.de\/imb\/wp-content\/uploads\/sites\/677\/2022\/09\/Logo_Helmut-Schmidt-Universitaet_Hamburg.svg\" alt=\"\" class=\"wp-image-1574\" width=\"368\" height=\"264\" \/><\/figure>\n\n\n\n<figure class=\"wp-block-image size-full is-resized\"><img loading=\"lazy\" decoding=\"async\" src=\"https:\/\/www.hsu-hh.de\/imb\/wp-content\/uploads\/sites\/677\/2022\/09\/Aric_Logo_RGB_pos-1024x567-1.png\" data-credit=\"aric Hamburg\" alt=\"aric\" class=\"wp-image-1573\" width=\"366\" height=\"202\" srcset=\"https:\/\/www.hsu-hh.de\/imb\/wp-content\/uploads\/sites\/677\/2022\/09\/Aric_Logo_RGB_pos-1024x567-1.png 1024w, https:\/\/www.hsu-hh.de\/imb\/wp-content\/uploads\/sites\/677\/2022\/09\/Aric_Logo_RGB_pos-1024x567-1-300x166.png 300w, https:\/\/www.hsu-hh.de\/imb\/wp-content\/uploads\/sites\/677\/2022\/09\/Aric_Logo_RGB_pos-1024x567-1-768x425.png 768w\" sizes=\"auto, (max-width: 366px) 100vw, 366px\" \/><\/figure>\n\n\n\n<figure class=\"wp-block-image size-large\"><img loading=\"lazy\" decoding=\"async\" width=\"1024\" height=\"283\" src=\"https:\/\/www.hsu-hh.de\/imb\/wp-content\/uploads\/sites\/677\/2022\/09\/Logo_IOSB-1024x283.jpg\" data-credit=\"Fraunhofer IOSB\" alt=\"Fraunhofer IOSB\" class=\"wp-image-1579\" srcset=\"https:\/\/www.hsu-hh.de\/imb\/wp-content\/uploads\/sites\/677\/2022\/09\/Logo_IOSB-1024x283.jpg 1024w, https:\/\/www.hsu-hh.de\/imb\/wp-content\/uploads\/sites\/677\/2022\/09\/Logo_IOSB-300x83.jpg 300w, https:\/\/www.hsu-hh.de\/imb\/wp-content\/uploads\/sites\/677\/2022\/09\/Logo_IOSB-768x213.jpg 768w, https:\/\/www.hsu-hh.de\/imb\/wp-content\/uploads\/sites\/677\/2022\/09\/Logo_IOSB-1536x425.jpg 1536w, https:\/\/www.hsu-hh.de\/imb\/wp-content\/uploads\/sites\/677\/2022\/09\/Logo_IOSB-1100x304.jpg 1100w, https:\/\/www.hsu-hh.de\/imb\/wp-content\/uploads\/sites\/677\/2022\/09\/Logo_IOSB.jpg 1767w\" sizes=\"auto, (max-width: 1024px) 100vw, 1024px\" \/><\/figure>\n\n\n\n<h2 class=\"wp-block-heading\">Sponsor<\/h2>\n\n\n\n<p>NXP Semiconductors N.V. (NASDAQ: NXPI) bringt kluge K\u00f6pfe zusammen, um wegweisende Technologien zu entwickeln, die die vernetzte Welt besser, zuverl\u00e4ssiger und sicherer machen. Als ein weltweit marktf\u00fchrendes Unternehmen bei L\u00f6sungen f\u00fcr die sichere Kommunikation in Embedded-Applikationen treibt NXP Innovationen in den Anwendungsfeldern Automobiltechnik, Industrie &amp; IoT, bei Mobilger\u00e4ten und Kommunikationsinfrastruktur voran und f\u00f6rdert mit seinen L\u00f6sungen eine nachhaltigere Zukunft. Das Unternehmen, das auf die Erfahrung und Expertise von mehr als 60 Jahren bauen kann, besch\u00e4ftigt ca. 31.000 Mitarbeitende in mehr als 30 L\u00e4ndern und erzielte 2022 einen Umsatz von 13,21 Milliarden US-Dollar. Weitere Details unter <a href=\"https:\/\/eur01.safelinks.protection.outlook.com\/?url=https%3A%2F%2Furldefense.com%2Fv3%2F__http%3A%2Fwww.nxp.com__%3B!!N96JrnIq8IfO5w!mrX8gR3NgxsNDmqum2LUJ9bxgC14ImCKkHYdp8S1ZJ4yHYIwNzbpMzFhG6sNGa7rtH8XwbtQRcwBEgu24nCrZJVgop5efQ%24&amp;data=05%7C01%7Candrea.lempart%40nxp.com%7Cbb8abed55d4144498d5e08db03a8fd87%7C686ea1d3bc2b4c6fa92cd99c5c301635%7C0%7C0%7C638107796568675413%7CUnknown%7CTWFpbGZsb3d8eyJWIjoiMC4wLjAwMDAiLCJQIjoiV2luMzIiLCJBTiI6Ik1haWwiLCJXVCI6Mn0%3D%7C3000%7C%7C%7C&amp;sdata=wgGTCJo8qYtnoEEJmfuPQTUK7lk%2BRE2kBiUfVc7kgdQ%3D&amp;reserved=0\" rel='nofollow'>www.nxp.com<\/a>.<\/p>\n\n\n\n<figure class=\"wp-block-image size-large\"><img loading=\"lazy\" decoding=\"async\" width=\"1024\" height=\"546\" src=\"https:\/\/www.hsu-hh.de\/imb\/wp-content\/uploads\/sites\/677\/2023\/02\/NXP_logo_RGB_web-1024x546.jpg\" data-credit=\"\" alt=\"\" class=\"wp-image-1721\" srcset=\"https:\/\/www.hsu-hh.de\/imb\/wp-content\/uploads\/sites\/677\/2023\/02\/NXP_logo_RGB_web-1024x546.jpg 1024w, https:\/\/www.hsu-hh.de\/imb\/wp-content\/uploads\/sites\/677\/2023\/02\/NXP_logo_RGB_web-300x160.jpg 300w, https:\/\/www.hsu-hh.de\/imb\/wp-content\/uploads\/sites\/677\/2023\/02\/NXP_logo_RGB_web-768x410.jpg 768w, https:\/\/www.hsu-hh.de\/imb\/wp-content\/uploads\/sites\/677\/2023\/02\/NXP_logo_RGB_web-1536x819.jpg 1536w, https:\/\/www.hsu-hh.de\/imb\/wp-content\/uploads\/sites\/677\/2023\/02\/NXP_logo_RGB_web-2048x1092.jpg 2048w, https:\/\/www.hsu-hh.de\/imb\/wp-content\/uploads\/sites\/677\/2023\/02\/NXP_logo_RGB_web-1100x587.jpg 1100w\" sizes=\"auto, (max-width: 1024px) 100vw, 1024px\" \/><\/figure>\n<\/div>\n<\/div>\n\n\n\n<div class=\"wp-block-columns is-layout-flex wp-container-core-columns-is-layout-9d6595d7 wp-block-columns-is-layout-flex\">\n<div class=\"wp-block-column is-layout-flow wp-block-column-is-layout-flow\" style=\"flex-basis:66.66%\"><\/div>\n\n\n\n<div class=\"wp-block-column is-layout-flow wp-block-column-is-layout-flow\" style=\"flex-basis:33.33%\">\n<p> <\/p>\n<\/div>\n<\/div>\n\n\n\n<div class=\"wp-block-columns is-layout-flex wp-container-core-columns-is-layout-9d6595d7 wp-block-columns-is-layout-flex\">\n<div class=\"wp-block-column is-layout-flow wp-block-column-is-layout-flow\" style=\"flex-basis:66.66%\"><\/div>\n\n\n\n<div class=\"wp-block-column is-layout-flow wp-block-column-is-layout-flow\" style=\"flex-basis:33.33%\"><\/div>\n<\/div>\n\n\n","protected":false},"excerpt":{"rendered":"<p>Conference in Hamburg 29th to 31st of March 2023 Please note that the Registration will open on Wednesday at 9:00. How to get to the Location The Address of the [&hellip;]<\/p>\n","protected":false},"author":3446,"featured_media":0,"parent":2932,"menu_order":0,"comment_status":"closed","ping_status":"closed","template":"","meta":{"footnotes":""},"categories":[7],"tags":[153],"class_list":["post-1554","page","type-page","status-publish","hentry","category-research","tag-cyber-physical-systems-conference-en"],"_links":{"self":[{"href":"https:\/\/www.hsu-hh.de\/imb\/wp-json\/wp\/v2\/pages\/1554","targetHints":{"allow":["GET"]}}],"collection":[{"href":"https:\/\/www.hsu-hh.de\/imb\/wp-json\/wp\/v2\/pages"}],"about":[{"href":"https:\/\/www.hsu-hh.de\/imb\/wp-json\/wp\/v2\/types\/page"}],"author":[{"embeddable":true,"href":"https:\/\/www.hsu-hh.de\/imb\/wp-json\/wp\/v2\/users\/3446"}],"replies":[{"embeddable":true,"href":"https:\/\/www.hsu-hh.de\/imb\/wp-json\/wp\/v2\/comments?post=1554"}],"version-history":[{"count":50,"href":"https:\/\/www.hsu-hh.de\/imb\/wp-json\/wp\/v2\/pages\/1554\/revisions"}],"predecessor-version":[{"id":1840,"href":"https:\/\/www.hsu-hh.de\/imb\/wp-json\/wp\/v2\/pages\/1554\/revisions\/1840"}],"up":[{"embeddable":true,"href":"https:\/\/www.hsu-hh.de\/imb\/wp-json\/wp\/v2\/pages\/2932"}],"wp:attachment":[{"href":"https:\/\/www.hsu-hh.de\/imb\/wp-json\/wp\/v2\/media?parent=1554"}],"wp:term":[{"taxonomy":"category","embeddable":true,"href":"https:\/\/www.hsu-hh.de\/imb\/wp-json\/wp\/v2\/categories?post=1554"},{"taxonomy":"post_tag","embeddable":true,"href":"https:\/\/www.hsu-hh.de\/imb\/wp-json\/wp\/v2\/tags?post=1554"}],"curies":[{"name":"wp","href":"https:\/\/api.w.org\/{rel}","templated":true}]}}