{"id":1539,"date":"2022-09-06T09:35:00","date_gmt":"2022-09-06T07:35:00","guid":{"rendered":"https:\/\/www.hsu-hh.de\/imb\/?page_id=1539"},"modified":"2022-09-06T09:35:01","modified_gmt":"2022-09-06T07:35:01","slug":"bmwk-zim-digital-shadows","status":"publish","type":"page","link":"https:\/\/www.hsu-hh.de\/imb\/projekte\/bmwk-zim-digital-shadows","title":{"rendered":"BMWK ZIM, Digital Shadows &#8211; DS-BSZ-Busse"},"content":{"rendered":"\n<p><strong>Digital Shadows &#8211; DS-BSZ-Busse \/ Entwicklung von KI-basierten Algorithmen f\u00fcr die vorausschauende Wartung (Predictive Maintenance) von Brennstoffzellenbussen<\/strong><\/p>\n\n\n\n<p>Das Ziel des Projekts ist die erstmalige Entwicklung eines intelligenten Monitoring- und Servicetool f\u00fcr die vorausschauende Wartung von Brennstoffzellen-angetriebenen Bussen, das anhand verschiedener Sensordaten fr\u00fchzeitig sich anbahnende Defekte und Leistungseinbu\u00dfen erkennt. Es sollen dadurch Ausfallzeiten reduziert, sowie notwendige Standzeiten besser geplant werden k\u00f6nnen. Dies soll auf Basis eines digitalen Zwillings des Busses und den laufenden Betriebsdaten (Digitaler Schatten) durch den Einsatz von Methoden der Heuristik und der k\u00fcnstlichen Intelligenz (KI) realisiert werden.<\/p>\n\n\n\n<p>Laufzeit: 01.07.2022 &#8211; 31.08.2024<\/p>\n\n\n\n<p><strong>Projektpartner:<\/strong><\/p>\n\n\n\n<p>Buses4future <abbr title=\"Gesellschaft mit beschr\u00e4nkter Haftung\">GmbH<\/abbr><\/p>\n\n\n\n<p>Synergeticon <abbr title=\"Gesellschaft mit beschr\u00e4nkter Haftung\">GmbH<\/abbr><\/p>\n","protected":false},"excerpt":{"rendered":"<p>Digital Shadows &#8211; DS-BSZ-Busse \/ Entwicklung von KI-basierten Algorithmen f\u00fcr die vorausschauende Wartung (Predictive Maintenance) von Brennstoffzellenbussen Das Ziel des Projekts ist die erstmalige Entwicklung eines intelligenten Monitoring- und Servicetool [&hellip;]<\/p>\n","protected":false},"author":2355,"featured_media":0,"parent":240,"menu_order":0,"comment_status":"closed","ping_status":"closed","template":"","meta":{"footnotes":""},"categories":[4],"tags":[],"class_list":["post-1539","page","type-page","status-publish","hentry","category-forschung"],"_links":{"self":[{"href":"https:\/\/www.hsu-hh.de\/imb\/wp-json\/wp\/v2\/pages\/1539","targetHints":{"allow":["GET"]}}],"collection":[{"href":"https:\/\/www.hsu-hh.de\/imb\/wp-json\/wp\/v2\/pages"}],"about":[{"href":"https:\/\/www.hsu-hh.de\/imb\/wp-json\/wp\/v2\/types\/page"}],"author":[{"embeddable":true,"href":"https:\/\/www.hsu-hh.de\/imb\/wp-json\/wp\/v2\/users\/2355"}],"replies":[{"embeddable":true,"href":"https:\/\/www.hsu-hh.de\/imb\/wp-json\/wp\/v2\/comments?post=1539"}],"version-history":[{"count":1,"href":"https:\/\/www.hsu-hh.de\/imb\/wp-json\/wp\/v2\/pages\/1539\/revisions"}],"predecessor-version":[{"id":1540,"href":"https:\/\/www.hsu-hh.de\/imb\/wp-json\/wp\/v2\/pages\/1539\/revisions\/1540"}],"up":[{"embeddable":true,"href":"https:\/\/www.hsu-hh.de\/imb\/wp-json\/wp\/v2\/pages\/240"}],"wp:attachment":[{"href":"https:\/\/www.hsu-hh.de\/imb\/wp-json\/wp\/v2\/media?parent=1539"}],"wp:term":[{"taxonomy":"category","embeddable":true,"href":"https:\/\/www.hsu-hh.de\/imb\/wp-json\/wp\/v2\/categories?post=1539"},{"taxonomy":"post_tag","embeddable":true,"href":"https:\/\/www.hsu-hh.de\/imb\/wp-json\/wp\/v2\/tags?post=1539"}],"curies":[{"name":"wp","href":"https:\/\/api.w.org\/{rel}","templated":true}]}}