{"id":1483,"date":"2022-08-29T15:57:35","date_gmt":"2022-08-29T13:57:35","guid":{"rendered":"https:\/\/www.hsu-hh.de\/imb\/?page_id=1483"},"modified":"2026-02-24T15:14:21","modified_gmt":"2026-02-24T14:14:21","slug":"veranstaltungsplan","status":"publish","type":"page","link":"https:\/\/www.hsu-hh.de\/imb\/en\/organized-events\/kibw\/veranstaltungsplan","title":{"rendered":"Veranstaltungsplan"},"content":{"rendered":"\n<div class=\"wp-block-columns is-layout-flex wp-container-core-columns-is-layout-9d6595d7 wp-block-columns-is-layout-flex\">\n<div class=\"wp-block-column is-layout-flow wp-block-column-is-layout-flow\" style=\"flex-basis:66.66%\">\n<p>Die Veranstaltung wird an der <abbr title=\"Helmut Schmidt Universit\u00e4t\">HSU<\/abbr> unter <strong>VS-NfD<\/strong> stattfinden, der Ablaufplan f\u00fcr die Veranstaltungstage ist damit <strong>\u00f6ffentlich nicht einsehbar<\/strong>. Alle angemeldeten Teilnehmer erhalten im Rahmen Ihrer Anmeldebest\u00e4tigung eine \u00dcbersicht sobald diese erstellt wird, bei Fragen k\u00f6nnen Sie sich gerne bei uns melden. <\/p>\n\n\n\n<p><strong>Ein erster Ablaufplan wird voraussichtlich Ende Januar mit der Frist der Vortragsanmeldungen erstellt werden. <\/strong><\/p>\n\n\n\n<hr class=\"wp-block-separator has-alpha-channel-opacity\" \/>\n\n\n\n<p>Der allgemeine Ablauf ist wie folgt angedacht, dabei wird an jedem Tag mit einer Keynote gestartet und eine weitere Keynote f\u00fchrt nach dem Mittag in die zweite Tagesh\u00e4lfte.<\/p>\n\n\n\n<p class=\"has-text-align-left has-medium-font-size\"><strong>23.04.2024<\/strong> &#8211; Dienstag<\/p>\n\n\n\n<p>Thema: tba<\/p>\n\n\n\n<ul class=\"wp-block-list\">\n<li><em>Einlass ab 07:00 Uhr<\/em> zur Anmeldung\/Registration und um sich einen Teilnehmerausweis abzuholen<\/li>\n\n\n\n<li>08:00 &#8211; 08:45 Begr\u00fc\u00dfung zur Veranstaltung<\/li>\n\n\n\n<li>08:45 &#8211; 11:30 Vortr\u00e4ge, mit kurzer Pause<\/li>\n\n\n\n<li>11:30 &#8211; 13:00 Mittagspause und Networking<\/li>\n\n\n\n<li>13:00 &#8211; 15:00 Vortr\u00e4ge<\/li>\n\n\n\n<li>15:00 &#8211; 15:45 Poster-Session und Pause mit Austausch <\/li>\n\n\n\n<li>15:45 &#8211; 17:15 Vortr\u00e4ge<\/li>\n\n\n\n<li>ab 17:45 Uhr Abendprogramm: Empfang<\/li>\n<\/ul>\n\n\n\n<p class=\"has-medium-font-size\"><strong>24.04.2024 <\/strong>&#8211; Mittwoch<\/p>\n\n\n\n<p>Thema: tba<\/p>\n\n\n\n<ul class=\"wp-block-list\">\n<li><em>Einlass ab 07:00 Uhr<\/em> zur Anmeldung\/Registration und um sich einen Teilnehmerausweis abzuholen<\/li>\n\n\n\n<li>08:00 &#8211; 08:15 Begr\u00fc\u00dfung und Orga<\/li>\n\n\n\n<li>08:15 &#8211; 11:30 Vortr\u00e4ge, mit kurzer Pause<\/li>\n\n\n\n<li>11:30 &#8211; 13:00 Mittagspause und Networking<\/li>\n\n\n\n<li>13:00 &#8211; 15:00 Vortr\u00e4ge<\/li>\n\n\n\n<li>15:00 &#8211; 15:30 Pause mit Austausch <\/li>\n\n\n\n<li>15:30 &#8211; 17:00 Vortr\u00e4ge<\/li>\n\n\n\n<li>ab 18:30 Uhr Abendprogramm<\/li>\n<\/ul>\n\n\n\n<p class=\"has-medium-font-size\"><strong>25.04.2024 <\/strong>&#8211; Donnerstag<\/p>\n\n\n\n<p>Thema: tba<\/p>\n\n\n\n<ul class=\"wp-block-list\">\n<li><em>Einlass ab 07:00 Uhr<\/em> zur Anmeldung\/Registration und um sich einen Teilnehmerausweis abzuholen<\/li>\n\n\n\n<li>08:00 &#8211; 08:15 Begr\u00fc\u00dfung und Orga<\/li>\n\n\n\n<li>08:15 &#8211; 11:30 Vortr\u00e4ge, mit kurzer Pause<\/li>\n\n\n\n<li>11:30 &#8211; 13:00 Mittagspause und Networking<\/li>\n\n\n\n<li>13:00 &#8211; 16:00 Vortr\u00e4ge, mit kurzer Pause<\/li>\n\n\n\n<li>ab 16:00 Verabschiedung <\/li>\n<\/ul>\n<\/div>\n\n\n\n<div class=\"wp-block-column is-layout-flow wp-block-column-is-layout-flow\" style=\"flex-basis:33.33%\">\n<h2 class=\"wp-block-heading\">Schnellzugriff<\/h2>\n\n\n\n<p><a href=\"https:\/\/www.hsu-hh.de\/imb\/kibw\" data-type=\"link\" data-id=\"https:\/\/www.hsu-hh.de\/imb\/kibw\">Home<\/a><\/p>\n\n\n\n<p>Veranstaltungsplan<\/p>\n\n\n\n<p><a href=\"https:\/\/www.hsu-hh.de\/imb\/kibw23\/organisations-team\" data-type=\"page\" data-id=\"1470\">Organisation<\/a><\/p>\n\n\n\n<figure class=\"wp-block-image size-full\"><img loading=\"lazy\" decoding=\"async\" width=\"1014\" height=\"253\" src=\"https:\/\/www.hsu-hh.de\/imb\/wp-content\/uploads\/sites\/677\/2023\/03\/KIBW_24.png\" data-credit=\"Professur Informatik im Maschinenbau\" alt=\"KI@BW24-Logo\" class=\"wp-image-1780\" srcset=\"https:\/\/www.hsu-hh.de\/imb\/wp-content\/uploads\/sites\/677\/2023\/03\/KIBW_24.png 1014w, https:\/\/www.hsu-hh.de\/imb\/wp-content\/uploads\/sites\/677\/2023\/03\/KIBW_24-300x75.png 300w, https:\/\/www.hsu-hh.de\/imb\/wp-content\/uploads\/sites\/677\/2023\/03\/KIBW_24-768x192.png 768w\" sizes=\"auto, (max-width: 1014px) 100vw, 1014px\" \/><figcaption class=\"wp-element-caption\">KI in der Bundeswehr &#8217;24<\/figcaption><\/figure>\n<\/div>\n<\/div>\n","protected":false},"excerpt":{"rendered":"<p>Die Veranstaltung wird an der HSU unter VS-NfD stattfinden, der Ablaufplan f\u00fcr die Veranstaltungstage ist damit \u00f6ffentlich nicht einsehbar. Alle angemeldeten Teilnehmer erhalten im Rahmen Ihrer Anmeldebest\u00e4tigung eine \u00dcbersicht sobald [&hellip;]<\/p>\n","protected":false},"author":3427,"featured_media":0,"parent":1466,"menu_order":0,"comment_status":"closed","ping_status":"closed","template":"","meta":{"footnotes":""},"categories":[7],"tags":[],"class_list":["post-1483","page","type-page","status-publish","hentry","category-research"],"_links":{"self":[{"href":"https:\/\/www.hsu-hh.de\/imb\/wp-json\/wp\/v2\/pages\/1483","targetHints":{"allow":["GET"]}}],"collection":[{"href":"https:\/\/www.hsu-hh.de\/imb\/wp-json\/wp\/v2\/pages"}],"about":[{"href":"https:\/\/www.hsu-hh.de\/imb\/wp-json\/wp\/v2\/types\/page"}],"author":[{"embeddable":true,"href":"https:\/\/www.hsu-hh.de\/imb\/wp-json\/wp\/v2\/users\/3427"}],"replies":[{"embeddable":true,"href":"https:\/\/www.hsu-hh.de\/imb\/wp-json\/wp\/v2\/comments?post=1483"}],"version-history":[{"count":12,"href":"https:\/\/www.hsu-hh.de\/imb\/wp-json\/wp\/v2\/pages\/1483\/revisions"}],"predecessor-version":[{"id":2987,"href":"https:\/\/www.hsu-hh.de\/imb\/wp-json\/wp\/v2\/pages\/1483\/revisions\/2987"}],"up":[{"embeddable":true,"href":"https:\/\/www.hsu-hh.de\/imb\/wp-json\/wp\/v2\/pages\/1466"}],"wp:attachment":[{"href":"https:\/\/www.hsu-hh.de\/imb\/wp-json\/wp\/v2\/media?parent=1483"}],"wp:term":[{"taxonomy":"category","embeddable":true,"href":"https:\/\/www.hsu-hh.de\/imb\/wp-json\/wp\/v2\/categories?post=1483"},{"taxonomy":"post_tag","embeddable":true,"href":"https:\/\/www.hsu-hh.de\/imb\/wp-json\/wp\/v2\/tags?post=1483"}],"curies":[{"name":"wp","href":"https:\/\/api.w.org\/{rel}","templated":true}]}}