{"id":1466,"date":"2022-08-29T14:20:02","date_gmt":"2022-08-29T12:20:02","guid":{"rendered":"https:\/\/www.hsu-hh.de\/imb\/?page_id=1466"},"modified":"2026-02-24T15:14:36","modified_gmt":"2026-02-24T14:14:36","slug":"kibw","status":"publish","type":"page","link":"https:\/\/www.hsu-hh.de\/imb\/en\/organized-events\/kibw","title":{"rendered":"Konferenz: KI in der Bundeswehr"},"content":{"rendered":"\n<div class=\"wp-block-columns is-layout-flex wp-container-core-columns-is-layout-9d6595d7 wp-block-columns-is-layout-flex\">\n<div class=\"wp-block-column is-layout-flow wp-block-column-is-layout-flow\" style=\"flex-basis:66.66%\">\n<figure class=\"wp-block-image size-full\"><img loading=\"lazy\" decoding=\"async\" width=\"1014\" height=\"253\" src=\"https:\/\/www.hsu-hh.de\/imb\/wp-content\/uploads\/sites\/677\/2023\/03\/KIBW_24.png\" data-credit=\"Professur Informatik im Maschinenbau\" alt=\"KI@BW24-Logo\" class=\"wp-image-1780\" srcset=\"https:\/\/www.hsu-hh.de\/imb\/wp-content\/uploads\/sites\/677\/2023\/03\/KIBW_24.png 1014w, https:\/\/www.hsu-hh.de\/imb\/wp-content\/uploads\/sites\/677\/2023\/03\/KIBW_24-300x75.png 300w, https:\/\/www.hsu-hh.de\/imb\/wp-content\/uploads\/sites\/677\/2023\/03\/KIBW_24-768x192.png 768w\" sizes=\"auto, (max-width: 1014px) 100vw, 1014px\" \/><figcaption class=\"wp-element-caption\">KI in der Bundeswehr &#8217;24<\/figcaption><\/figure>\n\n\n\n<p>Die Helmut-Schmidt-Universit\u00e4t und die Professur f\u00fcr Informatik im Maschinenbau laden Sie zur Teilnahme an der Konferenz \u201eK\u00fcnstliche Intelligenz in der Bundeswehr\u201c ein. Nach dem erfolgreichen Event im Jahr 2023 und dem gro\u00dfen Anklang an Teilnehmern werden wir dieses Jahr das Format in eine Konferenz \u00fcberf\u00fchren.  <\/p>\n\n\n\n<p>Die Konferenz wird inhaltlich die Anwendungen von K\u00fcnstlicher Intelligenz (KI) in der Bundeswehr adressieren. Dabei sind wir offen \u00fcber alle Themenvorschl\u00e4ge &#8211; bei der KI@BW23 wurde beispielsweise auf Einsatzm\u00f6glichkeiten im Rahmen der Instandsetzung, Aufkl\u00e4rung und elektronischen Kampff\u00fchrung eingegangen. <\/p>\n\n\n\n<p>Wie bisher gehabt steht die Teilnahme BMVg-Angeh\u00f6rigen und den verbundenen Forschungseinrichtungen offen und auch die Vortr\u00e4ge werden aus Sicht der Bundeswehr und der Forschung thematisiert.<\/p>\n\n\n\n<p>Auch im Jahr 2024 ist unser Ziel neben der Pr\u00e4sentation aktueller Arbeiten und einem inhaltlichen Austausch vor allem auch die Vernetzung zwischen den verschiedenen Institutionen der Bundeswehr mit Bezug zur KI.<\/p>\n\n\n\n<p><strong>Im Rahmen der Veranstaltung geben wir Ihnen die M\u00f6glichkeit Ihren Fachbereich mit Vortr\u00e4gen oder Demonstrationen einem interessierten Personenkreis aus Bundeswehr und Forschung zu pr\u00e4sentieren. Sie k\u00f6nnen auch als passiver Teilnehmer dem fachlichen Austausch beiwohnen und sich mit den anderen Teilnehmern vernetzen.<\/strong><\/p>\n\n\n\n<p>Sollte von Ihrer Seite Interesse an der Veranstaltung haben oder wenn Sie weitere Informationen w\u00fcnschen, dann k\u00f6nnen Sie sich gerne bei <code>un<\/code>s melden!<\/p>\n\n\n\n<h2 class=\"wp-block-heading\">Anmeldung<\/h2>\n\n\n\n<p>Die Veranstaltung wird als VS-NfD stattfinden und ist nur Angeh\u00f6rigen des BMVg&#8217;s sowie den verbundenen Forschungseinrichtungen, sowie Beh\u00f6rden m\u00f6glich. Die Teilnahme wird kostenlos sein, aber die Kosten f\u00fcr Verpflegung und ein optionales Abendprogramm sind exklusiv.<\/p>\n\n\n\n<hr class=\"wp-block-separator has-alpha-channel-opacity\" \/>\n\n\n\n<p><strong>Frist zur Anmeldung der Teilnahme:  25.02.2024<br>Frist zur Anmeldung von Vortr\u00e4gen:  21.01.2024<\/strong><\/p>\n\n\n\n<hr class=\"wp-block-separator has-alpha-channel-opacity\" \/>\n\n\n\n<p><strong>Aktuell w\u00fcrden wir uns \u00fcber eine unverbindliche Vorab-Anmeldung freuen, um mit der Planung rechtzeitig umf\u00e4nglich beginnen zu k\u00f6nnen.<\/strong> <br>Anmeldungen (auch Vorab-Anmeldungen) erfolgen bitte \u00fcber <a href=\"https:\/\/bwtable.auf.bundeswehr.de\/dtable\/forms\/214b3a38-c0b4-4667-9fc2-979c82fb6125\/\" rel='nofollow'>diesen BW-internen Link<\/a> oder (falls kein Zugriff auf das BW-interne Netz besteht) \u00fcber die Mailadresse <a href=\"mailto:kibw24@hsu-hh.de\" rel='nofollow'>kibw24@hsu-hh.de<\/a>, dazu sind folgenden Informationen notwendig:<\/p>\n\n\n\n<ul class=\"wp-block-list\">\n<li>Name und Titel, <abbr title=\"beziehungsweise\">bzw.<\/abbr> Dienstgrad<\/li>\n\n\n\n<li>Zugeh\u00f6rigkeit zur Dienststelle\/Institution<\/li>\n\n\n\n<li>Eigener Vortrag erw\u00fcnscht? (Bitte mit Angabe von &#8218;vorl\u00e4ufigem&#8216; Titel und Thema)<\/li>\n\n\n\n<li>Teilnahme an welchen Tagen?<\/li>\n\n\n\n<li>Mensa-Coupons gew\u00fcnscht? Wenn ja f\u00fcr welche Tage? (Preis je ca. 6\u20ac)<\/li>\n<\/ul>\n\n\n\n<p><\/p>\n\n\n\n<p><em>Aufgrund der begrenzten Vortragsslots bitten wir um eine rechtzeitige Anmeldung der Vortr\u00e4ge. Prinzipiell werden fr\u00fchzeitige Anmeldungen bevorzugt behandelt, sofern die eingereichten Themen zu den Themen der Vortragstagen passen<\/em>.<\/p>\n<\/div>\n\n\n\n<div class=\"wp-block-column is-layout-flow wp-block-column-is-layout-flow\" style=\"flex-basis:33.33%\">\n<h2 class=\"wp-block-heading\">Schnellzugriff:<\/h2>\n\n\n\n<p>Home<\/p>\n\n\n\n<p><a href=\"https:\/\/www.hsu-hh.de\/imb\/kibw23\/veranstaltungsplan\" data-type=\"page\" data-id=\"1483\">Veranstaltungsplan<\/a><\/p>\n\n\n\n<p><a href=\"https:\/\/www.hsu-hh.de\/imb\/kibw23\/organisations-team\" data-type=\"page\" data-id=\"1470\">Organisation<\/a><\/p>\n\n\n\n<hr class=\"wp-block-separator has-alpha-channel-opacity is-style-wide\" \/>\n\n\n\n<h2 class=\"wp-block-heading\">Wichtiges in K\u00fcrze:<\/h2>\n\n\n\n<p><strong>Wann:<\/strong> <br>Beginn  &#8211; Di, den 23.04.2024 <br>Ende     &#8211; Do, den 25.04.2024<\/p>\n\n\n\n<p><strong>Wo<\/strong>: Helmut Schmidt Universit\u00e4t, Hamburg<\/p>\n\n\n\n<p><strong>Kontakt<\/strong>, bevorzugt via Mail<\/p>\n\n\n\n<p>Tel:     +49 (0) 40 \/ 6541 3622<br>Mail:   <a href=\"mailto:kibw24@hsu-hh.de\" rel='nofollow'>kibw24@hsu-hh.de<\/a><\/p>\n<\/div>\n<\/div>\n\n\n\n<p><\/p>\n","protected":false},"excerpt":{"rendered":"<p>Die Helmut-Schmidt-Universit\u00e4t und die Professur f\u00fcr Informatik im Maschinenbau laden Sie zur Teilnahme an der Konferenz \u201eK\u00fcnstliche Intelligenz in der Bundeswehr\u201c ein. Nach dem erfolgreichen Event im Jahr 2023 und [&hellip;]<\/p>\n","protected":false},"author":2355,"featured_media":0,"parent":2932,"menu_order":0,"comment_status":"closed","ping_status":"closed","template":"","meta":{"footnotes":""},"categories":[7],"tags":[],"class_list":["post-1466","page","type-page","status-publish","hentry","category-research"],"_links":{"self":[{"href":"https:\/\/www.hsu-hh.de\/imb\/wp-json\/wp\/v2\/pages\/1466","targetHints":{"allow":["GET"]}}],"collection":[{"href":"https:\/\/www.hsu-hh.de\/imb\/wp-json\/wp\/v2\/pages"}],"about":[{"href":"https:\/\/www.hsu-hh.de\/imb\/wp-json\/wp\/v2\/types\/page"}],"author":[{"embeddable":true,"href":"https:\/\/www.hsu-hh.de\/imb\/wp-json\/wp\/v2\/users\/2355"}],"replies":[{"embeddable":true,"href":"https:\/\/www.hsu-hh.de\/imb\/wp-json\/wp\/v2\/comments?post=1466"}],"version-history":[{"count":27,"href":"https:\/\/www.hsu-hh.de\/imb\/wp-json\/wp\/v2\/pages\/1466\/revisions"}],"predecessor-version":[{"id":2984,"href":"https:\/\/www.hsu-hh.de\/imb\/wp-json\/wp\/v2\/pages\/1466\/revisions\/2984"}],"up":[{"embeddable":true,"href":"https:\/\/www.hsu-hh.de\/imb\/wp-json\/wp\/v2\/pages\/2932"}],"wp:attachment":[{"href":"https:\/\/www.hsu-hh.de\/imb\/wp-json\/wp\/v2\/media?parent=1466"}],"wp:term":[{"taxonomy":"category","embeddable":true,"href":"https:\/\/www.hsu-hh.de\/imb\/wp-json\/wp\/v2\/categories?post=1466"},{"taxonomy":"post_tag","embeddable":true,"href":"https:\/\/www.hsu-hh.de\/imb\/wp-json\/wp\/v2\/tags?post=1466"}],"curies":[{"name":"wp","href":"https:\/\/api.w.org\/{rel}","templated":true}]}}