{"id":1352,"date":"2022-04-05T10:55:15","date_gmt":"2022-04-05T08:55:15","guid":{"rendered":"https:\/\/www.hsu-hh.de\/imb\/?page_id=1352"},"modified":"2023-11-20T13:08:38","modified_gmt":"2023-11-20T12:08:38","slug":"bmbf-silk","status":"publish","type":"page","link":"https:\/\/www.hsu-hh.de\/imb\/projekte\/bmbf-silk","title":{"rendered":"BMBF: SILK"},"content":{"rendered":"\n<p><strong>SILK \u2013 Bewertung von Sicherheitsvorf\u00e4llen in kritischer Infrastruktur und Generierung von Handlungsempfehlungen f\u00fcr das Personal durch KI-basiertes Text-Mining<\/strong><\/p>\n\n\n\n<p>F\u00fcr das wirtschaftliche und soziale Wohlergehen der Bev\u00f6lkerung sind Energie- und Wasserversorgungssysteme von hoher Bedeutung. Nach EU-Richtlinie 2008\/114\/EG handelt es sich um kritische Infrastrukturen, kurz KRITIS. Um die Lebensqualit\u00e4t und Wertsch\u00f6pfung in Deutschland zu sichern ist es notwendig diese KRITIS zu sch\u00fctzen.<\/p>\n\n\n\n<p>Energie- und Wasserversorgungssysteme bestehen aus verteilten und vernetzten Teilsystemen. Diese werden wiederum durch verteilte Automatisierungskomponenten, wie <abbr title=\"zum Beispiel\">z.B.<\/abbr> Aktoren, Sensoren und Steuerungen, gesteuert und \u00fcberwacht. Um einen zuverl\u00e4ssigen Betrieb dieser Systeme zu gew\u00e4hrleisten, ist die korrekte Funktion der Kommunikationsnetze entscheidend. Netzwerkanalysesysteme erm\u00f6glichen die \u00dcberwachung der Kommunikation zwischen verschiedenen Netzwerkkomponenten und k\u00f6nnen Sicherheitsvorf\u00e4lle erkennen.<\/p>\n\n\n\n<p>Wird ein Sicherheitsvorfall erkannt, bewerten Servicemitarbeiter des KRITIS-Betreibers diesen und legen eine Handlungsma\u00dfnahme fest. Dieser Prozess dauert heute in der Regel mehrere Stunden, da das Servicepersonal zun\u00e4chst zum Ort des betroffenen Systems fahren muss und danach <abbr title=\"gegebenenfalls\">ggf.<\/abbr> Ersatzteile besorgen muss.<\/p>\n\n\n\n<p>Die Interpretation von Sicherheitsvorf\u00e4llen und der R\u00fcckschluss auf die Ursache ist gerade bei Netzwerkproblemen schwierig und setzt ein hohes Ma\u00df an <abbr title=\"Informationstechnologie\">IT<\/abbr>-Expertise voraus. Die Komplexit\u00e4t \u00fcberfordert heute oft das Bedienpersonal und f\u00fchrt zu langen Ausfallzeiten und einer hohen Bedrohungslage. Vor allem die <abbr title=\"Informationstechnologie\">IT<\/abbr>-Strukturen sind anf\u00e4llig f\u00fcr Bedrohungen von au\u00dfen, da St\u00f6rungen oft keinen direkten physischen Systemzugang erfordern.<\/p>\n\n\n\n<p>Das Gesamtziel des Vorhabens ist die Erforschung und Entwicklung eines KI-basierten L\u00f6sungsansatzes zur automatischen Bewertung von Ereignissen und zur Generierung von Handlungsempfehlungen f\u00fcr das Servicepersonal von KRITIS-Betreibern. Dazu werden folgende Schritte getan:<\/p>\n\n\n\n<ul class=\"wp-block-list\">\n<li>Lernen eines Ereignismodells aus Ereignisberichten (Textdokumente werden maschinell ausgewertet und eine mathematische Repr\u00e4sentation erzeugt)<\/li>\n\n\n\n<li>Lernen eines Netzwerkmodells aus Netzwerkereignissen<\/li>\n\n\n\n<li>Korrelation des Ereignismodells und des Netzwerkmodells zur Bewertung von Sicherheitsvorf\u00e4llen (Beide Modelle m\u00fcssen miteinander in Beziehung gebracht werden <abbr title=\"zum Beispiel\">z.B.<\/abbr> Zuordnung von Netzwerkadresse und Standort des physischen Systems)<\/li>\n\n\n\n<li>Generierung von Handlungsempfehlungen f\u00fcr das Servicepersonal<\/li>\n\n\n\n<li>Automatische Konfigurationsanpassung von Netzwerkanalysesystemen<\/li>\n\n\n\n<li>Erkl\u00e4rbarkeit der KI-Entscheidungen<\/li>\n<\/ul>\n\n\n\n<p>Laufzeit: 01.08.2021 \u2013 31.07.2024<\/p>\n\n\n\n<p><strong>Projektpartner<\/strong><\/p>\n\n\n\n<p>KASSELWASSER<\/p>\n\n\n\n<p>SachsenEnergie<\/p>\n\n\n\n<p>Achtwerk<\/p>\n\n\n\n<p>Helmut-Schmidt-Universit\u00e4t \/ Universit\u00e4t der Bundeswehr Hamburg<\/p>\n\n\n\n<p>Fraunhofer IOSB-INA <\/p>\n\n\n\n<p>Das Projekt SILK wird im F\u00f6rderprogramm \u201eForschung f\u00fcr die zivile Sicherheit 2018 bis 2023\u201c vom Bundesministerium f\u00fcr Bildung und Forschung gef\u00f6rdert.<\/p>\n\n\n\n<div class=\"wp-block-columns is-layout-flex wp-container-core-columns-is-layout-9d6595d7 wp-block-columns-is-layout-flex\">\n<div class=\"wp-block-column is-layout-flow wp-block-column-is-layout-flow\">\n<figure class=\"wp-block-image size-full is-resized\"><img decoding=\"async\" src=\"https:\/\/www.hsu-hh.de\/imb\/wp-content\/uploads\/sites\/677\/2023\/11\/Foerderhinweis-BMBF.jpg\" data-credit=\"BMBF\" alt=\"\" class=\"wp-image-2134\" style=\"height:350px\" height=\"350\" srcset=\"https:\/\/www.hsu-hh.de\/imb\/wp-content\/uploads\/sites\/677\/2023\/11\/Foerderhinweis-BMBF.jpg 881w, https:\/\/www.hsu-hh.de\/imb\/wp-content\/uploads\/sites\/677\/2023\/11\/Foerderhinweis-BMBF-300x213.jpg 300w, https:\/\/www.hsu-hh.de\/imb\/wp-content\/uploads\/sites\/677\/2023\/11\/Foerderhinweis-BMBF-768x545.jpg 768w\" sizes=\"(max-width: 881px) 100vw, 881px\" \/><\/figure>\n<\/div>\n\n\n\n<div class=\"wp-block-column is-layout-flow wp-block-column-is-layout-flow\"><\/div>\n<\/div>\n","protected":false},"excerpt":{"rendered":"<p>SILK \u2013 Bewertung von Sicherheitsvorf\u00e4llen in kritischer Infrastruktur und Generierung von Handlungsempfehlungen f\u00fcr das Personal durch KI-basiertes Text-Mining F\u00fcr das wirtschaftliche und soziale Wohlergehen der Bev\u00f6lkerung sind Energie- und Wasserversorgungssysteme [&hellip;]<\/p>\n","protected":false},"author":2355,"featured_media":0,"parent":240,"menu_order":0,"comment_status":"closed","ping_status":"closed","template":"","meta":{"footnotes":""},"categories":[4],"tags":[],"class_list":["post-1352","page","type-page","status-publish","hentry","category-forschung"],"_links":{"self":[{"href":"https:\/\/www.hsu-hh.de\/imb\/wp-json\/wp\/v2\/pages\/1352","targetHints":{"allow":["GET"]}}],"collection":[{"href":"https:\/\/www.hsu-hh.de\/imb\/wp-json\/wp\/v2\/pages"}],"about":[{"href":"https:\/\/www.hsu-hh.de\/imb\/wp-json\/wp\/v2\/types\/page"}],"author":[{"embeddable":true,"href":"https:\/\/www.hsu-hh.de\/imb\/wp-json\/wp\/v2\/users\/2355"}],"replies":[{"embeddable":true,"href":"https:\/\/www.hsu-hh.de\/imb\/wp-json\/wp\/v2\/comments?post=1352"}],"version-history":[{"count":4,"href":"https:\/\/www.hsu-hh.de\/imb\/wp-json\/wp\/v2\/pages\/1352\/revisions"}],"predecessor-version":[{"id":2155,"href":"https:\/\/www.hsu-hh.de\/imb\/wp-json\/wp\/v2\/pages\/1352\/revisions\/2155"}],"up":[{"embeddable":true,"href":"https:\/\/www.hsu-hh.de\/imb\/wp-json\/wp\/v2\/pages\/240"}],"wp:attachment":[{"href":"https:\/\/www.hsu-hh.de\/imb\/wp-json\/wp\/v2\/media?parent=1352"}],"wp:term":[{"taxonomy":"category","embeddable":true,"href":"https:\/\/www.hsu-hh.de\/imb\/wp-json\/wp\/v2\/categories?post=1352"},{"taxonomy":"post_tag","embeddable":true,"href":"https:\/\/www.hsu-hh.de\/imb\/wp-json\/wp\/v2\/tags?post=1352"}],"curies":[{"name":"wp","href":"https:\/\/api.w.org\/{rel}","templated":true}]}}