{"id":376,"date":"2021-10-12T13:56:06","date_gmt":"2021-10-12T11:56:06","guid":{"rendered":"https:\/\/www.hsu-hh.de\/ifms\/?page_id=376"},"modified":"2025-06-09T14:56:10","modified_gmt":"2025-06-09T12:56:10","slug":"publikationen-vortraege-und-medien","status":"publish","type":"page","link":"https:\/\/www.hsu-hh.de\/ifms\/publikationen-vortraege-und-medien\/","title":{"rendered":"Publikationen, Vortr\u00e4ge und Medien"},"content":{"rendered":"\n<div class=\"wp-block-columns is-layout-flex wp-container-core-columns-is-layout-9d6595d7 wp-block-columns-is-layout-flex\">\n<div class=\"wp-block-column is-layout-flow wp-block-column-is-layout-flow\">\n<figure class=\"wp-block-image size-large\"><img loading=\"lazy\" decoding=\"async\" width=\"1024\" height=\"216\" src=\"https:\/\/www.hsu-hh.de\/ifms\/wp-content\/uploads\/sites\/812\/2018\/05\/Banner-iFMS_2018_05_28_blau_v2-1024x216.jpg\" data-credit=\"iFMS\" alt=\"Bild\" class=\"wp-image-247\" srcset=\"https:\/\/www.hsu-hh.de\/ifms\/wp-content\/uploads\/sites\/812\/2018\/05\/Banner-iFMS_2018_05_28_blau_v2-1024x216.jpg 1024w, https:\/\/www.hsu-hh.de\/ifms\/wp-content\/uploads\/sites\/812\/2018\/05\/Banner-iFMS_2018_05_28_blau_v2-300x63.jpg 300w, https:\/\/www.hsu-hh.de\/ifms\/wp-content\/uploads\/sites\/812\/2018\/05\/Banner-iFMS_2018_05_28_blau_v2-768x162.jpg 768w, https:\/\/www.hsu-hh.de\/ifms\/wp-content\/uploads\/sites\/812\/2018\/05\/Banner-iFMS_2018_05_28_blau_v2.jpg 1900w\" sizes=\"auto, (max-width: 1024px) 100vw, 1024px\" \/><\/figure>\n<\/div>\n\n\n\n<div class=\"wp-block-column is-layout-flow wp-block-column-is-layout-flow\">\n<p><\/p>\n\n\n\n<h5 class=\"wp-block-heading has-text-align-left\">Ausgew\u00e4hlte Publikationen, Studien und Medien des interdisziplin\u00e4ren Forschungsschwerpunktes Maritime Sicherheit<\/h5>\n<\/div>\n<\/div>\n\n\n\n<p>F\u00fcr das Bundesministerium der Verteidigung, insbesondere das Referat Pol II 1, leistet der <abbr title=\"iFMS\">iFMS<\/abbr> durch die Bereitstellung wissenschaftlicher Expertise in Form von Analysen und Studien einen Beitrag zur evidenzbasierten Meinungsbildung und Strategieformierung. Auf dieser Seite finden sich ausgew\u00e4hlte Publikationen und Studien des <abbr title=\"iFMS\">iFMS<\/abbr> beziehungsweise unter Beteiligung der einzelnen Wissenschaftlerinnen und Wissenschaftler.<\/p>\n\n\n\n<hr class=\"wp-block-separator has-css-opacity is-style-wide\" \/>\n\n\n\n<h3 class=\"wp-block-heading has-text-align-center\">Publikationen<\/h3>\n\n\n<div id=\"category_content_aKeMDZWI\" class=\"hsu_category archive-page\"><article  id=\"post-759\" class=\"category-list-item post-759 post type-post status-publish format-standard hentry \"><a href=\"https:\/\/www.hsu-hh.de\/ifms\/070623-2\/\" title=\"Der Schutz maritimer Kritischer Infrastrukturen und das Konzept der Abschreckung\" >\t<div class=\"article-listitem-datetime\">\t\t<time class=\"updated\" datetime=\"2023-06-07 09:10:54\"><\/time>\t\t<span class=\"article-month\">\t\t\t<time class=\"entry-date published\" datetime=\"2023-06-07 09:00:00\">Jun<\/time>\t\t<\/span>\t\t<span class=\"article-day\">\t\t\t<time class=\"entry-date published\" datetime=\"2023-06-07 09:00:00\">07<\/time>\t\t<\/span>\t\t<span class=\"article-datetime\">\t\t\t<time class=\"entry-date published\" datetime=\"2023-06-07 09:00:00\">2023<\/time>\t\t<\/span>\t<\/div><div class=\"hsu_category_article-content-wrap\"><div class=\"hsu_category_article-content-wrap-inner\"><div>\t<header class=\"entry-header\">\t\t<h3 class=\"entry-title\">Der Schutz maritimer Kritischer Infrastrukturen und das Konzept der Abschreckung\t\t<\/h3>\t<\/header><div class=\"entry-content-excerpt\">Deutschland und der Westen stehen vor der Herausforderung, auch ihre maritimen kritischen Infrastrukturen (KRITIS) gegen Angriffe zu sch\u00fctzen. L\u00f6sungsans\u00e4tze f\u00fcr den Schutz maritimer KRITIS lassen sich identifizieren im Rahmen von notwendiger Resilienz, ausreichend Redundanzen und einer \u00fcbergreifenden Zusammenarbeit verschiedener Stakeholder, etwa zur effektiven \u00dcberwachung und Pr\u00e4senz. Julian Pawlak hat f\u00fcr SIRIUS &#8211; Zeitschrift f\u00fcr Strategische&#8230;<\/div> <\/div><\/div><\/div><\/a><\/article><article  id=\"post-723\" class=\"category-list-item post-723 post type-post status-publish format-standard hentry \"><a href=\"https:\/\/www.hsu-hh.de\/ifms\/norwegen-sicherheitspolitische-lage-und-strategische-ausrichtung-an-der-nato-nordflanke\/\" title=\"Norwegen: sicherheitspolitische Lage und strategische Ausrichtung an der NATO-Nordflanke\" >\t<div class=\"article-listitem-datetime\">\t\t<time class=\"updated\" datetime=\"2023-06-05 19:33:41\"><\/time>\t\t<span class=\"article-month\">\t\t\t<time class=\"entry-date published\" datetime=\"2023-05-30 19:28:00\">Mai<\/time>\t\t<\/span>\t\t<span class=\"article-day\">\t\t\t<time class=\"entry-date published\" datetime=\"2023-05-30 19:28:00\">30<\/time>\t\t<\/span>\t\t<span class=\"article-datetime\">\t\t\t<time class=\"entry-date published\" datetime=\"2023-05-30 19:28:00\">2023<\/time>\t\t<\/span>\t<\/div><div class=\"hsu_category_article-content-wrap\"><div class=\"hsu_category_article-content-wrap-inner\"><div>\t<header class=\"entry-header\">\t\t<h3 class=\"entry-title\">Norwegen: sicherheitspolitische Lage und strategische Ausrichtung an der NATO-Nordflanke\t\t<\/h3>\t<\/header><div class=\"entry-content-excerpt\">Im Themenheft Skandinavien legt Julian Pawlak die sicherheitspolitische Lage und strategische Ausrichtung Norwegens an der NATO-Nordflanke f\u00fcr das Magazin zur Sache BW (Ausgabe 43, 01\/2023) der ev. Milit\u00e4rseelsorge der Bundeswehr dar. Mehr unter Publikationen.<\/div> <\/div><\/div><\/div><\/a><\/article><article  id=\"post-762\" class=\"category-list-item post-762 post type-post status-publish format-standard hentry \"><a href=\"https:\/\/www.hsu-hh.de\/ifms\/quo-vadis-marine\/\" title=\"Quo vadis, Marine?\" >\t<div class=\"article-listitem-datetime\">\t\t<time class=\"updated\" datetime=\"2023-06-08 14:47:16\"><\/time>\t\t<span class=\"article-month\">\t\t\t<time class=\"entry-date published\" datetime=\"2023-05-17 14:42:00\">Mai<\/time>\t\t<\/span>\t\t<span class=\"article-day\">\t\t\t<time class=\"entry-date published\" datetime=\"2023-05-17 14:42:00\">17<\/time>\t\t<\/span>\t\t<span class=\"article-datetime\">\t\t\t<time class=\"entry-date published\" datetime=\"2023-05-17 14:42:00\">2023<\/time>\t\t<\/span>\t<\/div><div class=\"hsu_category_article-content-wrap\"><div class=\"hsu_category_article-content-wrap-inner\"><div>\t<header class=\"entry-header\">\t\t<h3 class=\"entry-title\">Quo vadis, Marine?\t\t<\/h3>\t<\/header><div class=\"entry-content-excerpt\">Wie soll sich die Deutsche Marine unter dem Eindruck von Zeitenwende, demografischer Entwicklung und b\u00fcrokratischer Einschr\u00e4nkung langfristig weiterentwickeln? Julian Pawlak, wissenschaftlicher Koordinator des iFMS, und sieben weitere Experten schildern im MarineForum 05-2023 ihre Sicht zum aktuellen Konzeptpapier Zielbild Marine 2035+ der Deutschen Marine. Das Zielbild f\u00fcr die Marine ab 2035 findet sich hier.<\/div> <\/div><\/div><\/div><\/a><\/article><\/div><div class=\"clearfix\"><\/div><div class=\"col-xs-12 col-md-3 col-md-push-4\"><span class=\"link no-arrow\"><button class=\"gcategorymore hsu_btn\" id=\"aKeMDZWI\"  data-catID=\"63\" data-postsPerPage=\"3\" data-order=\"DESC\" data-paged=\"2\" data-more_posts=\"1\" data-postexcerpt=\"1\" data-postcontent=\"1\" data-postmeta=\"1\" data-posttitle=\"1\" data-currentPostId=\"376\" data-uid=\"aKeMDZWI\" data-ajax=\"true\" >Mehr Beitr\u00e4ge<\/button><\/span><\/div><div class=\"clearfix\"><\/div>\n\n\n<hr class=\"wp-block-separator has-alpha-channel-opacity\" \/>\n\n\n\n<div class=\"wp-block-columns is-layout-flex wp-container-core-columns-is-layout-9d6595d7 wp-block-columns-is-layout-flex\">\n<div class=\"wp-block-column is-layout-flow wp-block-column-is-layout-flow\">\n<h3 class=\"wp-block-heading\">Weitere Publikationen (Auswahl)<\/h3>\n\n\n\n<p>Pawlak, Julian\/Pecher, Andr\u00e9 (<abbr title=\"Herausgeber\">Hrsg.<\/abbr>): Re-Learning War: Lessons from the Black Sea. Proceedings of the 2024 Kiel International Seapower Symposium, GIDS: Hamburg, 2025.<\/p>\n\n\n\n<p>Lundqvist, Stefan\/Pawlak, Julian:&nbsp;<a href=\"https:\/\/www.usni.org\/magazines\/proceedings\/2025\/may\/managing-maritime-insecurity-natos-northern-flank\" target=\"_blank\" rel=\"noreferrer noopener\">Managing Maritime (In-)Security on NATO&#8217;s Northern Flank<\/a>,&nbsp;<em>United States Naval Institute Proceedings<\/em>, 05\/2025,&nbsp;Vol. 151\/5\/1,467.<\/p>\n\n\n\n<p>Julian Pawlak (2025): <a href=\"https:\/\/gids-hamburg.de\/re-thinking-war-in-the-baltic-sea\/\" rel='nofollow'>Re-Thinking War in the Baltic Sea, #GIDSstatement 1\/2025, GIDS: Hamburg.<\/a><\/p>\n\n\n\n<p>Kocak, Deniz\/Pawlak, Julian (2024): Ozeane in Gefahr, Europ\u00e4ische Sicherheit und Technik 11-2024, 63-65 \/ MarineForum 11-2024, 37-39.<\/p>\n\n\n\n<p>Pawlak, Julian (2023): &#8222;Der Schutz maritimer Kritischer Infrastrukturen und das Konzept der Abschreckung&#8220;, <em>SIRIUS &#8211; Zeitschrift f\u00fcr Strategische Analysen<\/em> 02\/2023, 160-166. <a rel=\"noreferrer noopener\" href=\"https:\/\/www.degruyter.com\/document\/doi\/10.1515\/sirius-2023-2005\/html\" data-type=\"URL\" data-id=\"https:\/\/www.degruyter.com\/document\/doi\/10.1515\/sirius-2023-2005\/html\" target=\"_blank\">\ud83d\udd17<\/a><\/p>\n\n\n\n<p>Kocak, Deniz \/ Pawlak, Julian (2023): \u201eNachhaltige Sicherheit&#8220;, <em>MarineForum<\/em> 04-2023, 32-36. <a rel=\"noreferrer noopener\" href=\"https:\/\/www.mittler-report-shop.de\/product_info.php?products_id=1240\" data-type=\"URL\" data-id=\"https:\/\/www.mittler-report-shop.de\/product_info.php?products_id=1240\" target=\"_blank\">\ud83d\udd17<\/a> <\/p>\n\n\n\n<p>Kocak, Deniz (2023): \u201eWie kann sich die Europ\u00e4ische Union in der der indo-pazifischen Region engagieren? M\u00f6glichkeiten und Grenzen der Kooperation&#8220;, #GIDSstatement 4\/2023, Hamburg. <a href=\"https:\/\/gids-hamburg.de\/wp-content\/uploads\/2023\/03\/GIDSstatement2023_04_Kocak.pdf\" data-type=\"URL\" data-id=\"https:\/\/gids-hamburg.de\/wp-content\/uploads\/2023\/03\/GIDSstatement2023_04_Kocak.pdf\" target=\"_blank\" rel=\"noreferrer noopener\">\ud83d\udd17<\/a> <\/p>\n\n\n\n<p>Pawlak, Julian (2022): \u201eNo, Don\u00b4t Call the Baltic a \u2018NATO lake&#8220;, RUSI Commentary, 05 September 2022. <a href=\"https:\/\/www.rusi.org\/explore-our-research\/publications\/commentary\/no-dont-call-baltic-nato-lake\" data-type=\"URL\" data-id=\"https:\/\/www.rusi.org\/explore-our-research\/publications\/commentary\/no-dont-call-baltic-nato-lake\" target=\"_blank\" rel=\"noreferrer noopener\">\ud83d\udd17<\/a> <\/p>\n\n\n\n<p>Pawlak, Julian (2022):&nbsp;\u201eB\u00fcndnisverteidigung und Bastion. Die strategische Bedeutung der NATO-Nordflanke&#8220;, #GIDSresearch 1\/2022, Hamburg. <a rel=\"noreferrer noopener\" href=\"https:\/\/gids-hamburg.de\/buendnisverteidigung-und-bastion\/\" data-type=\"URL\" data-id=\"https:\/\/gids-hamburg.de\/buendnisverteidigung-und-bastion\/\" target=\"_blank\">\ud83d\udd17<\/a> <\/p>\n\n\n\n<p>Friede, Alexandra M.&nbsp;(2022): In defence of the Baltic Sea region: (non-)allied policy responses to the exogenous shock of the Ukraine crisis,&nbsp;European Security. <a href=\"https:\/\/www.tandfonline.com\/doi\/abs\/10.1080\/09662839.2022.2031990\" data-type=\"URL\" data-id=\"https:\/\/www.tandfonline.com\/doi\/abs\/10.1080\/09662839.2022.2031990\" target=\"_blank\" rel=\"noreferrer noopener\">\ud83d\udd17<\/a> <\/p>\n\n\n\n<p>Pie\u0144kos, Antoni \/ Pawlak, Julian (2022):&nbsp;\u201eOne Team, One Playground, Various Players: Maritime Security Approaches of European NATO Members&#8220;, Casimir Pulaski Foundation, Warschau. <a href=\"https:\/\/pulaski.pl\/en\/report-one-team-one-playground-various-players-maritime-security-approaches-of-european-nato-members\/\" data-type=\"URL\" data-id=\"https:\/\/pulaski.pl\/en\/report-one-team-one-playground-various-players-maritime-security-approaches-of-european-nato-members\/\" target=\"_blank\" rel=\"noreferrer noopener\">\ud83d\udd17<\/a> <\/p>\n\n\n\n<p>Berner, Susanne \/ Hahn, Axel \/ Nies, Alexander \/ Schaal, Gary S. \/ Steidel, Matthias \/ Wei\u00df, Alexander (2021): \u201eRoadmap Sichere Digitale K\u00fcste 2030. Eine Zukunftsvision f\u00fcr die Maritime Wirtschaft\u201c. <a href=\"https:\/\/www.emaritime.de\/wp-content\/uploads\/2021\/12\/OFFIS_A4_Roadmap_Digital.pdf\" data-type=\"URL\" data-id=\"https:\/\/www.emaritime.de\/wp-content\/uploads\/2021\/12\/OFFIS_A4_Roadmap_Digital.pdf\" target=\"_blank\" rel=\"noreferrer noopener\">\ud83d\udd17<\/a> <\/p>\n\n\n\n<p>Friede, Alexandra M. (2021): \u201eOvercoming Different (In)Security Perceptions\u201d, in: Nikers, Olevs \/ Tabuns, Otto (Hg.) \u201cBaltic Sea Security. Regional and Sectoral Perspectives\u201d, Jamestown Foundation, Washington DC. <a href=\"https:\/\/jamestown.org\/product\/baltic-sea-security-regional-and-sectoral-perspectives\/\" data-type=\"URL\" data-id=\"https:\/\/jamestown.org\/product\/baltic-sea-security-regional-and-sectoral-perspectives\/\" target=\"_blank\" rel=\"noreferrer noopener\">\ud83d\udd17<\/a> <\/p>\n\n\n\n<p>Friede, Alexandra M. \/ Schaal, Gary S. (2021): \u201eGermany\u2019s Emergence as a Baltic Sea Security Provider\u201d, in: Nikers, Olevs \/ Tabuns, Otto (Hg.) \u201eBaltic Sea Security. Regional and Sectoral Perspectives\u201d, Jamestown Foundation, Washington DC. <a rel=\"noreferrer noopener\" href=\"https:\/\/www.mittler-report-shop.de\/product_info.php?products_id=1240\" data-type=\"URL\" data-id=\"https:\/\/www.mittler-report-shop.de\/product_info.php?products_id=1240\" target=\"_blank\">\ud83d\udd17<\/a> <\/p>\n\n\n\n<p>Pawlak, Julian \/ Peters Johannes (eds.) (2021):&nbsp;\u201eFrom the North Atlantic to the South China Sea. Allied Maritime Strategy in the 21<sup>st<\/sup>&nbsp;Century&#8220;. ISPK Seapower Series (4), NOMOS: Baden-Baden. <a href=\"https:\/\/www.nomos-elibrary.de\/10.5771\/9783748921011\/from-the-north-atlantic-to-the-south-china-sea\" data-type=\"URL\" data-id=\"https:\/\/www.nomos-elibrary.de\/10.5771\/9783748921011\/from-the-north-atlantic-to-the-south-china-sea\" target=\"_blank\" rel=\"noreferrer noopener\">\ud83d\udd17<\/a> <\/p>\n\n\n\n<p><\/p>\n\n\n\n<hr class=\"wp-block-separator has-alpha-channel-opacity\" \/>\n\n\n\n<div class=\"wp-block-columns is-layout-flex wp-container-core-columns-is-layout-9d6595d7 wp-block-columns-is-layout-flex\">\n<div class=\"wp-block-column is-layout-flow wp-block-column-is-layout-flow\">\n<h3 class=\"wp-block-heading\"><strong>Studien<\/strong> (Auswahl)<\/h3>\n\n\n\n<p>Schaal, Gary S. \/ Dumm, Sebastian \/ Stuple, Alexander : \u201eBen\u00f6tigt die Bundeswehr eine Strategische Leitlinie Maritime Sicherheit?\u201c.<\/p>\n\n\n\n<p>Schaal, Gary S. \/ Stulpe, Alexander \/ Fleu\u00df, Dannica \/ Dumm, Sebastian \/ Lancaster, Kelly: \u201eCyber und Maritime Sicherheit\u201c.<\/p>\n\n\n\n<p>Schaal, Gary S. \/ Dumm, Sebastian \/ Friede, Alexandra M.: \u201eCyberkompetenz und Maritime F\u00fchrungsausbildung\u201c.<\/p>\n\n\n\n<p>Schaal, Gary S. \/ Dumm, Sebastian (Hg.): \u201eFacing Vulnerabilities and Resilience in the Maritime Domain. North and Baltic Sea\u201d.<\/p>\n\n\n\n<p>Schaal, Gary S. \/ Stulpe, Alexander \/ Dumm, Sebastian \/ Friede, Alexandra M.: \u201eMaritime Security in Age of Hybrid Threads,\u201d in: Schaal, Gary S. \/ Dumm, Sebastian (Hg.): \u201eFacing Vulnerabilities and Resilience in the Maritime Domain. North and Baltic Sea\u201d.<\/p>\n\n\n\n<p>Stulpe, Alexander \/ Schaal, Gary S.: \u201eResilienz in der maritimen Dimension. Eine Forschungsheuristik zur Resilienzanalyse\u201c.<\/p>\n\n\n\n<p><\/p>\n\n\n\n<p><strong><em>Bei Interesse an individuellen Studienarbeiten treten Sie gern mit uns in Kontakt: <a href=\"mailto:ifms@hsu-hh.de\" target=\"_blank\" rel=\"noreferrer noopener\">ifms@hsu-hh.de<\/a><\/em><\/strong><\/p>\n<\/div>\n<\/div>\n<\/div>\n<\/div>\n\n\n\n<hr class=\"wp-block-separator has-css-opacity is-style-wide\" \/>\n\n\n\n<div class=\"wp-block-columns is-layout-flex wp-container-core-columns-is-layout-9d6595d7 wp-block-columns-is-layout-flex\">\n<div class=\"wp-block-column is-layout-flow wp-block-column-is-layout-flow\">\n<h3 class=\"wp-block-heading\">Links und Vortr\u00e4ge<\/h3>\n\n\n\n<p><abbr title=\"iFMS\">iFMS<\/abbr> Netzwerkkonfernenz 2019:&nbsp;<a rel=\"noreferrer noopener\" href=\"https:\/\/www.bmvg.de\/de\/aktuelles\/-netzwerktreffen-maritime-sicherheit-107034\" target=\"_blank\">\u201eDeutsche Maritime Interessen in Zeiten des Umbruchs\u201c<\/a><\/p>\n\n\n\n<p><abbr title=\"iFMS\">iFMS<\/abbr> beim 7. Maritimen Kolloquium 2019:&nbsp;<a rel=\"noreferrer noopener\" href=\"https:\/\/meerverstehen.net\/2019\/06\/21\/7-maritimes-kolloquium-zum-glueck-ist-er-auf-unserer-seite\/#more-2569\" target=\"_blank\">\u201eMaritime Innovation &amp; Digitalisierung\u201c<\/a><\/p>\n\n\n\n<p><abbr title=\"iFMS\">iFMS<\/abbr> auf dem Cooperative Strategy Forum 2019:&nbsp;<a rel=\"noreferrer noopener\" href=\"https:\/\/gids-hamburg.de\/militaer-und-wissenschaft-diskutierten-aktuelle-fragen-der-maritimen-kriegsfuehrung\/\" target=\"_blank\">\u201eMilit\u00e4r und Wissenschaft diskutierten aktuelle Fragen der maritimen Kriegsf\u00fchrung\u201c<\/a><\/p>\n\n\n\n<p><abbr title=\"iFMS\">iFMS<\/abbr> internationales Symposium 2018:&nbsp;<a rel=\"noreferrer noopener\" href=\"https:\/\/www.hybridcoe.fi\/news\/symposium-on-vulnerabilities-and-resilience-in-the-maritime-domain\/\" target=\"_blank\">\u201eSymposium on vulnerabilities and resilience in the maritime domain\u201c<\/a><\/p>\n\n\n\n<p>iMFS Pressemitteilung:&nbsp;<a rel=\"noreferrer noopener\" href=\"https:\/\/www.bmvg.de\/de\/aktuelles\/kooperationsvereinbarung-zum-ifms-14278\" target=\"_blank\">Kooperationsvereinbarung zum \u201e<abbr title=\"iFMS\">iFMS<\/abbr> \u2013 interdisziplin\u00e4ren Forschungsschwerpunkt Maritime Sicherheit\u201c<\/a><\/p>\n\n\n\n<p>The Proceedings Podcast:&nbsp;<a href=\"https:\/\/www.usni.org\/magazines\/proceedings\/the-proceedings-podcast\/ep-444-managing-maritime-insecurity-natos-northern\" target=\"_blank\" rel=\"noreferrer noopener\">EP. 444: Managing Maritime (In)Security on NATO&#8217;s Northern Flank<\/a><\/p>\n<\/div>\n\n\n\n<div class=\"wp-block-column is-layout-flow wp-block-column-is-layout-flow\">\n<figure class=\"wp-block-image size-large\"><img loading=\"lazy\" decoding=\"async\" width=\"1024\" height=\"683\" src=\"https:\/\/www.hsu-hh.de\/ifms\/wp-content\/uploads\/sites\/812\/2021\/06\/ibrahim-boran-VkL-2xSe-DU-unsplash-1024x683.jpg\" data-credit=\"Photo by Ibrahim Boran on unsplash\" alt=\"Bild\" class=\"wp-image-362\" srcset=\"https:\/\/www.hsu-hh.de\/ifms\/wp-content\/uploads\/sites\/812\/2021\/06\/ibrahim-boran-VkL-2xSe-DU-unsplash-1024x683.jpg 1024w, https:\/\/www.hsu-hh.de\/ifms\/wp-content\/uploads\/sites\/812\/2021\/06\/ibrahim-boran-VkL-2xSe-DU-unsplash-300x200.jpg 300w, https:\/\/www.hsu-hh.de\/ifms\/wp-content\/uploads\/sites\/812\/2021\/06\/ibrahim-boran-VkL-2xSe-DU-unsplash-768x512.jpg 768w, https:\/\/www.hsu-hh.de\/ifms\/wp-content\/uploads\/sites\/812\/2021\/06\/ibrahim-boran-VkL-2xSe-DU-unsplash-1536x1024.jpg 1536w, https:\/\/www.hsu-hh.de\/ifms\/wp-content\/uploads\/sites\/812\/2021\/06\/ibrahim-boran-VkL-2xSe-DU-unsplash-2048x1365.jpg 2048w, https:\/\/www.hsu-hh.de\/ifms\/wp-content\/uploads\/sites\/812\/2021\/06\/ibrahim-boran-VkL-2xSe-DU-unsplash-1100x733.jpg 1100w\" sizes=\"auto, (max-width: 1024px) 100vw, 1024px\" \/><\/figure>\n\n\n\n<p><\/p>\n<\/div>\n<\/div>\n\n\n\n<hr class=\"wp-block-separator has-css-opacity is-style-wide\" \/>\n\n\n\n<p><strong>Kontakt: <abbr title=\"iFMS\">iFMS<\/abbr>@hsu-hh.de<\/strong><\/p>\n","protected":false},"excerpt":{"rendered":"<p>Ausgew\u00e4hlte Publikationen, Studien und Medien des interdisziplin\u00e4ren Forschungsschwerpunktes Maritime Sicherheit F\u00fcr das Bundesministerium der Verteidigung, insbesondere das Referat Pol II 1, leistet der iFMS durch die Bereitstellung wissenschaftlicher Expertise in [&hellip;]<\/p>\n","protected":false},"author":140,"featured_media":0,"parent":0,"menu_order":0,"comment_status":"closed","ping_status":"closed","template":"","meta":{"footnotes":""},"categories":[4],"tags":[122,79,124,126],"class_list":["post-376","page","type-page","status-publish","hentry","category-forschung","tag-links-de","tag-maritime-sicherheit-de","tag-presse-de","tag-vortraege-de"],"_links":{"self":[{"href":"https:\/\/www.hsu-hh.de\/ifms\/wp-json\/wp\/v2\/pages\/376","targetHints":{"allow":["GET"]}}],"collection":[{"href":"https:\/\/www.hsu-hh.de\/ifms\/wp-json\/wp\/v2\/pages"}],"about":[{"href":"https:\/\/www.hsu-hh.de\/ifms\/wp-json\/wp\/v2\/types\/page"}],"author":[{"embeddable":true,"href":"https:\/\/www.hsu-hh.de\/ifms\/wp-json\/wp\/v2\/users\/140"}],"replies":[{"embeddable":true,"href":"https:\/\/www.hsu-hh.de\/ifms\/wp-json\/wp\/v2\/comments?post=376"}],"version-history":[{"count":39,"href":"https:\/\/www.hsu-hh.de\/ifms\/wp-json\/wp\/v2\/pages\/376\/revisions"}],"predecessor-version":[{"id":913,"href":"https:\/\/www.hsu-hh.de\/ifms\/wp-json\/wp\/v2\/pages\/376\/revisions\/913"}],"wp:attachment":[{"href":"https:\/\/www.hsu-hh.de\/ifms\/wp-json\/wp\/v2\/media?parent=376"}],"wp:term":[{"taxonomy":"category","embeddable":true,"href":"https:\/\/www.hsu-hh.de\/ifms\/wp-json\/wp\/v2\/categories?post=376"},{"taxonomy":"post_tag","embeddable":true,"href":"https:\/\/www.hsu-hh.de\/ifms\/wp-json\/wp\/v2\/tags?post=376"}],"curies":[{"name":"wp","href":"https:\/\/api.w.org\/{rel}","templated":true}]}}