{"id":354,"date":"2021-10-06T12:41:36","date_gmt":"2021-10-06T10:41:36","guid":{"rendered":"https:\/\/www.hsu-hh.de\/ifms\/?page_id=354"},"modified":"2025-11-21T08:25:50","modified_gmt":"2025-11-21T07:25:50","slug":"354-2","status":"publish","type":"page","link":"https:\/\/www.hsu-hh.de\/ifms\/","title":{"rendered":"Der interdisziplin\u00e4re Forschungsschwerpunkt Maritime Sicherheit an der HSU\/UniBw H"},"content":{"rendered":"\n<h2 class=\"wp-block-heading\"> Ziele und Auftrag<\/h2>\n\n\n\n<div class=\"wp-block-columns is-layout-flex wp-container-core-columns-is-layout-9d6595d7 wp-block-columns-is-layout-flex\">\n<div class=\"wp-block-column is-layout-flow wp-block-column-is-layout-flow\">\n<p>Der interdisziplin\u00e4re Forschungsschwerpunkt Maritime Sicherheit (<abbr title=\"iFMS\">iFMS<\/abbr>) basiert auf einer <a rel=\"noreferrer noopener\" href=\"https:\/\/www.bmvg.de\/de\/aktuelles\/kooperationsvereinbarung-zum-ifms-14278\" data-type=\"URL\" data-id=\"https:\/\/www.bmvg.de\/de\/aktuelles\/kooperationsvereinbarung-zum-ifms-14278\" target=\"_blank\">Kooperationsvereinbarung<\/a> zwischen der Helmut\u00ad Schmidt-Universit\u00e4t\/Universit\u00e4t der Bundeswehr Hamburg (<abbr title=\"Helmut Schmidt Universit\u00e4t\">HSU<\/abbr>\/UnibwH) und dem Bundesministerium der Verteidigung (BMVg) zur Steigerung der Strategischen Vorausschau und als Beitrag zur Erh\u00f6hung der Strategief\u00e4higkeit der Bundesregierung in der Sicherheitspolitik. Zum Zweck der evidenzbasierten Beratung, Meinungsbildung und Strategieformierung b\u00fcndelt der <abbr title=\"iFMS\">iFMS<\/abbr> die an der <abbr title=\"Helmut Schmidt Universit\u00e4t\">HSU<\/abbr>\/UniBw H vorhandene wissenschaftliche Expertise im Feld Maritimer Sicherheit und steht im engen Austausch mit dem BMVg. <\/p>\n\n\n\n<p>Parallel dazu verfolgen die <a href=\"https:\/\/www.hsu-hh.de\/ifms\/ifms-team-2\/\" data-type=\"URL\" data-id=\"https:\/\/www.hsu-hh.de\/ifms\/ifms-team-2\/\">Wissenschaftlerinnen und Wissenschaftler<\/a> des <abbr title=\"iFMS\">iFMS<\/abbr> eigene Forschung mit maritimen Bezug, insbesondere in Verbindung zu der NATO-Nordflanke, dem Ostseeraum, dem Indo-Pazifik und maritimer Kritischer Infrastrukturen. Ansprechpartner sind <a href=\"https:\/\/www.hsu-hh.de\/politiktheorie\/prof-dr-gary-s-schaal\" data-type=\"URL\" data-id=\"https:\/\/www.hsu-hh.de\/politiktheorie\/prof-dr-gary-s-schaal\" target=\"_blank\" rel=\"noreferrer noopener\"><abbr title=\"Professor\">Prof.<\/abbr> <abbr title=\"Doktor\">Dr.<\/abbr> Gary S. Schaal<\/a> (Leitung) und <a href=\"https:\/\/www.hsu-hh.de\/politiktheorie\/julian-pawlak\" data-type=\"URL\" data-id=\"https:\/\/www.hsu-hh.de\/politiktheorie\/julian-pawlak\" target=\"_blank\" rel=\"noreferrer noopener\"><abbr title=\"Doktor\">Dr.<\/abbr> Julian Pawlak<\/a> (wissenschaftliche Koordination).<\/p>\n\n\n\n<h2 class=\"wp-block-heading has-text-align-center\" id=\"block-d88ae54d-da8d-42f8-acf0-3154ad8f3f4b\"><img decoding=\"async\" style=\"width: 150px\" src=\"https:\/\/www.hsu-hh.de\/ifms\/wp-content\/uploads\/sites\/812\/2018\/05\/Maritime_Sicherheit.png\" alt=\"\"><\/h2>\n<\/div>\n\n\n\n<div class=\"wp-block-column is-layout-flow wp-block-column-is-layout-flow\">\n<figure class=\"wp-block-image size-large\"><img loading=\"lazy\" decoding=\"async\" width=\"1024\" height=\"682\" src=\"https:\/\/www.hsu-hh.de\/ifms\/wp-content\/uploads\/sites\/812\/2023\/06\/7D6A6417-1024x682.jpg\" data-credit=\"BMVg\" alt=\"\" class=\"wp-image-732\" srcset=\"https:\/\/www.hsu-hh.de\/ifms\/wp-content\/uploads\/sites\/812\/2023\/06\/7D6A6417-1024x682.jpg 1024w, https:\/\/www.hsu-hh.de\/ifms\/wp-content\/uploads\/sites\/812\/2023\/06\/7D6A6417-300x200.jpg 300w, https:\/\/www.hsu-hh.de\/ifms\/wp-content\/uploads\/sites\/812\/2023\/06\/7D6A6417-768x512.jpg 768w, https:\/\/www.hsu-hh.de\/ifms\/wp-content\/uploads\/sites\/812\/2023\/06\/7D6A6417-1100x733.jpg 1100w, https:\/\/www.hsu-hh.de\/ifms\/wp-content\/uploads\/sites\/812\/2023\/06\/7D6A6417.jpg 1280w\" sizes=\"auto, (max-width: 1024px) 100vw, 1024px\" \/><\/figure>\n<\/div>\n<\/div>\n\n\n\n<div class=\"wp-block-columns is-layout-flex wp-container-core-columns-is-layout-9d6595d7 wp-block-columns-is-layout-flex\">\n<div class=\"wp-block-column is-layout-flow wp-block-column-is-layout-flow\">\n<h2 class=\"wp-block-heading has-text-align-center\">Aktivit\u00e4ten <\/h2>\n\n\n<div id=\"category_content_XQkhBlA4\" class=\"hsu_category archive-page\"><article  id=\"post-921\" class=\"category-list-item post-921 post type-post status-publish format-standard hentry \"><a href=\"https:\/\/www.hsu-hh.de\/ifms\/maritime-sicherheit-fuer-deutschland-gemeinsame-verantwortung\/\" title=\"Maritime Sicherheit f\u00fcr Deutschland: gemeinsame Verantwortung\" >\t<div class=\"article-listitem-datetime\">\t\t<time class=\"updated\" datetime=\"2025-10-07 11:53:31\"><\/time>\t\t<span class=\"article-month\">\t\t\t<time class=\"entry-date published\" datetime=\"2025-09-25 11:43:08\">Sep<\/time>\t\t<\/span>\t\t<span class=\"article-day\">\t\t\t<time class=\"entry-date published\" datetime=\"2025-09-25 11:43:08\">25<\/time>\t\t<\/span>\t\t<span class=\"article-datetime\">\t\t\t<time class=\"entry-date published\" datetime=\"2025-09-25 11:43:08\">2025<\/time>\t\t<\/span>\t<\/div><div class=\"hsu_category_article-content-wrap\"><div class=\"hsu_category_article-content-wrap-inner\"><div>\t<header class=\"entry-header\">\t\t<h3 class=\"entry-title\">Maritime Sicherheit f\u00fcr Deutschland: gemeinsame Verantwortung\t\t<\/h3>\t<\/header><div class=\"entry-content-excerpt\">Netzwerktreffen Maritime Sicherheit 2025 Das Netzwerktreffen Maritime Sicherheit (NwTr MarSi) ist ein gemeinsames Forum des Bundesministeriums der Verteidigung (BMVg) und des Interdisziplin\u00e4ren Forschungsschwerpunktes Maritime Sicherheit (iFMS) an der Helmut-Schmidt-Universit\u00e4t\/Universit\u00e4t der Bundeswehr Hamburg. Es bringt seit 2018 regelm\u00e4\u00dfig Vertreterinnen und Vertreter aus Politik, Beh\u00f6rden, Bundeswehr, Wissenschaft und Wirtschaft zusammen, um aktuelle Entwicklungen, Bedrohungen und strategische Fragen&#8230;<\/div> <\/div><\/div><\/div><\/a><\/article><article  id=\"post-856\" class=\"category-list-item post-856 post type-post status-publish format-standard hentry \"><a href=\"https:\/\/www.hsu-hh.de\/ifms\/maritime-sicherheit-kritische-infrastrukturen-landes-und-buendnisverteidigung-veranstaltungsbericht-zum-5-netzwerktreffen-maritime-sicherheit\/\" title=\"Maritime Sicherheit, Kritische Infrastrukturen, Landes- und B\u00fcndnisverteidigung: Veranstaltungsbericht zum 5. Netzwerktreffen Maritime Sicherheit\" >\t<div class=\"article-listitem-datetime\">\t\t<time class=\"updated\" datetime=\"2024-09-17 10:02:39\"><\/time>\t\t<span class=\"article-month\">\t\t\t<time class=\"entry-date published\" datetime=\"2024-09-17 10:01:52\">Sep<\/time>\t\t<\/span>\t\t<span class=\"article-day\">\t\t\t<time class=\"entry-date published\" datetime=\"2024-09-17 10:01:52\">17<\/time>\t\t<\/span>\t\t<span class=\"article-datetime\">\t\t\t<time class=\"entry-date published\" datetime=\"2024-09-17 10:01:52\">2024<\/time>\t\t<\/span>\t<\/div><div class=\"hsu_category_article-content-wrap\"><div class=\"hsu_category_article-content-wrap-inner\"><div>\t<header class=\"entry-header\">\t\t<h3 class=\"entry-title\">Maritime Sicherheit, Kritische Infrastrukturen, Landes- und B\u00fcndnisverteidigung: Veranstaltungsbericht zum 5. Netzwerktreffen Maritime Sicherheit\t\t<\/h3>\t<\/header><div class=\"entry-content-excerpt\">Am 11. September 2024 fand im Bundesministerium der Verteidigung (BMVg) das 5. Netzwerktreffen Maritime Sicherheit statt. Die Veranstaltung, die als Kooperation des interdisziplin\u00e4ren Forschungsschwerpunktes Maritime Sicherheit (iFMS) an der Helmut-Schmidt-Universit\u00e4t (HSU\/UniBw H) und des BMVg stattfindet, bot eine Plattform f\u00fcr einen intensiven und praxisorientierten Austausch zwischen Vertretern verschiedener ministerieller Ressorts, ausgew\u00e4hlten Wissenschaftlern und Praktikern aus&#8230;<\/div> <\/div><\/div><\/div><\/a><\/article><article  id=\"post-839\" class=\"category-list-item post-839 post type-post status-publish format-standard hentry \"><a href=\"https:\/\/www.hsu-hh.de\/ifms\/deutschlands-maritime-sicherheit-braucht-mehr-vernetzung\/\" title=\"Deutschlands Maritime Sicherheit braucht mehr Vernetzung\" >\t<div class=\"article-listitem-datetime\">\t\t<time class=\"updated\" datetime=\"2024-08-20 15:22:34\"><\/time>\t\t<span class=\"article-month\">\t\t\t<time class=\"entry-date published\" datetime=\"2023-09-28 15:17:00\">Sep<\/time>\t\t<\/span>\t\t<span class=\"article-day\">\t\t\t<time class=\"entry-date published\" datetime=\"2023-09-28 15:17:00\">28<\/time>\t\t<\/span>\t\t<span class=\"article-datetime\">\t\t\t<time class=\"entry-date published\" datetime=\"2023-09-28 15:17:00\">2023<\/time>\t\t<\/span>\t<\/div><div class=\"hsu_category_article-content-wrap\"><div class=\"hsu_category_article-content-wrap-inner\"><div>\t<header class=\"entry-header\">\t\t<h3 class=\"entry-title\">Deutschlands Maritime Sicherheit braucht mehr Vernetzung\t\t<\/h3>\t<\/header><div class=\"entry-content-excerpt\">Am 28. September f\u00fchrte ein Parlamentarischer Abend in Berlin als zweiter, \u00f6ffentlicher Teil des Netzwerktreffens Maritime Sicherheit rund einhundert Stakeholder aus Politik, Wissenschaft und Wirtschaft zusammen. F\u00fcr Siemtje M\u00f6ller, Parlamentarische Staatssekret\u00e4rin beim Bundesminister der Verteidigung und Schirmherrin des Abends, war dies der Auftakt f\u00fcr einen notwendigen vertieften strategischen Dialog. Denn es kann umfassende Sicherheit im&#8230;<\/div> <\/div><\/div><\/div><\/a><\/article><article  id=\"post-812\" class=\"category-list-item post-812 post type-post status-publish format-standard hentry \"><a href=\"https:\/\/www.hsu-hh.de\/ifms\/deutschland-sichern-globale-seewege-schuetzen\/\" title=\"<strong>\u201eDeutschland sichern \u2013 globale Seewege sch\u00fctzen\u201c<\/strong>&#8220; >\t<div class=\"article-listitem-datetime\">\t\t<time class=\"updated\" datetime=\"2023-07-21 13:05:32\"><\/time>\t\t<span class=\"article-month\">\t\t\t<time class=\"entry-date published\" datetime=\"2023-07-06 13:56:13\">Jul<\/time>\t\t<\/span>\t\t<span class=\"article-day\">\t\t\t<time class=\"entry-date published\" datetime=\"2023-07-06 13:56:13\">06<\/time>\t\t<\/span>\t\t<span class=\"article-datetime\">\t\t\t<time class=\"entry-date published\" datetime=\"2023-07-06 13:56:13\">2023<\/time>\t\t<\/span>\t<\/div><div class=\"hsu_category_article-content-wrap\"><div class=\"hsu_category_article-content-wrap-inner\"><div>\t<header class=\"entry-header\">\t\t<h3 class=\"entry-title\"><strong>\u201eDeutschland sichern \u2013 globale Seewege sch\u00fctzen\u201c<\/strong>\t\t<\/h3>\t<\/header><div class=\"entry-content-excerpt\">4. Netzwerktreffen \u201eMaritime Sicherheit\u201c im Bundesministerium der Verteidigung, Berlin, 05.07.2023 Maritime Sicherheit ist eine gesamtgesellschaftliche und gesamtstaatliche Aufgabe. Sie ist nur durch die \u00fcbergreifende Zusammenarbeit der unterschiedlichen maritimen Akteure in Deutschland, der verschiedenen Ressorts auf Bundes- und L\u00e4nderebene, sowie mit der Forschungslandschaft und der Wissenschaft zu bew\u00e4ltigen. Parlamentarische Staatssekret\u00e4rin Siemtje M\u00f6ller w\u00e4hrend des 4. Netzwerktreffens&#8230;<\/div> <\/div><\/div><\/div><\/a><\/article><article  id=\"post-819\" class=\"category-list-item post-819 post type-post status-publish format-standard hentry \"><a href=\"https:\/\/www.hsu-hh.de\/ifms\/internationales-expertengespraech-zu-maritimen-strategien-und-sicherheit-in-hamburg\/\" title=\"Internationales Expertengespr\u00e4ch zu Maritimen Strategien und Sicherheit in Hamburg\" >\t<div class=\"article-listitem-datetime\">\t\t<time class=\"updated\" datetime=\"2023-07-18 14:14:40\"><\/time>\t\t<span class=\"article-month\">\t\t\t<time class=\"entry-date published\" datetime=\"2023-06-21 14:14:12\">Jun<\/time>\t\t<\/span>\t\t<span class=\"article-day\">\t\t\t<time class=\"entry-date published\" datetime=\"2023-06-21 14:14:12\">21<\/time>\t\t<\/span>\t\t<span class=\"article-datetime\">\t\t\t<time class=\"entry-date published\" datetime=\"2023-06-21 14:14:12\">2023<\/time>\t\t<\/span>\t<\/div><div class=\"hsu_category_article-content-wrap\"><div class=\"hsu_category_article-content-wrap-inner\"><div>\t<header class=\"entry-header\">\t\t<h3 class=\"entry-title\">Internationales Expertengespr\u00e4ch zu Maritimen Strategien und Sicherheit in Hamburg\t\t<\/h3>\t<\/header><div class=\"entry-content-excerpt\">Am 13. Juni 2023 luden das German Institute for Defence and Strategic Studies (GIDS) und der interdisziplin\u00e4re Forschungsschwerpunkt Maritime Sicherheit (iFMS) an der Helmut-Schmidt-Universit\u00e4t \/ Universit\u00e4t der Bundeswehr Hamburg zum internationalen maritimen Expertengespr\u00e4ch im hanseatisch gepr\u00e4gten Ambiente des Internationalen Maritimen Museums Hamburg (IMMH) in der Speicherstadt ein. Die Teilnehmer \u2013 Wissenschaftler und Marineoffiziere aus Argentinien,&#8230;<\/div> <\/div><\/div><\/div><\/a><\/article><\/div><div class=\"clearfix\"><\/div><div class=\"col-xs-12 col-md-3 col-md-push-4\"><span class=\"link no-arrow\"><button class=\"gcategorymore hsu_btn\" id=\"XQkhBlA4\"  data-catID=\"35\" data-postsPerPage=\"5\" data-order=\"DESC\" data-paged=\"2\" data-more_posts=\"1\" data-postexcerpt=\"1\" data-postmeta=\"1\" data-posttitle=\"1\" data-currentPostId=\"354\" data-uid=\"XQkhBlA4\" data-ajax=\"true\" >Mehr Beitr\u00e4ge<\/button><\/span><\/div><div class=\"clearfix\"><\/div><\/div>\n<\/div>\n","protected":false},"excerpt":{"rendered":"<p>Ziele und Auftrag Der interdisziplin\u00e4re Forschungsschwerpunkt Maritime Sicherheit (iFMS) basiert auf einer Kooperationsvereinbarung zwischen der Helmut\u00ad Schmidt-Universit\u00e4t\/Universit\u00e4t der Bundeswehr Hamburg (HSU\/UnibwH) und dem Bundesministerium der Verteidigung (BMVg) zur Steigerung der [&hellip;]<\/p>\n","protected":false},"author":140,"featured_media":0,"parent":0,"menu_order":0,"comment_status":"closed","ping_status":"closed","template":"","meta":{"footnotes":""},"categories":[35],"tags":[69,77,79,81,83],"class_list":["post-354","page","type-page","status-publish","hentry","category-startseite","tag-ifms-de","tag-marine-de","tag-maritime-sicherheit-de","tag-sicherheit-de","tag-sicherheitspolitik-de"],"_links":{"self":[{"href":"https:\/\/www.hsu-hh.de\/ifms\/wp-json\/wp\/v2\/pages\/354","targetHints":{"allow":["GET"]}}],"collection":[{"href":"https:\/\/www.hsu-hh.de\/ifms\/wp-json\/wp\/v2\/pages"}],"about":[{"href":"https:\/\/www.hsu-hh.de\/ifms\/wp-json\/wp\/v2\/types\/page"}],"author":[{"embeddable":true,"href":"https:\/\/www.hsu-hh.de\/ifms\/wp-json\/wp\/v2\/users\/140"}],"replies":[{"embeddable":true,"href":"https:\/\/www.hsu-hh.de\/ifms\/wp-json\/wp\/v2\/comments?post=354"}],"version-history":[{"count":26,"href":"https:\/\/www.hsu-hh.de\/ifms\/wp-json\/wp\/v2\/pages\/354\/revisions"}],"predecessor-version":[{"id":932,"href":"https:\/\/www.hsu-hh.de\/ifms\/wp-json\/wp\/v2\/pages\/354\/revisions\/932"}],"wp:attachment":[{"href":"https:\/\/www.hsu-hh.de\/ifms\/wp-json\/wp\/v2\/media?parent=354"}],"wp:term":[{"taxonomy":"category","embeddable":true,"href":"https:\/\/www.hsu-hh.de\/ifms\/wp-json\/wp\/v2\/categories?post=354"},{"taxonomy":"post_tag","embeddable":true,"href":"https:\/\/www.hsu-hh.de\/ifms\/wp-json\/wp\/v2\/tags?post=354"}],"curies":[{"name":"wp","href":"https:\/\/api.w.org\/{rel}","templated":true}]}}