{"id":352,"date":"2021-10-12T13:56:15","date_gmt":"2021-10-12T11:56:15","guid":{"rendered":"https:\/\/www.hsu-hh.de\/ifms\/?page_id=352"},"modified":"2025-10-07T11:51:15","modified_gmt":"2025-10-07T09:51:15","slug":"konferenzen","status":"publish","type":"page","link":"https:\/\/www.hsu-hh.de\/ifms\/konferenzen\/","title":{"rendered":"Veranstaltungen"},"content":{"rendered":"\n<div class=\"wp-block-columns is-layout-flex wp-container-core-columns-is-layout-9d6595d7 wp-block-columns-is-layout-flex\">\n<div class=\"wp-block-column is-layout-flow wp-block-column-is-layout-flow\">\n<figure class=\"wp-block-image size-large\"><img loading=\"lazy\" decoding=\"async\" width=\"1024\" height=\"216\" src=\"https:\/\/www.hsu-hh.de\/ifms\/wp-content\/uploads\/sites\/812\/2018\/05\/Banner-iFMS_2018_05_28_blau_v2-1024x216.jpg\" data-credit=\"iFMS\" alt=\"Bild\" class=\"wp-image-247\" srcset=\"https:\/\/www.hsu-hh.de\/ifms\/wp-content\/uploads\/sites\/812\/2018\/05\/Banner-iFMS_2018_05_28_blau_v2-1024x216.jpg 1024w, https:\/\/www.hsu-hh.de\/ifms\/wp-content\/uploads\/sites\/812\/2018\/05\/Banner-iFMS_2018_05_28_blau_v2-300x63.jpg 300w, https:\/\/www.hsu-hh.de\/ifms\/wp-content\/uploads\/sites\/812\/2018\/05\/Banner-iFMS_2018_05_28_blau_v2-768x162.jpg 768w, https:\/\/www.hsu-hh.de\/ifms\/wp-content\/uploads\/sites\/812\/2018\/05\/Banner-iFMS_2018_05_28_blau_v2.jpg 1900w\" sizes=\"auto, (max-width: 1024px) 100vw, 1024px\" \/><\/figure>\n<\/div>\n\n\n\n<div class=\"wp-block-column is-vertically-aligned-center is-layout-flow wp-block-column-is-layout-flow\">\n<h3 class=\"wp-block-heading has-text-align-left\">Das &#8218;Netzwerktreffen Maritime Sicherheit&#8216;, das Flaggschiff der Veranstaltungsreihe des <abbr title=\"iFMS\">iFMS<\/abbr><\/h3>\n<\/div>\n<\/div>\n\n\n\n<p>Der <abbr title=\"iFMS\">iFMS<\/abbr> arbeitet kontinuierlich an der Intensivierung von Kooperation und Austausch zwischen Experten und Stakeholdern, um die vorhandene maritime Kompetenz personell und thematisch zu vernetzen und die Relevanz maritim-strategischer Fragen zu verdeutlichen. Diesem Ziel dient auch die j\u00e4hrliche Flaggschiff-Veranstaltung, das &#8218;Netzwerktreffen Maritime Sicherheit&#8216;, welches relevante Stakeholder und Perspektiven aus Wissenschaft, Wirtschaft, Politik und Streitkr\u00e4ften zusammenbringt. Zus\u00e4tzlich f\u00fchrt der <abbr title=\"iFMS\">iFMS<\/abbr> \u00f6ffentliche wie geschlossene Einzelveranstaltungen, Workshops und Arbeitsformate mit unterschiedlichen Kooperationspartnern sowie Teilnehmerinnen und Teilnehmern durch.<\/p>\n\n\n\n<hr class=\"wp-block-separator has-alpha-channel-opacity\" \/>\n\n\n\n<p><strong>Maritime Sicherheits Deutschlands &#8211; gemeinsame Verantwortung: 6. Netzwerktreffen Maritime Sicherheit<\/strong><\/p>\n\n\n\n<p><strong>24. September 2025, Bundesministerium der Verteidigung sowie Landesvertretung der Freien und Hansestadt Hamburg, Berlin<\/strong><\/p>\n\n\n\n<figure class=\"wp-block-image size-large\"><img loading=\"lazy\" decoding=\"async\" width=\"2560\" height=\"1440\" src=\"https:\/\/www.hsu-hh.de\/ifms\/wp-content\/uploads\/sites\/812\/2025\/10\/signal-2025-09-26-110654-edited-scaled.jpeg\" data-credit=\"JP\" alt=\"\" class=\"wp-image-924\" srcset=\"https:\/\/www.hsu-hh.de\/ifms\/wp-content\/uploads\/sites\/812\/2025\/10\/signal-2025-09-26-110654-edited-scaled.jpeg 2560w, https:\/\/www.hsu-hh.de\/ifms\/wp-content\/uploads\/sites\/812\/2025\/10\/signal-2025-09-26-110654-edited-300x169.jpeg 300w, https:\/\/www.hsu-hh.de\/ifms\/wp-content\/uploads\/sites\/812\/2025\/10\/signal-2025-09-26-110654-edited-1024x576.jpeg 1024w, https:\/\/www.hsu-hh.de\/ifms\/wp-content\/uploads\/sites\/812\/2025\/10\/signal-2025-09-26-110654-edited-768x432.jpeg 768w, https:\/\/www.hsu-hh.de\/ifms\/wp-content\/uploads\/sites\/812\/2025\/10\/signal-2025-09-26-110654-edited-1536x864.jpeg 1536w, https:\/\/www.hsu-hh.de\/ifms\/wp-content\/uploads\/sites\/812\/2025\/10\/signal-2025-09-26-110654-edited-2048x1152.jpeg 2048w, https:\/\/www.hsu-hh.de\/ifms\/wp-content\/uploads\/sites\/812\/2025\/10\/signal-2025-09-26-110654-edited-1100x619.jpeg 1100w\" sizes=\"auto, (max-width: 2560px) 100vw, 2560px\" \/><figcaption class=\"wp-element-caption\">V.l.n.r. Karina W\u00fcrtz (Stiftung Offshore), Sts Claudia Elif Stutz (BMV), PSts Sebastian Hartmann (BMVg), Sophie Witte.<\/figcaption><\/figure>\n\n\n\n<p>Am 24. September 2025 fand in Berlin das sechste Netzwerktreffen Maritime Sicherheit statt. Ziel war es, aktuelle und zuk\u00fcnftige Bedrohungen f\u00fcr die maritime Sicherheit Deutschlands aus ressort\u00fcbergreifender Perspektive zu diskutieren und Potenziale f\u00fcr eine \u00fcbergreifende Nationale Maritime Sicherheitsstrategie zu entwickeln. Das diesj\u00e4hrige Netzwerktreffen war wie die vergangenen beiden Jahre als zweiteilige Veranstaltung konzipiert: die Tagesveranstaltung fungierte in den R\u00e4umlichkeiten des Bundesministeriums der Verteidigung als Arbeitsworkshop von Ressorts und Beh\u00f6rden sowie ausgew\u00e4hlter wissenschaftlicher Vertreter. Der abendliche Anteil wurde als \u00f6ffentliche Veranstaltung mit Paneldiskussion und Netzwerkanteil aufgestellt.<\/p>\n\n\n\n<p><a href=\"https:\/\/www.hsu-hh.de\/ifms\/maritime-sicherheit-fuer-deutschland-gemeinsame-verantwortung\/\" data-type=\"link\" data-id=\"https:\/\/www.hsu-hh.de\/ifms\/maritime-sicherheit-fuer-deutschland-gemeinsame-verantwortung\/\">Hier<\/a> finden sich weitere Informationen zur Veranstaltung.<\/p>\n\n\n\n<hr class=\"wp-block-separator has-css-opacity is-style-wide\" \/>\n\n\n\n<div class=\"wp-block-columns is-layout-flex wp-container-core-columns-is-layout-9d6595d7 wp-block-columns-is-layout-flex\">\n<div class=\"wp-block-column is-layout-flow wp-block-column-is-layout-flow\" style=\"flex-basis:100%\">\n<div class=\"wp-block-columns is-layout-flex wp-container-core-columns-is-layout-9d6595d7 wp-block-columns-is-layout-flex\">\n<div class=\"wp-block-column is-layout-flow wp-block-column-is-layout-flow\">\n<h3 class=\"wp-block-heading\"><strong>Maritime Sicherheit, Kritische Infrastrukturen, Landes- und B\u00fcndnisverteidigung: Veranstaltungsbericht zum 5. Netzwerktreffen Maritime Sicherheit<\/strong><\/h3>\n\n\n\n<p><strong>11. September 2024, Bundesministerium der Verteidigung\/Berlin<\/strong><\/p>\n\n\n\n<p class=\"has-small-font-size\"><\/p>\n\n\n\n<figure class=\"wp-block-image size-large\"><img loading=\"lazy\" decoding=\"async\" width=\"1024\" height=\"578\" src=\"https:\/\/www.hsu-hh.de\/ifms\/wp-content\/uploads\/sites\/812\/2024\/09\/20240911_070655571_iOS-scaled-e1726569921742-1024x578.jpg\" data-credit=\"Dumm\" alt=\"\" class=\"wp-image-862\" srcset=\"https:\/\/www.hsu-hh.de\/ifms\/wp-content\/uploads\/sites\/812\/2024\/09\/20240911_070655571_iOS-scaled-e1726569921742-1024x578.jpg 1024w, https:\/\/www.hsu-hh.de\/ifms\/wp-content\/uploads\/sites\/812\/2024\/09\/20240911_070655571_iOS-scaled-e1726569921742-300x169.jpg 300w, https:\/\/www.hsu-hh.de\/ifms\/wp-content\/uploads\/sites\/812\/2024\/09\/20240911_070655571_iOS-scaled-e1726569921742-768x434.jpg 768w, https:\/\/www.hsu-hh.de\/ifms\/wp-content\/uploads\/sites\/812\/2024\/09\/20240911_070655571_iOS-scaled-e1726569921742-1536x868.jpg 1536w, https:\/\/www.hsu-hh.de\/ifms\/wp-content\/uploads\/sites\/812\/2024\/09\/20240911_070655571_iOS-scaled-e1726569921742-2048x1157.jpg 2048w, https:\/\/www.hsu-hh.de\/ifms\/wp-content\/uploads\/sites\/812\/2024\/09\/20240911_070655571_iOS-scaled-e1726569921742-1100x621.jpg 1100w\" sizes=\"auto, (max-width: 1024px) 100vw, 1024px\" \/><figcaption class=\"wp-element-caption\"><abbr title=\"Professor\">Prof.<\/abbr> <abbr title=\"Doktor\">Dr.<\/abbr> Gary Schaal w\u00e4hrend der Begr\u00fc\u00dfung zum 5. Netzwerktreffen Maritime Sicherheit.<\/figcaption><\/figure>\n\n\n\n<p>Am 11. September 2024 fand im Bundesministerium der Verteidigung (BMVg) das 5. Netzwerktreffen Maritime Sicherheit statt. Die Veranstaltung, die als Kooperation des interdisziplin\u00e4ren Forschungsschwerpunktes Maritime Sicherheit (<abbr title=\"iFMS\">iFMS<\/abbr>) an der Helmut-Schmidt-Universit\u00e4t (<abbr title=\"Helmut Schmidt Universit\u00e4t\">HSU<\/abbr>\/UniBw H) und des BMVg stattfindet, bot eine Plattform f\u00fcr einen intensiven und praxisorientierten Austausch zwischen Vertretern verschiedener ministerieller Ressorts, ausgew\u00e4hlten Wissenschaftlern und Praktikern aus dem Bereich der maritimen Sicherheit. Zu diesem Kreis z\u00e4hlten unter anderem Vertreter des Bundeskanzleramtes, des Bundesministeriums des Innern, des Bundesministeriums f\u00fcr Wirtschaft und Klimaschutz, der Bundespolizei See und der Deutschen Marine.<\/p>\n\n\n\n<p> Den Veranstaltungsbericht <a href=\"https:\/\/www.hsu-hh.de\/ifms\/maritime-sicherheit-kritische-infrastrukturen-landes-und-buendnisverteidigung-veranstaltungsbericht-zum-5-netzwerktreffen-maritime-sicherheit\/\" data-type=\"URL\" data-id=\"https:\/\/www.hsu-hh.de\/ifms\/deutschland-sichern-globale-seewege-schuetzen\/\">finden Sie hier<\/a>.<\/p>\n<\/div>\n<\/div>\n<\/div>\n<\/div>\n\n\n\n<hr class=\"wp-block-separator has-alpha-channel-opacity\" \/>\n\n\n\n<p><\/p>\n\n\n\n<h3 class=\"wp-block-heading\">Parlamentartischer Abend zum 4. <strong>Netzwerktreffen Maritime Sicherheit<\/strong><\/h3>\n\n\n\n<div class=\"wp-block-columns is-layout-flex wp-container-core-columns-is-layout-9d6595d7 wp-block-columns-is-layout-flex\">\n<div class=\"wp-block-column is-layout-flow wp-block-column-is-layout-flow\" style=\"flex-basis:100%\">\n<figure class=\"wp-block-image size-large\"><img loading=\"lazy\" decoding=\"async\" width=\"1024\" height=\"576\" src=\"https:\/\/www.hsu-hh.de\/ifms\/wp-content\/uploads\/sites\/812\/2024\/08\/parlabend23-1024x576.jpg\" data-credit=\"Marcus Mohr\" alt=\"\" class=\"wp-image-853\" srcset=\"https:\/\/www.hsu-hh.de\/ifms\/wp-content\/uploads\/sites\/812\/2024\/08\/parlabend23-1024x576.jpg 1024w, https:\/\/www.hsu-hh.de\/ifms\/wp-content\/uploads\/sites\/812\/2024\/08\/parlabend23-300x169.jpg 300w, https:\/\/www.hsu-hh.de\/ifms\/wp-content\/uploads\/sites\/812\/2024\/08\/parlabend23-768x432.jpg 768w, https:\/\/www.hsu-hh.de\/ifms\/wp-content\/uploads\/sites\/812\/2024\/08\/parlabend23-1536x864.jpg 1536w, https:\/\/www.hsu-hh.de\/ifms\/wp-content\/uploads\/sites\/812\/2024\/08\/parlabend23-2048x1152.jpg 2048w, https:\/\/www.hsu-hh.de\/ifms\/wp-content\/uploads\/sites\/812\/2024\/08\/parlabend23-1100x619.jpg 1100w\" sizes=\"auto, (max-width: 1024px) 100vw, 1024px\" \/><figcaption class=\"wp-element-caption\">Das Podium des Parlamentarischen Abends (v.l.n.r.): Johann Saathoff, Hans-Werner Wiermann, Dieter Janecek und Siemtje M\u00f6ller.<\/figcaption><\/figure>\n\n\n\n<div class=\"wp-block-columns is-layout-flex wp-container-core-columns-is-layout-9d6595d7 wp-block-columns-is-layout-flex\">\n<div class=\"wp-block-column is-layout-flow wp-block-column-is-layout-flow\">\n<p><strong>28. September 2023, Landesvertretung Hamburg in Berlin<\/strong><\/p>\n\n\n\n<p>Am 28. September 2023 f\u00fchrte ein Parlamentarischer Abend in Berlin als zweiter, \u00f6ffentlicher Teil des Netzwerktreffens Maritime Sicherheit rund einhundert Stakeholder aus Politik, Wissenschaft und Wirtschaft zusammen. F\u00fcr Siemtje M\u00f6ller, Parlamentarische Staatssekret\u00e4rin beim Bundesminister der Verteidigung und Schirmherrin des Abends, war dies der Auftakt f\u00fcr einen notwendigen vertieften strategischen Dialog. Denn es kann umfassende Sicherheit im maritimen Umfeld nur geben, wenn alle staatlichen Akteure untereinander und mit der Wirtschaft zielgerichtet zusammenarbeiten.<\/p>\n\n\n\n<p>Der gesamte Veranstaltungsbericht findet sich auf <a href=\"https:\/\/www.bundeswehr.de\/de\/organisation\/marine\/aktuelles\/deutschlands-maritime-sicherheit-vernetzung-5691186\" rel='nofollow'>Seiten der Bundeswehr<\/a>.<\/p>\n\n\n\n<p><\/p>\n<\/div>\n<\/div>\n<\/div>\n<\/div>\n\n\n\n<hr class=\"wp-block-separator has-alpha-channel-opacity\" \/>\n\n\n\n<div class=\"wp-block-columns is-layout-flex wp-container-core-columns-is-layout-9d6595d7 wp-block-columns-is-layout-flex\">\n<div class=\"wp-block-column is-layout-flow wp-block-column-is-layout-flow\" style=\"flex-basis:100%\"><div class=\"wp-block-image\">\n<figure class=\"alignleft size-large is-resized\"><img loading=\"lazy\" decoding=\"async\" width=\"430\" height=\"688\" src=\"https:\/\/www.hsu-hh.de\/ifms\/wp-content\/uploads\/sites\/812\/2023\/06\/7D6A6561-edited-1.jpg\" data-credit=\"BMVg\" alt=\"\" class=\"wp-image-670\" style=\"width:366px\" srcset=\"https:\/\/www.hsu-hh.de\/ifms\/wp-content\/uploads\/sites\/812\/2023\/06\/7D6A6561-edited-1.jpg 430w, https:\/\/www.hsu-hh.de\/ifms\/wp-content\/uploads\/sites\/812\/2023\/06\/7D6A6561-edited-1-188x300.jpg 188w\" sizes=\"auto, (max-width: 430px) 100vw, 430px\" \/><figcaption class=\"wp-element-caption\">Parlamentarische Staatseket\u00e4rin M\u00f6ller, Schirmherrin des Netzwerktreffens Maritime Sicherheit, w\u00e4hrend ihrer Keynote beim Netzwerktreffen Maritime Sicherheit 2022.<\/figcaption><\/figure>\n<\/div>\n\n\n<div class=\"wp-block-columns is-layout-flex wp-container-core-columns-is-layout-9d6595d7 wp-block-columns-is-layout-flex\">\n<div class=\"wp-block-column is-layout-flow wp-block-column-is-layout-flow\">\n<h3 class=\"wp-block-heading\">4. <strong>Netzwerktreffen Maritime Sicherheit:&nbsp;\u201e<\/strong>Deutschland sichern &#8211; Globale Seewege sch\u00fctzen<strong>\u201c<\/strong><\/h3>\n\n\n\n<p><strong>05. Juli 2023, Bundesministerium der Verteidigung\/Berlin<\/strong><\/p>\n\n\n\n<p><\/p>\n\n\n\n<p class=\"has-small-font-size\"><em><sup>Unter wiederholter Schirmherrschaft der Parlamentarischen Staatssekret\u00e4rin Siemtje M\u00f6ller<\/sup><\/em><\/p>\n\n\n\n<p>Maritime Sicherheit ist eine gesamtgesellschaftliche Herkulesaufgabe, f\u00fcr deren Bew\u00e4ltigung umfassende Zusammenarbeit aller Ressorts, Think Tanks und Forschungseinrichtungen notwendig ist. Wir beobachten eine Zunahme an immer komplexeren Gefahren und Herausforderungen im maritimen Sektor \u2013 vom Systemkonflikt und der Landes- und B\u00fcndnisverteidigung \u00fcber Versorgungssicherheit und dem Schutz maritimer Kritischer Infrastrukturen bis zum Klimawandel und seinen Auswirkungen \u2013 und leisten qua verfassungsm\u00e4\u00dfigem Auftrag unseren Beitrag. In der Zeitenwende ist aber mehr gefordert. Im Rahmen des neuen Ansatzes der integrierten Sicherheit verstehen wir die Bedrohungen unserer Werte und unseres Wohlstandes als einen gemeinsamen Auftrag, um ein gesamtgesellschaftliches Verst\u00e4ndnis f\u00fcr maritime Sicherheit zu entwickeln.<\/p>\n\n\n\n<p>Zu diesem Zweck haben das BMVg und der <abbr title=\"iFMS\">iFMS<\/abbr> am 05. Juli 2023 zum 4. Netzwerktreffen Maritime Sicherheit in die R\u00e4umlichkeiten des Verteidigungsministeriums in Berlin eingeladen. Den Veranstaltungsbericht <a href=\"https:\/\/www.hsu-hh.de\/ifms\/deutschland-sichern-globale-seewege-schuetzen\/\" data-type=\"URL\" data-id=\"https:\/\/www.hsu-hh.de\/ifms\/deutschland-sichern-globale-seewege-schuetzen\/\">finden Sie hier<\/a>.<\/p>\n<\/div>\n<\/div>\n<\/div>\n<\/div>\n\n\n\n<div class=\"wp-block-columns is-layout-flex wp-container-core-columns-is-layout-9d6595d7 wp-block-columns-is-layout-flex\">\n<div class=\"wp-block-column is-layout-flow wp-block-column-is-layout-flow\" style=\"flex-basis:100%\">\n<hr class=\"wp-block-separator has-alpha-channel-opacity\" \/>\n<\/div>\n<\/div>\n\n\n\n<div class=\"wp-block-columns is-layout-flex wp-container-core-columns-is-layout-9d6595d7 wp-block-columns-is-layout-flex\">\n<div class=\"wp-block-column is-vertically-aligned-center is-layout-flow wp-block-column-is-layout-flow\"><script>\tvar sosereDefaults = {\"allowfullscreen\":true,\"fit\":\"contain\",\"transition\":\"crossfade\",\"loop\":true,\"autoplay\":\"3000\",\"stopautoplayontouch\":true,\"keyboard\":true,\"nav\":\"thumbs\"}<\/script><div class='sosere--wp' data-ids='641'data-link='file'data-itemtag='dl'data-icontag='dt'data-captiontag='dd'data-columns='0'data-size='large'data-width='1024'data-auto='false'data-max-width='100%'data-ratio='1.5014662756598'><div id='gallery-1' class='gallery galleryid-352 gallery-columns-0 gallery-size-thumbnail'><dl class='gallery-item'>\n\t\t\t<dt class='gallery-icon landscape'>\n\t\t\t\t<a href='https:\/\/www.hsu-hh.de\/ifms\/wp-content\/uploads\/sites\/812\/2023\/06\/7D6A6322-1024x682.jpg' data-full='https:\/\/www.hsu-hh.de\/ifms\/wp-content\/uploads\/sites\/812\/2023\/06\/7D6A6322.jpg' data-credit=\"BMVg\"><img loading=\"lazy\" decoding=\"async\" width=\"150\" height=\"150\" src=\"https:\/\/www.hsu-hh.de\/ifms\/wp-content\/uploads\/sites\/812\/2023\/06\/7D6A6322-150x150.jpg\" class=\"attachment-thumbnail size-thumbnail\" alt=\"\" srcset=\"https:\/\/www.hsu-hh.de\/ifms\/wp-content\/uploads\/sites\/812\/2023\/06\/7D6A6322-150x150.jpg 150w, https:\/\/www.hsu-hh.de\/ifms\/wp-content\/uploads\/sites\/812\/2023\/06\/7D6A6322-100x100.jpg 100w\" sizes=\"auto, (max-width: 150px) 100vw, 150px\" \/><\/a>\n\t\t\t<\/dt><\/dl>\n\t\t<\/div>\n<\/div><\/div>\n\n\n\n<div class=\"wp-block-column is-layout-flow wp-block-column-is-layout-flow\">\n<h3 class=\"wp-block-heading\" id=\"block-926d3a81-7a00-4896-bad1-0bc81f7686ed\"><strong>Netzwerkkonferenz:&nbsp;\u201e<\/strong>Maritime Sicherheit zwischen Weaponized Interdependence und Geo-Economics<strong>\u201c<\/strong><\/h3>\n\n\n\n<p><strong>19. September 2022, Cyber Innovation Hub der Bundeswehr\/Berlin<\/strong><\/p>\n\n\n\n<p class=\"has-small-font-size\"><em><sup>Unter Schirmherrschaft der Parlamentarischen Staatssekret\u00e4rin Siemtje M\u00f6ller<\/sup><\/em><\/p>\n\n\n\n<p>Das Maritime ist wie kaum eine andere Handlungssph\u00e4re genuin grenzu\u0308berschreitend, global, vernetzt und damit interdependent. Auch die Bundesrepublik Deutschland ist in dieses globale maritime Netz von Austauschbeziehungen integriert.<\/p>\n\n\n\n<p>Dieses Netz(-werk) wurde in den letzten Jahren zunehmend Objekt konkurrierender geopolitischer und geo\u00f6konomischer Interessen \u2013 eine Entwicklung, die den sicherheitspolitischen Bezugsrahmen Maritimer Sicherheit (MS) nachhaltig ver\u00e4ndert. Durch die, aus der globalen (maritimen) Vernetzung resultierende, Interdependenz ist eine Vulnerabilit\u00e4t Deutschlands entstanden, die strategisch ausgenutzt werden kann.<\/p>\n\n\n\n<p>Mit der Regionalanalyse maritimer Netzwerke und Abh\u00e4ngigkeiten soll ein Beitrag zur Strategieentwicklung auf deutscher und europ\u00e4ischer Ebene geleistet werden, um die (maritime) Resilienz gegen Weaponized Interdependence (<abbr title=\"Wirtschaftsingenieurwesen\">WI<\/abbr>) zu erh\u00f6hen und auf diese neuen Bedrohungen einzustellen.<\/p>\n<\/div>\n<\/div>\n\n\n\n<hr class=\"wp-block-separator has-css-opacity is-style-wide\" \/>\n\n\n\n<div class=\"wp-block-columns is-layout-flex wp-container-core-columns-is-layout-9d6595d7 wp-block-columns-is-layout-flex\">\n<div class=\"wp-block-column is-vertically-aligned-center is-layout-flow wp-block-column-is-layout-flow\">\n<h3 class=\"wp-block-heading\"><strong>Netzwerkkonferenz:&nbsp;\u201eDeutsche Maritime Interessen in Zeiten des Umbruchs\u201c<\/strong><\/h3>\n\n\n\n<p><strong>10. September 2019, Bundesministerium der Verteidigung\/Berlin<\/strong><\/p>\n\n\n\n<p>Die Konferenz widmet sich dem Thema \u201eDeutsche Maritime Interessen\u201c. Im maritimen Raum haben sich \u00fcber die Jahrhunderte komplexe Ordnungsmechanismen und Ordnungsarrangements (juristischer, milit\u00e4rischer oder habitueller Art) entwickelt, die f\u00fcr das Funktionieren dieses Raumes von herausragender Bedeutung sind. <\/p>\n\n\n\n<p>In den letzten Jahren erfolgt jedoch eine (Neu-)Ordnung maritimer R\u00e4ume,&nbsp;<abbr title=\"unter anderem\">u.a.<\/abbr>&nbsp;aufgrund von \u201eungestraften Regelbr\u00fcchen\u201c in der internationalen Seerechtspolitik. Es m\u00fcssen daher neue Ordnungsmechanismen und -arrangements ausgehandelt werden. Diese \u00e4u\u00dferst anspruchsvolle Aufgabe sie setzt voraus, dass deutsche Maritime Interessen klar definiert werden. <\/p>\n\n\n\n<p>Weitere Informationen und der <a rel=\"noreferrer noopener\" href=\"https:\/\/www.bmvg.de\/de\/aktuelles\/-netzwerktreffen-maritime-sicherheit-107034\" data-type=\"URL\" data-id=\"https:\/\/www.bmvg.de\/de\/aktuelles\/-netzwerktreffen-maritime-sicherheit-107034\" target=\"_blank\">Veranstaltungsbericht finden sich auf Seiten des BMVg<\/a>.<\/p>\n<\/div>\n\n\n\n<div class=\"wp-block-column is-vertically-aligned-center is-layout-flow wp-block-column-is-layout-flow\">\n<figure class=\"wp-block-image is-resized is-style-default\"><img loading=\"lazy\" decoding=\"async\" width=\"1024\" height=\"576\" src=\"https:\/\/www.hsu-hh.de\/ifms\/wp-content\/uploads\/sites\/812\/2023\/06\/teilnehmer-des-netzwerktreffens-1024x576.jpg\" data-credit=\"Bundeswehr\/J\u00f6rg Fleischer\" alt=\"\" class=\"wp-image-661\" style=\"width:598px;height:336px\" srcset=\"https:\/\/www.hsu-hh.de\/ifms\/wp-content\/uploads\/sites\/812\/2023\/06\/teilnehmer-des-netzwerktreffens-1024x576.jpg 1024w, https:\/\/www.hsu-hh.de\/ifms\/wp-content\/uploads\/sites\/812\/2023\/06\/teilnehmer-des-netzwerktreffens-300x169.jpg 300w, https:\/\/www.hsu-hh.de\/ifms\/wp-content\/uploads\/sites\/812\/2023\/06\/teilnehmer-des-netzwerktreffens-768x432.jpg 768w, https:\/\/www.hsu-hh.de\/ifms\/wp-content\/uploads\/sites\/812\/2023\/06\/teilnehmer-des-netzwerktreffens-1100x619.jpg 1100w, https:\/\/www.hsu-hh.de\/ifms\/wp-content\/uploads\/sites\/812\/2023\/06\/teilnehmer-des-netzwerktreffens.jpg 1200w\" sizes=\"auto, (max-width: 1024px) 100vw, 1024px\" \/><\/figure>\n<\/div>\n<\/div>\n\n\n\n<hr class=\"wp-block-separator has-css-opacity is-style-wide\" \/>\n\n\n\n<div class=\"wp-block-columns is-layout-flex wp-container-core-columns-is-layout-9d6595d7 wp-block-columns-is-layout-flex\">\n<div class=\"wp-block-column is-layout-flow wp-block-column-is-layout-flow\"><div class=\"wp-block-image\">\n<figure class=\"aligncenter size-full is-resized\"><img loading=\"lazy\" decoding=\"async\" width=\"640\" height=\"917\" src=\"https:\/\/www.hsu-hh.de\/ifms\/wp-content\/uploads\/sites\/812\/2023\/06\/Bildschirmfoto-2023-06-05-um-13.00.47.png\" data-credit=\"iFMS\" alt=\"\" class=\"wp-image-655\" style=\"width:419px;height:599px\" srcset=\"https:\/\/www.hsu-hh.de\/ifms\/wp-content\/uploads\/sites\/812\/2023\/06\/Bildschirmfoto-2023-06-05-um-13.00.47.png 640w, https:\/\/www.hsu-hh.de\/ifms\/wp-content\/uploads\/sites\/812\/2023\/06\/Bildschirmfoto-2023-06-05-um-13.00.47-209x300.png 209w\" sizes=\"auto, (max-width: 640px) 100vw, 640px\" \/><\/figure>\n<\/div><\/div>\n\n\n\n<div class=\"wp-block-column is-vertically-aligned-center is-layout-flow wp-block-column-is-layout-flow\">\n<h3 class=\"wp-block-heading\"><strong>Internationales Symposium:&nbsp;\u201cMaritime Security: Facing Vulnerabilities and Resilience in the Maritime Domain: North and Baltic Sea\u201d<\/strong><\/h3>\n\n\n\n<p><strong>04.-05. September 2018, the Helmut-Schmidt-Universit\u00e4t \/ Universit\u00e4t der Bundeswehr Hamburg<\/strong><\/p>\n\n\n\n<p>Das erste internationale Symposium des <abbr title=\"iFMS\">iFMS<\/abbr> fand im Kooperation mit dem Hybrid Center of Excellence Helsinki statt. Thematisch befasste es sich mit  der Identifikation von maritimen Abh\u00e4ngigkeiten, spezifischen Vulnerabilit\u00e4ten und Ans\u00e4tzen zur strategischen Steigerung von Resilienz aus einer interdisziplin\u00e4ren, europ\u00e4ischen Perspektive. Dazu versammelten sich Experten, Stakeholder und Entscheidungstr\u00e4ger aus Politik, Wirtschaft, Streitkr\u00e4ften, Gesellschaft und Wissenschaft f\u00fcr zwei Tage an der <abbr title=\"Helmut Schmidt Universit\u00e4t\">HSU<\/abbr> in Hamburg.<\/p>\n\n\n\n<p>Weitere Informationen <a href=\"https:\/\/www.hybridcoe.fi\/news\/symposium-on-vulnerabilities-and-resilience-in-the-maritime-domain\/\" data-type=\"URL\" data-id=\"https:\/\/www.hybridcoe.fi\/news\/symposium-on-vulnerabilities-and-resilience-in-the-maritime-domain\/\" target=\"_blank\" rel=\"noreferrer noopener\">auf Seiten unseres Kooperationspartners, dem Hybrid CoE<\/a>.<\/p>\n<\/div>\n<\/div>\n","protected":false},"excerpt":{"rendered":"<p>Das &#8218;Netzwerktreffen Maritime Sicherheit&#8216;, das Flaggschiff der Veranstaltungsreihe des iFMS Der iFMS arbeitet kontinuierlich an der Intensivierung von Kooperation und Austausch zwischen Experten und Stakeholdern, um die vorhandene maritime Kompetenz [&hellip;]<\/p>\n","protected":false},"author":140,"featured_media":0,"parent":0,"menu_order":0,"comment_status":"closed","ping_status":"closed","template":"","meta":{"footnotes":""},"categories":[4],"tags":[69,71,73,75],"class_list":["post-352","page","type-page","status-publish","hentry","category-forschung","tag-ifms-de","tag-konferenz-de","tag-maritime-sicherhheit-de","tag-netzwerkkonferenz-de"],"_links":{"self":[{"href":"https:\/\/www.hsu-hh.de\/ifms\/wp-json\/wp\/v2\/pages\/352","targetHints":{"allow":["GET"]}}],"collection":[{"href":"https:\/\/www.hsu-hh.de\/ifms\/wp-json\/wp\/v2\/pages"}],"about":[{"href":"https:\/\/www.hsu-hh.de\/ifms\/wp-json\/wp\/v2\/types\/page"}],"author":[{"embeddable":true,"href":"https:\/\/www.hsu-hh.de\/ifms\/wp-json\/wp\/v2\/users\/140"}],"replies":[{"embeddable":true,"href":"https:\/\/www.hsu-hh.de\/ifms\/wp-json\/wp\/v2\/comments?post=352"}],"version-history":[{"count":55,"href":"https:\/\/www.hsu-hh.de\/ifms\/wp-json\/wp\/v2\/pages\/352\/revisions"}],"predecessor-version":[{"id":927,"href":"https:\/\/www.hsu-hh.de\/ifms\/wp-json\/wp\/v2\/pages\/352\/revisions\/927"}],"wp:attachment":[{"href":"https:\/\/www.hsu-hh.de\/ifms\/wp-json\/wp\/v2\/media?parent=352"}],"wp:term":[{"taxonomy":"category","embeddable":true,"href":"https:\/\/www.hsu-hh.de\/ifms\/wp-json\/wp\/v2\/categories?post=352"},{"taxonomy":"post_tag","embeddable":true,"href":"https:\/\/www.hsu-hh.de\/ifms\/wp-json\/wp\/v2\/tags?post=352"}],"curies":[{"name":"wp","href":"https:\/\/api.w.org\/{rel}","templated":true}]}}