{"id":601,"date":"2018-05-09T14:02:12","date_gmt":"2018-05-09T12:02:12","guid":{"rendered":"https:\/\/www.hsu-hh.de\/ifi\/?page_id=601"},"modified":"2025-02-20T13:47:25","modified_gmt":"2025-02-20T12:47:25","slug":"pc-labor-ii","status":"publish","type":"page","link":"https:\/\/www.hsu-hh.de\/ifi\/pc-labor-ii","title":{"rendered":"IT"},"content":{"rendered":"<div>\n<div>\n<p><a href=\"https:\/\/www.hsu-hh.de\/hpc\/en\/cbrz\/\">Container-based High Performance Computing Center<\/a><\/p>\n<p><a href=\"https:\/\/www.hsu-hh.de\/ifi\/pc-labor-belegungsplan\"><abbr title=\"Personal Computer\">PC<\/abbr>-Labor-Belegungsplan<\/a><\/p>\n<p>Hinweis zu den ehemaligen RRZN\/LUIS-Handb\u00fcchern: Diese sind mittlerweile aus dem <abbr title=\"Helmut Schmidt Universit\u00e4t\">HSU<\/abbr>-Netz \u00fcber den folgenden Link online abrufbar: <a href=\"https:\/\/herdt-campus.com\" rel='nofollow'>https:\/\/herdt-campus.com<\/a>. Druckexemplare k\u00f6nnen \u00fcber Frau <a href=\"https:\/\/www.hsu-hh.de\/ifi\/team\/hofmann\/\">Katrin Hofmann<\/a> angefordert werden (ab 10 St\u00fcck je Buch).<\/p>\n<h3>Nutzungsbedingungen <abbr title=\"Personal Computer\">PC<\/abbr>-Labor:<\/h3>\n<p><strong>1. Allgemeines<\/strong><br \/>\nDas <abbr title=\"Personal Computer\">PC<\/abbr>-Labor im Raum 2161 (Geb. H1) steht prim\u00e4r Lehrenden und Studierenden der <a href=\"https:\/\/www.hsu-hh.de\/wiso\/fakultaetsverwaltung\">Fakult\u00e4t <abbr title=\"Wirtschafts- und Sozialwissenschaften\">WiSo<\/abbr><\/a> zur Verf\u00fcgung. Es dient grunds\u00e4tzlich der Durchf\u00fchrung von Lehrveranstaltungen sowie der selbstst\u00e4ndigen \u00dcbungst\u00e4tigkeit unter Verwendung der Software, die auf den jeweiligen Endger\u00e4ten installiert ist. Zudem werden im <abbr title=\"Personal Computer\">PC<\/abbr>-Labor zu bestimmten Zeiten auch Forschungsaktivit\u00e4ten durchgef\u00fchrt.<\/p>\n<p><strong>2. Zugangsberechtigung<\/strong><br \/>\nDer Zugang zum <abbr title=\"Personal Computer\">PC<\/abbr>-Labor erfolgt mit den regul\u00e4ren Transponderkarten der <abbr title=\"Helmut Schmidt Universit\u00e4t\">HSU<\/abbr>-Angeh\u00f6rigen. Der Zugang zu den PCs erfolgt mit den <abbr title=\"Rechenzentrum\">RZ<\/abbr>-Nutzerkennungen der <abbr title=\"Helmut Schmidt Universit\u00e4t\">HSU<\/abbr>.<\/p>\n<p><strong>3. Belegungsplan<\/strong><br \/>\nDie Zeiten der Benutzung sind durch den <a href=\"https:\/\/www.hsu-hh.de\/ifi\/pc-labor-belegungsplan\"><abbr title=\"Personal Computer\">PC<\/abbr>-Labor-Belegungsplan<\/a> festgelegt. Au\u00dferhalb der darin ausgewiesenen Lehrveranstaltungen und festgelegten Zeiten f\u00fcr Forschungsaktivit\u00e4ten steht das <abbr title=\"Personal Computer\">PC<\/abbr>-Labor dem Nutzerkreis ausschlie\u00dflich zu Studienzwecken zur Verf\u00fcgung. Die Belegung mit regelm\u00e4\u00dfigen Lehrveranstaltungen sowie Einzelveranstaltungen ist rechtzeitig anzumelden. In nicht aufl\u00f6sbaren Konfliktf\u00e4llen liegt die Entscheidung zur Belegung bei der <a href=\"https:\/\/www.hsu-hh.de\/wiso\/dekanat-verwaltung\">Dekanin \/ dem Dekan der Fakult\u00e4t <abbr title=\"Wirtschafts- und Sozialwissenschaften\">WiSo<\/abbr>.<\/a><\/p>\n<p>Falls im Rahmen einer Lehrveranstaltung zus\u00e4tzliche Software ben\u00f6tigt wird <abbr title=\"beziehungsweise\">bzw.<\/abbr> dazu Neuinstallationen und\/oder System\u00e4nderungen erforderlich sind, dann ist dies rechtzeitig vor Beginn der Veranstaltung zu beantragen.<\/p>\n<p><strong>4. Sonderbedingungen<br \/>\n<\/strong>Berechnungen, <abbr title=\"zum Beispiel\">z.B.<\/abbr> f\u00fcr Projekte oder Abschlussarbeiten o.\u00e4., die \u00fcber einen l\u00e4ngeren Zeitraum laufen sollen, bitte VORHER per Email anmelden.<\/p>\n<p><strong>5. Nutzerpflichten<\/strong><br \/>\nDie Nutzer haben das <abbr title=\"Personal Computer\">PC<\/abbr>-Labor nur gem\u00e4\u00df den Hinweisen und Weisungen des Lehrpersonals <abbr title=\"beziehungsweise\">bzw.<\/abbr> des Systembetreuers zu benutzen. Missbrauch oder sonstige vors\u00e4tzliche oder grob fahrl\u00e4ssige Verst\u00f6\u00dfe gegen die Nutzungsbedingungen k\u00f6nnen als Dienstpflichtverletzung disziplinar geahndet werden. Gegebenenfalls entsteht eine Schadensersatzpflicht gegen\u00fcber der <abbr title=\"Helmut Schmidt Universit\u00e4t\">HSU<\/abbr>.<\/p>\n<p>Es gelten sinngem\u00e4\u00df die Regelungen von \u00a7 8 (Rechte und Pflichten des Benutzers) der <a href=\"https:\/\/webbox.hsu-hh.de\/rz\/index_aj2S8qmF2a4YmDpZ.html\" rel='nofollow'>Betriebsordnung des Rechenzentrums der <abbr title=\"Helmut Schmidt Universit\u00e4t\">HSU<\/abbr><\/a>. Hierzu geh\u00f6rt die \u00f6konomisch sinnvolle Nutzung der Informationsverarbeitungs-Ressourcen, die Einhaltung \u00fcblicher Grunds\u00e4tze der Informationstechnik-Sicherheit sowie die verantwortliche Nutzung von Web- und weiteren Internet-Diensten.<\/p>\n<p>Die Ausstattung des <abbr title=\"Personal Computer\">PC<\/abbr>-Labors ist sorgf\u00e4ltig zu behandeln. Entnahmen und Ausleihen von Gegenst\u00e4nden \u2013 insbesondere auch Kopien von Software \u2013 sind untersagt. Es d\u00fcrfen ausschlie\u00dflich die von der <abbr title=\"Helmut Schmidt Universit\u00e4t\">HSU<\/abbr> zur Verf\u00fcgung gestellten Programme benutzt werden. Eigenst\u00e4ndige \u00c4nderungen der Programme und des Systems sowie die Installation von Fremdsoftware durch die Nutzer sind nicht gestattet. Die Modifikation der auf den Festplatten befindlichen Konfigurations- und Installationsdateien ist untersagt. Der Anschluss und die Inbetriebnahme externer Ger\u00e4te sind \u00fcber die an den PCs installierten Frontpanels m\u00f6glich.<\/p>\n<p>W\u00e4hrend des Aufenthalts im <abbr title=\"Personal Computer\">PC<\/abbr>-Labor ist Ruhe und Ordnung zu gew\u00e4hrleisten. Essen und Trinken ist im <abbr title=\"Personal Computer\">PC<\/abbr>-Labor im Regelfall nicht gestattet. Die Nutzer haben sich beim Verlassen des <abbr title=\"Personal Computer\">PC<\/abbr>-Labors von dem genutzten <abbr title=\"Personal Computer\">PC<\/abbr> abzumelden und die Monitore sowie gegebenenfalls das Deckenlicht\/die Tischlampen sind auszuschalten. Au\u00dferdem ist sicherzustellen, dass die T\u00fcr des <abbr title=\"Personal Computer\">PC<\/abbr>-Labors beim Verlassen des Raumes ins Schloss f\u00e4llt.<\/p>\n<p>Die auf den Festplatten befindlichen Dateien werden nicht zentral gesichert; es obliegt den Nutzern, angefertigte Dateien zu sichern.<\/p>\n<p><strong>6. Verhalten bei St\u00f6rungen<\/strong><br \/>\nIm Falle von Unregelm\u00e4\u00dfigkeiten, Betriebsst\u00f6rungen oder dem Ausfall einzelner Ger\u00e4te sind die Nutzer verpflichtet, unverz\u00fcglich den <a href=\"https:\/\/webbox.hsu-hh.de\/ifi\/index_IBUgsCXvbhhDL23u.html\" rel='nofollow'><abbr title=\"Informationstechnologie\">IT<\/abbr>-Koordinator<\/a> der Fakult\u00e4t <abbr title=\"Wirtschafts- und Sozialwissenschaften\">WiSo<\/abbr> zu benachrichtigen.<\/p>\n<p><strong>7. Nutzungsanleitungen<\/strong><br \/>\nHinweise zur Nutzung der Hardware und Software finden sich in den jeweils aktuellen <a href=\"https:\/\/webbox.hsu-hh.de\/ifi\/index_b50Z2kGnnLfi5dYC.html\" rel='nofollow'>Nutzungsanleitungen<\/a>.<\/p>\n<p><strong>8. Inkrafttreten<\/strong><br \/>\nDiese Nutzungsbedingungen gelten ab dem 08.04.2016.<\/p>\n<p><strong>9. Kontakt bei R\u00fcckfragen<\/strong><\/p>\n<p>Technik\/Support:<br \/>\n<a href=\"https:\/\/www.hsu-hh.de\/it-gws\/\"><abbr title=\"Informationstechnologie\">IT<\/abbr>-Koordination GWS<\/a><\/p>\n<p>Terminbelegung:<br \/>\n<a href=\"https:\/\/webbox.hsu-hh.de\/ifi\/index_Dsic0j5pJWLYC9SD.html\" rel='nofollow'>Katrin Hofmann<\/a> (Sekretariat)<br \/>\nGeb. H1, R. 2128, Ap. 3345<br \/>\nE-Mail: <a href=\"mailto:hofmannk@hsu-hh.de\" rel='nofollow'>hofmannk@hsu-hh.de&nbsp;<\/a><\/p>\n<\/div>\n<\/div>\n","protected":false},"excerpt":{"rendered":"<p>Container-based High Performance Computing Center PC-Labor-Belegungsplan Hinweis zu den ehemaligen RRZN\/LUIS-Handb\u00fcchern: Diese sind mittlerweile aus dem HSU-Netz \u00fcber den folgenden Link online abrufbar: https:\/\/herdt-campus.com. Druckexemplare k\u00f6nnen \u00fcber Frau Katrin Hofmann [&hellip;]<\/p>\n","protected":false},"author":42,"featured_media":0,"parent":0,"menu_order":0,"comment_status":"closed","ping_status":"closed","template":"","meta":{"footnotes":""},"categories":[4],"tags":[],"class_list":["post-601","page","type-page","status-publish","hentry","category-forschung"],"_links":{"self":[{"href":"https:\/\/www.hsu-hh.de\/ifi\/wp-json\/wp\/v2\/pages\/601","targetHints":{"allow":["GET"]}}],"collection":[{"href":"https:\/\/www.hsu-hh.de\/ifi\/wp-json\/wp\/v2\/pages"}],"about":[{"href":"https:\/\/www.hsu-hh.de\/ifi\/wp-json\/wp\/v2\/types\/page"}],"author":[{"embeddable":true,"href":"https:\/\/www.hsu-hh.de\/ifi\/wp-json\/wp\/v2\/users\/42"}],"replies":[{"embeddable":true,"href":"https:\/\/www.hsu-hh.de\/ifi\/wp-json\/wp\/v2\/comments?post=601"}],"version-history":[{"count":41,"href":"https:\/\/www.hsu-hh.de\/ifi\/wp-json\/wp\/v2\/pages\/601\/revisions"}],"predecessor-version":[{"id":3565,"href":"https:\/\/www.hsu-hh.de\/ifi\/wp-json\/wp\/v2\/pages\/601\/revisions\/3565"}],"wp:attachment":[{"href":"https:\/\/www.hsu-hh.de\/ifi\/wp-json\/wp\/v2\/media?parent=601"}],"wp:term":[{"taxonomy":"category","embeddable":true,"href":"https:\/\/www.hsu-hh.de\/ifi\/wp-json\/wp\/v2\/categories?post=601"},{"taxonomy":"post_tag","embeddable":true,"href":"https:\/\/www.hsu-hh.de\/ifi\/wp-json\/wp\/v2\/tags?post=601"}],"curies":[{"name":"wp","href":"https:\/\/api.w.org\/{rel}","templated":true}]}}