{"id":504,"date":"2018-02-16T11:07:52","date_gmt":"2018-02-16T10:07:52","guid":{"rendered":"https:\/\/www.hsu-hh.de\/ifi\/?page_id=504"},"modified":"2020-06-09T12:48:55","modified_gmt":"2020-06-09T10:48:55","slug":"planungssysteme-in-produktion-und-logistik","status":"publish","type":"page","link":"https:\/\/www.hsu-hh.de\/ifi\/lehre\/planungssysteme-in-produktion-und-logistik","title":{"rendered":"Planungssysteme in Produktion und Logistik"},"content":{"rendered":"<p><strong> Kursnummer: <\/strong>23941 (Modul WS22B77, 2 TWS, 3 Leistungspunkte)<br \/>\n<strong> Dozent: <\/strong><a href=\"\/ifi\/team\/fink\/\" rel='nofollow'>Andreas Fink<\/a>, <a href=\"https:\/\/www.hsu-hh.de\/ifi\/team\/gerhards\/\">P. Gerhards<\/a><br \/>\n<strong> Studiengang: <\/strong>\t<abbr title=\"Betriebswirtschaftslehre\">BWL<\/abbr> (<abbr title=\"Master of Science\">M.Sc.<\/abbr>, Wahlpflicht im Studienschwerpunkt Logistik-Management), <abbr title=\"Wirtschaftsingenieurwesen\">WI<\/abbr> (<abbr title=\"Master of Science\">M.Sc.<\/abbr>, Wahlpflicht in den Studienrichtungen Logistik und Produktentstehung\/Produktion)<br \/>\n<strong> Termin: <\/strong>Di., 11:30-13:00 Uhr (ab 7. April 2020)<br \/>\n<strong> Raum: <\/strong> zun\u00e4chst online, sp\u00e4ter <abbr title=\"Personal Computer\">PC<\/abbr>-Labor <abbr title=\"Wirtschafts- und Sozialwissenschaften\">WiSo<\/abbr> (Raum 2161, Geb. H1)<br \/>\n<strong>Pr\u00fcfung: <\/strong>eB (eigenst\u00e4ndiger Beitrag) = Bearbeitung von drei Aufgabenbl\u00e4ttern (Einreichung und Gespr\u00e4ch hierzu)<br \/>\n<strong>Ilias-Kurs: <\/strong> <a href=\"https:\/\/ilias.hsu-hh.de\/goto_unibw_crs_260365.html\" rel='nofollow'>https:\/\/ilias.hsu-hh.de\/goto_unibw_crs_260365.html<\/a><\/p>\n<p>In der Lehrveranstaltung werden insbesondere Methoden sowie Implementierungskompetenzen vermittelt (im Zusammenhang mit der Umsetzung von Planungs-\/Optimierungssystemen). Dies umfasst insbesondere die Nutzung von Optimierungssoftware unter Anwendung auf verschiedene Problemstellungen.<\/p>\n<p>Beginn der Lehrveranstaltung ab dem 6. April 2020 (bis auf Weiteres im Online-Modus). Bitte belegen sie die Veranstaltung im CMS und treten dem zugeh\u00f6rigen <a href=\"https:\/\/ilias.hsu-hh.de\/goto_unibw_crs_260365.html\" rel='nofollow'>Ilias-Kurs<\/a> bei (dort finden sich weitere Angaben und Dateien). Als regelm\u00e4\u00dfiger Lehrveranstaltungstermin ist gem\u00e4\u00df Vorlesungsverzeichnis Di. 11:30-13:00 Uhr vorgesehen (ab 7. April 2020). F\u00fcr die direkte synchrone Kommunikation (&#8222;Videokonferenz&#8220;) wird Microsoft Teams verwendet (<abbr title=\"vergleiche\">vgl.<\/abbr> <a href=\"https:\/\/ilias.hsu-hh.de\/goto_unibw_crs_257676.html\" rel='nofollow'>https:\/\/ilias.hsu-hh.de\/goto_unibw_crs_257676.html<\/a>).<\/p>\n<h2>Sp\u00e4teste Termine zur Einreichung der L\u00f6sungen zu den drei Aufgabenbl\u00e4ttern (siehe Ilias-Dateibereich)<\/h2>\n<ul>\n<li>Aufgabenblatt 1: 12.05.2020<\/li>\n<li>Aufgabenblatt 2: 26.05.2020<\/li>\n<li>Aufgabenblatt 3: 09.06.2020<\/li>\n<\/ul>\n<p>Abschlie\u00dfende individuelle Gespr\u00e4che hierzu sind geplant am Di., 16. Juni 2020 (Termine wie individuell vereinbart).<\/p>\n<h2>Kursplan:<\/h2>\n<h3>Woche 1<\/h3>\n<ul>\n<li>VC am 07.04.2020, 11:30 Uhr in Teams (falls jemand nicht teilnehmen konnte und Fragen bestehen: bitte die Dozenten kontaktieren)<\/li>\n<li>Organisation und grundlegende Hinweise<\/li>\n<li>Pr\u00fcfungsform: eB (eigenst\u00e4ndiger Beitrag) = Bearbeitung von drei Aufgabenbl\u00e4ttern<\/li>\n<li>neue Dateien im Ilias-Dateibereich: Foliensatz 0, Aufgabenbl\u00e4tter 0 und 1 (<abbr title=\"inclusive\">inkl.<\/abbr> Datensatz)<\/li>\n<\/ul>\n<h3>Woche 2<\/h3>\n<ul>\n<li>VC am 14.04.2020, 11:30 Uhr in Teams<\/li>\n<li>Kl\u00e4rung von Fragen (zu Aufgabenblatt 0)<\/li>\n<li>neue Dateien im Ilias-Dateibereich: Foliens\u00e4tze 1 und 2\n<li>Teile von Foliensatz 1 (Folien 14, 15, 23, 24, 28-31)\n<li>Teile von Foliensatz 2 (Grundlagen, Excel-Solver &amp; OPL-Projekt f\u00fcr das Rucksackproblem)<\/li>\n<\/ul>\n<h3>Woche 3<\/h3>\n<ul>\n<li>VC am 21.04.2020, 11:30 Uhr in Teams<\/li>\n<li>Kl\u00e4rung von Fragen (zu Aufgabenblatt 1)<\/li>\n<li>Erg\u00e4nzungen aus Foliensatz 1 und 2<\/li>\n<li>neue Dateien im Ilias-Dateibereich: Foliensatz 3, Aufgabenblatt 2 (<abbr title=\"inclusive\">inkl.<\/abbr> Datensatz)<\/li>\n<\/ul>\n<h3>Woche 4<\/h3>\n<ul>\n<li>VC am 28.04.2020, 11:30 Uhr in Teams<\/li>\n<li>Kl\u00e4rung von Fragen (etwa zu Aufgabenblatt 1 und Aufgabenblatt 2 a) )<\/li>\n<li>Einf\u00fchrung zur Modellierung\/Nutzung CP Optimizer<\/li>\n<li>neue Datei im Ilias-Dateibereich: Foliensatz 4<\/li>\n<\/ul>\n<h3>Woche 5<\/h3>\n<ul>\n<li>VC am 05.05.2020, 11:30 Uhr in Teams<\/li>\n<li>Kl\u00e4rung von Fragen (etwa zur CP-Modellierung und zu Aufgabenblatt 2 a) und b) )<\/li>\n<li>neue Datei im Ilias-Dateibereich: Aufgabenblatt 3<\/li>\n<\/ul>\n<h3>Woche 6<\/h3>\n<ul>\n<li>VC am 12.05.2020, 11:30 Uhr in Teams<\/li>\n<li>Kl\u00e4rung von Fragen zu den Aufgabenbl\u00e4ttern<\/li>\n<\/ul>\n<h3>Woche 7<\/h3>\n<ul>\n<li>VC am 19.05.2020, 11:30 Uhr in Teams<\/li>\n<li>Besprechung L\u00f6sungen zu Aufgabenblatt 1 (hierzu neue Datei im Ilias-Dateibereich)<\/li>\n<li>Kl\u00e4rung von Fragen zu den Aufgabenbl\u00e4ttern 2 und 3<\/li>\n<\/ul>\n<h3>Woche 8<\/h3>\n<ul>\n<li>VC am 26.05.2020, 11:30 Uhr in Teams<\/li>\n<li>Kl\u00e4rung von Fragen zu den Aufgabenbl\u00e4ttern 2 und 3<\/li>\n<\/ul>\n<h3>Woche 9<\/h3>\n<ul>\n<li>VC am 02.06.2020, 11:30 Uhr in Teams<\/li>\n<li>Besprechung L\u00f6sungen zu Aufgabenblatt 2<\/li>\n<li>Kl\u00e4rung von Fragen zum Aufgabenblatt 3<\/li>\n<\/ul>\n<h3>Woche 10<\/h3>\n<ul>\n<li>VC am 09.06.2020, 11:30 Uhr in Teams<\/li>\n<li>Letzte Kl\u00e4rung von Fragen zum Aufgabenblatt 3<\/li>\n<li>Fazit<\/li>\n<\/ul>\n","protected":false},"excerpt":{"rendered":"<p>Kursnummer: 23941 (Modul WS22B77, 2 TWS, 3 Leistungspunkte) Dozent: Andreas Fink, P. Gerhards Studiengang: BWL (M.Sc., Wahlpflicht im Studienschwerpunkt Logistik-Management), WI (M.Sc., Wahlpflicht in den Studienrichtungen Logistik und Produktentstehung\/Produktion) Termin: [&hellip;]<\/p>\n","protected":false},"author":43,"featured_media":0,"parent":148,"menu_order":230,"comment_status":"closed","ping_status":"closed","template":"","meta":{"footnotes":""},"categories":[6],"tags":[],"class_list":["post-504","page","type-page","status-publish","hentry","category-lehre"],"_links":{"self":[{"href":"https:\/\/www.hsu-hh.de\/ifi\/wp-json\/wp\/v2\/pages\/504","targetHints":{"allow":["GET"]}}],"collection":[{"href":"https:\/\/www.hsu-hh.de\/ifi\/wp-json\/wp\/v2\/pages"}],"about":[{"href":"https:\/\/www.hsu-hh.de\/ifi\/wp-json\/wp\/v2\/types\/page"}],"author":[{"embeddable":true,"href":"https:\/\/www.hsu-hh.de\/ifi\/wp-json\/wp\/v2\/users\/43"}],"replies":[{"embeddable":true,"href":"https:\/\/www.hsu-hh.de\/ifi\/wp-json\/wp\/v2\/comments?post=504"}],"version-history":[{"count":61,"href":"https:\/\/www.hsu-hh.de\/ifi\/wp-json\/wp\/v2\/pages\/504\/revisions"}],"predecessor-version":[{"id":1244,"href":"https:\/\/www.hsu-hh.de\/ifi\/wp-json\/wp\/v2\/pages\/504\/revisions\/1244"}],"up":[{"embeddable":true,"href":"https:\/\/www.hsu-hh.de\/ifi\/wp-json\/wp\/v2\/pages\/148"}],"wp:attachment":[{"href":"https:\/\/www.hsu-hh.de\/ifi\/wp-json\/wp\/v2\/media?parent=504"}],"wp:term":[{"taxonomy":"category","embeddable":true,"href":"https:\/\/www.hsu-hh.de\/ifi\/wp-json\/wp\/v2\/categories?post=504"},{"taxonomy":"post_tag","embeddable":true,"href":"https:\/\/www.hsu-hh.de\/ifi\/wp-json\/wp\/v2\/tags?post=504"}],"curies":[{"name":"wp","href":"https:\/\/api.w.org\/{rel}","templated":true}]}}