{"id":497,"date":"2018-02-16T10:54:18","date_gmt":"2018-02-16T09:54:18","guid":{"rendered":"https:\/\/www.hsu-hh.de\/ifi\/?page_id=497"},"modified":"2022-04-06T18:51:48","modified_gmt":"2022-04-06T16:51:48","slug":"softwareentwicklung-ii","status":"publish","type":"page","link":"https:\/\/www.hsu-hh.de\/ifi\/lehre\/softwareentwicklung-ii","title":{"rendered":"Softwareentwicklung II"},"content":{"rendered":"<p><strong>Kursnummer: <\/strong>23610 (Modulnummer WS15B11.2, 2 TWS)<br \/>\n<strong> Dozent: <\/strong><a href=\"\/ifi\/team\/fink\/\" rel='nofollow'>Andreas Fink<\/a><br \/>\n<strong> Studiengang: <\/strong><abbr title=\"Betriebswirtschaftslehre\">BWL<\/abbr> (Wahlpflicht, B.Sc., 6. Trimester)<br \/>\n<strong> Termine: <\/strong> n.V. s.u.<br \/>\n<strong> Raum: <\/strong><abbr title=\"Personal Computer\">PC<\/abbr>-Labor <abbr title=\"Wirtschafts- und Sozialwissenschaften\">WiSo<\/abbr> (Raum 2161, Geb. H1)<br \/>\n<strong> Pr\u00fcfung: <\/strong> Projektarbeit<br \/>\n<strong> Ilias-Kurs: <\/strong> <a href=\"https:\/\/ilias.hsu-hh.de\/goto_unibw_crs_257373.html\" rel='nofollow'>https:\/\/ilias.hsu-hh.de\/goto_unibw_crs_257373.html<\/a><\/p>\n<p>Die Lehrveranstaltung bildet den zweiten Teil des gleichnamigen Moduls. Vorausgehend (<abbr title=\"Wintertrimester\">WT<\/abbr> 2020) erfolgte eine Einf\u00fchrung in das Programmieren mit der objektorientierten Programmiersprache C#. Aufbauend auf dem ersten Teil des Moduls \u201eSoftwareentwicklung\u201c werden die betrachteten Inhalte im zweiten Teil im Rahmen von kleingruppenbasierter Softwareprojektarbeit vertieft. Die Noten der beiden Modulteile (Klausur und Projektarbeit) flie\u00dfen zu je 50 % in die Gesamtbewertung des Moduls ein; beide Teile m\u00fcssen einzeln bestanden werden. In Ann\u00e4herung an praktische Anforderungen bei Softwareentwicklungsprojekten werden Gruppen gebildet (bestehend aus zwei bis max. drei Teilnehmern), die eine bestimmte Aufgabenstellung in beschr\u00e4nkter Zeit bew\u00e4ltigen m\u00fcssen. Bewertet werden neben der sichtbaren Projektmitarbeit die folgenden Leistungen: Implementierung und schriftliche Ausarbeitung (Gewichtung: 2\/3) sowie Pr\u00e4sentation und Mitarbeit (Gewichtung: 1\/3). Gem\u00e4\u00df Pr\u00fcfungsordnung muss bei einer Gruppenarbeit die individuelle Leistung deutlich abgrenzbar sein; dies erfordert Angaben, die deutlich machen, wer welche Teilleistungen im Wesentlichen erbracht hat.<\/p>\n<p><strong>Aufgabenstellung:<\/strong> siehe Dateibereich <a href=\"https:\/\/ilias.hsu-hh.de\/goto_unibw_crs_257373.html\" rel='nofollow'>Ilias-Kurs<\/a><\/p>\n<ul>\n<li>Erste Besprechung Aufgabenstellung: Mi., 15.04.2020, 11:30 Uhr (Teams-Videokonferenz)<\/li>\n<li>Zweite Besprechung Aufgabenstellung: Mi., 22.04.2020, 11:30 Uhr (Teams-Videokonferenz)<\/li>\n<li>Dritte Besprechung Aufgabenstellung: Do., 30.04.2020, 11:30 Uhr (Teams-Videokonferenz)<\/li>\n<li>Zwischenpr\u00e4sentation zum Projektfortschritt: Mi., 06.05.2020, 11:30 Uhr (Teams-Videokonferenz)<\/li>\n<li>Weitere individuelle Besprechung von Fragen und Projektfortschritt n.V. mit A. Fink und\/oder P. Gerhards<\/li>\n<li>Abgabe von Implementierung und Ausarbeitung: bis Fr., 13.06.2020, 24:00 Uhr (per E-Mail)<\/li>\n<li>Abschlusspr\u00e4sentation: Mo., 15.06.2020, 10:00 Uhr (Teams-Videokonferenz)<\/li>\n<\/ul>\n","protected":false},"excerpt":{"rendered":"<p>Kursnummer: 23610 (Modulnummer WS15B11.2, 2 TWS) Dozent: Andreas Fink Studiengang: BWL (Wahlpflicht, B.Sc., 6. Trimester) Termine: n.V. s.u. Raum: PC-Labor WiSo (Raum 2161, Geb. H1) Pr\u00fcfung: Projektarbeit Ilias-Kurs: https:\/\/ilias.hsu-hh.de\/goto_unibw_crs_257373.html Die [&hellip;]<\/p>\n","protected":false},"author":43,"featured_media":0,"parent":148,"menu_order":100,"comment_status":"closed","ping_status":"closed","template":"","meta":{"footnotes":""},"categories":[6],"tags":[],"class_list":["post-497","page","type-page","status-publish","hentry","category-lehre"],"_links":{"self":[{"href":"https:\/\/www.hsu-hh.de\/ifi\/wp-json\/wp\/v2\/pages\/497","targetHints":{"allow":["GET"]}}],"collection":[{"href":"https:\/\/www.hsu-hh.de\/ifi\/wp-json\/wp\/v2\/pages"}],"about":[{"href":"https:\/\/www.hsu-hh.de\/ifi\/wp-json\/wp\/v2\/types\/page"}],"author":[{"embeddable":true,"href":"https:\/\/www.hsu-hh.de\/ifi\/wp-json\/wp\/v2\/users\/43"}],"replies":[{"embeddable":true,"href":"https:\/\/www.hsu-hh.de\/ifi\/wp-json\/wp\/v2\/comments?post=497"}],"version-history":[{"count":44,"href":"https:\/\/www.hsu-hh.de\/ifi\/wp-json\/wp\/v2\/pages\/497\/revisions"}],"predecessor-version":[{"id":2487,"href":"https:\/\/www.hsu-hh.de\/ifi\/wp-json\/wp\/v2\/pages\/497\/revisions\/2487"}],"up":[{"embeddable":true,"href":"https:\/\/www.hsu-hh.de\/ifi\/wp-json\/wp\/v2\/pages\/148"}],"wp:attachment":[{"href":"https:\/\/www.hsu-hh.de\/ifi\/wp-json\/wp\/v2\/media?parent=497"}],"wp:term":[{"taxonomy":"category","embeddable":true,"href":"https:\/\/www.hsu-hh.de\/ifi\/wp-json\/wp\/v2\/categories?post=497"},{"taxonomy":"post_tag","embeddable":true,"href":"https:\/\/www.hsu-hh.de\/ifi\/wp-json\/wp\/v2\/tags?post=497"}],"curies":[{"name":"wp","href":"https:\/\/api.w.org\/{rel}","templated":true}]}}