{"id":399,"date":"2017-11-22T14:05:16","date_gmt":"2017-11-22T13:05:16","guid":{"rendered":"https:\/\/www.hsu-hh.de\/ifi\/?page_id=399"},"modified":"2021-01-05T16:19:01","modified_gmt":"2021-01-05T15:19:01","slug":"integrierendes-projekt-logistik-management","status":"publish","type":"page","link":"https:\/\/www.hsu-hh.de\/ifi\/lehre\/integrierendes-projekt-logistik-management","title":{"rendered":"Integrierendes Projekt Logistik-Management (WT 2021)"},"content":{"rendered":"<div>\n<p>Die Lehrveranstaltung wird im WT 2021 gem\u00e4\u00df Vorgabe \u201edigital\u201c durchgef\u00fchrt. F\u00fcr die synchronen Anteile (d.h. die Live-Veranstaltungen) ist das Zeitfenster gem\u00e4\u00df Lehrveranstaltungsplanung, also Mo. ab 14:00 Uhr, vorgesehen (MS Teams, s.u.).<\/p>\n<p><strong>Kursnummer: <\/strong>23.1132 (Modulnr. WS24B79, 11. Trimester)<br \/>\n<strong> Dozent: <\/strong><a href=\"\/ifi\/team\/fink\/\" rel='nofollow'>Andreas Fink<\/a><br \/>\n<strong> Studiengang: <\/strong><abbr title=\"Betriebswirtschaftslehre\">BWL<\/abbr> (<abbr title=\"Master of Science\">M.Sc.<\/abbr>, Studienschwerpunkt Logistik-Management)<br \/>\n<strong> Termin: <\/strong>Mo., 14:00 Uhr<br \/>\n<strong> Ort: <\/strong> digital (sp\u00e4ter ggf. auch <abbr title=\"Personal Computer\">PC<\/abbr>-Labor <abbr title=\"Wirtschafts- und Sozialwissenschaften\">WiSo<\/abbr>, d.h. Raum 2161 in Geb. H1)<br \/>\n<strong>1. Termin: Mo., 04.01.2021, 14:00 Uhr<\/strong> (digital, MS Teams, hierzu bitte im CMS die Lehrveranstaltung belegen, damit wir die Teams-Mitgliedschaft veranlassen k\u00f6nnen)<br \/>\n<strong>Ilias-Kurs: <\/strong><a href=\"https:\/\/ilias.hsu-hh.de\/goto_unibw_crs_327704.html\" rel='nofollow'>https:\/\/ilias.hsu-hh.de\/goto_unibw_crs_327704.html<\/a> (direkter Beitritt m\u00f6glich)<\/p>\n<p><strong>Qualifikationsziele: <\/strong> Die Studierenden sollen die in den Basisveranstaltungen erlangten Kompetenzen in Logistik-Management, Wirtschaftsinformatik und Operations Research im Rahmen eines umfangreichen praxis- und <strong>implementierungsorientierten<\/strong> Projekts vertiefen sowie eine Vernetzung dieser Kompetenzen mit anderen Feldern ihres Studiums erreichen. Sie erlangen durch die Bearbeitung einer Problemstellung in einer Gruppe sowie durch die Pr\u00e4sentation und Diskussion f\u00e4cher\u00fcbergreifende Schl\u00fcsselkompetenzen. Gem\u00e4\u00df der Modulkonzeption wird die Lehrveranstaltung in Kooperation mit der Professur f\u00fcr <abbr title=\"Betriebswirtschaftslehre\">BWL<\/abbr>, insbes. Logistik-Management durchgef\u00fchrt (<abbr title=\"vergleiche\">vgl.<\/abbr> auch die dortigen Webseiten).<\/p>\n<\/div>\n","protected":false},"excerpt":{"rendered":"<p>Die Lehrveranstaltung wird im WT 2021 gem\u00e4\u00df Vorgabe \u201edigital\u201c durchgef\u00fchrt. F\u00fcr die synchronen Anteile (d.h. die Live-Veranstaltungen) ist das Zeitfenster gem\u00e4\u00df Lehrveranstaltungsplanung, also Mo. ab 14:00 Uhr, vorgesehen (MS Teams, [&hellip;]<\/p>\n","protected":false},"author":43,"featured_media":0,"parent":148,"menu_order":0,"comment_status":"closed","ping_status":"closed","template":"","meta":{"footnotes":""},"categories":[6],"tags":[],"class_list":["post-399","page","type-page","status-publish","hentry","category-lehre"],"_links":{"self":[{"href":"https:\/\/www.hsu-hh.de\/ifi\/wp-json\/wp\/v2\/pages\/399","targetHints":{"allow":["GET"]}}],"collection":[{"href":"https:\/\/www.hsu-hh.de\/ifi\/wp-json\/wp\/v2\/pages"}],"about":[{"href":"https:\/\/www.hsu-hh.de\/ifi\/wp-json\/wp\/v2\/types\/page"}],"author":[{"embeddable":true,"href":"https:\/\/www.hsu-hh.de\/ifi\/wp-json\/wp\/v2\/users\/43"}],"replies":[{"embeddable":true,"href":"https:\/\/www.hsu-hh.de\/ifi\/wp-json\/wp\/v2\/comments?post=399"}],"version-history":[{"count":26,"href":"https:\/\/www.hsu-hh.de\/ifi\/wp-json\/wp\/v2\/pages\/399\/revisions"}],"predecessor-version":[{"id":1547,"href":"https:\/\/www.hsu-hh.de\/ifi\/wp-json\/wp\/v2\/pages\/399\/revisions\/1547"}],"up":[{"embeddable":true,"href":"https:\/\/www.hsu-hh.de\/ifi\/wp-json\/wp\/v2\/pages\/148"}],"wp:attachment":[{"href":"https:\/\/www.hsu-hh.de\/ifi\/wp-json\/wp\/v2\/media?parent=399"}],"wp:term":[{"taxonomy":"category","embeddable":true,"href":"https:\/\/www.hsu-hh.de\/ifi\/wp-json\/wp\/v2\/categories?post=399"},{"taxonomy":"post_tag","embeddable":true,"href":"https:\/\/www.hsu-hh.de\/ifi\/wp-json\/wp\/v2\/tags?post=399"}],"curies":[{"name":"wp","href":"https:\/\/api.w.org\/{rel}","templated":true}]}}