{"id":3979,"date":"2026-02-24T16:29:28","date_gmt":"2026-02-24T15:29:28","guid":{"rendered":"https:\/\/www.hsu-hh.de\/ifi\/?page_id=3979"},"modified":"2026-04-02T10:43:14","modified_gmt":"2026-04-02T08:43:14","slug":"seminar-wirtschaftsinformatik-ft-2026","status":"publish","type":"page","link":"https:\/\/www.hsu-hh.de\/ifi\/seminar-wirtschaftsinformatik-ft-2026","title":{"rendered":"Seminar Wirtschaftsinformatik (FT 2026)"},"content":{"rendered":"\n<p><strong>Oberthema im <abbr title=\"Fr\u00fchjahrstrimester\">FT<\/abbr> 2026: K\u00fcnstliche Intelligenz (KI)<\/strong><\/p>\n\n\n\n<p><strong>Modulnummer:<\/strong> WS-16-B-21<br><strong>Dozent: <\/strong><a href=\"\/ifi\/team\/fink\/\" rel='nofollow'>Andreas Fink<\/a><br><strong>Studiengang: <\/strong><abbr title=\"Betriebswirtschaftslehre\">BWL<\/abbr> (Wahlpflicht Seminar, B.Sc., 6. Trimester)<br><strong>Umfang:<\/strong> 6 Leistungspunkte<br><strong>Termine:<\/strong> n.V. (ausgew\u00e4hlte Termine \/ Blockveranstaltung f\u00fcr die Pr\u00e4sentationen)<br><strong>1. Termin (erste Einf\u00fchrung und Themenbesprechung):<\/strong> voraussichtlich am Mi., 8. April, ab ca. 10:30 Uhr (am Ende der Veranstaltung Softwareentwicklung)<br><strong>Weitere Termine:<\/strong> n.V. (insbes. zum wiss. Arbeiten und zur Nutzung von KI)<br><strong>Vortragstermine:<\/strong> voraussichtlich im Juni (Blockveranstaltung)<br><strong>Pr\u00fcfung:<\/strong> Hausarbeit + Referat<\/p>\n\n\n\n<p>Gem\u00e4\u00df Angabe im Modulhandbuch ist die parallele Teilnahme am Wahlpflichtmodul <a href=\"https:\/\/www.hsu-hh.de\/ifi\/softwareentwicklung-ft-2026\">Softwareentwicklung<\/a> (Vertiefungsfach im Bereich der Komplement\u00e4rf\u00e4cher) vorgesehen. Grunds\u00e4tzlich wird es im Seminar je nach Interesse nach Wahl aber Themen mit und ohne Implementierungsanteil geben.<\/p>\n\n\n\n<p>Im Rahmen des Seminars erarbeiten die Studierenden bestimmte Themen (konkrete Themenvorstellung in der ersten Sitzung, grunds\u00e4tzlich sind vielf\u00e4ltige Themen im Kontext von KI vorgesehen). Sie erstellen eine Seminararbeit und pr\u00e4sentieren ihre Ergebnisse (Vortrag 25-30 Minuten zzgl. Diskussionszeit).<\/p>\n\n\n\n<p>Zu beachten sind die <a href=\"https:\/\/www.hsu-hh.de\/ifi\/wp-content\/uploads\/sites\/697\/2026\/04\/Richtlinien_2026.pdf\">Vorgaben und Empfehlungen der Professur f\u00fcr die Gestaltung wissenschaftlicher Arbeiten im Studium<\/a> (leichte \u00dcberarbeitung des Dokument ist noch in Arbeit).<\/p>\n\n\n\n<p><strong>Generelle Qualifikationsziele:<\/strong> Die Studierenden<\/p>\n\n\n\n<ul class=\"wp-block-list\">\n<li>k\u00f6nnen ausgew\u00e4hlte Themen von Wirtschaftsinformatik eigenst\u00e4ndig darlegen und diskutieren,<\/li>\n\n\n\n<li>beherrschen hierzu Grundlagen des wissenschaftlichen Arbeitens,<\/li>\n\n\n\n<li>beherrschen <abbr title=\"gegebenenfalls\">ggf.<\/abbr> in Abh\u00e4ngigkeit von der Themenstellung ausgew\u00e4hlte Implementierungskompetenzen (optional),<\/li>\n\n\n\n<li>und haben durch die selbst\u00e4ndige Bearbeitung eines Themas sowie durch die Pr\u00e4sentation und Diskussion f\u00e4cher\u00fcbergreifende Schl\u00fcsselkompetenzen erlangt.<\/li>\n<\/ul>\n","protected":false},"excerpt":{"rendered":"<p>Oberthema im FT 2026: K\u00fcnstliche Intelligenz (KI) Modulnummer: WS-16-B-21Dozent: Andreas FinkStudiengang: BWL (Wahlpflicht Seminar, B.Sc., 6. Trimester)Umfang: 6 LeistungspunkteTermine: n.V. (ausgew\u00e4hlte Termine \/ Blockveranstaltung f\u00fcr die Pr\u00e4sentationen)1. Termin (erste Einf\u00fchrung [&hellip;]<\/p>\n","protected":false},"author":43,"featured_media":0,"parent":0,"menu_order":0,"comment_status":"closed","ping_status":"closed","template":"","meta":{"footnotes":""},"categories":[6],"tags":[],"class_list":["post-3979","page","type-page","status-publish","hentry","category-lehre"],"_links":{"self":[{"href":"https:\/\/www.hsu-hh.de\/ifi\/wp-json\/wp\/v2\/pages\/3979","targetHints":{"allow":["GET"]}}],"collection":[{"href":"https:\/\/www.hsu-hh.de\/ifi\/wp-json\/wp\/v2\/pages"}],"about":[{"href":"https:\/\/www.hsu-hh.de\/ifi\/wp-json\/wp\/v2\/types\/page"}],"author":[{"embeddable":true,"href":"https:\/\/www.hsu-hh.de\/ifi\/wp-json\/wp\/v2\/users\/43"}],"replies":[{"embeddable":true,"href":"https:\/\/www.hsu-hh.de\/ifi\/wp-json\/wp\/v2\/comments?post=3979"}],"version-history":[{"count":5,"href":"https:\/\/www.hsu-hh.de\/ifi\/wp-json\/wp\/v2\/pages\/3979\/revisions"}],"predecessor-version":[{"id":4040,"href":"https:\/\/www.hsu-hh.de\/ifi\/wp-json\/wp\/v2\/pages\/3979\/revisions\/4040"}],"wp:attachment":[{"href":"https:\/\/www.hsu-hh.de\/ifi\/wp-json\/wp\/v2\/media?parent=3979"}],"wp:term":[{"taxonomy":"category","embeddable":true,"href":"https:\/\/www.hsu-hh.de\/ifi\/wp-json\/wp\/v2\/categories?post=3979"},{"taxonomy":"post_tag","embeddable":true,"href":"https:\/\/www.hsu-hh.de\/ifi\/wp-json\/wp\/v2\/tags?post=3979"}],"curies":[{"name":"wp","href":"https:\/\/api.w.org\/{rel}","templated":true}]}}