{"id":3976,"date":"2026-02-24T16:25:04","date_gmt":"2026-02-24T15:25:04","guid":{"rendered":"https:\/\/www.hsu-hh.de\/ifi\/?page_id=3976"},"modified":"2026-03-18T10:44:20","modified_gmt":"2026-03-18T09:44:20","slug":"softwareentwicklung-ft-2026","status":"publish","type":"page","link":"https:\/\/www.hsu-hh.de\/ifi\/softwareentwicklung-ft-2026","title":{"rendered":"Softwareentwicklung (FT 2026)"},"content":{"rendered":"\n<p><strong>Modulnummer:<\/strong> WS-15-B-12<br><strong>Dozent: <\/strong><a href=\"\/ifi\/team\/fink\/\" rel='nofollow'>Andreas Fink<\/a><br><strong>Studiengang: <\/strong><abbr title=\"Betriebswirtschaftslehre\">BWL<\/abbr> (Wahlpflicht Vertiefungsfach\/Komplement\u00e4rfach, B.Sc., 6. Trimester), ansonsten je nach Anrechenbarkeit in anderen Studieng\u00e4ngen und Interesse<br><strong>Umfang:<\/strong> 4 TWS \/ 6 Leistungspunkte<br><strong>Termine:<\/strong> Mi. 08:15 &#8211; 11:15 Uhr (<abbr title=\"gegebenenfalls\">ggf.<\/abbr> n.V. auch Anpassung des Termins bei entsprechenden W\u00fcnschen)<br><strong>Raum:<\/strong> <abbr title=\"Personal Computer\">PC<\/abbr>-Labor <abbr title=\"Geistes- und Sozialwissenschaften\">GeiSo<\/abbr> (Raum 2160, Geb. H1)<br><strong>Pr\u00fcfung:<\/strong> Projektleistung (im Kern: Implementierung)<br><strong>Ilias-Kurs:<\/strong> <em>folgt<\/em><\/p>\n\n\n\n<p><strong>Kursplan (wird sukzessive erg\u00e4nzt)<\/strong>:<br>Mi., 8. April, ab 08:15 Uhr: Einf\u00fchrung und Organisatorisches<br>Mi., 15. April: &#8230;<br>&#8230;<\/p>\n\n\n\n<p><strong>Qualifikationsziele\/Inhalte:<\/strong><br>Die Studierenden lernen in der ersten Trimesterh\u00e4lfte Grundlagen der Programmierung kennen und sollen auf dieser Basis unter Verwendung moderner Softwarewerkzeuge Programme zur L\u00f6sung abgegrenzter Problemstellungen entwickeln k\u00f6nnen.<\/p>\n\n\n\n<p><strong>Vorkenntnisse zum Programmieren werden nicht vorausgesetzt.<\/strong><\/p>\n\n\n\n<p>Die Einf\u00fchrung in das Programmieren erfolgt mit der Programmiersprache <strong>Python<\/strong> (Programmierumgebung hierzu <abbr title=\"zum Beispiel\">z.B.<\/abbr> Thonny oder Visual Studio Code). Hierbei werden auch aktuelle M\u00f6glichkeiten f\u00fcr <strong>KI-Unterst\u00fctzung<\/strong> bei der Softwareentwicklung betrachtet.<\/p>\n\n\n\n<p>Wesentliche grundlegende Inhalte sind:<\/p>\n\n\n\n<ul class=\"wp-block-list\">\n<li>Programmiersprachliche Basiselemente der strukturierten Programmierung (Variablen\/Objekte, Datentypen, Operatoren, Ausdr\u00fccke, Kontrollstrukturen, Methoden\/Funktionen)<\/li>\n\n\n\n<li>Objektorientierte Programmierung<\/li>\n\n\n\n<li>Elementare Datenstrukturen und Algorithmen<\/li>\n<\/ul>\n\n\n\n<p>Auf dieser Basis werden in der zweiten Trimesterh\u00e4lfte in kleingruppenbasierter Softwareprojektarbeit bestimmte Aufgabenstellungen bearbeitet (Projektarbeit\/Implementierungsleistung).<\/p>\n","protected":false},"excerpt":{"rendered":"<p>Modulnummer: WS-15-B-12Dozent: Andreas FinkStudiengang: BWL (Wahlpflicht Vertiefungsfach\/Komplement\u00e4rfach, B.Sc., 6. Trimester), ansonsten je nach Anrechenbarkeit in anderen Studieng\u00e4ngen und InteresseUmfang: 4 TWS \/ 6 LeistungspunkteTermine: Mi. 08:15 &#8211; 11:15 Uhr (ggf. [&hellip;]<\/p>\n","protected":false},"author":43,"featured_media":0,"parent":0,"menu_order":0,"comment_status":"closed","ping_status":"closed","template":"","meta":{"footnotes":""},"categories":[6],"tags":[],"class_list":["post-3976","page","type-page","status-publish","hentry","category-lehre"],"_links":{"self":[{"href":"https:\/\/www.hsu-hh.de\/ifi\/wp-json\/wp\/v2\/pages\/3976","targetHints":{"allow":["GET"]}}],"collection":[{"href":"https:\/\/www.hsu-hh.de\/ifi\/wp-json\/wp\/v2\/pages"}],"about":[{"href":"https:\/\/www.hsu-hh.de\/ifi\/wp-json\/wp\/v2\/types\/page"}],"author":[{"embeddable":true,"href":"https:\/\/www.hsu-hh.de\/ifi\/wp-json\/wp\/v2\/users\/43"}],"replies":[{"embeddable":true,"href":"https:\/\/www.hsu-hh.de\/ifi\/wp-json\/wp\/v2\/comments?post=3976"}],"version-history":[{"count":7,"href":"https:\/\/www.hsu-hh.de\/ifi\/wp-json\/wp\/v2\/pages\/3976\/revisions"}],"predecessor-version":[{"id":4021,"href":"https:\/\/www.hsu-hh.de\/ifi\/wp-json\/wp\/v2\/pages\/3976\/revisions\/4021"}],"wp:attachment":[{"href":"https:\/\/www.hsu-hh.de\/ifi\/wp-json\/wp\/v2\/media?parent=3976"}],"wp:term":[{"taxonomy":"category","embeddable":true,"href":"https:\/\/www.hsu-hh.de\/ifi\/wp-json\/wp\/v2\/categories?post=3976"},{"taxonomy":"post_tag","embeddable":true,"href":"https:\/\/www.hsu-hh.de\/ifi\/wp-json\/wp\/v2\/tags?post=3976"}],"curies":[{"name":"wp","href":"https:\/\/api.w.org\/{rel}","templated":true}]}}