{"id":396,"date":"2017-11-22T14:00:56","date_gmt":"2017-11-22T13:00:56","guid":{"rendered":"https:\/\/www.hsu-hh.de\/ifi\/?page_id=396"},"modified":"2020-11-06T14:11:14","modified_gmt":"2020-11-06T13:11:14","slug":"methoden-der-wirtschaftsinformatik-wt2020","status":"publish","type":"page","link":"https:\/\/www.hsu-hh.de\/ifi\/lehre\/methoden-der-wirtschaftsinformatik-wt2020","title":{"rendered":"Methoden der Wirtschaftsinformatik (WT2020)"},"content":{"rendered":"<p><strong>Kursnummer: <\/strong>23.826 (Modulnummer WS21B72\/73, 4 TWS)<br \/>\n<strong> Dozent: <\/strong><a href=\"\/ifi\/team\/fink\/\" rel='nofollow'>Andreas Fink<\/a><br \/>\n<strong> Studiengang: <\/strong>\t<abbr title=\"Betriebswirtschaftslehre\">BWL<\/abbr> (<abbr title=\"Master of Science\">M.Sc.<\/abbr>, Studienschwerpunkt Logistik-Management), <abbr title=\"Wirtschaftsingenieurwesen\">WI<\/abbr> (<abbr title=\"Master of Science\">M.Sc.<\/abbr> Studienrichtungen Logistik und Produktentstehung\/Produktion), Inf.-<abbr title=\"Ingenieur\">Ing.<\/abbr> (<abbr title=\"Master of Science\">M.Sc.<\/abbr>)<br \/>\n<strong> Termin: <\/strong>Do., 09:45-12:15 Uhr, und weitere ausgew\u00e4hlte Termine (s.u.)<br \/>\n<strong> Raum: <\/strong><abbr title=\"Personal Computer\">PC<\/abbr>-Labor <abbr title=\"Wirtschafts- und Sozialwissenschaften\">WiSo<\/abbr> (Raum 2161, Geb. H1)<br \/>\n<strong> Pr\u00fcfung: <\/strong>Klausur (siehe Ank\u00fcndigung Pr\u00fcfungsamt)<br \/>\n<strong> *** Raum\u00e4nderung Wiederholungsklausur am Mo., 21.09.2020, 12:00-14:00, neu: Raum 308 (H1)<\/strong><br \/>\n<strong> Ilias-Kurs: <\/strong><a href=\"https:\/\/ilias.hsu-hh.de\/goto_unibw_crs_245692.html\" rel='nofollow'>https:\/\/ilias.hsu-hh.de\/goto_unibw_crs_245692.html<\/a><\/p>\n<p><strong>Hinweise zum Fortgang\/Abschluss der Veranstaltung:<\/strong><\/p>\n<ul>\n<li>Es ist nach gegenw\u00e4rtigem Kenntnisstand nicht zu erwarten, dass wir die ausgefallenen Pr\u00e4senzveranstaltungen der letzten Vorlesungswoche nachholen k\u00f6nnen. Als (reduzierter) Ersatz hierf\u00fcr finden sich im Ilias-Dateibereich zur Lehrveranstaltung einige weitere Dateien (zum Selbststudium):\n<ul>\n<li>L\u00f6sungshinweise zu Aufgabenblatt 6<\/li>\n<li>F\u00fcr LE 8 ein zu lesendes Buchkapitel (LE 9 entf\u00e4llt)<\/li>\n<li>Zum Themenbereich von LE 8 das Aufgabenblatt 7 mit L\u00f6sungshinweisen<\/li>\n<li>Ein knapper Schlussfoliensatz mit Hinweisen (LE 10)<\/li>\n<\/ul>\n<\/li>\n<li>Da die Durchf\u00fchrung einer gemeinsamen Videokonferenz o.\u00e4. mit Teilnehmern im M\u00e4rz\/April nicht praktikabel erscheint, sind die Teilnehmer aufgefordert, bei jeglichen Fragen vorzugsweise das eingerichtete <a href=\"https:\/\/ilias.hsu-hh.de\/goto_unibw_frm_245694.html\" rel='nofollow'>Ilias-Forum zur Lehrveranstaltung<\/a> zu nutzen, da hiermit ein f\u00fcr alle sichtbarer und nachvollziehbarer Austausch erfolgen kann. Bitte kontaktieren Sie uns zu gegebener Zeit bei Bedarf f\u00fcr weitere unterst\u00fctzende Veranstaltungen (<abbr title=\"gegebenenfalls\">ggf.<\/abbr> per Videokonferenz).<\/li>\n<li>Die Klausur wird nach der vorliegenden Planung Ende Juli 2020 stattfinden (siehe Ank\u00fcndigung durch das Pr\u00fcfungsamt). Klausurrelevant sind (wie bereits am 18. M\u00e4rz hier bekannt gegeben) die Vorlesungsinhalte LE 1 bis LE 8 und die Aufgabenbl\u00e4tter 1 bis 7.<\/li>\n<li><strong>Zeitnah vor der Klausur sind wie gew\u00fcnscht zwei Veranstaltungen in der Art von Klausursprechstunden geplant (Videokonferenzen mit Microsoft Teams, Beitritt zum entsprechenden Team mit dem Teamcode 32mt7mv). Nach R\u00fccksprache wurden die folgenden Termine eingeplant (bitte melden bei Terminkonflikten):\n<ol>\n<li>Di. 21.07.2020, 16:30 Uhr<\/li>\n<li>Di. 28.07.2020, 16:30 Uhr<\/li>\n<\/ol>\n<p><\/strong>\n<\/li>\n<\/ul>\n<p><strong>Aufgabenbl\u00e4tter:<\/strong><br \/>\n<a href=\"https:\/\/ilias.hsu-hh.de\/goto_unibw_file_248498_download.html\" rel='nofollow'>Aufgabenblatt 1<\/a><br \/>\n<a href=\"https:\/\/ilias.hsu-hh.de\/goto_unibw_file_251406_download.html\" rel='nofollow'>Aufgabenblatt 2<\/a><br \/>\n<a href=\"https:\/\/ilias.hsu-hh.de\/goto_unibw_file_251405_download.html\" rel='nofollow'>Aufgabenblatt 3<\/a><br \/>\n<a href=\"https:\/\/ilias.hsu-hh.de\/goto_unibw_file_252005_download.html\" rel='nofollow'>Aufgabenblatt 4<\/a><br \/>\n<a href=\"https:\/\/ilias.hsu-hh.de\/goto_unibw_file_253399_download.html\" rel='nofollow'>Aufgabenblatt 5<\/a><br \/>\n<a href=\"https:\/\/ilias.hsu-hh.de\/goto_unibw_file_254108_download.html\" rel='nofollow'>Aufgabenblatt 6<\/a> (<a href=\"https:\/\/ilias.hsu-hh.de\/goto_unibw_file_255614_download.html\" rel='nofollow'>L\u00f6sungshinweise<\/a>)<br \/>\n<a href=\"https:\/\/ilias.hsu-hh.de\/goto_unibw_file_255641_download.html\" rel='nofollow'>Aufgabenblatt 7<\/a> (<a href=\"https:\/\/ilias.hsu-hh.de\/goto_unibw_file_255642_download.html\" rel='nofollow'>L\u00f6sungshinweise<\/a>)<\/p>\n<p><strong>Weitere Lehrveranstaltungstermine:<\/strong><br \/>\nIn der Lehrveranstaltung wurden die folgenden verf\u00fcgbaren Zeitr\u00e4ume f\u00fcr die n\u00f6tigen weiteren Termine identifiziert: Di., 15:45-17:15 Uhr, Mi., 14-17 Uhr. Konkret:<\/p>\n<ul>\n<li>Di. 18.02., 15:45-17:15 Uhr, Seminarraum 0407 (H1)<\/li>\n<li>Mi. 19.02., 14:00-15:30 Uhr, Seminarraum 0207 (H1)<\/li>\n<li><s>Di. 17.03., 15:45-17:15 Uhr, H\u00f6rsaal 32 (Geb. H07)<\/s><\/li>\n<li><s>Mi. 18.03., 14:00-15:30 Uhr, Seminarraum 0207 (H1)<\/s><\/li>\n<\/li>\n<\/ul>\n<p><strong>Qualifikationsziele (Gesamtmodul):<\/strong> Die Studierenden<\/p>\n<ul>\n<li>k\u00f6nnen Gegenstand, Ziele und Aufgaben der Wirtschaftsinformatik erl\u00e4utern und die Relevanz von Informationstechnik f\u00fcr Unternehmen diskutieren,<\/li>\n<li>k\u00f6nnen Probleml\u00f6sungsprozesse bei der Gestaltung betrieblicher Informationssysteme beschreiben und Modelle und Modellierung aus verschiedenen Perspektiven diskutieren,<\/li>\n<li>kennen theoretische Grundlagen f\u00fcr die Entwicklung und Verwendung von Modellierungssprachen,<\/li>\n<li>k\u00f6nnen konzeptionelle Datenmodelle und (relationale) Datenbankschemas erstellen, kennen die Architektur und Funktionsweise von (relationalen) Datenbanksystemen und beherrschen die Erstellung von Datenbankabfragen mittels SQL sowie weiterf\u00fchrende Konzepte im Zusammenhang mit Informationsmanagement, Data Warehouses und Datenbankanalysen und k\u00f6nnen dieses Wissen mit ausgew\u00e4hlten Softwarewerkzeugen umsetzen,<\/li>\n<li>kennen Aspekte der Anforderungsanalyse f\u00fcr Anwendungssysteme sowie Formen der Funktionsmodellierung und k\u00f6nnen Sachverhalte in Zustandsdiagrammen abbilden,<\/li>\n<li>kennen Ziele und Aufgaben des Gesch\u00e4ftsprozessmanagements, k\u00f6nnen Gesch\u00e4ftsprozesse mittels g\u00e4ngiger Sprachen modellieren und k\u00f6nnen die Steuerung von Gesch\u00e4ftsprozessen (Workflows) mittels Workflow-Management-Systemen erl\u00e4utern.<\/li>\n<\/ul>\n<p><\/p>\n<p><strong>Inhalte:<\/strong> In dem Modul werden Methoden der Wirtschaftsinformatik f\u00fcr die Beschreibung, Erkl\u00e4rung und Gestaltung von Informationssystemen in Wirtschaft und Verwaltung behandelt.<\/p>\n<ul>\n<li>LE 1: Einf\u00fchrung in Gegenstand und Aufgaben der Wirtschaftsinformatik<\/li>\n<li>LE 2: Einf\u00fchrung in die Modellierung von Informationssystemen (Zwecke und Modellverst\u00e4ndnisse, Modellierungssprachen und Metamodelle, Sichten, Betrachtungsebenen und Ordnungsrahmen, Ontologien)<\/li>\n<li>LE 3: Konzeptionelle Datenmodellierung<\/li>\n<li>LE 4: Relationale Datenmodellierung<\/li>\n<li>LE 5: Datenbanksysteme und SQL<\/li>\n<li>LE 6: Informationsmanagement<\/li>\n<li>LE 7: Zustandsdiagramme<\/li>\n<li>LE 8: Gesch\u00e4ftsprozessmodellierung<\/li>\n<li>LE 9: Gesch\u00e4ftsprozessmanagement<\/li>\n<li>LE 10: Rekapitulation und Ausblick<\/li>\n<\/ul>\n","protected":false},"excerpt":{"rendered":"<p>Kursnummer: 23.826 (Modulnummer WS21B72\/73, 4 TWS) Dozent: Andreas Fink Studiengang: BWL (M.Sc., Studienschwerpunkt Logistik-Management), WI (M.Sc. Studienrichtungen Logistik und Produktentstehung\/Produktion), Inf.-Ing. (M.Sc.) Termin: Do., 09:45-12:15 Uhr, und weitere ausgew\u00e4hlte Termine [&hellip;]<\/p>\n","protected":false},"author":43,"featured_media":0,"parent":148,"menu_order":0,"comment_status":"closed","ping_status":"closed","template":"","meta":{"footnotes":""},"categories":[6],"tags":[],"class_list":["post-396","page","type-page","status-publish","hentry","category-lehre"],"_links":{"self":[{"href":"https:\/\/www.hsu-hh.de\/ifi\/wp-json\/wp\/v2\/pages\/396","targetHints":{"allow":["GET"]}}],"collection":[{"href":"https:\/\/www.hsu-hh.de\/ifi\/wp-json\/wp\/v2\/pages"}],"about":[{"href":"https:\/\/www.hsu-hh.de\/ifi\/wp-json\/wp\/v2\/types\/page"}],"author":[{"embeddable":true,"href":"https:\/\/www.hsu-hh.de\/ifi\/wp-json\/wp\/v2\/users\/43"}],"replies":[{"embeddable":true,"href":"https:\/\/www.hsu-hh.de\/ifi\/wp-json\/wp\/v2\/comments?post=396"}],"version-history":[{"count":106,"href":"https:\/\/www.hsu-hh.de\/ifi\/wp-json\/wp\/v2\/pages\/396\/revisions"}],"predecessor-version":[{"id":428,"href":"https:\/\/www.hsu-hh.de\/ifi\/wp-json\/wp\/v2\/pages\/396\/revisions\/428"}],"up":[{"embeddable":true,"href":"https:\/\/www.hsu-hh.de\/ifi\/wp-json\/wp\/v2\/pages\/148"}],"wp:attachment":[{"href":"https:\/\/www.hsu-hh.de\/ifi\/wp-json\/wp\/v2\/media?parent=396"}],"wp:term":[{"taxonomy":"category","embeddable":true,"href":"https:\/\/www.hsu-hh.de\/ifi\/wp-json\/wp\/v2\/categories?post=396"},{"taxonomy":"post_tag","embeddable":true,"href":"https:\/\/www.hsu-hh.de\/ifi\/wp-json\/wp\/v2\/tags?post=396"}],"curies":[{"name":"wp","href":"https:\/\/api.w.org\/{rel}","templated":true}]}}