{"id":3866,"date":"2025-12-04T14:39:11","date_gmt":"2025-12-04T13:39:11","guid":{"rendered":"https:\/\/www.hsu-hh.de\/ifi\/?page_id=3866"},"modified":"2026-01-05T11:35:05","modified_gmt":"2026-01-05T10:35:05","slug":"integrierendes-projekt-logistik-management-wt-2026","status":"publish","type":"page","link":"https:\/\/www.hsu-hh.de\/ifi\/integrierendes-projekt-logistik-management-wt-2026","title":{"rendered":"Integrierendes Projekt Logistik-Management (WT 2026)"},"content":{"rendered":"<div>\n<p><strong>Kursnummer: <\/strong>23.1132 (Modulnr. WS24B79, 11. Trimester)<br \/>\n<strong> Dozent: <\/strong><a href=\"\/ifi\/team\/fink\/\" rel='nofollow'>Andreas Fink<\/a><br \/>\n<strong> Studiengang: <\/strong><abbr title=\"Betriebswirtschaftslehre\">BWL<\/abbr> (<abbr title=\"Master of Science\">M.Sc.<\/abbr>, Studienschwerpunkt Logistik-Management)<br \/>\n<strong> Termine: <\/strong> werden vereinbart in der ersten Sitzung, erster Termin gem\u00e4\u00df Stundenplanung am Mo., 5. Jan. 2026, 09:45-11:15 Uhr; n\u00e4chster Termin gem\u00e4\u00df Vereinbarung Mo., 12. Jan. 2026, 8-11:15 Uhr in Seminarraum 109<br \/>\n<strong> Ort: <\/strong> <s><abbr title=\"Personal Computer\">PC<\/abbr>-Labor <abbr title=\"Geistes- und Sozialwissenschaften\">GeiSo<\/abbr>, Raum 2160<\/s> Raum 109 (Geb. H1)<\/p>\n<p>Das konkrete Projektthema wird in der ersten Lehrveranstaltung besprochen.<br \/>\nHierzu gerne vorab Interessenbekundungen und Vorschl\u00e4ge f\u00fcr methoden- oder anwendungsorientierte Schwerpunktsetzungen einbringen.<\/p>\n<p><strong>Qualifikationsziele: <\/strong> Die Studierenden sollen die in den Basisveranstaltungen erlangten Kompetenzen in Logistik-Management, Wirtschaftsinformatik und Operations Research im Rahmen eines umfangreichen praxis- und implementierungsorientierten Projekts vertiefen sowie eine Vernetzung dieser Kompetenzen mit anderen Feldern ihres Studiums erreichen. Sie erlangen durch die Bearbeitung einer Problemstellung in einer Gruppe sowie durch die Pr\u00e4sentation und Diskussion f\u00e4cher\u00fcbergreifende Schl\u00fcsselkompetenzen.<\/p>\n<\/div>\n","protected":false},"excerpt":{"rendered":"<p>Kursnummer: 23.1132 (Modulnr. WS24B79, 11. Trimester) Dozent: Andreas Fink Studiengang: BWL (M.Sc., Studienschwerpunkt Logistik-Management) Termine: werden vereinbart in der ersten Sitzung, erster Termin gem\u00e4\u00df Stundenplanung am Mo., 5. Jan. 2026, [&hellip;]<\/p>\n","protected":false},"author":43,"featured_media":0,"parent":0,"menu_order":0,"comment_status":"closed","ping_status":"closed","template":"","meta":{"footnotes":""},"categories":[6],"tags":[],"class_list":["post-3866","page","type-page","status-publish","hentry","category-lehre"],"_links":{"self":[{"href":"https:\/\/www.hsu-hh.de\/ifi\/wp-json\/wp\/v2\/pages\/3866","targetHints":{"allow":["GET"]}}],"collection":[{"href":"https:\/\/www.hsu-hh.de\/ifi\/wp-json\/wp\/v2\/pages"}],"about":[{"href":"https:\/\/www.hsu-hh.de\/ifi\/wp-json\/wp\/v2\/types\/page"}],"author":[{"embeddable":true,"href":"https:\/\/www.hsu-hh.de\/ifi\/wp-json\/wp\/v2\/users\/43"}],"replies":[{"embeddable":true,"href":"https:\/\/www.hsu-hh.de\/ifi\/wp-json\/wp\/v2\/comments?post=3866"}],"version-history":[{"count":6,"href":"https:\/\/www.hsu-hh.de\/ifi\/wp-json\/wp\/v2\/pages\/3866\/revisions"}],"predecessor-version":[{"id":3896,"href":"https:\/\/www.hsu-hh.de\/ifi\/wp-json\/wp\/v2\/pages\/3866\/revisions\/3896"}],"wp:attachment":[{"href":"https:\/\/www.hsu-hh.de\/ifi\/wp-json\/wp\/v2\/media?parent=3866"}],"wp:term":[{"taxonomy":"category","embeddable":true,"href":"https:\/\/www.hsu-hh.de\/ifi\/wp-json\/wp\/v2\/categories?post=3866"},{"taxonomy":"post_tag","embeddable":true,"href":"https:\/\/www.hsu-hh.de\/ifi\/wp-json\/wp\/v2\/tags?post=3866"}],"curies":[{"name":"wp","href":"https:\/\/api.w.org\/{rel}","templated":true}]}}