{"id":3860,"date":"2025-12-04T14:18:50","date_gmt":"2025-12-04T13:18:50","guid":{"rendered":"https:\/\/www.hsu-hh.de\/ifi\/?page_id=3860"},"modified":"2026-03-20T09:05:03","modified_gmt":"2026-03-20T08:05:03","slug":"methoden-der-wirtschaftsinformatik-wt-2026","status":"publish","type":"page","link":"https:\/\/www.hsu-hh.de\/ifi\/methoden-der-wirtschaftsinformatik-wt-2026","title":{"rendered":"Methoden der Wirtschaftsinformatik \/ Wirtschaftsinformatik (WT 2026)"},"content":{"rendered":"<div><strong>Kursnummer: <\/strong>23.826\/7 (Modulnummer WS21B72\/73, 4 TWS)<br \/>\n<strong>Dozent: <\/strong><a href=\"\/ifi\/team\/fink\/\" rel='nofollow'>Andreas Fink<\/a><br \/>\n<strong>Studieng\u00e4nge: <\/strong> <abbr title=\"Betriebswirtschaftslehre\">BWL<\/abbr> (<abbr title=\"Master of Science\">M.Sc.<\/abbr>, Studienschwerpunkt Logistik-Management), <abbr title=\"Wirtschaftsingenieurwesen\">WI<\/abbr> (<abbr title=\"Master of Science\">M.Sc.<\/abbr> Studienrichtungen Logistik und Produktentstehung\/Produktion), Inf.-<abbr title=\"Ingenieur\">Ing.<\/abbr> (<abbr title=\"Master of Science\">M.Sc.<\/abbr>, dort unter der Bezeichnung &#8222;Wirtschaftsinformatik&#8220;), Logistik (<abbr title=\"Master of Science\">M.Sc.<\/abbr>, Wahlpflichtmodul f\u00fcr den Studienschwerpunkt Quantitative Logistik), <abbr title=\"Volkswirtschaftslehre\">VWL<\/abbr> (<abbr title=\"Master of Science\">M.Sc.<\/abbr>, Allg. Wahlpflichtbereich)<br \/>\n<strong>Termin\/Zeitfenster: <\/strong>Do., 09:45 &#8211; 12 Uhr (zzgl. nach indiv. Vereinbarung)<br \/>\n<strong>Ort:<\/strong> <abbr title=\"Personal Computer\">PC<\/abbr>-Labor <abbr title=\"Elektrotechnik\">ET<\/abbr>, Raum 1351 (H1) (in der N\u00e4he von Raum 1006)<br \/>\n<strong>Pr\u00fcfung: <\/strong>Klausur (120 Minuten, keine Hilfsmittel)<br \/>\n<strong>Ilias-Kurs: <\/strong> <a href=\"https:\/\/intranet.hsu-hh.de\/go\/crs\/291241\" rel='nofollow'>https:\/\/intranet.hsu-hh.de\/go\/crs\/291241<\/a><\/div>\n<div><\/div>\n<div><strong><br \/>\nKursplan:<\/strong><\/div>\n<div>Do., 08.01.2026: Einf\u00fchrung\/LE 1<br \/>\nDo., 15.01.2026: Rest LE 1, LE 2<br \/>\nDo., 22.01.2026: Besprechung A 1, Einstieg LE 3<br \/>\nDo., 28.01.2026: Besprechung A 2 (<abbr title=\"vergleiche\">vgl.<\/abbr> hierzu Lehrvideo LE 3 Teil 1), Fortsetzung LE 3<br \/>\nDo., 05.02.2026: Lehrvideo LE 4 (keine Pr\u00e4senzveranstaltung wegen TSKIT)<br \/>\nDo., 12.02.2026: Besprechung A 3<br \/>\nDo., 19.02.2026: Besprechung Aufgabe 6 von A 3 (kein weiteres \u00dcbungsblatt), LE 5<br \/>\nDo., 26.02.2026: Besprechung A 4 (hierzu Gruppierung bei SQL)<br \/>\nDo., 05.03.2026: Besprechung A 5 (hierzu LE 6 vorbereiten), LE 7<\/div>\n<div>Do., 12.03.2026: Besprechung A 6, LE 8<br \/>\nDo., 19.03.2026: Besprechung A 7, LE 9<\/div>\n<div><strong>26.03.2026, 08:00-09:30 Uhr: optionale gemeinsame Frage-\/Sprechstunde in Seminarraum 109 (H1)<\/strong><br \/>\nFr. 27.03.2026 Klausur<\/div>\n<div><strong><br \/>\nQualifikationsziele (Gesamtmodul):<\/strong> Die Studierenden<\/p>\n<ul>\n<li>k\u00f6nnen Gegenstand, Ziele und Aufgaben der Wirtschaftsinformatik erl\u00e4utern und die Relevanz von Informationstechnik f\u00fcr Unternehmen diskutieren,<\/li>\n<li>k\u00f6nnen Probleml\u00f6sungsprozesse bei der Gestaltung betrieblicher Informationssysteme beschreiben und Modelle und Modellierung aus verschiedenen Perspektiven diskutieren,<\/li>\n<li>kennen theoretische Grundlagen f\u00fcr die Entwicklung und Verwendung von Modellierungssprachen,<\/li>\n<li>k\u00f6nnen konzeptionelle Datenmodelle und (relationale) Datenbankschemas erstellen, kennen die Architektur und Funktionsweise von (relationalen) Datenbanksystemen und beherrschen die Erstellung von Datenbankabfragen mittels SQL sowie weiterf\u00fchrende Konzepte im Zusammenhang mit Informationsmanagement, Data Warehouses und Datenbankanalysen und k\u00f6nnen dieses Wissen mit ausgew\u00e4hlten Softwarewerkzeugen umsetzen,<\/li>\n<li>kennen Aspekte der Anforderungsanalyse f\u00fcr Anwendungssysteme sowie Formen der Funktionsmodellierung und k\u00f6nnen Sachverhalte in Zustandsdiagrammen abbilden,<\/li>\n<li>kennen Ziele und Aufgaben des Gesch\u00e4ftsprozessmanagements, k\u00f6nnen Gesch\u00e4ftsprozesse mittels g\u00e4ngiger Sprachen modellieren und k\u00f6nnen die Steuerung von Gesch\u00e4ftsprozessen (Workflows) mittels Workflow-Management-Systemen erl\u00e4utern.<\/li>\n<\/ul>\n<p><strong>Inhalte:<\/strong> In dem Modul werden Methoden der Wirtschaftsinformatik f\u00fcr die Beschreibung, Erkl\u00e4rung und Gestaltung von Informationssystemen in Wirtschaft und Verwaltung behandelt.<\/p>\n<ul>\n<li>LE 1: Einf\u00fchrung in Gegenstand und Aufgaben der Wirtschaftsinformatik<\/li>\n<li>LE 2: Einf\u00fchrung in die Modellierung von Informationssystemen (Zwecke und Modellverst\u00e4ndnisse, Modellierungssprachen und Metamodelle, Sichten, Betrachtungsebenen und Ordnungsrahmen, Ontologien)<\/li>\n<li>LE 3: Konzeptionelle Datenmodellierung<\/li>\n<li>LE 4: Relationale Datenmodellierung<\/li>\n<li>LE 5: Datenbanksysteme und SQL<\/li>\n<li>LE 6: Informationsmanagement: Data Warehouses, OLAP<\/li>\n<li>LE 7: Zustandsdiagramme<\/li>\n<li>LE 8: Gesch\u00e4ftsprozessmodellierung<\/li>\n<li>LE 9: Gesch\u00e4ftsprozessmanagement<\/li>\n<li>LE 10: Rekapitulation<\/li>\n<\/ul>\n<\/div>\n","protected":false},"excerpt":{"rendered":"<p>Kursnummer: 23.826\/7 (Modulnummer WS21B72\/73, 4 TWS) Dozent: Andreas Fink Studieng\u00e4nge: BWL (M.Sc., Studienschwerpunkt Logistik-Management), WI (M.Sc. Studienrichtungen Logistik und Produktentstehung\/Produktion), Inf.-Ing. (M.Sc., dort unter der Bezeichnung &#8222;Wirtschaftsinformatik&#8220;), Logistik (M.Sc., Wahlpflichtmodul [&hellip;]<\/p>\n","protected":false},"author":43,"featured_media":0,"parent":0,"menu_order":0,"comment_status":"closed","ping_status":"closed","template":"","meta":{"footnotes":""},"categories":[6],"tags":[],"class_list":["post-3860","page","type-page","status-publish","hentry","category-lehre"],"_links":{"self":[{"href":"https:\/\/www.hsu-hh.de\/ifi\/wp-json\/wp\/v2\/pages\/3860","targetHints":{"allow":["GET"]}}],"collection":[{"href":"https:\/\/www.hsu-hh.de\/ifi\/wp-json\/wp\/v2\/pages"}],"about":[{"href":"https:\/\/www.hsu-hh.de\/ifi\/wp-json\/wp\/v2\/types\/page"}],"author":[{"embeddable":true,"href":"https:\/\/www.hsu-hh.de\/ifi\/wp-json\/wp\/v2\/users\/43"}],"replies":[{"embeddable":true,"href":"https:\/\/www.hsu-hh.de\/ifi\/wp-json\/wp\/v2\/comments?post=3860"}],"version-history":[{"count":30,"href":"https:\/\/www.hsu-hh.de\/ifi\/wp-json\/wp\/v2\/pages\/3860\/revisions"}],"predecessor-version":[{"id":4029,"href":"https:\/\/www.hsu-hh.de\/ifi\/wp-json\/wp\/v2\/pages\/3860\/revisions\/4029"}],"wp:attachment":[{"href":"https:\/\/www.hsu-hh.de\/ifi\/wp-json\/wp\/v2\/media?parent=3860"}],"wp:term":[{"taxonomy":"category","embeddable":true,"href":"https:\/\/www.hsu-hh.de\/ifi\/wp-json\/wp\/v2\/categories?post=3860"},{"taxonomy":"post_tag","embeddable":true,"href":"https:\/\/www.hsu-hh.de\/ifi\/wp-json\/wp\/v2\/tags?post=3860"}],"curies":[{"name":"wp","href":"https:\/\/api.w.org\/{rel}","templated":true}]}}