{"id":3733,"date":"2025-07-23T12:55:18","date_gmt":"2025-07-23T10:55:18","guid":{"rendered":"https:\/\/www.hsu-hh.de\/ifi\/?page_id=3733"},"modified":"2026-02-25T18:22:10","modified_gmt":"2026-02-25T17:22:10","slug":"meike-hanemann","status":"publish","type":"page","link":"https:\/\/www.hsu-hh.de\/ifi\/meike-hanemann","title":{"rendered":"Meike Julia Hanemann"},"content":{"rendered":"<div class=\"ansprechparter-container\">\n<div class=\"row ansprechpartner-item ansprechparter-header\">\n<div class=\"col-xs-8 col-lg-12\" style=\"margin-bottom: 30px\">\n<h3 class=\"ansprechparter-headline\">Sekretariat<\/h3>\n<\/div>\n<div class=\"col-md-4 col-lg-3 col-xs-4 ansprechpartner-item floatright img-circle center-block\" style=\"margin-bottom: 30px\"><\/div>\n<div class=\"col-md-12 col-lg-3 col-xs-12 ansprechpartner-item kontakt floatright\" style=\"margin-bottom: 30px\">\n<div class=\"row\">\n<div class=\"col-xs-12 col-sm-6 col-lg-12\">\n<div class=\"row\">\n<div class=\"col-xs-12 col-lg-4 row-text bold\">Raum:<\/div>\n<div class=\"col-xs-12 col-lg-8 row-text\">2128<\/div>\n<\/div>\n<\/div>\n<div class=\"col-xs-12 col-sm-6 col-lg-12\">\n<div class=\"row\">\n<div class=\"col-xs-12 col-lg-4 row-text bold\">Telefon:<\/div>\n<div class=\"col-xs-12 col-lg-8 row-text\">+49-40-6541-3345<\/div>\n<\/div>\n<\/div>\n<div class=\"col-xs-12 col-sm-6 col-lg-12\">\n<div class=\"row\">\n<div class=\"col-xs-12 col-md-12 row-text bold\">Email:<\/div>\n<div class=\"col-xs-12 col-md-12 row-text\"><a href=\"mailto:hanemanm@hsu.hamburg\" rel='nofollow'>hanemanm@hsu.hamburg<\/a><\/div>\n<\/div>\n<\/div>\n<\/div>\n<\/div>\n<div class=\"col-md-6 col-lg-3 col-xs-12 ansprechpartner-item anschrift floatright\">\n<div class=\"row-headline\">Besucheranschrift<\/div>\n<div class=\"row-text\">Helmut-Schmidt-Universit\u00e4t<\/div>\n<div class=\"row-text\">Geb\u00e4ude H1 &#8211; Raum 2128<\/div>\n<div class=\"row-text\">Holstenhofweg 85<\/div>\n<div class=\"row-text\">22043 Hamburg<\/div>\n<\/div>\n<div class=\"col-md-6 col-lg-3 col-xs-12 ansprechpartner-item anschrift floatright\">\n<div class=\"row-headline\">Postanschrift<\/div>\n<div class=\"row-text\">Helmut-Schmidt-Universit\u00e4t<\/div>\n<div class=\"row-text\">Institut f\u00fcr Informatik<\/div>\n<div class=\"row-text\">Fakult\u00e4t <abbr title=\"Wirtschafts- und Sozialwissenschaften\">WiSo<\/abbr><\/div>\n<div class=\"row-text\">Postfach 70 08 22<\/div>\n<div class=\"row-text\">22008 Hamburg<\/div>\n<\/div>\n<\/div>\n<\/div>\n<div class=\"clearfix\">Sprechzeiten: Mo. &#8211; Fr., 08.30 &#8211; 12.30 Uhr<\/div>\n","protected":false},"excerpt":{"rendered":"<p>Sekretariat Raum: 2128 Telefon: +49-40-6541-3345 Email: hanemanm@hsu.hamburg Besucheranschrift Helmut-Schmidt-Universit\u00e4t Geb\u00e4ude H1 &#8211; Raum 2128 Holstenhofweg 85 22043 Hamburg Postanschrift Helmut-Schmidt-Universit\u00e4t Institut f\u00fcr Informatik Fakult\u00e4t WiSo Postfach 70 08 22 22008 [&hellip;]<\/p>\n","protected":false},"author":43,"featured_media":0,"parent":0,"menu_order":0,"comment_status":"closed","ping_status":"closed","template":"","meta":{"footnotes":""},"categories":[8],"tags":[],"class_list":["post-3733","page","type-page","status-publish","hentry","category-team"],"_links":{"self":[{"href":"https:\/\/www.hsu-hh.de\/ifi\/wp-json\/wp\/v2\/pages\/3733","targetHints":{"allow":["GET"]}}],"collection":[{"href":"https:\/\/www.hsu-hh.de\/ifi\/wp-json\/wp\/v2\/pages"}],"about":[{"href":"https:\/\/www.hsu-hh.de\/ifi\/wp-json\/wp\/v2\/types\/page"}],"author":[{"embeddable":true,"href":"https:\/\/www.hsu-hh.de\/ifi\/wp-json\/wp\/v2\/users\/43"}],"replies":[{"embeddable":true,"href":"https:\/\/www.hsu-hh.de\/ifi\/wp-json\/wp\/v2\/comments?post=3733"}],"version-history":[{"count":5,"href":"https:\/\/www.hsu-hh.de\/ifi\/wp-json\/wp\/v2\/pages\/3733\/revisions"}],"predecessor-version":[{"id":3990,"href":"https:\/\/www.hsu-hh.de\/ifi\/wp-json\/wp\/v2\/pages\/3733\/revisions\/3990"}],"wp:attachment":[{"href":"https:\/\/www.hsu-hh.de\/ifi\/wp-json\/wp\/v2\/media?parent=3733"}],"wp:term":[{"taxonomy":"category","embeddable":true,"href":"https:\/\/www.hsu-hh.de\/ifi\/wp-json\/wp\/v2\/categories?post=3733"},{"taxonomy":"post_tag","embeddable":true,"href":"https:\/\/www.hsu-hh.de\/ifi\/wp-json\/wp\/v2\/tags?post=3733"}],"curies":[{"name":"wp","href":"https:\/\/api.w.org\/{rel}","templated":true}]}}