{"id":3706,"date":"2025-06-24T17:06:27","date_gmt":"2025-06-24T15:06:27","guid":{"rendered":"https:\/\/www.hsu-hh.de\/ifi\/?page_id=3706"},"modified":"2025-12-04T14:02:17","modified_gmt":"2025-12-04T13:02:17","slug":"gdwi-2025","status":"publish","type":"page","link":"https:\/\/www.hsu-hh.de\/ifi\/gdwi-2025","title":{"rendered":"Grundlagen der Wirtschaftsinformatik (HT 2025)"},"content":{"rendered":"<p><strong> Kursnummer: <\/strong>23.409 (Modulnr. WS14B09), 4 TWS, 6 LP<br \/>\n<strong> Dozent: <\/strong><a href=\"\/ifi\/team\/fink\/\" rel='nofollow'>Andreas Fink<\/a><br \/>\n<strong> Studiengang: <\/strong><abbr title=\"Betriebswirtschaftslehre\">BWL<\/abbr> (Pflicht, B.Sc., 4. Trimester), Logistik (Pflicht, B.Sc., 4. Trimester), <abbr title=\"Volkswirtschaftslehre\">VWL<\/abbr> (Wahlm\u00f6glichkeit)<br \/>\n<strong> Termine: <\/strong>Mi. 11:30-13:00 Uhr und Do. 09:45-11:15 Uhr<br \/>\n<strong> 1. Termin: <\/strong>Mi., 1. Oktober, 11:30-13:00 Uhr, H\u00f6rsaal 1 (Geb. H1)<br \/>\n<strong> Ort: <\/strong> H\u00f6rsaal 1 (Geb. H1)<br \/>\n<strong> Pr\u00fcfung: <\/strong><a href=\"https:\/\/www.hsu-hh.de\/ifi\/lehre\/klausurhinweise\">Klausur<\/a><br \/>\n<strong> Ilias-Kurs: <a href=\"https:\/\/intranet.hsu-hh.de\/go\/crs\/274895\" rel='nofollow'>https:\/\/intranet.hsu-hh.de\/go\/crs\/274895<\/a><\/strong> (direkter Beitritt m\u00f6glich)<\/p>\n<p><strong>Kursplan:<\/strong><\/p>\n<ul>\n<li>Mi., 01.10.2025: LE 0, LE 1<\/li>\n<li>Do., 02.10.2025: LE 2<br \/>\n<i>bis zur n\u00e4chsten Woche: Aufgaben zu LE 1 und LE 2 (Ilias)<\/i><\/li>\n<li>Mi., 08.10.2025: Aufgabenbesprechung, LE 2 (Fortsetzung)<\/li>\n<li>Do., 09.10.2025: LE 2 (Fortsetzung)<br \/>\n<i>bis zur n\u00e4chsten Woche: Aufgaben zu LE 3 (erster Teil) (Ilias)<\/i><\/li>\n<li>Mi., 15.10.2025: Fragen und Aufgabenbesprechung zu LE 3 (erster Teil)<\/li>\n<li>Do., 16.10.2025: LE 3 (zweiter Teil)<br \/>\n<i>bis zur n\u00e4chsten Woche: Aufgaben zu LE 3 (zweiter Teil) und LE 4 (Ilias)<\/i><\/li>\n<li>Mi., 22.10.2025: Fragen und Aufgabenbesprechung zu LE 3 (zweiter Teil) und LE 4<\/li>\n<li>Do., 23.10.2025: Fortsetzung, LE 5<br \/>\n<i>bis zur n\u00e4chsten Woche: Aufgaben zu LE 5 (Ilias)<\/i><\/li>\n<li>Mi., 29.10.2025: Fragen und Aufgabenbesprechung zu LE 5<\/li>\n<li>Do., 30.10.2025: LE 6<br \/>\n<i>bis zur n\u00e4chsten Woche: Aufgaben zu LE 6 (Ilias)<\/i><\/li>\n<li>Mi., 05.11.2025: Aufgaben zu LE 6, <abbr title=\"gegebenenfalls\">ggf.<\/abbr> Einstieg LE 7<\/li>\n<li><s>Do., 06.11.2025: entf\u00e4llt gem\u00e4\u00df hochschulweiter Vorgabe<\/s><br \/>\n<i>bis zur n\u00e4chsten Woche: Aufgaben zu LE 7 (Ilias)<\/i><\/li>\n<li>Mi., 12.11.2025: Fragen und Aufgabenbesprechung zu LE 7<\/li>\n<li>Do., 13.11.2025: Fortsetzung<br \/>\n<i>bis zur n\u00e4chsten Woche: Aufgaben zu LE 7 (bzgl. XML) sowie zu LE 8 (erster Teil)<\/i><\/li>\n<li>Mi., 19.11.2025: weitere Aufgaben zu LE 7 (bzgl. XML) und Aufgaben zu LE 8 (erster Teil)<\/li>\n<li>Do., 20.11.2025: Fortsetzung, LE 8 (zweiter Teil)<br \/>\n<i>bis zur n\u00e4chsten Woche: Aufgaben zu LE 8 (zweiter Teil)<\/i><\/li>\n<li>Mi., 26.11.2025: Aufgaben zu LE 8 (zweiter Teil)<\/li>\n<li>Do., 27.11.2025: LE 9<br \/>\n<i>bis zur n\u00e4chsten Woche: Aufgaben zu LE 9<\/i><\/li>\n<li>Mi., 03.12.2025: Aufgaben zu LE 9<\/li>\n<li>Do., 04.12.2025: LE 10<br \/>\n<i>bis zur n\u00e4chsten Woche: Aufgaben zu LE 10<\/i><\/li>\n<li>Mi., 10.12.2025: Aufgaben zu LE 10 und Rekapitulation\/Fazit<\/li>\n<li>Do., 11.12.2025: Wiederholungen\/Fragestunde Klausurvorbereitung (bedarfsorientiert)<\/li>\n<\/ul>\n<p><strong>Literatur:<\/strong>&nbsp;Als eine Literaturquelle kann folgendes Lehrbuch zum Nachlesen ausgew\u00e4hlter Inhalte herangezogen werden (<abbr title=\"inclusive\">inkl.<\/abbr> einiger Aufgaben mit Musterl\u00f6sungen): A. Fink, G. Schneidereit, S. Vo\u00df: Grundlagen der Wirtschaftsinformatik, 2. Auflage, Physica\/Springer, Heidelberg, 2005 (verf\u00fcgbar in der <abbr title=\"Helmut Schmidt Universit\u00e4t\">HSU<\/abbr>-Bibliothek sowohl physisch als auch online (pdf)). Weitere Literaturhinweise werden themenbezogen erg\u00e4nzt (siehe Folien und Hausaufgaben).<\/p>\n<p><strong>Qualifikationsziele:<\/strong> Die Studierenden<\/p>\n<ul>\n<li>k\u00f6nnen Gegenstand, Ziele und Aufgaben der Wirtschaftsinformatik erl\u00e4utern, die Relevanz von Informationstechnik f\u00fcr Unternehmen diskutieren, und k\u00f6nnen Potenziale von Digitalisierung und K\u00fcnstlicher Intelligenz anhand aktueller Anwendungsfelder diskutieren,<\/li>\n<li>k\u00f6nnen Probleme systematisch analysieren, L\u00f6sungswege entwickeln sowie elementare<br \/>\nAlgorithmen gestalten und einfach programmiersprachlich umsetzen,<\/li>\n<li>k\u00f6nnen grunds\u00e4tzliche M\u00f6glichkeiten und Grenzen der praktischen L\u00f6sung betrieblicher Probleme mittels Rechnern beschreiben,<\/li>\n<li>k\u00f6nnen Informationen in Abgrenzung zu Daten und Wissen charakterisieren, bestimmte Sachverhalte zweckm\u00e4\u00dfig codieren sowie wesentliche Konzepte des Managements von Informationen und Wissen beschreiben,<\/li>\n<li>k\u00f6nnen den grunds\u00e4tzlichen Aufbau von Rechnern und Rechnersystemen beschreiben und kennen typische Leistungsmerkmale von Prozessoren und Speichersystemen,<\/li>\n<li>k\u00f6nnen die grunds\u00e4tzliche Funktionsweise von Rechnernetzen und Basiskonzepte des World Wide Web erl\u00e4utern,<\/li>\n<li>k\u00f6nnen Systemsoftware und Anwendungssoftware abgrenzen, besitzen einen \u00dcberblick zu verschiedenen Typen von Programmiersprachen und k\u00f6nnen einfache Programme nachvollziehen,<\/li>\n<li>k\u00f6nnen Phasen und Sichten bei der Modellierung und Umsetzung betrieblicher Informationssysteme erl\u00e4utern,<\/li>\n<li>k\u00f6nnen konzeptionelle Datenmodelle erstellen, hieraus ein Relationenschema entwickeln und die Umsetzung mittels relationaler Datenbanksysteme beschreiben,<\/li>\n<li>k\u00f6nnen Gesch\u00e4ftsprozesse modellieren,<\/li>\n<li>kennen wesentliche Konzepte und Funktionen betrieblicher Anwendungssysteme sowie praktische Beispiele f\u00fcr ERP-Standardsoftware.<\/li>\n<\/ul>\n<p>Dementsprechend werden in dem Modul unter Ber\u00fccksichtigung des betriebswirtschaftlichen Anwendungsbereichs wesentliche Grundlagen der Wirtschaftsinformatik in einf\u00fchrender Form vermittelt:<\/p>\n<ol>\n<li>Gegenstand und Aufgaben der Wirtschaftsinformatik<\/li>\n<li>Ausgew\u00e4hlte aktuelle Themenfelder der Digitalisierung<\/li>\n<li>Berechenbarkeit, Algorithmen und Komplexit\u00e4t<\/li>\n<li>Informationen und ihre Codierung<\/li>\n<li>Informations- und Wissensmanagement<\/li>\n<li>Informationstechnik (<abbr title=\"Informationstechnologie\">IT<\/abbr>): Hardware und Software<\/li>\n<li>Internet, Web, XML (und Anwendungsfelder)<\/li>\n<li>Datenmodellierung und Datenbanksysteme<\/li>\n<li>Gesch\u00e4ftsprozessmodellierung<\/li>\n<li>Betriebliche Anwendungssysteme<\/li>\n<\/ol>\n","protected":false},"excerpt":{"rendered":"<p>Kursnummer: 23.409 (Modulnr. WS14B09), 4 TWS, 6 LP Dozent: Andreas Fink Studiengang: BWL (Pflicht, B.Sc., 4. Trimester), Logistik (Pflicht, B.Sc., 4. Trimester), VWL (Wahlm\u00f6glichkeit) Termine: Mi. 11:30-13:00 Uhr und Do. [&hellip;]<\/p>\n","protected":false},"author":43,"featured_media":0,"parent":0,"menu_order":0,"comment_status":"closed","ping_status":"closed","template":"","meta":{"footnotes":""},"categories":[6],"tags":[],"class_list":["post-3706","page","type-page","status-publish","hentry","category-lehre"],"_links":{"self":[{"href":"https:\/\/www.hsu-hh.de\/ifi\/wp-json\/wp\/v2\/pages\/3706","targetHints":{"allow":["GET"]}}],"collection":[{"href":"https:\/\/www.hsu-hh.de\/ifi\/wp-json\/wp\/v2\/pages"}],"about":[{"href":"https:\/\/www.hsu-hh.de\/ifi\/wp-json\/wp\/v2\/types\/page"}],"author":[{"embeddable":true,"href":"https:\/\/www.hsu-hh.de\/ifi\/wp-json\/wp\/v2\/users\/43"}],"replies":[{"embeddable":true,"href":"https:\/\/www.hsu-hh.de\/ifi\/wp-json\/wp\/v2\/comments?post=3706"}],"version-history":[{"count":33,"href":"https:\/\/www.hsu-hh.de\/ifi\/wp-json\/wp\/v2\/pages\/3706\/revisions"}],"predecessor-version":[{"id":3859,"href":"https:\/\/www.hsu-hh.de\/ifi\/wp-json\/wp\/v2\/pages\/3706\/revisions\/3859"}],"wp:attachment":[{"href":"https:\/\/www.hsu-hh.de\/ifi\/wp-json\/wp\/v2\/media?parent=3706"}],"wp:term":[{"taxonomy":"category","embeddable":true,"href":"https:\/\/www.hsu-hh.de\/ifi\/wp-json\/wp\/v2\/categories?post=3706"},{"taxonomy":"post_tag","embeddable":true,"href":"https:\/\/www.hsu-hh.de\/ifi\/wp-json\/wp\/v2\/tags?post=3706"}],"curies":[{"name":"wp","href":"https:\/\/api.w.org\/{rel}","templated":true}]}}