{"id":3444,"date":"2024-11-25T11:09:08","date_gmt":"2024-11-25T10:09:08","guid":{"rendered":"https:\/\/www.hsu-hh.de\/ifi\/?page_id=3444"},"modified":"2025-01-06T11:45:06","modified_gmt":"2025-01-06T10:45:06","slug":"integrierendes-projekt-logistik-management-wt-2025","status":"publish","type":"page","link":"https:\/\/www.hsu-hh.de\/ifi\/integrierendes-projekt-logistik-management-wt-2025","title":{"rendered":"Integrierendes Projekt Logistik-Management (WT 2025)"},"content":{"rendered":"<div>\n<p><strong>Kursnummer: <\/strong>23.1132 (Modulnr. WS24B79, 11. Trimester)<br \/>\n<strong> Dozent: <\/strong><a href=\"\/ifi\/team\/fink\/\" rel='nofollow'>Andreas Fink<\/a><br \/>\n<strong> Studiengang: <\/strong><abbr title=\"Betriebswirtschaftslehre\">BWL<\/abbr> (<abbr title=\"Master of Science\">M.Sc.<\/abbr>, Studienschwerpunkt Logistik-Management)<br \/>\n<strong> Termin (angepasst): <\/strong> Mo. ab 11:30 Uhr zzgl. n.V.<br \/>\n<strong> Ort: <\/strong> <abbr title=\"Personal Computer\">PC<\/abbr>-Labor <abbr title=\"Wirtschafts- und Sozialwissenschaften\">WiSo<\/abbr>, Raum 2161 (Geb. H1)<\/p>\n<p><strong>Qualifikationsziele: <\/strong> Die Studierenden sollen die in den Basisveranstaltungen erlangten Kompetenzen in Logistik-Management, Wirtschaftsinformatik und Operations Research im Rahmen eines umfangreichen praxis- und implementierungsorientierten Projekts vertiefen sowie eine Vernetzung dieser Kompetenzen mit anderen Feldern ihres Studiums erreichen. Sie erlangen durch die Bearbeitung einer Problemstellung in einer Gruppe sowie durch die Pr\u00e4sentation und Diskussion f\u00e4cher\u00fcbergreifende Schl\u00fcsselkompetenzen. Gem\u00e4\u00df der Modulkonzeption wird die Lehrveranstaltung <abbr title=\"gegebenenfalls\">ggf.<\/abbr> in Kooperation mit der Professur f\u00fcr <abbr title=\"Betriebswirtschaftslehre\">BWL<\/abbr>, insbes. Logistik-Management durchgef\u00fchrt.<\/p>\n<\/div>\n","protected":false},"excerpt":{"rendered":"<p>Kursnummer: 23.1132 (Modulnr. WS24B79, 11. Trimester) Dozent: Andreas Fink Studiengang: BWL (M.Sc., Studienschwerpunkt Logistik-Management) Termin (angepasst): Mo. ab 11:30 Uhr zzgl. n.V. Ort: PC-Labor WiSo, Raum 2161 (Geb. H1) Qualifikationsziele: [&hellip;]<\/p>\n","protected":false},"author":43,"featured_media":0,"parent":0,"menu_order":0,"comment_status":"closed","ping_status":"closed","template":"","meta":{"footnotes":""},"categories":[6],"tags":[],"class_list":["post-3444","page","type-page","status-publish","hentry","category-lehre"],"_links":{"self":[{"href":"https:\/\/www.hsu-hh.de\/ifi\/wp-json\/wp\/v2\/pages\/3444","targetHints":{"allow":["GET"]}}],"collection":[{"href":"https:\/\/www.hsu-hh.de\/ifi\/wp-json\/wp\/v2\/pages"}],"about":[{"href":"https:\/\/www.hsu-hh.de\/ifi\/wp-json\/wp\/v2\/types\/page"}],"author":[{"embeddable":true,"href":"https:\/\/www.hsu-hh.de\/ifi\/wp-json\/wp\/v2\/users\/43"}],"replies":[{"embeddable":true,"href":"https:\/\/www.hsu-hh.de\/ifi\/wp-json\/wp\/v2\/comments?post=3444"}],"version-history":[{"count":3,"href":"https:\/\/www.hsu-hh.de\/ifi\/wp-json\/wp\/v2\/pages\/3444\/revisions"}],"predecessor-version":[{"id":3507,"href":"https:\/\/www.hsu-hh.de\/ifi\/wp-json\/wp\/v2\/pages\/3444\/revisions\/3507"}],"wp:attachment":[{"href":"https:\/\/www.hsu-hh.de\/ifi\/wp-json\/wp\/v2\/media?parent=3444"}],"wp:term":[{"taxonomy":"category","embeddable":true,"href":"https:\/\/www.hsu-hh.de\/ifi\/wp-json\/wp\/v2\/categories?post=3444"},{"taxonomy":"post_tag","embeddable":true,"href":"https:\/\/www.hsu-hh.de\/ifi\/wp-json\/wp\/v2\/tags?post=3444"}],"curies":[{"name":"wp","href":"https:\/\/api.w.org\/{rel}","templated":true}]}}