{"id":3442,"date":"2024-11-25T11:02:56","date_gmt":"2024-11-25T10:02:56","guid":{"rendered":"https:\/\/www.hsu-hh.de\/ifi\/?page_id=3442"},"modified":"2025-09-06T15:03:58","modified_gmt":"2025-09-06T13:03:58","slug":"methoden-der-wirtschaftsinformatik-wt-2025","status":"publish","type":"page","link":"https:\/\/www.hsu-hh.de\/ifi\/methoden-der-wirtschaftsinformatik-wt-2025","title":{"rendered":"Methoden der Wirtschaftsinformatik \/ Wirtschaftsinformatik (WT 2025)"},"content":{"rendered":"<div>\n<strong>Kursnummer: <\/strong>23.826\/7 (Modulnummer WS21B72\/73, 4 TWS)<br \/>\n<strong>Dozent: <\/strong><a href=\"\/ifi\/team\/fink\/\" rel='nofollow'>Andreas Fink<\/a><br \/>\n<strong>Studieng\u00e4nge: <\/strong>\t<abbr title=\"Betriebswirtschaftslehre\">BWL<\/abbr> (<abbr title=\"Master of Science\">M.Sc.<\/abbr>, Studienschwerpunkt Logistik-Management), <abbr title=\"Wirtschaftsingenieurwesen\">WI<\/abbr> (<abbr title=\"Master of Science\">M.Sc.<\/abbr> Studienrichtungen Logistik und Produktentstehung\/Produktion), Inf.-<abbr title=\"Ingenieur\">Ing.<\/abbr> (<abbr title=\"Master of Science\">M.Sc.<\/abbr>, dort unter der Bezeichnung &#8222;Wirtschaftsinformatik&#8220;), Logistik (<abbr title=\"Master of Science\">M.Sc.<\/abbr>, Wahlpflichtmodul f\u00fcr den Studienschwerpunkt Quantitative Logistik), <abbr title=\"Volkswirtschaftslehre\">VWL<\/abbr> (<abbr title=\"Master of Science\">M.Sc.<\/abbr>, Allg. Wahlpflichtbereich)<br \/>\n<strong>Termin\/Zeitfenster: <\/strong>Do., 09:45 &#8211; 12:15 Uhr (zzgl. nach indiv. Vereinbarung)<br \/>\n<strong>Ort:<\/strong> <abbr title=\"Personal Computer\">PC<\/abbr>-Labor <abbr title=\"Wirtschafts- und Sozialwissenschaften\">WiSo<\/abbr> (Raum 2161, Geb. H1)<br \/>\n<strong>Pr\u00fcfung: <\/strong>Klausur (120 Minuten, keine Hilfsmittel)<br \/>\n<strong>Ilias-Kurs: <\/strong> <a href=\"https:\/\/intranet.hsu-hh.de\/go\/crs\/257179\" rel='nofollow'>https:\/\/intranet.hsu-hh.de\/go\/crs\/257179<\/a><\/p>\n<p><strong>Kursplan<\/strong>:<br \/>\nDo., 09.01.2025: Einf\u00fchrung\/LE 1<br \/>\nDo., 16.01.2025: LE 2<br \/>\nDo., 23.01.2025: vorzubereiten: Aufgabenblatt 1, Lehrvideo LE-3_Teil-1, Aufgabenblatt 2<br \/>\nDo., 30.01.2025: vorzubereiten: Lehrvideo LE-3_Teil-2, Aufgabenblatt 3; au\u00dferdem wird behandelt: LE 4<br \/>\n<s>Do., 06.02.2025: <abbr title=\"Teilstreitkraft\">TSK<\/abbr>-Info-Tag<\/s><br \/>\nDo., 13.02.2025: vorzubereiten: Lehrvideo LE-4 (je nach noch offenen Punkten), Aufgabenblatt 4<br \/>\nDo., 20.02.2025: vorzubereiten: Aufgabe 1 bis 3 von Aufgabenblatt 5<br \/>\nDo., 27.02.2025: vorzubereiten: Lehrvideo LE-5_Teil-1, Aufgabe 3 und 4 von Aufgabenblatt 5 (idealerweise mit Umsetzung im Rechner)<br \/>\nMi., 05.03.2025, ab 12 Uhr: behandelt wird der Rest von LE 5 (<abbr title=\"inclusive\">inkl.<\/abbr> der letzten beiden SQL-Abfragen von Aufgabenblatt 5) sowie LE 6 (anschlie\u00dfend offene Fragestunde)<br \/>\nDo., 06.03.2025: Besprechung Aufgabenblatt 6, LE 7<br \/>\nMi., 12.03.2025, ab 13 Uhr: vorzubereiten: Aufgabenblatt 7; behandelt wird ansonsten LE 8<br \/>\nDo., 13.03.2025: vorzubereiten: Rest LE 8 (Lehrvideo), Aufgabenblatt 8; behandelt wird ansonsten LE 9<br \/>\n<s>Do., 20.03.2025: wunschgem\u00e4\u00df bereits vorgezogen<\/s><br \/>\nMi., 26.03.2025: ab 10 Uhr (Seminarraum 108, H1), abschlie\u00dfende Klausurfragestunde (je nach Bedarf, optional)<\/p>\n<p><strong>Qualifikationsziele (Gesamtmodul):<\/strong> Die Studierenden<\/p>\n<ul>\n<li>k\u00f6nnen Gegenstand, Ziele und Aufgaben der Wirtschaftsinformatik erl\u00e4utern und die Relevanz von Informationstechnik f\u00fcr Unternehmen diskutieren,<\/li>\n<li>k\u00f6nnen Probleml\u00f6sungsprozesse bei der Gestaltung betrieblicher Informationssysteme beschreiben und Modelle und Modellierung aus verschiedenen Perspektiven diskutieren,<\/li>\n<li>kennen theoretische Grundlagen f\u00fcr die Entwicklung und Verwendung von Modellierungssprachen,<\/li>\n<li>k\u00f6nnen konzeptionelle Datenmodelle und (relationale) Datenbankschemas erstellen, kennen die Architektur und Funktionsweise von (relationalen) Datenbanksystemen und beherrschen die Erstellung von Datenbankabfragen mittels SQL sowie weiterf\u00fchrende Konzepte im Zusammenhang mit Informationsmanagement, Data Warehouses und Datenbankanalysen und k\u00f6nnen dieses Wissen mit ausgew\u00e4hlten Softwarewerkzeugen umsetzen,<\/li>\n<li>kennen Aspekte der Anforderungsanalyse f\u00fcr Anwendungssysteme sowie Formen der Funktionsmodellierung und k\u00f6nnen Sachverhalte in Zustandsdiagrammen abbilden,<\/li>\n<li>kennen Ziele und Aufgaben des Gesch\u00e4ftsprozessmanagements, k\u00f6nnen Gesch\u00e4ftsprozesse mittels g\u00e4ngiger Sprachen modellieren und k\u00f6nnen die Steuerung von Gesch\u00e4ftsprozessen (Workflows) mittels Workflow-Management-Systemen erl\u00e4utern.<\/li>\n<\/ul>\n<p><strong>Inhalte:<\/strong> In dem Modul werden Methoden der Wirtschaftsinformatik f\u00fcr die Beschreibung, Erkl\u00e4rung und Gestaltung von Informationssystemen in Wirtschaft und Verwaltung behandelt.<\/p>\n<ul>\n<li>LE 1: Einf\u00fchrung in Gegenstand und Aufgaben der Wirtschaftsinformatik<\/li>\n<li>LE 2: Einf\u00fchrung in die Modellierung von Informationssystemen (Zwecke und Modellverst\u00e4ndnisse, Modellierungssprachen und Metamodelle, Sichten, Betrachtungsebenen und Ordnungsrahmen, Ontologien)<\/li>\n<li>LE 3: Konzeptionelle Datenmodellierung<\/li>\n<li>LE 4: Relationale Datenmodellierung<\/li>\n<li>LE 5: Datenbanksysteme und SQL<\/li>\n<li>LE 6: Informationsmanagement<\/li>\n<li>LE 7: Zustandsdiagramme<\/li>\n<li>LE 8: Gesch\u00e4ftsprozessmodellierung<\/li>\n<li>LE 9: Gesch\u00e4ftsprozessmanagement<\/li>\n<li>LE 10: Rekapitulation und Ausblick<\/li>\n<\/ul>\n<\/div>\n","protected":false},"excerpt":{"rendered":"<p>Kursnummer: 23.826\/7 (Modulnummer WS21B72\/73, 4 TWS) Dozent: Andreas Fink Studieng\u00e4nge: BWL (M.Sc., Studienschwerpunkt Logistik-Management), WI (M.Sc. Studienrichtungen Logistik und Produktentstehung\/Produktion), Inf.-Ing. (M.Sc., dort unter der Bezeichnung &#8222;Wirtschaftsinformatik&#8220;), Logistik (M.Sc., Wahlpflichtmodul [&hellip;]<\/p>\n","protected":false},"author":43,"featured_media":0,"parent":0,"menu_order":0,"comment_status":"closed","ping_status":"closed","template":"","meta":{"footnotes":""},"categories":[6],"tags":[],"class_list":["post-3442","page","type-page","status-publish","hentry","category-lehre"],"_links":{"self":[{"href":"https:\/\/www.hsu-hh.de\/ifi\/wp-json\/wp\/v2\/pages\/3442","targetHints":{"allow":["GET"]}}],"collection":[{"href":"https:\/\/www.hsu-hh.de\/ifi\/wp-json\/wp\/v2\/pages"}],"about":[{"href":"https:\/\/www.hsu-hh.de\/ifi\/wp-json\/wp\/v2\/types\/page"}],"author":[{"embeddable":true,"href":"https:\/\/www.hsu-hh.de\/ifi\/wp-json\/wp\/v2\/users\/43"}],"replies":[{"embeddable":true,"href":"https:\/\/www.hsu-hh.de\/ifi\/wp-json\/wp\/v2\/comments?post=3442"}],"version-history":[{"count":25,"href":"https:\/\/www.hsu-hh.de\/ifi\/wp-json\/wp\/v2\/pages\/3442\/revisions"}],"predecessor-version":[{"id":3773,"href":"https:\/\/www.hsu-hh.de\/ifi\/wp-json\/wp\/v2\/pages\/3442\/revisions\/3773"}],"wp:attachment":[{"href":"https:\/\/www.hsu-hh.de\/ifi\/wp-json\/wp\/v2\/media?parent=3442"}],"wp:term":[{"taxonomy":"category","embeddable":true,"href":"https:\/\/www.hsu-hh.de\/ifi\/wp-json\/wp\/v2\/categories?post=3442"},{"taxonomy":"post_tag","embeddable":true,"href":"https:\/\/www.hsu-hh.de\/ifi\/wp-json\/wp\/v2\/tags?post=3442"}],"curies":[{"name":"wp","href":"https:\/\/api.w.org\/{rel}","templated":true}]}}