{"id":3359,"date":"2024-07-15T10:19:53","date_gmt":"2024-07-15T08:19:53","guid":{"rendered":"https:\/\/www.hsu-hh.de\/ifi\/?page_id=3359"},"modified":"2024-12-02T10:52:05","modified_gmt":"2024-12-02T09:52:05","slug":"gdwi-2024","status":"publish","type":"page","link":"https:\/\/www.hsu-hh.de\/ifi\/gdwi-2024","title":{"rendered":"Grundlagen der Wirtschaftsinformatik (HT 2024)"},"content":{"rendered":"<p><strong> Kursnummer: <\/strong>23.409 (Modulnr. WS14B09), 4 TWS, 6 LP<br \/>\n<strong> Dozent: <\/strong><a href=\"\/ifi\/team\/fink\/\" rel='nofollow'>Andreas Fink<\/a><br \/>\n<strong> Studiengang: <\/strong><abbr title=\"Betriebswirtschaftslehre\">BWL<\/abbr> (Pflicht, B.Sc., 4. Trimester), Logistik (Pflicht, B.Sc., 4. Trimester), <abbr title=\"Volkswirtschaftslehre\">VWL<\/abbr> (Wahlm\u00f6glichkeit)<br \/>\n<strong> Termine: <\/strong>Mi. 11:30-13:00 Uhr und Do. 09:45-11:15 Uhr<br \/>\n<strong> 1. Termin: <\/strong>Mi., 2. Oktober, 11:30-13:00 Uhr, H\u00f6rsaal 1 (Geb. H1)<br \/>\n<strong> Ort: <\/strong> H\u00f6rsaal 1 (Geb. H1)<br \/>\n<strong> Pr\u00fcfung: <\/strong><a href=\"https:\/\/www.hsu-hh.de\/ifi\/lehre\/klausurhinweise\">Klausur<\/a><br \/>\n<strong> Ilias-Kurs: <\/strong> <a href=\"https:\/\/ilias.hsu-hh.de\/goto.php?target=crs_540877&amp;client_id=unibw\" rel='nofollow'>https:\/\/ilias.hsu-hh.de\/goto.php?target=crs_540877<\/a> (direkter Beitritt m\u00f6glich)<\/p>\n<p><strong>Kursplan (wird sukzessive erg\u00e4nzt\/aktualisiert):<\/strong><br \/>\n(zu den Aufgaben jeweils auch Besprechung von Fragen zur jeweiligen LE)<\/p>\n<ul>\n<li>Mi., 02.10.2024: LE 0, LE 1<\/li>\n<li>Mi., 09.10.2024: Besprechung Rest LE 1 und LE 2 sowie Aufgaben zu LE 1 und LE 2<\/li>\n<li>Do., 10.10.2024: Fortsetzung Vortag: Rest LE 2 <abbr title=\"inclusive\">inkl.<\/abbr> Aufgabe 4 (KI)<\/li>\n<li>Mi., 16.10.2024: Aufgaben zu LE 3 (erster Teil)<\/li>\n<li>Do., 17.10.2024: LE 3 (zweiter Teil)<\/li>\n<li>Mi., 23.10.2024: Aufgaben zu LE 3 (zweiter Teil), LE 4<\/li>\n<li>Do., 24.10.2024: Rest LE 4, Einstieg LE 5<\/li>\n<li>Mi., 30.10.2024: Aufgaben zu LE 4 und LE 5<\/li>\n<li>Mi., 06.11.2024: Aufgaben zu LE 6<\/li>\n<li><s>Do. 07.11.2024: keine Sitzung im H\u00f6rsaal (gem. Vorgabe, \u201emil. Verw. im Fokus\u201c)<\/s><\/li>\n<li>Mi., 13.11.2024: Aufgaben zu LE 7<\/li>\n<li>Do., 14.11.2024 (ab 9:45 Uhr): Fortsetzung Aufgaben zu LE 7 <s>(opt. Zusatztermin ab 14 Uhr nur bei Bedarf, entf\u00e4llt mangels Bedarf)<\/s><\/li>\n<li>Mi., 20.11.2024: Aufgaben zu LE 8 (erster Teil)<\/li>\n<li>Do., 21.11.2024: LE 8 (zweiter Teil)<\/li>\n<li>Mi., 27.11.2024: Aufgaben zu LE 8 (zweiter Teil)<\/li>\n<li>Do., 28.11.2024: LE 9<\/li>\n<li>Mi., 04.12.2024: Aufgaben zu LE 9<\/li>\n<li>Do., 05.12.2024: LE 10<\/li>\n<li>Mi., 11.12.2024: Aufgaben zu LE 10 und Rekapitulation\/Fazit\/Fragen insgesamt<\/li>\n<li>Do., 12.12.2024: Fragestunde Klausurvorbereitung<\/li>\n<\/ul>\n<p><strong>Literatur:<\/strong>&nbsp;Als eine Literaturquelle kann folgendes Lehrbuch zum Nachlesen ausgew\u00e4hlter Inhalte herangezogen werden: A. Fink, G. Schneidereit, S. Vo\u00df: Grundlagen der Wirtschaftsinformatik, 2. Auflage, Physica\/Springer, Heidelberg, 2005 (verf\u00fcgbar in der <abbr title=\"Helmut Schmidt Universit\u00e4t\">HSU<\/abbr>-Bibliothek sowohl physisch als auch online (pdf)). Weitere Literaturhinweise werden themenbezogen erg\u00e4nzt (siehe Folien und Hausaufgaben).<\/p>\n<p><strong>Qualifikationsziele:<\/strong> Die Studierenden<\/p>\n<ul>\n<li>k\u00f6nnen Gegenstand, Ziele und Aufgaben der Wirtschaftsinformatik erl\u00e4utern und die Relevanz von Informationstechnik f\u00fcr Unternehmen diskutieren,<\/li>\n<li>k\u00f6nnen Potenziale von Digitalisierung und K\u00fcnstlicher Intelligenz anhand aktueller Anwendungsfelder diskutieren,<\/li>\n<li>k\u00f6nnen grunds\u00e4tzliche M\u00f6glichkeiten und Grenzen der praktischen L\u00f6sung betrieblicher Probleme mittels Rechnern beschreiben,<\/li>\n<li>k\u00f6nnen Informationen in Abgrenzung zu Daten und Wissen charakterisieren, bestimmte Sachverhalte zweckm\u00e4\u00dfig codieren sowie wesentliche Konzepte des Managements von Informationen und Wissen beschreiben,<\/li>\n<li>k\u00f6nnen den grunds\u00e4tzlichen Aufbau von Rechnern und Rechnersystemen beschreiben und kennen typische Leistungsmerkmale von Prozessoren und Speichersystemen,<\/li>\n<li>k\u00f6nnen die grunds\u00e4tzliche Funktionsweise von Rechnernetzen und Basiskonzepte des World Wide Web erl\u00e4utern,<\/li>\n<li>k\u00f6nnen Systemsoftware und Anwendungssoftware abgrenzen, besitzen einen \u00dcberblick zu verschiedenen Typen von Programmiersprachen und k\u00f6nnen einfache Programme nachvollziehen,<\/li>\n<li>k\u00f6nnen Phasen und Sichten bei der Modellierung und Umsetzung betrieblicher Informationssysteme erl\u00e4utern,<\/li>\n<li>k\u00f6nnen konzeptionelle Datenmodelle erstellen, hieraus ein Relationenschema entwickeln und die Umsetzung mittels relationaler Datenbanksysteme beschreiben,<\/li>\n<li>k\u00f6nnen Gesch\u00e4ftsprozesse modellieren,<\/li>\n<li>kennen wesentliche Konzepte und Funktionen betrieblicher Anwendungssysteme sowie praktische Beispiele f\u00fcr ERP-Standardsoftware.<\/li>\n<\/ul>\n<p>Dementsprechend werden in dem Modul unter Ber\u00fccksichtigung des betriebswirtschaftlichen Anwendungsbereichs wesentliche Grundlagen der Wirtschaftsinformatik in einf\u00fchrender Form vermittelt:<\/p>\n<ol>\n<li>Gegenstand und Aufgaben der Wirtschaftsinformatik<\/li>\n<li>Ausgew\u00e4hlte aktuelle Themenfelder der Digitalisierung<\/li>\n<li>Berechenbarkeit, Algorithmen und Komplexit\u00e4t<\/li>\n<li>Informationen und ihre Codierung<\/li>\n<li>Informations- und Wissensmanagement<\/li>\n<li>Informationstechnik (<abbr title=\"Informationstechnologie\">IT<\/abbr>): Hardware und Software<\/li>\n<li>Internet, Web, XML (und Anwendungsfelder)<\/li>\n<li>Datenmodellierung und Datenbanksysteme<\/li>\n<li>Gesch\u00e4ftsprozessmodellierung<\/li>\n<li>Betriebliche Anwendungssysteme<\/li>\n<\/ol>\n","protected":false},"excerpt":{"rendered":"<p>Kursnummer: 23.409 (Modulnr. WS14B09), 4 TWS, 6 LP Dozent: Andreas Fink Studiengang: BWL (Pflicht, B.Sc., 4. Trimester), Logistik (Pflicht, B.Sc., 4. Trimester), VWL (Wahlm\u00f6glichkeit) Termine: Mi. 11:30-13:00 Uhr und Do. [&hellip;]<\/p>\n","protected":false},"author":43,"featured_media":0,"parent":0,"menu_order":0,"comment_status":"closed","ping_status":"closed","template":"","meta":{"footnotes":""},"categories":[6],"tags":[],"class_list":["post-3359","page","type-page","status-publish","hentry","category-lehre"],"_links":{"self":[{"href":"https:\/\/www.hsu-hh.de\/ifi\/wp-json\/wp\/v2\/pages\/3359","targetHints":{"allow":["GET"]}}],"collection":[{"href":"https:\/\/www.hsu-hh.de\/ifi\/wp-json\/wp\/v2\/pages"}],"about":[{"href":"https:\/\/www.hsu-hh.de\/ifi\/wp-json\/wp\/v2\/types\/page"}],"author":[{"embeddable":true,"href":"https:\/\/www.hsu-hh.de\/ifi\/wp-json\/wp\/v2\/users\/43"}],"replies":[{"embeddable":true,"href":"https:\/\/www.hsu-hh.de\/ifi\/wp-json\/wp\/v2\/comments?post=3359"}],"version-history":[{"count":26,"href":"https:\/\/www.hsu-hh.de\/ifi\/wp-json\/wp\/v2\/pages\/3359\/revisions"}],"predecessor-version":[{"id":3460,"href":"https:\/\/www.hsu-hh.de\/ifi\/wp-json\/wp\/v2\/pages\/3359\/revisions\/3460"}],"wp:attachment":[{"href":"https:\/\/www.hsu-hh.de\/ifi\/wp-json\/wp\/v2\/media?parent=3359"}],"wp:term":[{"taxonomy":"category","embeddable":true,"href":"https:\/\/www.hsu-hh.de\/ifi\/wp-json\/wp\/v2\/categories?post=3359"},{"taxonomy":"post_tag","embeddable":true,"href":"https:\/\/www.hsu-hh.de\/ifi\/wp-json\/wp\/v2\/tags?post=3359"}],"curies":[{"name":"wp","href":"https:\/\/api.w.org\/{rel}","templated":true}]}}