{"id":3259,"date":"2024-02-29T09:53:01","date_gmt":"2024-02-29T08:53:01","guid":{"rendered":"https:\/\/www.hsu-hh.de\/ifi\/?page_id=3259"},"modified":"2024-06-18T09:30:07","modified_gmt":"2024-06-18T07:30:07","slug":"seminar-wirtschaftsinformatik-ft-2024","status":"publish","type":"page","link":"https:\/\/www.hsu-hh.de\/ifi\/seminar-wirtschaftsinformatik-ft-2024","title":{"rendered":"Seminar Wirtschaftsinformatik (FT 2024)"},"content":{"rendered":"<p><strong>Oberthema im <abbr title=\"Fr\u00fchjahrstrimester\">FT<\/abbr> 2024: K\u00fcnstliche Intelligenz (KI)<\/strong><\/p>\n<p><strong> Modulnummer: <\/strong> WS-16-B-21<br \/>\n<strong> Dozent: <\/strong><a href=\"\/ifi\/team\/fink\/\" rel='nofollow'>Andreas Fink<\/a><br \/>\n<strong> Studiengang: <\/strong><abbr title=\"Betriebswirtschaftslehre\">BWL<\/abbr> (Wahlpflicht Seminar, B.Sc., 6. Trimester)<br \/>\n<strong> Umfang: <\/strong> 6 Leistungspunkte<br \/>\n<strong> Termine: <\/strong> n.V. (ausgew\u00e4hlte Termine \/ Blockveranstaltung f\u00fcr die Pr\u00e4sentationen)<br \/>\n<strong>1. Termin (mit Themenvergabe):<\/strong> Do. 11. April, ab 11 Uhr, Raum 2161 (<abbr title=\"Personal Computer\">PC<\/abbr>-Labor)<br \/>\n<strong>Pr\u00e4sentationstermin:<\/strong> Fr. 21. Juni, ab 10 Uhr, Raum 2161 (<abbr title=\"Personal Computer\">PC<\/abbr>-Labor)<br \/>\n<strong> Pr\u00fcfung: <\/strong> Hausarbeit + Referat<\/p>\n<p>Gem\u00e4\u00df Angabe im Modulhandbuch ist die parallele Teilnahme am Wahlpflichtmodul <a href=\"https:\/\/www.hsu-hh.de\/ifi\/softwareentwicklung-ft-2024\">Softwareentwicklung<\/a> (Vertiefungsfach im Bereich der Komplement\u00e4rf\u00e4cher) vorgesehen. Grunds\u00e4tzlich wird es im Seminar nach Wahl aber Themen mit und in der Mehrzahl ohne Implementierungsanteil geben.<\/p>\n<p>Im Rahmen des Seminars erarbeiten die Studierenden bestimmte Themen (konkrete Themenvorstellung in der ersten Sitzung, grunds\u00e4tzlich sind vielf\u00e4ltige Themen im Kontext von KI vorgesehen). Sie erstellen eine Seminararbeit und pr\u00e4sentieren ihre Ergebnisse.<\/p>\n<p>Zu beachten sind die <a href=\"https:\/\/www.hsu-hh.de\/ifi\/wp-content\/uploads\/sites\/697\/2023\/03\/Richtlinien_2023.pdf\">Vorgaben und Empfehlungen der Professur f\u00fcr die Gestaltung wissenschaftlicher Arbeiten im Studium<\/a>.<\/p>\n<p><strong>Generelle Qualifikationsziele:<\/strong> Die Studierenden<\/p>\n<ul>\n<li>k\u00f6nnen ausgew\u00e4hlte Themen von Wirtschaftsinformatik eigenst\u00e4ndig darlegen und diskutieren,<\/li>\n<li>beherrschen hierzu Grundlagen des wissenschaftlichen Arbeitens,<\/li>\n<li>beherrschen <abbr title=\"gegebenenfalls\">ggf.<\/abbr> in Abh\u00e4ngigkeit von der Themenstellung ausgew\u00e4hlte Implementierungskompetenzen (optional),<\/li>\n<li>und haben durch die selbst\u00e4ndige Bearbeitung eines Themas sowie durch die Pr\u00e4sentation und Diskussion f\u00e4cher\u00fcbergreifende Schl\u00fcsselkompetenzen erlangt.<\/li>\n<\/ul>\n","protected":false},"excerpt":{"rendered":"<p>Oberthema im FT 2024: K\u00fcnstliche Intelligenz (KI) Modulnummer: WS-16-B-21 Dozent: Andreas Fink Studiengang: BWL (Wahlpflicht Seminar, B.Sc., 6. Trimester) Umfang: 6 Leistungspunkte Termine: n.V. (ausgew\u00e4hlte Termine \/ Blockveranstaltung f\u00fcr die [&hellip;]<\/p>\n","protected":false},"author":43,"featured_media":0,"parent":0,"menu_order":0,"comment_status":"closed","ping_status":"closed","template":"","meta":{"footnotes":""},"categories":[6],"tags":[],"class_list":["post-3259","page","type-page","status-publish","hentry","category-lehre"],"_links":{"self":[{"href":"https:\/\/www.hsu-hh.de\/ifi\/wp-json\/wp\/v2\/pages\/3259","targetHints":{"allow":["GET"]}}],"collection":[{"href":"https:\/\/www.hsu-hh.de\/ifi\/wp-json\/wp\/v2\/pages"}],"about":[{"href":"https:\/\/www.hsu-hh.de\/ifi\/wp-json\/wp\/v2\/types\/page"}],"author":[{"embeddable":true,"href":"https:\/\/www.hsu-hh.de\/ifi\/wp-json\/wp\/v2\/users\/43"}],"replies":[{"embeddable":true,"href":"https:\/\/www.hsu-hh.de\/ifi\/wp-json\/wp\/v2\/comments?post=3259"}],"version-history":[{"count":9,"href":"https:\/\/www.hsu-hh.de\/ifi\/wp-json\/wp\/v2\/pages\/3259\/revisions"}],"predecessor-version":[{"id":3353,"href":"https:\/\/www.hsu-hh.de\/ifi\/wp-json\/wp\/v2\/pages\/3259\/revisions\/3353"}],"wp:attachment":[{"href":"https:\/\/www.hsu-hh.de\/ifi\/wp-json\/wp\/v2\/media?parent=3259"}],"wp:term":[{"taxonomy":"category","embeddable":true,"href":"https:\/\/www.hsu-hh.de\/ifi\/wp-json\/wp\/v2\/categories?post=3259"},{"taxonomy":"post_tag","embeddable":true,"href":"https:\/\/www.hsu-hh.de\/ifi\/wp-json\/wp\/v2\/tags?post=3259"}],"curies":[{"name":"wp","href":"https:\/\/api.w.org\/{rel}","templated":true}]}}