{"id":3047,"date":"2023-07-03T09:52:46","date_gmt":"2023-07-03T07:52:46","guid":{"rendered":"https:\/\/www.hsu-hh.de\/ifi\/?page_id=3047"},"modified":"2023-12-13T13:17:22","modified_gmt":"2023-12-13T12:17:22","slug":"gdwi-2023","status":"publish","type":"page","link":"https:\/\/www.hsu-hh.de\/ifi\/gdwi-2023","title":{"rendered":"Grundlagen der Wirtschaftsinformatik (HT 2023)"},"content":{"rendered":"<p><strong> Kursnummer: <\/strong>23.409 (Modulnr. WS14B09), 4 TWS, 6 LP<br \/>\n<strong> Dozent: <\/strong><a href=\"\/ifi\/team\/fink\/\" rel='nofollow'>Andreas Fink<\/a><br \/>\n<strong> Studiengang: <\/strong><abbr title=\"Betriebswirtschaftslehre\">BWL<\/abbr> (Pflicht, B.Sc., 4. Trimester), Logistik (Pflicht, B.Sc., 4. Trimester), <abbr title=\"Volkswirtschaftslehre\">VWL<\/abbr> (Wahlm\u00f6glichkeit)<br \/>\n<strong> Termine: <\/strong>Mi. 11:30-13:00 Uhr und Do. 09:45-11:15 Uhr<br \/>\n<strong> Ort: <\/strong> H\u00f6rsaal 1 (Geb. H1)<br \/>\n<strong> Pr\u00fcfung: <\/strong><a href=\"https:\/\/www.hsu-hh.de\/ifi\/lehre\/klausurhinweise\">Klausur<\/a><br \/>\n<strong> Ilias-Kurs: <\/strong> <a href=\"https:\/\/ilias.hsu-hh.de\/goto.php?target=crs_484633\" rel='nofollow'>https:\/\/ilias.hsu-hh.de\/goto.php?target=crs_484633<\/a> (direkter Beitritt m\u00f6glich)<\/p>\n<p><strong>Kursplan:<\/strong><br \/>\n4. und 5. Oktober: LE 0, LE 1<br \/>\n11. und 12. Oktober: Aufgaben zu L1, LE 2,  LE 3 (Anfang)<br \/>\n<s>Mi. 18. Oktober: keine Sitzung im H\u00f6rsaal<\/s><br \/>\nDo. 19. Oktober: Besprechung Aufgaben zu LE 2 und LE 3 (erster Teil) und zugeh\u00f6rige Fragen<br \/>\nMi. 25. Oktober: Fortsetzung aus der letzten Woche, Besprechung Aufgaben zu LE 3 (zweiter Teil) und zugeh\u00f6rige Fragen<br \/>\nDo. 26. Oktober: Fortsetzung Vortag, Einstieg LE 4<br \/>\nMi. 1. November: Besprechung Aufgaben zu LE 4 und zugeh\u00f6rige Fragen<br \/>\n<s>Do. 2. November: keine Sitzung im H\u00f6rsaal (gem. Vorgabe, &#8222;mil. Verw. im Fokus&#8220;)<\/s><br \/>\nMi. 8. November: Besprechung Aufgaben zu LE 5 und zugeh\u00f6rige Fragen<br \/>\nDo. 9. November: Fortsetzung vom Vortag, LE 6<br \/>\nMi. 15. November: Aufgaben zu LE 6 und LE 7 (teilweise)<br \/>\nDo. 16. November: <abbr title=\"gegebenenfalls\">ggf.<\/abbr> noch Fortsetzung vom Vortag, LE 7<br \/>\nMi. 22. November: Fragen und Aufgaben zu LE 7<br \/>\nDo. 23. November: Fortsetzung vom Vortag<br \/>\nMi. 29. November: Fragen und Aufgaben zu LE 8<br \/>\nDo. 30. November: Fortsetzung vom Vortag<br \/>\nMi. 6. Dezember: Fragen und Aufgaben zu LE 9<br \/>\nDo. 7. Dezember: LE 10<br \/>\nMi. 13. Dezember: Wiederholungen\/Fragenkl\u00e4rung zur Klausurvorbereitung<br \/>\nDo. 14. Dezember: Fortsetzung vom Vortag<\/p>\n<p><strong>Literatur:<\/strong>&nbsp;Als eine Literaturquelle kann folgendes Lehrbuch zum Nachlesen ausgew\u00e4hlter Inhalte herangezogen werden: A. Fink, G. Schneidereit, S. Vo\u00df: Grundlagen der Wirtschaftsinformatik, 2. Auflage, Physica\/Springer, Heidelberg, 2005 (verf\u00fcgbar in der <abbr title=\"Helmut Schmidt Universit\u00e4t\">HSU<\/abbr>-Bibliothek sowohl physisch als auch online (pdf)). Weitere Literaturhinweise werden themenbezogen erg\u00e4nzt (siehe Folien und Hausaufgaben).<\/p>\n<p><strong>Qualifikationsziele:<\/strong> Die Studierenden<\/p>\n<ul>\n<li>k\u00f6nnen Gegenstand, Ziele und Aufgaben der Wirtschaftsinformatik erl\u00e4utern und die Relevanz von Informationstechnik f\u00fcr Unternehmen diskutieren,<\/li>\n<li>k\u00f6nnen Potenziale von Digitalisierung und K\u00fcnstlicher Intelligenz anhand aktueller Anwendungsfelder diskutieren,<\/li>\n<li>k\u00f6nnen grunds\u00e4tzliche M\u00f6glichkeiten und Grenzen der praktischen L\u00f6sung betrieblicher Probleme mittels Rechnern beschreiben,<\/li>\n<li>k\u00f6nnen Informationen in Abgrenzung zu Daten und Wissen charakterisieren, bestimmte Sachverhalte zweckm\u00e4\u00dfig codieren sowie wesentliche Konzepte des Managements von Informationen und Wissen beschreiben,<\/li>\n<li>k\u00f6nnen den grunds\u00e4tzlichen Aufbau von Rechnern und Rechnersystemen beschreiben und kennen typische Leistungsmerkmale von Prozessoren und Speichersystemen,<\/li>\n<li>k\u00f6nnen die grunds\u00e4tzliche Funktionsweise von Rechnernetzen und Basiskonzepte des World Wide Web erl\u00e4utern,<\/li>\n<li>k\u00f6nnen Systemsoftware und Anwendungssoftware abgrenzen, besitzen einen \u00dcberblick zu verschiedenen Typen von Programmiersprachen und k\u00f6nnen einfache Programme nachvollziehen,<\/li>\n<li>k\u00f6nnen Phasen und Sichten bei der Modellierung und Umsetzung betrieblicher Informationssysteme erl\u00e4utern,<\/li>\n<li>k\u00f6nnen konzeptionelle Datenmodelle erstellen, hieraus ein Relationenschema entwickeln und die Umsetzung mittels relationaler Datenbanksysteme beschreiben,<\/li>\n<li>k\u00f6nnen Gesch\u00e4ftsprozesse modellieren,<\/li>\n<li>kennen wesentliche Konzepte und Funktionen betrieblicher Anwendungssysteme sowie praktische Beispiele f\u00fcr ERP-Standardsoftware.<\/li>\n<\/ul>\n<p>Dementsprechend werden in dem Modul unter Ber\u00fccksichtigung des betriebswirtschaftlichen Anwendungsbereichs wesentliche Grundlagen der Wirtschaftsinformatik in einf\u00fchrender Form vermittelt:<\/p>\n<ol>\n<li>Gegenstand und Aufgaben der Wirtschaftsinformatik<\/li>\n<li>Ausgew\u00e4hlte aktuelle Themenfelder der Digitalisierung<\/li>\n<li>Berechenbarkeit, Algorithmen und Komplexit\u00e4t<\/li>\n<li>Informationen und ihre Codierung<\/li>\n<li>Informations- und Wissensmanagement<\/li>\n<li>Informationstechnik (<abbr title=\"Informationstechnologie\">IT<\/abbr>): Hardware und Software<\/li>\n<li>Internet, Web, XML (und Anwendungsfelder)<\/li>\n<li>Datenmodellierung und Datenbanksysteme<\/li>\n<li>Gesch\u00e4ftsprozessmodellierung<\/li>\n<li>Betriebliche Anwendungssysteme<\/li>\n<\/ol>\n","protected":false},"excerpt":{"rendered":"<p>Kursnummer: 23.409 (Modulnr. WS14B09), 4 TWS, 6 LP Dozent: Andreas Fink Studiengang: BWL (Pflicht, B.Sc., 4. Trimester), Logistik (Pflicht, B.Sc., 4. Trimester), VWL (Wahlm\u00f6glichkeit) Termine: Mi. 11:30-13:00 Uhr und Do. [&hellip;]<\/p>\n","protected":false},"author":43,"featured_media":0,"parent":0,"menu_order":0,"comment_status":"closed","ping_status":"closed","template":"","meta":{"footnotes":""},"categories":[6],"tags":[],"class_list":["post-3047","page","type-page","status-publish","hentry","category-lehre"],"_links":{"self":[{"href":"https:\/\/www.hsu-hh.de\/ifi\/wp-json\/wp\/v2\/pages\/3047","targetHints":{"allow":["GET"]}}],"collection":[{"href":"https:\/\/www.hsu-hh.de\/ifi\/wp-json\/wp\/v2\/pages"}],"about":[{"href":"https:\/\/www.hsu-hh.de\/ifi\/wp-json\/wp\/v2\/types\/page"}],"author":[{"embeddable":true,"href":"https:\/\/www.hsu-hh.de\/ifi\/wp-json\/wp\/v2\/users\/43"}],"replies":[{"embeddable":true,"href":"https:\/\/www.hsu-hh.de\/ifi\/wp-json\/wp\/v2\/comments?post=3047"}],"version-history":[{"count":31,"href":"https:\/\/www.hsu-hh.de\/ifi\/wp-json\/wp\/v2\/pages\/3047\/revisions"}],"predecessor-version":[{"id":3165,"href":"https:\/\/www.hsu-hh.de\/ifi\/wp-json\/wp\/v2\/pages\/3047\/revisions\/3165"}],"wp:attachment":[{"href":"https:\/\/www.hsu-hh.de\/ifi\/wp-json\/wp\/v2\/media?parent=3047"}],"wp:term":[{"taxonomy":"category","embeddable":true,"href":"https:\/\/www.hsu-hh.de\/ifi\/wp-json\/wp\/v2\/categories?post=3047"},{"taxonomy":"post_tag","embeddable":true,"href":"https:\/\/www.hsu-hh.de\/ifi\/wp-json\/wp\/v2\/tags?post=3047"}],"curies":[{"name":"wp","href":"https:\/\/api.w.org\/{rel}","templated":true}]}}