{"id":2899,"date":"2023-02-22T16:16:22","date_gmt":"2023-02-22T15:16:22","guid":{"rendered":"https:\/\/www.hsu-hh.de\/ifi\/?page_id=2899"},"modified":"2023-06-15T12:19:47","modified_gmt":"2023-06-15T10:19:47","slug":"seminar-wirtschaftsinformatik-ft-2023","status":"publish","type":"page","link":"https:\/\/www.hsu-hh.de\/ifi\/seminar-wirtschaftsinformatik-ft-2023","title":{"rendered":"Seminar Wirtschaftsinformatik (FT 2023)"},"content":{"rendered":"<p><strong>Oberthema im <abbr title=\"Fr\u00fchjahrstrimester\">FT<\/abbr> 2023: Aktuelle KI-Entwicklungen<\/strong><\/p>\n<p><strong> Modulnummer: <\/strong> WS-16-B-21<br \/>\n<strong> Dozent: <\/strong><a href=\"\/ifi\/team\/fink\/\" rel='nofollow'>Andreas Fink<\/a><br \/>\n<strong> Studiengang: <\/strong><abbr title=\"Betriebswirtschaftslehre\">BWL<\/abbr> (Wahlpflicht Seminar, B.Sc., 6. Trimester)<br \/>\n<strong> Umfang: <\/strong> 6 Leistungspunkte<br \/>\n<strong> Termine: <\/strong> n.V. (ausgew\u00e4hlte Termine \/ Blockveranstaltung f\u00fcr die Pr\u00e4sentationen)<br \/>\n<strong> Pr\u00fcfung: <\/strong> Hausarbeit + Referat<\/p>\n<p>Gem\u00e4\u00df Angabe im Modulhandbuch stellt die parallele Teilnahme am Wahlpflichtmodul <a href=\"https:\/\/www.hsu-hh.de\/ifi\/softwareentwicklung-ft-2023\">Softwareentwicklung<\/a> (Vertiefungsfach im Bereich der Komplement\u00e4rf\u00e4cher) eine Voraussetzung f\u00fcr die Teilnahme am Seminar dar. Grunds\u00e4tzlich wird es im Seminar aber Themen mit und in der Mehrzahl ohne Implementierungsanteil geben.<\/p>\n<p>Im Rahmen des Seminars (<a href=\"https:\/\/ilias.hsu-hh.de\/goto.php?target=file_468310_download\" rel='nofollow'>Einf\u00fchrungsfolien<\/a>) erarbeiten die Studierenden bestimmte Themen (<a href=\"https:\/\/ilias.hsu-hh.de\/goto.php?target=file_468309_download\" rel='nofollow'>Themenvorstellung<\/a> in der ersten Sitzung). Sie erstellen eine Seminararbeit und pr\u00e4sentieren ihre Ergebnisse.<\/p>\n<p>Zu beachten sind die <a href=\"https:\/\/www.hsu-hh.de\/ifi\/wp-content\/uploads\/sites\/697\/2023\/03\/Richtlinien_2023.pdf\">Vorgaben und Empfehlungen der Professur f\u00fcr die Gestaltung wissenschaftlicher Arbeiten im Studium<\/a>.<\/p>\n<p><strong>Generelle Qualifikationsziele:<\/strong> Die Studierenden<\/p>\n<ul>\n<li>k\u00f6nnen ausgew\u00e4hlte Themen von Wirtschaftsinformatik und <abbr title=\"gegebenenfalls\">ggf.<\/abbr> Softwareentwicklung eigenst\u00e4ndig darlegen und diskutieren,<\/li>\n<li>beherrschen hierzu Grundlagen des wissenschaftlichen Arbeitens,<\/li>\n<li>beherrschen <abbr title=\"gegebenenfalls\">ggf.<\/abbr> in Abh\u00e4ngigkeit von der Themenstellung ausgew\u00e4hlte Implementierungskompetenzen (optional),<\/li>\n<li>und haben durch die selbst\u00e4ndige Bearbeitung eines Themas sowie durch die Pr\u00e4sentation und Diskussion f\u00e4cher\u00fcbergreifende Schl\u00fcsselkompetenzen erlangt.<\/li>\n<\/ul>\n","protected":false},"excerpt":{"rendered":"<p>Oberthema im FT 2023: Aktuelle KI-Entwicklungen Modulnummer: WS-16-B-21 Dozent: Andreas Fink Studiengang: BWL (Wahlpflicht Seminar, B.Sc., 6. Trimester) Umfang: 6 Leistungspunkte Termine: n.V. (ausgew\u00e4hlte Termine \/ Blockveranstaltung f\u00fcr die Pr\u00e4sentationen) [&hellip;]<\/p>\n","protected":false},"author":43,"featured_media":0,"parent":0,"menu_order":0,"comment_status":"closed","ping_status":"closed","template":"","meta":{"footnotes":""},"categories":[6],"tags":[],"class_list":["post-2899","page","type-page","status-publish","hentry","category-lehre"],"_links":{"self":[{"href":"https:\/\/www.hsu-hh.de\/ifi\/wp-json\/wp\/v2\/pages\/2899","targetHints":{"allow":["GET"]}}],"collection":[{"href":"https:\/\/www.hsu-hh.de\/ifi\/wp-json\/wp\/v2\/pages"}],"about":[{"href":"https:\/\/www.hsu-hh.de\/ifi\/wp-json\/wp\/v2\/types\/page"}],"author":[{"embeddable":true,"href":"https:\/\/www.hsu-hh.de\/ifi\/wp-json\/wp\/v2\/users\/43"}],"replies":[{"embeddable":true,"href":"https:\/\/www.hsu-hh.de\/ifi\/wp-json\/wp\/v2\/comments?post=2899"}],"version-history":[{"count":10,"href":"https:\/\/www.hsu-hh.de\/ifi\/wp-json\/wp\/v2\/pages\/2899\/revisions"}],"predecessor-version":[{"id":3015,"href":"https:\/\/www.hsu-hh.de\/ifi\/wp-json\/wp\/v2\/pages\/2899\/revisions\/3015"}],"wp:attachment":[{"href":"https:\/\/www.hsu-hh.de\/ifi\/wp-json\/wp\/v2\/media?parent=2899"}],"wp:term":[{"taxonomy":"category","embeddable":true,"href":"https:\/\/www.hsu-hh.de\/ifi\/wp-json\/wp\/v2\/categories?post=2899"},{"taxonomy":"post_tag","embeddable":true,"href":"https:\/\/www.hsu-hh.de\/ifi\/wp-json\/wp\/v2\/tags?post=2899"}],"curies":[{"name":"wp","href":"https:\/\/api.w.org\/{rel}","templated":true}]}}