{"id":2895,"date":"2023-02-22T16:05:21","date_gmt":"2023-02-22T15:05:21","guid":{"rendered":"https:\/\/www.hsu-hh.de\/ifi\/?page_id=2895"},"modified":"2023-06-21T13:20:37","modified_gmt":"2023-06-21T11:20:37","slug":"softwareentwicklung-ft-2023","status":"publish","type":"page","link":"https:\/\/www.hsu-hh.de\/ifi\/softwareentwicklung-ft-2023","title":{"rendered":"Softwareentwicklung (FT 2023)"},"content":{"rendered":"<p><strong> Modulnummer: <\/strong> WS-15-B-12<br \/>\n<strong> Dozent: <\/strong><a href=\"\/ifi\/team\/fink\/\" rel='nofollow'>Andreas Fink<\/a><br \/>\n<strong> Studiengang: <\/strong><abbr title=\"Betriebswirtschaftslehre\">BWL<\/abbr> (Wahlpflicht Vertiefungsfach\/Komplement\u00e4rfach, B.Sc., 6. Trimester), ansonsten je nach Anrechenbarkeit in anderen Studieng\u00e4ngen<br \/>\n<strong> Umfang: <\/strong> 4 TWS \/ 6 Leistungspunkte<br \/>\n<strong> Termine: <\/strong> Do., 09.45 \u2013 12:15 Uhr zzgl. Erg\u00e4nzungen (<abbr title=\"gegebenenfalls\">ggf.<\/abbr> weitere Absprachen hierzu in der Lehrveranstaltung)<br \/>\n<strong> Raum: <\/strong> <abbr title=\"Personal Computer\">PC<\/abbr>-Labor <abbr title=\"Wirtschafts- und Sozialwissenschaften\">WiSo<\/abbr> (Raum 2161, Geb. H1)<br \/>\n<strong> Pr\u00fcfung: <\/strong> Projektarbeit (Implementierungsleistung)<br \/>\n<strong> Ilias-Kurs: <\/strong> <a href=\"https:\/\/ilias.hsu-hh.de\/goto.php?target=crs_468701&amp;client_id=unibw\" rel='nofollow'>https:\/\/ilias.hsu-hh.de\/goto.php?target=crs_468701<\/a> (direkter Beitritt m\u00f6glich)<\/p>\n<p><strong>Kursplan (wird noch vervollst\u00e4ndigt)<\/strong>:<br \/>\nDo. 13. April (ab 9:45 Uhr): LE 0<br \/>\nDo. 20. April (ab 9:45 Uhr): LE 1, LE 2<br \/>\nMo. 24. April (ab 17:30 Uhr): Aufgabenblatt 1, Fortsetzung LE 2, LE 3<br \/>\nDi. 02. Mai (14-15:30 Uhr in Raum 310, 15:45-17:15 Uhr in Raum 305)<br \/>\nDo. 11. Mai (ab 09:45 Uhr): nochmal zu Aufgabe 7 von Aufgabenblatt 1, Aufgabenblatt 3, LE 5, Aufgabenstellung Projekt<br \/>\nTermine nach individueller Vereinbarung (Gruppen)<br \/>\nDo. 1. Juni (ab 9:45 Uhr): gemeinsame Besprechung Zwischenst\u00e4nde\/Fragen<br \/>\nTermine nach individueller Vereinbarung (Gruppen)<br \/>\nDo. 29. Juni, 9:45 Uhr: Abgabegespr\u00e4ch mit Gruppe 2<br \/>\nMo., 10. Juli, 13 Uhr: Abgabegespr\u00e4ch mit Gruppe 1<\/p>\n<p><strong>Qualifikationsziele\/Inhalte:<\/strong><br \/>\nDie Studierenden lernen in der ersten Trimesterh\u00e4lfte Grundlagen der objektorientierten Programmierung kennen (<abbr title=\"inclusive\">inkl.<\/abbr> einer knappen Betrachtung von Vorgehensmodellen der Softwareentwicklung und Softwareprojektmanagement) und sollen auf dieser Basis unter Verwendung moderner Softwarewerkzeuge Programme zur L\u00f6sung abgegrenzter Problemstellungen entwickeln k\u00f6nnen. Besondere Vorkenntnisse zum Programmieren werden <i>nicht<\/i> vorausgesetzt. Die Einf\u00fchrung in das Programmieren erfolgt mit den Programmiersprachen C# und\/oder Python (empfohlende Programmierumgebung zum Einstieg: <a href=\"https:\/\/thonny.org\/\" rel='nofollow'>Thonny<\/a>). Wesentliche Inhalte sind:<\/p>\n<ul>\n<li>Programmiersprachliche Basiselemente der strukturierten Programmierung (Variablen, Datentypen, Operatoren, Ausdr\u00fccke, Kontrollstrukturen, Methoden\/Funktionen)<\/li>\n<li>Objektorientierte Programmierung<\/li>\n<li>Elementare Datenstrukturen und Algorithmen<\/li>\n<\/ul>\n<p>Auf dieser Basis werden in der zweiten Trimesterh\u00e4lfte in kleingruppenbasierter Softwareprojektarbeit gr\u00f6\u00dfere Aufgabenstellungen bearbeitet (Projektarbeit\/Implementierungsleistung, je nach Aufgabe mit einer Vertiefung bestimmter Implementierungstechniken).<\/p>\n","protected":false},"excerpt":{"rendered":"<p>Modulnummer: WS-15-B-12 Dozent: Andreas Fink Studiengang: BWL (Wahlpflicht Vertiefungsfach\/Komplement\u00e4rfach, B.Sc., 6. Trimester), ansonsten je nach Anrechenbarkeit in anderen Studieng\u00e4ngen Umfang: 4 TWS \/ 6 Leistungspunkte Termine: Do., 09.45 \u2013 12:15 [&hellip;]<\/p>\n","protected":false},"author":43,"featured_media":0,"parent":0,"menu_order":0,"comment_status":"closed","ping_status":"closed","template":"","meta":{"footnotes":""},"categories":[6],"tags":[],"class_list":["post-2895","page","type-page","status-publish","hentry","category-lehre"],"_links":{"self":[{"href":"https:\/\/www.hsu-hh.de\/ifi\/wp-json\/wp\/v2\/pages\/2895","targetHints":{"allow":["GET"]}}],"collection":[{"href":"https:\/\/www.hsu-hh.de\/ifi\/wp-json\/wp\/v2\/pages"}],"about":[{"href":"https:\/\/www.hsu-hh.de\/ifi\/wp-json\/wp\/v2\/types\/page"}],"author":[{"embeddable":true,"href":"https:\/\/www.hsu-hh.de\/ifi\/wp-json\/wp\/v2\/users\/43"}],"replies":[{"embeddable":true,"href":"https:\/\/www.hsu-hh.de\/ifi\/wp-json\/wp\/v2\/comments?post=2895"}],"version-history":[{"count":35,"href":"https:\/\/www.hsu-hh.de\/ifi\/wp-json\/wp\/v2\/pages\/2895\/revisions"}],"predecessor-version":[{"id":3033,"href":"https:\/\/www.hsu-hh.de\/ifi\/wp-json\/wp\/v2\/pages\/2895\/revisions\/3033"}],"wp:attachment":[{"href":"https:\/\/www.hsu-hh.de\/ifi\/wp-json\/wp\/v2\/media?parent=2895"}],"wp:term":[{"taxonomy":"category","embeddable":true,"href":"https:\/\/www.hsu-hh.de\/ifi\/wp-json\/wp\/v2\/categories?post=2895"},{"taxonomy":"post_tag","embeddable":true,"href":"https:\/\/www.hsu-hh.de\/ifi\/wp-json\/wp\/v2\/tags?post=2895"}],"curies":[{"name":"wp","href":"https:\/\/api.w.org\/{rel}","templated":true}]}}