{"id":2725,"date":"2022-11-12T11:44:41","date_gmt":"2022-11-12T10:44:41","guid":{"rendered":"https:\/\/www.hsu-hh.de\/ifi\/?page_id=2725"},"modified":"2023-01-02T12:39:37","modified_gmt":"2023-01-02T11:39:37","slug":"integrierendes-projekt-logistik-management-2023","status":"publish","type":"page","link":"https:\/\/www.hsu-hh.de\/ifi\/integrierendes-projekt-logistik-management-2023","title":{"rendered":"Integrierendes Projekt Logistik-Management (WT 2023)"},"content":{"rendered":"<div>\n<p><strong>Kursnummer: <\/strong>23.1132 (Modulnr. WS24B79, 11. Trimester)<br \/>\n<strong> Dozent: <\/strong><a href=\"\/ifi\/team\/fink\/\" rel='nofollow'>Andreas Fink<\/a><br \/>\n<strong> Studiengang: <\/strong><abbr title=\"Betriebswirtschaftslehre\">BWL<\/abbr> (<abbr title=\"Master of Science\">M.Sc.<\/abbr>, Studienschwerpunkt Logistik-Management)<br \/>\n<strong> Termin: <\/strong> Mo. ab 09:45 Uhr und\/oder Di. ab 15:45 Uhr (die Zeiten werden <abbr title=\"gegebenenfalls\">ggf.<\/abbr> in Abstimmung mit den Teilnehmern nochmal angepasst, <abbr title=\"gegebenenfalls\">ggf.<\/abbr> geblockt)<br \/>\n<strong> Ort: <\/strong> <abbr title=\"Personal Computer\">PC<\/abbr>-Labor <abbr title=\"Wirtschafts- und Sozialwissenschaften\">WiSo<\/abbr>, Raum 2161 (Geb. H1)<br \/>\n<strong>1. Veranstaltung\/Einf\u00fchrung:<\/strong> Mo., 9. Jan., ab 09:45 Uhr, <abbr title=\"Personal Computer\">PC<\/abbr>-Labor <abbr title=\"Wirtschafts- und Sozialwissenschaften\">WiSo<\/abbr> (2161\/H1)<\/p>\n<p><strong>Qualifikationsziele: <\/strong> Die Studierenden sollen die in den Basisveranstaltungen erlangten Kompetenzen in Logistik-Management, Wirtschaftsinformatik und Operations Research im Rahmen eines umfangreichen praxis- und <strong>implementierungsorientierten<\/strong> Projekts vertiefen sowie eine Vernetzung dieser Kompetenzen mit anderen Feldern ihres Studiums erreichen. Sie erlangen durch die Bearbeitung einer Problemstellung in einer Gruppe sowie durch die Pr\u00e4sentation und Diskussion f\u00e4cher\u00fcbergreifende Schl\u00fcsselkompetenzen.<\/p>\n<\/div>\n","protected":false},"excerpt":{"rendered":"<p>Kursnummer: 23.1132 (Modulnr. WS24B79, 11. Trimester) Dozent: Andreas Fink Studiengang: BWL (M.Sc., Studienschwerpunkt Logistik-Management) Termin: Mo. ab 09:45 Uhr und\/oder Di. ab 15:45 Uhr (die Zeiten werden ggf. in Abstimmung [&hellip;]<\/p>\n","protected":false},"author":43,"featured_media":0,"parent":0,"menu_order":0,"comment_status":"closed","ping_status":"closed","template":"","meta":{"footnotes":""},"categories":[6],"tags":[],"class_list":["post-2725","page","type-page","status-publish","hentry","category-lehre"],"_links":{"self":[{"href":"https:\/\/www.hsu-hh.de\/ifi\/wp-json\/wp\/v2\/pages\/2725","targetHints":{"allow":["GET"]}}],"collection":[{"href":"https:\/\/www.hsu-hh.de\/ifi\/wp-json\/wp\/v2\/pages"}],"about":[{"href":"https:\/\/www.hsu-hh.de\/ifi\/wp-json\/wp\/v2\/types\/page"}],"author":[{"embeddable":true,"href":"https:\/\/www.hsu-hh.de\/ifi\/wp-json\/wp\/v2\/users\/43"}],"replies":[{"embeddable":true,"href":"https:\/\/www.hsu-hh.de\/ifi\/wp-json\/wp\/v2\/comments?post=2725"}],"version-history":[{"count":3,"href":"https:\/\/www.hsu-hh.de\/ifi\/wp-json\/wp\/v2\/pages\/2725\/revisions"}],"predecessor-version":[{"id":2783,"href":"https:\/\/www.hsu-hh.de\/ifi\/wp-json\/wp\/v2\/pages\/2725\/revisions\/2783"}],"wp:attachment":[{"href":"https:\/\/www.hsu-hh.de\/ifi\/wp-json\/wp\/v2\/media?parent=2725"}],"wp:term":[{"taxonomy":"category","embeddable":true,"href":"https:\/\/www.hsu-hh.de\/ifi\/wp-json\/wp\/v2\/categories?post=2725"},{"taxonomy":"post_tag","embeddable":true,"href":"https:\/\/www.hsu-hh.de\/ifi\/wp-json\/wp\/v2\/tags?post=2725"}],"curies":[{"name":"wp","href":"https:\/\/api.w.org\/{rel}","templated":true}]}}