{"id":2723,"date":"2022-11-12T11:36:59","date_gmt":"2022-11-12T10:36:59","guid":{"rendered":"https:\/\/www.hsu-hh.de\/ifi\/?page_id=2723"},"modified":"2023-11-22T17:05:44","modified_gmt":"2023-11-22T16:05:44","slug":"methoden-der-wirtschaftsinformatik-2023","status":"publish","type":"page","link":"https:\/\/www.hsu-hh.de\/ifi\/methoden-der-wirtschaftsinformatik-2023","title":{"rendered":"Methoden der Wirtschaftsinformatik (WT 2023)"},"content":{"rendered":"<div>\n<strong>Kursnummer: <\/strong>23.826 (Modulnummer WS21B72\/73, 4 TWS)<br \/>\n<strong>Dozent: <\/strong><a href=\"\/ifi\/team\/fink\/\" rel='nofollow'>Andreas Fink<\/a><br \/>\n<strong>Studiengang: <\/strong>\t<abbr title=\"Betriebswirtschaftslehre\">BWL<\/abbr> (<abbr title=\"Master of Science\">M.Sc.<\/abbr>, Studienschwerpunkt Logistik-Management), <abbr title=\"Wirtschaftsingenieurwesen\">WI<\/abbr> (<abbr title=\"Master of Science\">M.Sc.<\/abbr> Studienrichtungen Logistik und Produktentstehung\/Produktion), Inf.-<abbr title=\"Ingenieur\">Ing.<\/abbr> (<abbr title=\"Master of Science\">M.Sc.<\/abbr>, dort unter der Bezeichnung &#8222;Wirtschaftsinformatik&#8220;), <abbr title=\"Volkswirtschaftslehre\">VWL<\/abbr> (Allg. Wahlpflichtbereich, <abbr title=\"Master of Science\">M.Sc.<\/abbr>)<br \/>\n<strong>Termin\/Zeitfenster: <\/strong>Do., 09:45 &#8211; 12:15 Uhr (zzgl. nach Bedarf\/Vereinbarung)<br \/>\n<strong>Ort:<\/strong> <abbr title=\"Personal Computer\">PC<\/abbr>-Labor <abbr title=\"Wirtschafts- und Sozialwissenschaften\">WiSo<\/abbr> (Raum 2161, Geb. H1)<br \/>\n<strong>Pr\u00fcfung: <\/strong><a href=\"https:\/\/www.hsu-hh.de\/ifi\/lehre\/klausurhinweise\">Klausur (120 Minuten, keine Hilfsmittel)<\/a><br \/>\n<strong>Ilias-Kurs: <\/strong> <a href=\"https:\/\/ilias.hsu-hh.de\/goto.php?target=crs_449731\" rel='nofollow'>https:\/\/ilias.hsu-hh.de\/goto.php?target=crs_449731<\/a> (direkter Beitritt m\u00f6glich)<\/p>\n<p><strong>Kursplan<\/strong>:<br \/>\nDo., 12.01.2023: Einf\u00fchrung und \u00dcberblick<br \/>\nDo., 19.01.2023: Besprechung Fragen zu LE 1 und LE 2 sowie Aufgabenblatt 1<br \/>\nDo., 26.01.2023: Besprechung Fragen zu LE 3 (Teil 1, bis Folie 30) sowie Aufgabenblatt 2<br \/>\nDo., 02.02.2023: Besprechung Fragen zu LE 3 (Teil 2, ab Folie 31) sowie Aufgabenblatt 3<br \/>\nDo., 09.02.2023: Besprechung Fragen zu LE 4 sowie Aufgabenblatt 4<br \/>\nDo., 16.02.2023: Besprechung Fragen zu LE 5 (Teil 1 und Teil 2) sowie Aufgabenblatt 5<br \/>\nDo., 23.02.2023: kein Termin (aufgrund <abbr title=\"Teilstreitkraft\">TSK<\/abbr>-Info-Tage)<br \/>\nDo., 02.03.2023: Besprechung Fragen zu LE 6 und LE 7 sowie den Aufgabenbl\u00e4ttern 6 und 7<br \/>\nDo., 09.03.2023: Besprechung Fragen zu LE 8 sowie Aufgabenblatt 8<br \/>\nDo., 16.03.2023: Besprechung Fragen zu LE 9 sowie Aufgabenblatt 9<br \/>\nDo., 23.03.2023: Rekapitulation (LE 10) und Besprechung von Fragen<\/p>\n<p><strong>Qualifikationsziele (Gesamtmodul):<\/strong> Die Studierenden<\/p>\n<ul>\n<li>k\u00f6nnen Gegenstand, Ziele und Aufgaben der Wirtschaftsinformatik erl\u00e4utern und die Relevanz von Informationstechnik f\u00fcr Unternehmen diskutieren,<\/li>\n<li>k\u00f6nnen Probleml\u00f6sungsprozesse bei der Gestaltung betrieblicher Informationssysteme beschreiben und Modelle und Modellierung aus verschiedenen Perspektiven diskutieren,<\/li>\n<li>kennen theoretische Grundlagen f\u00fcr die Entwicklung und Verwendung von Modellierungssprachen,<\/li>\n<li>k\u00f6nnen konzeptionelle Datenmodelle und (relationale) Datenbankschemas erstellen, kennen die Architektur und Funktionsweise von (relationalen) Datenbanksystemen und beherrschen die Erstellung von Datenbankabfragen mittels SQL sowie weiterf\u00fchrende Konzepte im Zusammenhang mit Informationsmanagement, Data Warehouses und Datenbankanalysen und k\u00f6nnen dieses Wissen mit ausgew\u00e4hlten Softwarewerkzeugen umsetzen,<\/li>\n<li>kennen Aspekte der Anforderungsanalyse f\u00fcr Anwendungssysteme sowie Formen der Funktionsmodellierung und k\u00f6nnen Sachverhalte in Zustandsdiagrammen abbilden,<\/li>\n<li>kennen Ziele und Aufgaben des Gesch\u00e4ftsprozessmanagements, k\u00f6nnen Gesch\u00e4ftsprozesse mittels g\u00e4ngiger Sprachen modellieren und k\u00f6nnen die Steuerung von Gesch\u00e4ftsprozessen (Workflows) mittels Workflow-Management-Systemen erl\u00e4utern.<\/li>\n<\/ul>\n<p><strong>Inhalte:<\/strong> In dem Modul werden Methoden der Wirtschaftsinformatik f\u00fcr die Beschreibung, Erkl\u00e4rung und Gestaltung von Informationssystemen in Wirtschaft und Verwaltung behandelt.<\/p>\n<ul>\n<li>LE 1: Einf\u00fchrung in Gegenstand und Aufgaben der Wirtschaftsinformatik<\/li>\n<li>LE 2: Einf\u00fchrung in die Modellierung von Informationssystemen (Zwecke und Modellverst\u00e4ndnisse, Modellierungssprachen und Metamodelle, Sichten, Betrachtungsebenen und Ordnungsrahmen, Ontologien)<\/li>\n<li>LE 3: Konzeptionelle Datenmodellierung<\/li>\n<li>LE 4: Relationale Datenmodellierung<\/li>\n<li>LE 5: Datenbanksysteme und SQL<\/li>\n<li>LE 6: Informationsmanagement<\/li>\n<li>LE 7: Zustandsdiagramme<\/li>\n<li>LE 8: Gesch\u00e4ftsprozessmodellierung<\/li>\n<li>LE 9: Gesch\u00e4ftsprozessmanagement<\/li>\n<li>LE 10: Rekapitulation und Ausblick<\/li>\n<\/ul>\n<\/div>\n","protected":false},"excerpt":{"rendered":"<p>Kursnummer: 23.826 (Modulnummer WS21B72\/73, 4 TWS) Dozent: Andreas Fink Studiengang: BWL (M.Sc., Studienschwerpunkt Logistik-Management), WI (M.Sc. Studienrichtungen Logistik und Produktentstehung\/Produktion), Inf.-Ing. (M.Sc., dort unter der Bezeichnung &#8222;Wirtschaftsinformatik&#8220;), VWL (Allg. Wahlpflichtbereich, [&hellip;]<\/p>\n","protected":false},"author":43,"featured_media":0,"parent":0,"menu_order":0,"comment_status":"closed","ping_status":"closed","template":"","meta":{"footnotes":""},"categories":[6],"tags":[],"class_list":["post-2723","page","type-page","status-publish","hentry","category-lehre"],"_links":{"self":[{"href":"https:\/\/www.hsu-hh.de\/ifi\/wp-json\/wp\/v2\/pages\/2723","targetHints":{"allow":["GET"]}}],"collection":[{"href":"https:\/\/www.hsu-hh.de\/ifi\/wp-json\/wp\/v2\/pages"}],"about":[{"href":"https:\/\/www.hsu-hh.de\/ifi\/wp-json\/wp\/v2\/types\/page"}],"author":[{"embeddable":true,"href":"https:\/\/www.hsu-hh.de\/ifi\/wp-json\/wp\/v2\/users\/43"}],"replies":[{"embeddable":true,"href":"https:\/\/www.hsu-hh.de\/ifi\/wp-json\/wp\/v2\/comments?post=2723"}],"version-history":[{"count":21,"href":"https:\/\/www.hsu-hh.de\/ifi\/wp-json\/wp\/v2\/pages\/2723\/revisions"}],"predecessor-version":[{"id":3144,"href":"https:\/\/www.hsu-hh.de\/ifi\/wp-json\/wp\/v2\/pages\/2723\/revisions\/3144"}],"wp:attachment":[{"href":"https:\/\/www.hsu-hh.de\/ifi\/wp-json\/wp\/v2\/media?parent=2723"}],"wp:term":[{"taxonomy":"category","embeddable":true,"href":"https:\/\/www.hsu-hh.de\/ifi\/wp-json\/wp\/v2\/categories?post=2723"},{"taxonomy":"post_tag","embeddable":true,"href":"https:\/\/www.hsu-hh.de\/ifi\/wp-json\/wp\/v2\/tags?post=2723"}],"curies":[{"name":"wp","href":"https:\/\/api.w.org\/{rel}","templated":true}]}}