{"id":2600,"date":"2022-08-01T20:17:06","date_gmt":"2022-08-01T18:17:06","guid":{"rendered":"https:\/\/www.hsu-hh.de\/ifi\/?page_id=2600"},"modified":"2022-12-14T15:18:29","modified_gmt":"2022-12-14T14:18:29","slug":"gdwi-2022","status":"publish","type":"page","link":"https:\/\/www.hsu-hh.de\/ifi\/gdwi-2022","title":{"rendered":"Grundlagen der Wirtschaftsinformatik (HT 2022)"},"content":{"rendered":"<p><strong> Kursnummer: <\/strong>23.407 (Modulnr. WS14B09), 4 TWS, 6 LP<br \/>\n<strong> Dozent: <\/strong><a href=\"\/ifi\/team\/fink\/\" rel='nofollow'>Andreas Fink<\/a><br \/>\n<strong> Studiengang: <\/strong><abbr title=\"Betriebswirtschaftslehre\">BWL<\/abbr> (Pflicht, B.Sc., 4. Trimester), Logistik (Pflicht, B.Sc., 4. Trimester), <abbr title=\"Volkswirtschaftslehre\">VWL<\/abbr> (Wahlm\u00f6glichkeit)<br \/>\n<strong> Termine: <\/strong>Mi. 11:30-13:00 Uhr <abbr title=\"beziehungsweise\">bzw.<\/abbr> Do. 09:45-11:15 Uhr (gem\u00e4\u00df detaillierter Ank\u00fcndigung s.u.)<br \/>\n<strong> Ort: <\/strong> H\u00f6rsaal 1 (Geb. H1)<br \/>\n<strong> Pr\u00fcfung: <\/strong><a href=\"https:\/\/www.hsu-hh.de\/ifi\/lehre\/klausurhinweise\">Klausur<\/a><br \/>\n<strong> Ilias-Kurs: <\/strong> <a href=\"https:\/\/ilias.hsu-hh.de\/goto.php?target=crs_432748\" rel='nofollow'>https:\/\/ilias.hsu-hh.de\/goto.php?target=crs_432748<\/a> (direkter Beitritt m\u00f6glich)<\/p>\n<p><strong>Kursplan:<\/strong><br \/>\n<i>Wie in der ersten Veranstaltung am 05.10. besprochen, werden im Rahmen des Inverted-Classroom-Vorgehens die Donnerstagstermine in den meisten Wochen ersetzt durch die in Ilias asynchron bereitgestellten Materialien (Foliens\u00e4tze, Lehrvideos, Aufgaben). Die Veranstaltungen im H\u00f6rsaal gem\u00e4\u00df den folgenden Terminen dienen prim\u00e4r der Besprechung von Fragen zu den bereitgestellten Inhalten sowie den Aufgaben hierzu (in direkter Interaktion ohne Aufzeichnung).<\/i><br \/>\nMi. 05.10.: LE 0<br \/>\nMi. 12.10.: Besprechung LE 1 und LE 2 und Aufgaben hierzu (<abbr title=\"vergleiche\">vgl.<\/abbr> Ilias)<br \/>\nMi. 19.10.: Besprechung Fragen und Aufgaben zu LE 3 (erster Teil)<br \/>\nMi. 26.10.: Besprechung Fragen und Aufgaben zu LE 3 (zweiter Teil)<br \/>\nMi. 02.11.: Besprechung Fragen und Aufgaben zu LE 4<br \/>\nMi. 09.11.: Besprechung Fragen und Aufgaben zu LE 5<br \/>\nMi. 16.11.: Besprechung Fragen und Aufgaben zu LE 6 und LE 7 (erster Teil)<br \/>\nMi. 23.11.: Gastvortrag Professor Lang: &#8222;Metaverse \u2013 The Next Big Thing oder doch nur Spielzeug f\u00fcr Nerds?&#8220;<br \/>\nDo. 24.11.: Besprechung Fragen und Aufgaben zu LE 7 (zweiter und dritter Teil)<br \/>\nMi. 30.11.: Besprechung Fragen und Aufgaben zu LE 8 (zzgl. Aufgaben 6 bis 8 der Vorwoche)<br \/>\nDo. 08.12.: Besprechung Fragen und Aufgaben zu LE 9 (zzgl. Rest aus der Vorwoche)<br \/>\nMi. 14.12.: Besprechung Fragen zu LE 10 und dar\u00fcber hinaus (zum ganzen Modul, <abbr title=\"zum Beispiel\">z.B.<\/abbr> auch zu den Beispielklausuren)<\/p>\n<p><strong>Literatur:<\/strong>&nbsp;Als eine Literaturquelle kann folgendes Lehrbuch zum Nachlesen ausgew\u00e4hlter Inhalte herangezogen werden: A. Fink, G. Schneidereit, S. Vo\u00df: Grundlagen der Wirtschaftsinformatik, 2. Auflage, Physica\/Springer, Heidelberg, 2005 (verf\u00fcgbar in der <abbr title=\"Helmut Schmidt Universit\u00e4t\">HSU<\/abbr>-Bibliothek sowohl physisch als auch online (pdf)). Weitere Literaturhinweise werden themenbezogen erg\u00e4nzt (siehe Folien und Hausaufgaben).<\/p>\n<p><strong>Qualifikationsziele:<\/strong> Die Studierenden<\/p>\n<ul>\n<li>k\u00f6nnen Gegenstand, Ziele und Aufgaben der Wirtschaftsinformatik erl\u00e4utern und die Relevanz von Informationstechnik f\u00fcr Unternehmen diskutieren,<\/li>\n<li>k\u00f6nnen die Wirkung von Digitalisierung anhand aktueller Anwendungsfelder diskutieren,<\/li>\n<li>k\u00f6nnen grunds\u00e4tzliche M\u00f6glichkeiten und Grenzen der praktischen L\u00f6sung betrieblicher Probleme mittels Rechnern beschreiben,<\/li>\n<li>k\u00f6nnen Informationen in Abgrenzung zu Daten und Wissen charakterisieren, bestimmte Sachverhalte zweckm\u00e4\u00dfig codieren sowie wesentliche Konzepte des Managements von Informationen und Wissen beschreiben,<\/li>\n<li>k\u00f6nnen den grunds\u00e4tzlichen Aufbau von Rechnern und Rechnersystemen beschreiben und kennen typische Leistungsmerkmale von Prozessoren und Speichersystemen,<\/li>\n<li>k\u00f6nnen die grunds\u00e4tzliche Funktionsweise von Rechnernetzen und Basiskonzepte des World Wide Web erl\u00e4utern,<\/li>\n<li>k\u00f6nnen Systemsoftware und Anwendungssoftware abgrenzen, besitzen einen \u00dcberblick zu verschiedenen Typen von Programmiersprachen und k\u00f6nnen einfache Programme nachvollziehen,<\/li>\n<li>k\u00f6nnen Phasen und Sichten bei der Modellierung und Umsetzung betrieblicher Informationssysteme erl\u00e4utern,<\/li>\n<li>k\u00f6nnen konzeptionelle Datenmodelle erstellen, hieraus ein Relationenschema entwickeln und die Umsetzung mittels relationaler Datenbanksysteme beschreiben,<\/li>\n<li>k\u00f6nnen Gesch\u00e4ftsprozesse modellieren,<\/li>\n<li>kennen wesentliche Konzepte und Funktionen betrieblicher Anwendungssysteme sowie praktische Beispiele f\u00fcr ERP-Standardsoftware.<\/li>\n<\/ul>\n<p>Dementsprechend werden in dem Modul unter Ber\u00fccksichtigung des betriebswirtschaftlichen Anwendungsbereichs wesentliche Grundlagen der Wirtschaftsinformatik in einf\u00fchrender Form vermittelt:<\/p>\n<ol>\n<li>Gegenstand und Aufgaben der Wirtschaftsinformatik<\/li>\n<li>Ausgew\u00e4hlte aktuelle Themenfelder der Digitalisierung<\/li>\n<li>Berechenbarkeit, Algorithmen und Komplexit\u00e4t<\/li>\n<li>Informationen und ihre Codierung<\/li>\n<li>Informations- und Wissensmanagement<\/li>\n<li>Informationstechnik (<abbr title=\"Informationstechnologie\">IT<\/abbr>): Hardware und Software<\/li>\n<li>Internet, Web, XML (und Anwendungsfelder)<\/li>\n<li>Datenmodellierung und Datenbanksysteme<\/li>\n<li>Gesch\u00e4ftsprozessmodellierung<\/li>\n<li>Betriebliche Anwendungssysteme<\/li>\n<\/ol>\n","protected":false},"excerpt":{"rendered":"<p>Kursnummer: 23.407 (Modulnr. WS14B09), 4 TWS, 6 LP Dozent: Andreas Fink Studiengang: BWL (Pflicht, B.Sc., 4. Trimester), Logistik (Pflicht, B.Sc., 4. Trimester), VWL (Wahlm\u00f6glichkeit) Termine: Mi. 11:30-13:00 Uhr bzw. Do. [&hellip;]<\/p>\n","protected":false},"author":43,"featured_media":0,"parent":0,"menu_order":0,"comment_status":"closed","ping_status":"closed","template":"","meta":{"footnotes":""},"categories":[6],"tags":[],"class_list":["post-2600","page","type-page","status-publish","hentry","category-lehre"],"_links":{"self":[{"href":"https:\/\/www.hsu-hh.de\/ifi\/wp-json\/wp\/v2\/pages\/2600","targetHints":{"allow":["GET"]}}],"collection":[{"href":"https:\/\/www.hsu-hh.de\/ifi\/wp-json\/wp\/v2\/pages"}],"about":[{"href":"https:\/\/www.hsu-hh.de\/ifi\/wp-json\/wp\/v2\/types\/page"}],"author":[{"embeddable":true,"href":"https:\/\/www.hsu-hh.de\/ifi\/wp-json\/wp\/v2\/users\/43"}],"replies":[{"embeddable":true,"href":"https:\/\/www.hsu-hh.de\/ifi\/wp-json\/wp\/v2\/comments?post=2600"}],"version-history":[{"count":33,"href":"https:\/\/www.hsu-hh.de\/ifi\/wp-json\/wp\/v2\/pages\/2600\/revisions"}],"predecessor-version":[{"id":2766,"href":"https:\/\/www.hsu-hh.de\/ifi\/wp-json\/wp\/v2\/pages\/2600\/revisions\/2766"}],"wp:attachment":[{"href":"https:\/\/www.hsu-hh.de\/ifi\/wp-json\/wp\/v2\/media?parent=2600"}],"wp:term":[{"taxonomy":"category","embeddable":true,"href":"https:\/\/www.hsu-hh.de\/ifi\/wp-json\/wp\/v2\/categories?post=2600"},{"taxonomy":"post_tag","embeddable":true,"href":"https:\/\/www.hsu-hh.de\/ifi\/wp-json\/wp\/v2\/tags?post=2600"}],"curies":[{"name":"wp","href":"https:\/\/api.w.org\/{rel}","templated":true}]}}