{"id":2382,"date":"2022-02-18T11:33:00","date_gmt":"2022-02-18T10:33:00","guid":{"rendered":"https:\/\/www.hsu-hh.de\/ifi\/?page_id=2382"},"modified":"2022-07-01T19:57:45","modified_gmt":"2022-07-01T17:57:45","slug":"softwareentwicklung-ft-2022","status":"publish","type":"page","link":"https:\/\/www.hsu-hh.de\/ifi\/softwareentwicklung-ft-2022","title":{"rendered":"Softwareentwicklung (FT 2022)"},"content":{"rendered":"<p><strong> Modulnummer: <\/strong> WS-15-B-12<br \/>\n<strong> Dozent: <\/strong><a href=\"\/ifi\/team\/fink\/\" rel='nofollow'>Andreas Fink<\/a><br \/>\n<strong> Studiengang: <\/strong><abbr title=\"Betriebswirtschaftslehre\">BWL<\/abbr> (Wahlpflicht Vertiefungsfach\/Komplement\u00e4rfach, B.Sc., 6. Trimester), ansonsten je nach Anrechenbarkeit in anderen Studieng\u00e4ngen<br \/>\n<strong> Umfang: <\/strong> 4 TWS \/ 6 Leistungspunkte<br \/>\n<strong> Termine: <\/strong> Mo., 14 &#8211; 17 Uhr (<abbr title=\"gegebenenfalls\">ggf.<\/abbr> weitere Absprachen hierzu in der 1. Veranstaltung)<br \/>\n<strong> Raum: <\/strong> <abbr title=\"Personal Computer\">PC<\/abbr>-Labor <abbr title=\"Wirtschafts- und Sozialwissenschaften\">WiSo<\/abbr> (Raum 2161, Geb. H1), bei Bedarf auch via MS Teams (Team &#8222;Modul Softwareentwicklung (<abbr title=\"Fr\u00fchjahrstrimester\">FT<\/abbr> 2022)_mst&#8220;, Beitritt mit dem Teamcode 0ejc6zn)<br \/>\n<strong> Pr\u00fcfung: <\/strong> Projektarbeit (Implementierungsleistung)<br \/>\n<strong> Ilias-Kurs: <\/strong> <a href=\"https:\/\/ilias.hsu-hh.de\/goto.php?target=crs_412449\" rel='nofollow'>https:\/\/ilias.hsu-hh.de\/goto.php?target=crs_412449<\/a> (direkter Beitritt m\u00f6glich)<\/p>\n<p><strong>Qualifikationsziele\/Inhalte:<\/strong><br \/>\nDie Studierenden lernen in der ersten Trimesterh\u00e4lfte Grundlagen der objektorientierten Programmierung kennen (<abbr title=\"inclusive\">inkl.<\/abbr> einer knappen Betrachtung von Vorgehensmodellen der Softwareentwicklung und Softwareprojektmanagement) und sollen auf dieser Basis unter Verwendung moderner Softwarewerkzeuge Programme zur L\u00f6sung abgegrenzter Problemstellungen entwickeln k\u00f6nnen. Besondere Vorkenntnisse zum Programmieren werden <i>nicht<\/i> vorausgesetzt. Die Einf\u00fchrung in das Programmieren erfolgt mit der Programmiersprache C#. Wesentliche Inhalte sind:<\/p>\n<ul>\n<li>Programmiersprachliche Basiselemente (Variablen, Datentypen, Wert-\/Referenztypen, Operatoren, Ausdr\u00fccke, Kontrollstrukturen, Methoden)<\/li>\n<li>Objektorientierte Programmierung<\/li>\n<li>Elementare Datenstrukturen und Algorithmen<\/li>\n<\/ul>\n<p>Auf dieser Basis werden in der zweiten Trimesterh\u00e4lfte in kleingruppenbasierter Softwareprojektarbeit gr\u00f6\u00dfere Aufgabenstellungen bearbeitet (Projektarbeit\/Implementierungsleistung, je nach Aufgabe mit einer Vertiefung bestimmter Implementierungstechniken).<\/p>\n<p><strong>Kursplan:<\/strong><\/p>\n<ul>\n<li>11.04.: Einf\u00fchrung (LE 0),<br \/>\nim Nachgang Erarbeitung LE 1 und LE 2 sowie Aufgabenblatt 1<\/li>\n<li>18.04.: Ostermontag<\/li>\n<li>25.04.: Besprechung LE 1 und LE 2 sowie hierzu Aufgabenblatt 1,<br \/>\nim Nachgang Erarbeitung LE 3 sowie Aufgabenbl\u00e4tter 2 und 3<\/li>\n<li>02.05.: Besprechung LE 3 sowie hierzu Aufgabenbl\u00e4tter 2 und 3,<br \/>\nim Nachgang Erarbeitung LE 4 sowie Aufgabenbl\u00e4tter 4 und 5<\/li>\n<li>09.05.: Nachtrag aus der Vorwoche: Aufgabenblatt 3 (Aufgaben 1 und 3);<br \/>\nsowie: Besprechung LE 4 sowie hierzu Aufgabenbl\u00e4tter 4 (exkl. QuickSort)<\/li>\n<li>16.05.: Besprechung Aufgabenblatt 4 (QuickSort) sowie Aufgabenblatt 5,<br \/>\nim Nachgang Erarbeitung LE 5 sowie Aufgabenblatt 6<\/li>\n<li>23.05.: Besprechung LE 5 sowie hierzu Aufgabenblatt 6,<br \/>\nBekanntgabe Aufgabenstellungen f\u00fcr die Projektarbeit<\/li>\n<li>30.05., 16 Uhr: Besprechung von R\u00fcckfragen zur Aufgabenstellung<\/li>\n<li>weitere\/individuelle (Gruppen-)Termine wie besprochen je nach Bedarf<\/li>\n<li>27.06., 14 Uhr: Besprechung von R\u00fcckfragen zur Aufgabenstellung, via MS Teams (Team &#8222;Modul Softwareentwicklung (<abbr title=\"Fr\u00fchjahrstrimester\">FT<\/abbr> 2022)_mst&#8220;, Beitritt mit dem Teamcode 0ejc6zn)<\/li>\n<li>30.06., 9 Uhr: Besprechung von R\u00fcckfragen zur Aufgabenstellung und zum Zwischenstand der Bearbeitung, via MS Teams (Team &#8222;Modul Softwareentwicklung (<abbr title=\"Fr\u00fchjahrstrimester\">FT<\/abbr> 2022)_mst&#8220;, Beitritt mit dem Teamcode 0ejc6zn)<\/li>\n<li><strong>sp\u00e4tester Abgabetermin (gem\u00e4\u00df Angabe in der Aufgabenstellung): Di. 5. Juli 2022<\/strong>, zzgl. Abgabegespr\u00e4ch (individuelle Terminvereinbarung)<\/li>\n<\/ul>\n","protected":false},"excerpt":{"rendered":"<p>Modulnummer: WS-15-B-12 Dozent: Andreas Fink Studiengang: BWL (Wahlpflicht Vertiefungsfach\/Komplement\u00e4rfach, B.Sc., 6. Trimester), ansonsten je nach Anrechenbarkeit in anderen Studieng\u00e4ngen Umfang: 4 TWS \/ 6 Leistungspunkte Termine: Mo., 14 &#8211; 17 [&hellip;]<\/p>\n","protected":false},"author":43,"featured_media":0,"parent":0,"menu_order":0,"comment_status":"closed","ping_status":"closed","template":"","meta":{"footnotes":""},"categories":[6],"tags":[],"class_list":["post-2382","page","type-page","status-publish","hentry","category-lehre"],"_links":{"self":[{"href":"https:\/\/www.hsu-hh.de\/ifi\/wp-json\/wp\/v2\/pages\/2382","targetHints":{"allow":["GET"]}}],"collection":[{"href":"https:\/\/www.hsu-hh.de\/ifi\/wp-json\/wp\/v2\/pages"}],"about":[{"href":"https:\/\/www.hsu-hh.de\/ifi\/wp-json\/wp\/v2\/types\/page"}],"author":[{"embeddable":true,"href":"https:\/\/www.hsu-hh.de\/ifi\/wp-json\/wp\/v2\/users\/43"}],"replies":[{"embeddable":true,"href":"https:\/\/www.hsu-hh.de\/ifi\/wp-json\/wp\/v2\/comments?post=2382"}],"version-history":[{"count":31,"href":"https:\/\/www.hsu-hh.de\/ifi\/wp-json\/wp\/v2\/pages\/2382\/revisions"}],"predecessor-version":[{"id":2570,"href":"https:\/\/www.hsu-hh.de\/ifi\/wp-json\/wp\/v2\/pages\/2382\/revisions\/2570"}],"wp:attachment":[{"href":"https:\/\/www.hsu-hh.de\/ifi\/wp-json\/wp\/v2\/media?parent=2382"}],"wp:term":[{"taxonomy":"category","embeddable":true,"href":"https:\/\/www.hsu-hh.de\/ifi\/wp-json\/wp\/v2\/categories?post=2382"},{"taxonomy":"post_tag","embeddable":true,"href":"https:\/\/www.hsu-hh.de\/ifi\/wp-json\/wp\/v2\/tags?post=2382"}],"curies":[{"name":"wp","href":"https:\/\/api.w.org\/{rel}","templated":true}]}}