{"id":2364,"date":"2022-02-18T09:48:45","date_gmt":"2022-02-18T08:48:45","guid":{"rendered":"https:\/\/www.hsu-hh.de\/ifi\/?page_id=2364"},"modified":"2022-07-01T20:03:54","modified_gmt":"2022-07-01T18:03:54","slug":"seminar-wirtschaftsinformatik-ft-2022","status":"publish","type":"page","link":"https:\/\/www.hsu-hh.de\/ifi\/seminar-wirtschaftsinformatik-ft-2022","title":{"rendered":"Seminar Wirtschaftsinformatik (FT 2022)"},"content":{"rendered":"<p><strong> Modulnummer: <\/strong> WS-16-B-21<br \/>\n<strong> Dozent: <\/strong><a href=\"\/ifi\/team\/fink\/\" rel='nofollow'>Andreas Fink<\/a><br \/>\n<strong> Studiengang: <\/strong><abbr title=\"Betriebswirtschaftslehre\">BWL<\/abbr> (Wahlpflicht Seminar, B.Sc., 6. Trimester)<br \/>\n<strong> Umfang: <\/strong> 6 Leistungspunkte<br \/>\n<strong> Termine: <\/strong> n.V. (ausgew\u00e4hlte Termine \/ Blockveranstaltung f\u00fcr die Pr\u00e4sentationen)<br \/>\n<strong> 1. Termin: <\/strong> Mo., 11. April, ab ca. 16 Uhr <abbr title=\"beziehungsweise\">bzw.<\/abbr> auch etwas fr\u00fcher im Anschluss an die vorausgehende Lehrveranstaltung (Softwareentwicklung), <abbr title=\"Personal Computer\">PC<\/abbr>-Labor <abbr title=\"Wirtschafts- und Sozialwissenschaften\">WiSo<\/abbr> (Raum 2161, H1)<br \/>\n<strong> Pr\u00fcfung: <\/strong> Hausarbeit + Referat<br \/>\n<strong> Ilias-Kurs:<\/strong> t.b.a.<\/p>\n<p>Gem\u00e4\u00df Angabe im Modulhandbuch stellt die parallele Teilnahme am Wahlpflichtmodul <a href=\"https:\/\/www.hsu-hh.de\/ifi\/softwareentwicklung-ft-2022\">Softwareentwicklung<\/a> (Vertiefungsfach im Bereich der Komplement\u00e4rf\u00e4cher) eine Voraussetzung f\u00fcr die Teilnahme am Seminar dar. Grunds\u00e4tzlich wird es im Seminar aber Themen mit und in der Mehrzahl ohne Implementierungsanteil geben.<\/p>\n<p>Im Rahmen des Seminars erarbeiten die Studierenden bestimmte Themen (Themenvorstellung in der ersten Sitzung). Sie erstellen eine Seminararbeit und pr\u00e4sentieren ihre Ergebnisse.<\/p>\n<p>Nach der <a href=\"https:\/\/ilias.hsu-hh.de\/goto.php?target=file_414691_download\" rel='nofollow'>Einf\u00fchrung<\/a> und <a href=\"https:\/\/ilias.hsu-hh.de\/goto.php?target=file_414690_download\" rel='nofollow'>Themenvergabe<\/a> (am 11. April, s.o.) und anschlie\u00dfender Einarbeitung richten die Studierenden bis zum 6. Mai<br \/>\neine E-Mail an A. Fink mit a) Gliederungsentwurf, b) einer einzelnen &#8222;fertigen&#8220; Seite der in der Erarbeitung befindlichen Ausarbeitung (<abbr title=\"inclusive\">inkl.<\/abbr> Formulierung der Zielsetzung <abbr title=\"beziehungsweise\">bzw.<\/abbr> des Erkenntnisinteresses) sowie c) einem vorl\u00e4ufigen (durchaus noch unvollst\u00e4ndigen) Literaturverzeichnis (all dies aber bereits formal korrekt ausgef\u00fchrt, Dateiformat: pdf). Au\u00dferdem je nach Bedarf individuelle R\u00fccksprachen nach Terminvereinbarung.<\/p>\n<p>Zu beachten sind die <a href=\"https:\/\/www.hsu-hh.de\/ifi\/wp-content\/uploads\/sites\/697\/2021\/01\/Richtlinien_2021.pdf\">Vorgaben und Empfehlungen f\u00fcr die Gestaltung wissenschaftlicher Arbeiten im Studium (pdf)<\/a>.<\/p>\n<p>Sp\u00e4tester Termin f\u00fcr die Abgabe der Ausarbeitung (pdf, E-Mail an A. Fink): Fr. 10. Juni, 24:00 Uhr.<\/p>\n<p>Vortr\u00e4ge in einer Blockveranstaltung (je 25-30 Minuten Pr\u00e4sentation zzgl. 10-15 Minuten Zeit f\u00fcr Fragen\/Diskussion):<br \/>\nTermine:<br \/>\nMo. 13. Juni, 14:00-17:30 Uhr, Pr\u00e4sentationen zu den Themen 4, 7, 10, 11<br \/>\nMo. 20. Juni, 14:00-17:30 Uhr, Pr\u00e4sentationen zu den Themen 1, 2, 5, 12<br \/>\n(Di. 5. Juli: 13 Uhr, Ersatztermin)<\/p>\n<p><strong>Generelle Qualifikationsziele:<\/strong> Die Studierenden<\/p>\n<ul>\n<li>k\u00f6nnen ausgew\u00e4hlte Themen von Wirtschaftsinformatik und <abbr title=\"gegebenenfalls\">ggf.<\/abbr> Softwareentwicklung eigenst\u00e4ndig darlegen und diskutieren,<\/li>\n<li>beherrschen hierzu Grundlagen des wissenschaftlichen Arbeitens,<\/li>\n<li>beherrschen <abbr title=\"gegebenenfalls\">ggf.<\/abbr> in Abh\u00e4ngigkeit von der Themenstellung ausgew\u00e4hlte Implementierungskompetenzen (optional),<\/li>\n<li>und haben durch die selbst\u00e4ndige Bearbeitung eines Themas sowie durch die Pr\u00e4sentation und Diskussion f\u00e4cher\u00fcbergreifende Schl\u00fcsselkompetenzen erlangt.<\/li>\n<\/ul>\n","protected":false},"excerpt":{"rendered":"<p>Modulnummer: WS-16-B-21 Dozent: Andreas Fink Studiengang: BWL (Wahlpflicht Seminar, B.Sc., 6. Trimester) Umfang: 6 Leistungspunkte Termine: n.V. (ausgew\u00e4hlte Termine \/ Blockveranstaltung f\u00fcr die Pr\u00e4sentationen) 1. Termin: Mo., 11. April, ab [&hellip;]<\/p>\n","protected":false},"author":43,"featured_media":0,"parent":0,"menu_order":0,"comment_status":"closed","ping_status":"closed","template":"","meta":{"footnotes":""},"categories":[4],"tags":[],"class_list":["post-2364","page","type-page","status-publish","hentry","category-forschung"],"_links":{"self":[{"href":"https:\/\/www.hsu-hh.de\/ifi\/wp-json\/wp\/v2\/pages\/2364","targetHints":{"allow":["GET"]}}],"collection":[{"href":"https:\/\/www.hsu-hh.de\/ifi\/wp-json\/wp\/v2\/pages"}],"about":[{"href":"https:\/\/www.hsu-hh.de\/ifi\/wp-json\/wp\/v2\/types\/page"}],"author":[{"embeddable":true,"href":"https:\/\/www.hsu-hh.de\/ifi\/wp-json\/wp\/v2\/users\/43"}],"replies":[{"embeddable":true,"href":"https:\/\/www.hsu-hh.de\/ifi\/wp-json\/wp\/v2\/comments?post=2364"}],"version-history":[{"count":20,"href":"https:\/\/www.hsu-hh.de\/ifi\/wp-json\/wp\/v2\/pages\/2364\/revisions"}],"predecessor-version":[{"id":2572,"href":"https:\/\/www.hsu-hh.de\/ifi\/wp-json\/wp\/v2\/pages\/2364\/revisions\/2572"}],"wp:attachment":[{"href":"https:\/\/www.hsu-hh.de\/ifi\/wp-json\/wp\/v2\/media?parent=2364"}],"wp:term":[{"taxonomy":"category","embeddable":true,"href":"https:\/\/www.hsu-hh.de\/ifi\/wp-json\/wp\/v2\/categories?post=2364"},{"taxonomy":"post_tag","embeddable":true,"href":"https:\/\/www.hsu-hh.de\/ifi\/wp-json\/wp\/v2\/tags?post=2364"}],"curies":[{"name":"wp","href":"https:\/\/api.w.org\/{rel}","templated":true}]}}