{"id":2192,"date":"2021-12-07T18:48:36","date_gmt":"2021-12-07T17:48:36","guid":{"rendered":"https:\/\/www.hsu-hh.de\/ifi\/?page_id=2192"},"modified":"2022-02-11T10:55:24","modified_gmt":"2022-02-11T09:55:24","slug":"integrierendes-projekt-logistik-management-wt-2022","status":"publish","type":"page","link":"https:\/\/www.hsu-hh.de\/ifi\/lehre\/integrierendes-projekt-logistik-management-wt-2022","title":{"rendered":"Integrierendes Projekt Logistik-Management (WT 2022)"},"content":{"rendered":"<div>\n<p><strong>Kursnummer: <\/strong>23.1132 (Modulnr. WS24B79, 11. Trimester)<br \/>\n<strong> Dozent: <\/strong><a href=\"\/ifi\/team\/fink\/\" rel='nofollow'>Andreas Fink<\/a><br \/>\n<strong> Studiengang: <\/strong><abbr title=\"Betriebswirtschaftslehre\">BWL<\/abbr> (<abbr title=\"Master of Science\">M.Sc.<\/abbr>, Studienschwerpunkt Logistik-Management)<br \/>\n<strong> Termin: <\/strong>Mo., 10:00 Uhr<br \/>\n<strong> Ort: <\/strong> zun\u00e4chst wie besprochen aus technischen Gr\u00fcnden bis zum 14.02. in digitaler Form (Teams, s.u.), danach nach M\u00f6glichkeit im <abbr title=\"Personal Computer\">PC<\/abbr>-Labor <abbr title=\"Wirtschafts- und Sozialwissenschaften\">WiSo<\/abbr>, Raum 2161 (Geb. H1)<br \/>\n<strong>1. Veranstaltung:<\/strong> Mo., 10.01.2022, 10:00 Uhr, via Teams im Team &#8222;Integrierendes Projekt Logistik-Management (WT 2022)_mst&#8220; (alle gem\u00e4\u00df CMS angemeldeten Teilnehmer wurden dem Team als Mitglied hinzugef\u00fcgt)<\/p>\n<p><strong>Qualifikationsziele: <\/strong> Die Studierenden sollen die in den Basisveranstaltungen erlangten Kompetenzen in Logistik-Management, Wirtschaftsinformatik und Operations Research im Rahmen eines umfangreichen praxis- und <strong>implementierungsorientierten<\/strong> Projekts vertiefen sowie eine Vernetzung dieser Kompetenzen mit anderen Feldern ihres Studiums erreichen. Sie erlangen durch die Bearbeitung einer Problemstellung in einer Gruppe sowie durch die Pr\u00e4sentation und Diskussion f\u00e4cher\u00fcbergreifende Schl\u00fcsselkompetenzen. Gem\u00e4\u00df der Modulkonzeption wird die Lehrveranstaltung in Kooperation mit der Professur f\u00fcr <abbr title=\"Betriebswirtschaftslehre\">BWL<\/abbr>, insbes. Logistik-Management durchgef\u00fchrt.<\/p>\n<\/div>\n","protected":false},"excerpt":{"rendered":"<p>Kursnummer: 23.1132 (Modulnr. WS24B79, 11. Trimester) Dozent: Andreas Fink Studiengang: BWL (M.Sc., Studienschwerpunkt Logistik-Management) Termin: Mo., 10:00 Uhr Ort: zun\u00e4chst wie besprochen aus technischen Gr\u00fcnden bis zum 14.02. in digitaler [&hellip;]<\/p>\n","protected":false},"author":43,"featured_media":0,"parent":148,"menu_order":0,"comment_status":"closed","ping_status":"closed","template":"","meta":{"footnotes":""},"categories":[6],"tags":[],"class_list":["post-2192","page","type-page","status-publish","hentry","category-lehre"],"_links":{"self":[{"href":"https:\/\/www.hsu-hh.de\/ifi\/wp-json\/wp\/v2\/pages\/2192","targetHints":{"allow":["GET"]}}],"collection":[{"href":"https:\/\/www.hsu-hh.de\/ifi\/wp-json\/wp\/v2\/pages"}],"about":[{"href":"https:\/\/www.hsu-hh.de\/ifi\/wp-json\/wp\/v2\/types\/page"}],"author":[{"embeddable":true,"href":"https:\/\/www.hsu-hh.de\/ifi\/wp-json\/wp\/v2\/users\/43"}],"replies":[{"embeddable":true,"href":"https:\/\/www.hsu-hh.de\/ifi\/wp-json\/wp\/v2\/comments?post=2192"}],"version-history":[{"count":13,"href":"https:\/\/www.hsu-hh.de\/ifi\/wp-json\/wp\/v2\/pages\/2192\/revisions"}],"predecessor-version":[{"id":2354,"href":"https:\/\/www.hsu-hh.de\/ifi\/wp-json\/wp\/v2\/pages\/2192\/revisions\/2354"}],"up":[{"embeddable":true,"href":"https:\/\/www.hsu-hh.de\/ifi\/wp-json\/wp\/v2\/pages\/148"}],"wp:attachment":[{"href":"https:\/\/www.hsu-hh.de\/ifi\/wp-json\/wp\/v2\/media?parent=2192"}],"wp:term":[{"taxonomy":"category","embeddable":true,"href":"https:\/\/www.hsu-hh.de\/ifi\/wp-json\/wp\/v2\/categories?post=2192"},{"taxonomy":"post_tag","embeddable":true,"href":"https:\/\/www.hsu-hh.de\/ifi\/wp-json\/wp\/v2\/tags?post=2192"}],"curies":[{"name":"wp","href":"https:\/\/api.w.org\/{rel}","templated":true}]}}