{"id":2187,"date":"2021-12-07T18:39:37","date_gmt":"2021-12-07T17:39:37","guid":{"rendered":"https:\/\/www.hsu-hh.de\/ifi\/?page_id=2187"},"modified":"2022-11-12T11:33:06","modified_gmt":"2022-11-12T10:33:06","slug":"methoden-der-wirtschaftsinformatik-2022","status":"publish","type":"page","link":"https:\/\/www.hsu-hh.de\/ifi\/lehre\/methoden-der-wirtschaftsinformatik-2022","title":{"rendered":"Methoden der Wirtschaftsinformatik (WT 2022)"},"content":{"rendered":"<div>\n<strong>Kursnummer: <\/strong>23.826 (Modulnummer WS21B72\/73, 4 TWS)<br \/>\n<strong>Dozent: <\/strong><a href=\"\/ifi\/team\/fink\/\" rel='nofollow'>Andreas Fink<\/a><br \/>\n<strong>Studiengang: <\/strong>\t<abbr title=\"Betriebswirtschaftslehre\">BWL<\/abbr> (<abbr title=\"Master of Science\">M.Sc.<\/abbr>, Studienschwerpunkt Logistik-Management), <abbr title=\"Wirtschaftsingenieurwesen\">WI<\/abbr> (<abbr title=\"Master of Science\">M.Sc.<\/abbr> Studienrichtungen Logistik und Produktentstehung\/Produktion), Inf.-<abbr title=\"Ingenieur\">Ing.<\/abbr> (<abbr title=\"Master of Science\">M.Sc.<\/abbr>, dort unter der Bezeichnung &#8222;Wirtschaftsinformatik&#8220;), <abbr title=\"Volkswirtschaftslehre\">VWL<\/abbr> (Allg. Wahlpflichtbereich, <abbr title=\"Master of Science\">M.Sc.<\/abbr>)<br \/>\n<strong>Termin\/Zeitfenster: <\/strong>Do., 10:00 &#8211; 12:30 Uhr<br \/>\n<strong>Ort:<\/strong> zun\u00e4chst gem\u00e4\u00df Vorgabe bis zum 13.02. in digitaler Form (Teams, Angaben hierzu im Ilias-Kurs, s.u.), <strong>ab dem 14.02. in der Regel vor Ort im <abbr title=\"Personal Computer\">PC<\/abbr>-Labor <abbr title=\"Wirtschafts- und Sozialwissenschaften\">WiSo<\/abbr> (Raum 2161, Geb. H1) (bitte wie besprochen Kontakt aufnehmen, falls Ersatzl\u00f6sungen n\u00f6tig werden)<\/strong><br \/>\n<strong>Pr\u00fcfung: <\/strong><a href=\"https:\/\/www.hsu-hh.de\/ifi\/lehre\/klausurhinweise\">Klausur (120 Minuten, keine Hilfsmittel)<\/a><br \/>\n<strong>Ilias-Kurs: <\/strong> <a href=\"https:\/\/ilias.hsu-hh.de\/goto.php?target=crs_391264&amp;client_id=unibw\" rel='nofollow'>https:\/\/ilias.hsu-hh.de\/goto.php?target=crs_391264&amp;client_id=unibw<\/a> (direkter selbst\u00e4ndiger Beitritt m\u00f6glich)<\/p>\n<p><strong>Kursplan:<\/strong><br \/>\nDo., 13.01.2022, 10:00 Uhr, Teams: Organisatorische Einf\u00fchrung und \u00dcberblick<br \/>\nDo., 20.01.2022, 10:45 Uhr, Teams: Besprechung Fragen zu LE 1 und LE 2 sowie Aufgabenblatt 1<br \/>\nDo., 27.01.2022, 10:00 Uhr, Teams: Besprechung Fragen zu LE 3 (Teil 1, bis Folie 30) sowie Aufgabenblatt 2<br \/>\nDo., 03.02.2022, 10:00 Uhr, Teams: Besprechung Fragen zu LE 3 (Teil 2, ab Folie 30), LE 4 (bis Folie 23) sowie Aufgabenblatt 3<br \/>\nDo., 10.02.2022, 10:00 Uhr, Teams: Besprechung Fragen zu LE 4 (Rest, ab Folie 24), LE 5 (bis Folie 10, Video hierzu (Teil 1) bis 43:40) sowie vom Aufgabenblatt 4 die Aufgaben 1 und 2 (exkl. SQL-Anteil)<br \/>\nDo., 17.02.2022, 10:00 Uhr, <abbr title=\"Personal Computer\">PC<\/abbr>-Labor <abbr title=\"Wirtschafts- und Sozialwissenschaften\">WiSo<\/abbr> (Raum 2161, H1): Besprechung Fragen zu LE 5 (Rest, ab Folie 11, <abbr title=\"inclusive\">inkl.<\/abbr> Video hierzu (Rest Teil 1, Teil 2) sowie vom Aufgabenblatt 4 die Aufgaben 2 (SQL-Anteil) bis 4<br \/>\nDo., 24.02.2022, 10:00 Uhr, Teams (erkrankungsbedingt) <s><abbr title=\"Personal Computer\">PC<\/abbr>-Labor <abbr title=\"Wirtschafts- und Sozialwissenschaften\">WiSo<\/abbr> (Raum 2161, H1)<\/s>: Besprechung Fragen zu LE 6+7 sowie Aufgabenbl\u00e4tter 5+6<br \/>\nDo., 03.03.2022: keine Live-Veranstaltung<br \/>\nDo., 10.03.2022, 10:00 Uhr, <abbr title=\"Personal Computer\">PC<\/abbr>-Labor <abbr title=\"Wirtschafts- und Sozialwissenschaften\">WiSo<\/abbr> (Raum 2161, H1): Besprechung Fragen zu LE 8 sowie Aufgabenblatt 7<br \/>\nDo., 17.03.2022, 10:00 Uhr, <abbr title=\"Personal Computer\">PC<\/abbr>-Labor <abbr title=\"Wirtschafts- und Sozialwissenschaften\">WiSo<\/abbr> (Raum 2161, H1): Besprechung Fragen zu LE 9 sowie Aufgabenblatt 8<br \/>\n<i>Bitte bis 24.03.2022, 11:00 Uhr, an der Lehrevaluation beteiligen<\/i> (<a href=\"https:\/\/ilias.hsu-hh.de\/goto.php?target=crs_391264&amp;client_id=unibw\" rel='nofollow'>Link im Ilias-Kurs<\/a>)<br \/>\n<strong>Di., 05.04.2022, 11:00 Uhr, Teams: Besprechung von Fragen bei der Klausurvorbereitung (optionaler Termin)<\/strong><\/p>\n<p><strong>Aufgabenbl\u00e4tter:<\/strong><br \/>\n<a href=\"https:\/\/ilias.hsu-hh.de\/goto.php?target=file_396305_download\" rel='nofollow'>Aufgabenblatt 1<\/a><br \/>\n<a href=\"https:\/\/ilias.hsu-hh.de\/goto.php?target=file_399419_download\" rel='nofollow'>Aufgabenblatt 2<\/a><br \/>\n<a href=\"https:\/\/ilias.hsu-hh.de\/goto.php?target=file_399420_download\" rel='nofollow'>Aufgabenblatt 3<\/a><br \/>\n<a href=\"https:\/\/ilias.hsu-hh.de\/goto.php?target=file_399421_download\" rel='nofollow'>Aufgabenblatt 4<\/a><br \/>\n<a href=\"https:\/\/ilias.hsu-hh.de\/goto.php?target=file_403057_download\" rel='nofollow'>Aufgabenblatt 5<\/a><br \/>\n<a href=\"https:\/\/ilias.hsu-hh.de\/goto.php?target=file_403058_download\" rel='nofollow'>Aufgabenblatt 6<\/a><br \/>\n<a href=\"https:\/\/ilias.hsu-hh.de\/goto.php?target=file_405306_download\" rel='nofollow'>Aufgabenblatt 7<\/a><br \/>\n<a href=\"https:\/\/ilias.hsu-hh.de\/goto.php?target=file_407801_download\" rel='nofollow'>Aufgabenblatt 8<\/a><\/p>\n<p style=\"font-size: small\">\nZu den Materialien im Ilias-Kurs: Bis zum 10.01.2021 wurden die Foliens\u00e4tze und Lehrvideos zu LE 1 und LE 2 sowie Aufgabenblatt 1 bereit gestellt. Am 19.01. wurden die Foliens\u00e4tze und Lehrvideos zu LE 3 bis LE 5 sowie die zugeh\u00f6rigen Aufgabenbl\u00e4tter 2 bis 4 bereit gestellt.  Am 09.02. wurden die Foliens\u00e4tze und Lehrvideos zu LE 6 und LE 7 sowie die zugeh\u00f6rigen Aufgabenbl\u00e4tter 4 und 5 bereit gestellt. Am 23.02. wurden der Foliensatz und die Lehrvideos zu LE 8 sowie das zugeh\u00f6rige Aufgabenblatt 7 bereit gestellt. Am 08.03. wurden der Foliensatz und das Lehrvideo zu LE 9 sowie das zugeh\u00f6rige Aufgabenblatt 8 bereit gestellt.<\/p>\n<p><strong>Qualifikationsziele (Gesamtmodul):<\/strong> Die Studierenden<\/p>\n<ul>\n<li>k\u00f6nnen Gegenstand, Ziele und Aufgaben der Wirtschaftsinformatik erl\u00e4utern und die Relevanz von Informationstechnik f\u00fcr Unternehmen diskutieren,<\/li>\n<li>k\u00f6nnen Probleml\u00f6sungsprozesse bei der Gestaltung betrieblicher Informationssysteme beschreiben und Modelle und Modellierung aus verschiedenen Perspektiven diskutieren,<\/li>\n<li>kennen theoretische Grundlagen f\u00fcr die Entwicklung und Verwendung von Modellierungssprachen,<\/li>\n<li>k\u00f6nnen konzeptionelle Datenmodelle und (relationale) Datenbankschemas erstellen, kennen die Architektur und Funktionsweise von (relationalen) Datenbanksystemen und beherrschen die Erstellung von Datenbankabfragen mittels SQL sowie weiterf\u00fchrende Konzepte im Zusammenhang mit Informationsmanagement, Data Warehouses und Datenbankanalysen und k\u00f6nnen dieses Wissen mit ausgew\u00e4hlten Softwarewerkzeugen umsetzen,<\/li>\n<li>kennen Aspekte der Anforderungsanalyse f\u00fcr Anwendungssysteme sowie Formen der Funktionsmodellierung und k\u00f6nnen Sachverhalte in Zustandsdiagrammen abbilden,<\/li>\n<li>kennen Ziele und Aufgaben des Gesch\u00e4ftsprozessmanagements, k\u00f6nnen Gesch\u00e4ftsprozesse mittels g\u00e4ngiger Sprachen modellieren und k\u00f6nnen die Steuerung von Gesch\u00e4ftsprozessen (Workflows) mittels Workflow-Management-Systemen erl\u00e4utern.<\/li>\n<\/ul>\n<p><strong>Inhalte:<\/strong> In dem Modul werden Methoden der Wirtschaftsinformatik f\u00fcr die Beschreibung, Erkl\u00e4rung und Gestaltung von Informationssystemen in Wirtschaft und Verwaltung behandelt.<\/p>\n<ul>\n<li>LE 1: Einf\u00fchrung in Gegenstand und Aufgaben der Wirtschaftsinformatik<\/li>\n<li>LE 2: Einf\u00fchrung in die Modellierung von Informationssystemen (Zwecke und Modellverst\u00e4ndnisse, Modellierungssprachen und Metamodelle, Sichten, Betrachtungsebenen und Ordnungsrahmen, Ontologien)<\/li>\n<li>LE 3: Konzeptionelle Datenmodellierung<\/li>\n<li>LE 4: Relationale Datenmodellierung<\/li>\n<li>LE 5: Datenbanksysteme und SQL<\/li>\n<li>LE 6: Informationsmanagement<\/li>\n<li>LE 7: Zustandsdiagramme<\/li>\n<li>LE 8: Gesch\u00e4ftsprozessmodellierung<\/li>\n<li>LE 9: Gesch\u00e4ftsprozessmanagement<\/li>\n<li>LE 10: Rekapitulation und Ausblick<\/li>\n<\/ul>\n<p><a href=\"https:\/\/ilias.hsu-hh.de\/goto.php?target=file_405304_download\" rel='nofollow'><\/a><\/p>\n<\/div>\n","protected":false},"excerpt":{"rendered":"<p>Kursnummer: 23.826 (Modulnummer WS21B72\/73, 4 TWS) Dozent: Andreas Fink Studiengang: BWL (M.Sc., Studienschwerpunkt Logistik-Management), WI (M.Sc. Studienrichtungen Logistik und Produktentstehung\/Produktion), Inf.-Ing. (M.Sc., dort unter der Bezeichnung &#8222;Wirtschaftsinformatik&#8220;), VWL (Allg. Wahlpflichtbereich, [&hellip;]<\/p>\n","protected":false},"author":43,"featured_media":0,"parent":148,"menu_order":0,"comment_status":"closed","ping_status":"closed","template":"","meta":{"footnotes":""},"categories":[6],"tags":[],"class_list":["post-2187","page","type-page","status-publish","hentry","category-lehre"],"_links":{"self":[{"href":"https:\/\/www.hsu-hh.de\/ifi\/wp-json\/wp\/v2\/pages\/2187","targetHints":{"allow":["GET"]}}],"collection":[{"href":"https:\/\/www.hsu-hh.de\/ifi\/wp-json\/wp\/v2\/pages"}],"about":[{"href":"https:\/\/www.hsu-hh.de\/ifi\/wp-json\/wp\/v2\/types\/page"}],"author":[{"embeddable":true,"href":"https:\/\/www.hsu-hh.de\/ifi\/wp-json\/wp\/v2\/users\/43"}],"replies":[{"embeddable":true,"href":"https:\/\/www.hsu-hh.de\/ifi\/wp-json\/wp\/v2\/comments?post=2187"}],"version-history":[{"count":57,"href":"https:\/\/www.hsu-hh.de\/ifi\/wp-json\/wp\/v2\/pages\/2187\/revisions"}],"predecessor-version":[{"id":2722,"href":"https:\/\/www.hsu-hh.de\/ifi\/wp-json\/wp\/v2\/pages\/2187\/revisions\/2722"}],"up":[{"embeddable":true,"href":"https:\/\/www.hsu-hh.de\/ifi\/wp-json\/wp\/v2\/pages\/148"}],"wp:attachment":[{"href":"https:\/\/www.hsu-hh.de\/ifi\/wp-json\/wp\/v2\/media?parent=2187"}],"wp:term":[{"taxonomy":"category","embeddable":true,"href":"https:\/\/www.hsu-hh.de\/ifi\/wp-json\/wp\/v2\/categories?post=2187"},{"taxonomy":"post_tag","embeddable":true,"href":"https:\/\/www.hsu-hh.de\/ifi\/wp-json\/wp\/v2\/tags?post=2187"}],"curies":[{"name":"wp","href":"https:\/\/api.w.org\/{rel}","templated":true}]}}